{"id":2170,"date":"2024-11-07T19:11:39","date_gmt":"2024-11-07T19:11:39","guid":{"rendered":"https:\/\/worldsofmagic.net\/?post_type=product&#038;p=2170"},"modified":"2025-08-04T11:32:52","modified_gmt":"2025-08-04T11:32:52","slug":"jumpstart-2022-booster-box","status":"publish","type":"product","link":"https:\/\/worldsofmagic.net\/fr\/produit\/jumpstart-2022-booster-box\/","title":{"rendered":"Coffret Booster Jumpstart 2022\ud83c\uddec\ud83c\udde7"},"content":{"rendered":"<div class=\"desc\">\n<p>La bo\u00eete de boosters Jumpstart 2022 contient 24 boosters Jumpstart Magic: The Gathering. Chaque booster Jumpstart 2022 contient 1 encart indiquant le th\u00e8me du pack et 20 cartes Magic tournant autour de ce th\u00e8me, dont 1 carte avec un graphisme inspir\u00e9 de l&#039;anime, un total de 1 \u00e0 2 cartes de raret\u00e9 Rare ou sup\u00e9rieure, et tous les terrains dont vous avez besoin pour jouer. Pour jouer avec encore plus de combos de th\u00e8mes sauvages, les boosters Jumpstart 2022 peuvent \u00eatre combin\u00e9s avec des packs de n&#039;importe quel autre produit Jumpstart.<\/p>\n<p><strong>Contenu:<\/strong><\/p>\n<ul>\n<li>24 boosters Jumpstart 2022 de MTG<\/li>\n<li>20 cartes Magic dans chaque booster - comprend tous les terrains dont vous avez besoin pour jouer<\/li>\n<li>1 carte inspir\u00e9e de l&#039;anime dans chaque pack<\/li>\n<li>Total de 1 \u00e0 2 cartes de raret\u00e9 rare ou sup\u00e9rieure dans chaque pack<\/li>\n<li>Chaque booster contient 1 des 46 th\u00e8mes possibles : combinez-les pour des m\u00e9langes sauvages<\/li>\n<\/ul>\n<\/div>\n<div class=\"product-attributes\"><\/div>","protected":false},"excerpt":{"rendered":"<p>La bo\u00eete de boosters Jumpstart 2022 contient 24 boosters Jumpstart de Magic: The Gathering. Chaque booster Jumpstart 2022 contient 1 encart indiquant le th\u00e8me du pack et 20 cartes Magic tournant autour de ce th\u00e8me, dont 1 carte avec un dessin inspir\u00e9 de l&#039;anime, un total de 1 \u00e0 2 cartes de raret\u00e9 Rare ou sup\u00e9rieure, et tous les terrains dont vous avez besoin pour jouer. [\u2026]<\/p>","protected":false},"featured_media":2171,"comment_status":"open","ping_status":"closed","template":"","meta":[],"product_cat":[27,84,21],"product_tag":[],"class_list":{"0":"post-2170","1":"product","2":"type-product","3":"status-publish","4":"has-post-thumbnail","6":"product_cat-boosterboxes","7":"product_cat-english-boosterboxes","8":"product_cat-magic-the-gathering","9":"pa_language-english","10":"pa_mtg-edition-other","12":"first","13":"outofstock","14":"purchasable","15":"product-type-simple"},"yoast_head":"<!-- This site is optimized with the Yoast SEO plugin v23.6 - https:\/\/yoast.com\/wordpress\/plugins\/seo\/ -->\n<title>\ud83c\uddec\ud83c\udde7Jumpstart 2022 Booster Box - Worlds Of Magic<\/title>\n<meta name=\"robots\" content=\"index, follow, max-snippet:-1, max-image-preview:large, max-video-preview:-1\" \/>\n<link rel=\"canonical\" href=\"https:\/\/worldsofmagic.net\/fr\/produit\/jumpstart-2022-booster-box\/\" \/>\n<meta property=\"og:locale\" content=\"fr_FR\" \/>\n<meta property=\"og:type\" content=\"article\" \/>\n<meta property=\"og:title\" content=\"\ud83c\uddec\ud83c\udde7Jumpstart 2022 Booster Box - Worlds Of Magic\" \/>\n<meta property=\"og:description\" content=\"The Jumpstart 2022 Booster Box contains 24 Magic: The Gathering Jumpstart Boosters. Each Jumpstart 2022 Booster contains 1 insert indicating the pack&#8217;s theme and 20 Magic cards revolving around that theme, including 1 card with anime-inspired art, a total of 1-2 cards of rarity Rare or higher, and all the lands you need to play. [&hellip;]\" \/>\n<meta property=\"og:url\" content=\"https:\/\/worldsofmagic.net\/fr\/produit\/jumpstart-2022-booster-box\/\" \/>\n<meta property=\"og:site_name\" content=\"Worlds Of Magic\" \/>\n<meta property=\"article:modified_time\" content=\"2025-08-04T11:32:52+00:00\" \/>\n<meta property=\"og:image\" content=\"https:\/\/worldsofmagic.net\/wp-content\/uploads\/2024\/11\/Jumpstart-2022-Booster-Box.png\" \/>\n\t<meta property=\"og:image:width\" content=\"300\" \/>\n\t<meta property=\"og:image:height\" content=\"300\" \/>\n\t<meta property=\"og:image:type\" content=\"image\/png\" \/>\n<meta name=\"twitter:card\" content=\"summary_large_image\" \/>\n<meta name=\"twitter:label1\" content=\"Dur\u00e9e de lecture estim\u00e9e\" \/>\n\t<meta name=\"twitter:data1\" content=\"1 minute\" \/>\n<script type=\"application\/ld+json\" class=\"yoast-schema-graph\">{\"@context\":\"https:\/\/schema.org\",\"@graph\":[{\"@type\":\"WebPage\",\"@id\":\"https:\/\/worldsofmagic.net\/product\/jumpstart-2022-booster-box\/\",\"url\":\"https:\/\/worldsofmagic.net\/product\/jumpstart-2022-booster-box\/\",\"name\":\"\ud83c\uddec\ud83c\udde7Jumpstart 2022 Booster Box - Worlds Of Magic\",\"isPartOf\":{\"@id\":\"https:\/\/worldsofmagic.net\/#website\"},\"primaryImageOfPage\":{\"@id\":\"https:\/\/worldsofmagic.net\/product\/jumpstart-2022-booster-box\/#primaryimage\"},\"image\":{\"@id\":\"https:\/\/worldsofmagic.net\/product\/jumpstart-2022-booster-box\/#primaryimage\"},\"thumbnailUrl\":\"https:\/\/worldsofmagic.net\/wp-content\/uploads\/2024\/11\/Jumpstart-2022-Booster-Box.png\",\"datePublished\":\"2024-11-07T19:11:39+00:00\",\"dateModified\":\"2025-08-04T11:32:52+00:00\",\"breadcrumb\":{\"@id\":\"https:\/\/worldsofmagic.net\/product\/jumpstart-2022-booster-box\/#breadcrumb\"},\"inLanguage\":\"fr-FR\",\"potentialAction\":[{\"@type\":\"ReadAction\",\"target\":[\"https:\/\/worldsofmagic.net\/product\/jumpstart-2022-booster-box\/\"]}]},{\"@type\":\"ImageObject\",\"inLanguage\":\"fr-FR\",\"@id\":\"https:\/\/worldsofmagic.net\/product\/jumpstart-2022-booster-box\/#primaryimage\",\"url\":\"https:\/\/worldsofmagic.net\/wp-content\/uploads\/2024\/11\/Jumpstart-2022-Booster-Box.png\",\"contentUrl\":\"https:\/\/worldsofmagic.net\/wp-content\/uploads\/2024\/11\/Jumpstart-2022-Booster-Box.png\",\"width\":300,\"height\":300},{\"@type\":\"BreadcrumbList\",\"@id\":\"https:\/\/worldsofmagic.net\/product\/jumpstart-2022-booster-box\/#breadcrumb\",\"itemListElement\":[{\"@type\":\"ListItem\",\"position\":1,\"name\":\"Accueil\",\"item\":\"https:\/\/worldsofmagic.net\/\"},{\"@type\":\"ListItem\",\"position\":2,\"name\":\"Shop\",\"item\":\"https:\/\/worldsofmagic.net\/shop\/\"},{\"@type\":\"ListItem\",\"position\":3,\"name\":\"\ud83c\uddec\ud83c\udde7Jumpstart 2022 Booster Box\"}]},{\"@type\":\"WebSite\",\"@id\":\"https:\/\/worldsofmagic.net\/#website\",\"url\":\"https:\/\/worldsofmagic.net\/\",\"name\":\"Worlds Of Magic\",\"description\":\"\",\"publisher\":{\"@id\":\"https:\/\/worldsofmagic.net\/#organization\"},\"potentialAction\":[{\"@type\":\"SearchAction\",\"target\":{\"@type\":\"EntryPoint\",\"urlTemplate\":\"https:\/\/worldsofmagic.net\/?s={search_term_string}\"},\"query-input\":{\"@type\":\"PropertyValueSpecification\",\"valueRequired\":true,\"valueName\":\"search_term_string\"}}],\"inLanguage\":\"fr-FR\"},{\"@type\":\"Organization\",\"@id\":\"https:\/\/worldsofmagic.net\/#organization\",\"name\":\"Worlds Of Magic\",\"alternateName\":\"Worlds Of Magic\",\"url\":\"https:\/\/worldsofmagic.net\/\",\"logo\":{\"@type\":\"ImageObject\",\"inLanguage\":\"fr-FR\",\"@id\":\"https:\/\/worldsofmagic.net\/#\/schema\/logo\/image\/\",\"url\":\"https:\/\/worldsofmagic.net\/wp-content\/uploads\/2024\/07\/image.png\",\"contentUrl\":\"https:\/\/worldsofmagic.net\/wp-content\/uploads\/2024\/07\/image.png\",\"width\":1072,\"height\":341,\"caption\":\"Worlds Of Magic\"},\"image\":{\"@id\":\"https:\/\/worldsofmagic.net\/#\/schema\/logo\/image\/\"}}]}<\/script>\n<!-- \/ Yoast SEO plugin. -->","yoast_head_json":{"title":"\ud83c\uddec\ud83c\udde7Jumpstart 2022 Booster Box - Worlds Of Magic","robots":{"index":"index","follow":"follow","max-snippet":"max-snippet:-1","max-image-preview":"max-image-preview:large","max-video-preview":"max-video-preview:-1"},"canonical":"https:\/\/worldsofmagic.net\/fr\/produit\/jumpstart-2022-booster-box\/","og_locale":"fr_FR","og_type":"article","og_title":"\ud83c\uddec\ud83c\udde7Jumpstart 2022 Booster Box - Worlds Of Magic","og_description":"The Jumpstart 2022 Booster Box contains 24 Magic: The Gathering Jumpstart Boosters. Each Jumpstart 2022 Booster contains 1 insert indicating the pack&#8217;s theme and 20 Magic cards revolving around that theme, including 1 card with anime-inspired art, a total of 1-2 cards of rarity Rare or higher, and all the lands you need to play. [&hellip;]","og_url":"https:\/\/worldsofmagic.net\/fr\/produit\/jumpstart-2022-booster-box\/","og_site_name":"Worlds Of Magic","article_modified_time":"2025-08-04T11:32:52+00:00","og_image":[{"width":300,"height":300,"url":"https:\/\/worldsofmagic.net\/wp-content\/uploads\/2024\/11\/Jumpstart-2022-Booster-Box.png","type":"image\/png"}],"twitter_card":"summary_large_image","twitter_misc":{"Dur\u00e9e de lecture estim\u00e9e":"1 minute"},"schema":{"@context":"https:\/\/schema.org","@graph":[{"@type":"WebPage","@id":"https:\/\/worldsofmagic.net\/product\/jumpstart-2022-booster-box\/","url":"https:\/\/worldsofmagic.net\/product\/jumpstart-2022-booster-box\/","name":"\ud83c\uddec\ud83c\udde7Jumpstart 2022 Booster Box - Worlds Of Magic","isPartOf":{"@id":"https:\/\/worldsofmagic.net\/#website"},"primaryImageOfPage":{"@id":"https:\/\/worldsofmagic.net\/product\/jumpstart-2022-booster-box\/#primaryimage"},"image":{"@id":"https:\/\/worldsofmagic.net\/product\/jumpstart-2022-booster-box\/#primaryimage"},"thumbnailUrl":"https:\/\/worldsofmagic.net\/wp-content\/uploads\/2024\/11\/Jumpstart-2022-Booster-Box.png","datePublished":"2024-11-07T19:11:39+00:00","dateModified":"2025-08-04T11:32:52+00:00","breadcrumb":{"@id":"https:\/\/worldsofmagic.net\/product\/jumpstart-2022-booster-box\/#breadcrumb"},"inLanguage":"fr-FR","potentialAction":[{"@type":"ReadAction","target":["https:\/\/worldsofmagic.net\/product\/jumpstart-2022-booster-box\/"]}]},{"@type":"ImageObject","inLanguage":"fr-FR","@id":"https:\/\/worldsofmagic.net\/product\/jumpstart-2022-booster-box\/#primaryimage","url":"https:\/\/worldsofmagic.net\/wp-content\/uploads\/2024\/11\/Jumpstart-2022-Booster-Box.png","contentUrl":"https:\/\/worldsofmagic.net\/wp-content\/uploads\/2024\/11\/Jumpstart-2022-Booster-Box.png","width":300,"height":300},{"@type":"BreadcrumbList","@id":"https:\/\/worldsofmagic.net\/product\/jumpstart-2022-booster-box\/#breadcrumb","itemListElement":[{"@type":"ListItem","position":1,"name":"Accueil","item":"https:\/\/worldsofmagic.net\/"},{"@type":"ListItem","position":2,"name":"Shop","item":"https:\/\/worldsofmagic.net\/shop\/"},{"@type":"ListItem","position":3,"name":"\ud83c\uddec\ud83c\udde7Jumpstart 2022 Booster Box"}]},{"@type":"WebSite","@id":"https:\/\/worldsofmagic.net\/#website","url":"https:\/\/worldsofmagic.net\/","name":"Worlds Of Magic","description":"","publisher":{"@id":"https:\/\/worldsofmagic.net\/#organization"},"potentialAction":[{"@type":"SearchAction","target":{"@type":"EntryPoint","urlTemplate":"https:\/\/worldsofmagic.net\/?s={search_term_string}"},"query-input":{"@type":"PropertyValueSpecification","valueRequired":true,"valueName":"search_term_string"}}],"inLanguage":"fr-FR"},{"@type":"Organization","@id":"https:\/\/worldsofmagic.net\/#organization","name":"Worlds Of Magic","alternateName":"Worlds Of Magic","url":"https:\/\/worldsofmagic.net\/","logo":{"@type":"ImageObject","inLanguage":"fr-FR","@id":"https:\/\/worldsofmagic.net\/#\/schema\/logo\/image\/","url":"https:\/\/worldsofmagic.net\/wp-content\/uploads\/2024\/07\/image.png","contentUrl":"https:\/\/worldsofmagic.net\/wp-content\/uploads\/2024\/07\/image.png","width":1072,"height":341,"caption":"Worlds Of Magic"},"image":{"@id":"https:\/\/worldsofmagic.net\/#\/schema\/logo\/image\/"}}]}},"jetpack_sharing_enabled":true,"_links":{"self":[{"href":"https:\/\/worldsofmagic.net\/fr\/wp-json\/wp\/v2\/product\/2170"}],"collection":[{"href":"https:\/\/worldsofmagic.net\/fr\/wp-json\/wp\/v2\/product"}],"about":[{"href":"https:\/\/worldsofmagic.net\/fr\/wp-json\/wp\/v2\/types\/product"}],"replies":[{"embeddable":true,"href":"https:\/\/worldsofmagic.net\/fr\/wp-json\/wp\/v2\/comments?post=2170"}],"wp:featuredmedia":[{"embeddable":true,"href":"https:\/\/worldsofmagic.net\/fr\/wp-json\/wp\/v2\/media\/2171"}],"wp:attachment":[{"href":"https:\/\/worldsofmagic.net\/fr\/wp-json\/wp\/v2\/media?parent=2170"}],"wp:term":[{"taxonomy":"product_cat","embeddable":true,"href":"https:\/\/worldsofmagic.net\/fr\/wp-json\/wp\/v2\/product_cat?post=2170"},{"taxonomy":"product_tag","embeddable":true,"href":"https:\/\/worldsofmagic.net\/fr\/wp-json\/wp\/v2\/product_tag?post=2170"}],"curies":[{"name":"wp","href":"https:\/\/api.w.org\/{rel}","templated":true}]}}