{"id":2180,"date":"2024-11-07T19:25:01","date_gmt":"2024-11-07T19:25:01","guid":{"rendered":"https:\/\/worldsofmagic.net\/?post_type=product&#038;p=2180"},"modified":"2025-07-13T13:08:50","modified_gmt":"2025-07-13T13:08:50","slug":"modern-horizons-3-collector-booster-box","status":"publish","type":"product","link":"https:\/\/worldsofmagic.net\/fr\/produit\/modern-horizons-3-collector-booster-box\/","title":{"rendered":"Bo\u00eete Boosters Collector Magic: Horizons du Modern 3\ud83c\uddec\ud83c\udde7"},"content":{"rendered":"<ul>\n<li class=\"a-spacing-mini\"><span class=\"a-list-item\">LE MODERN N&#039;A JAMAIS \u00c9T\u00c9 AUSSI MERVEILLEUX \u2014 Avec l&#039;introduction d&#039;une g\u00e9n\u00e9reuse quantit\u00e9 de cartes passionnantes pour le Modern, l&#039;un des formats les plus c\u00e9l\u00e8bres de Magic, ainsi que le retour des favoris comp\u00e9titifs, il y a quelque chose \u00e0 aimer pour tout le monde dans Modern Horizons 3<\/span><\/li>\n<li class=\"a-spacing-mini\"><span class=\"a-list-item\">BEAUT\u00c9 ET MUSCULATION \u2014 \u00c9crasez-vous avec un deck rempli de superbes traitements sp\u00e9ciaux\u00a0; chaque booster de collection contient 7 cartes \u00e0 cadre alternatif, y compris la possibilit\u00e9 de cartes Retro-Frame, Borderless Profile, Borderless Frame Break, Borderless Concept Eldrazi et Borderless Fetch Land<\/span><\/li>\n<li class=\"a-spacing-mini\"><span class=\"a-list-item\">PUISSANCE MODERNE QUI BRILLE DE LUMI\u00c8RE \u2014 \u00c0 la fois puissant et flashy, chaque pack contient 10 \u00e0 12 cartes Foil traditionnelles et peut contenir des cartes exclusives Collector Booster, comme des cartes grav\u00e9es \u00e0 la feuille, une carte Foil textur\u00e9e ou m\u00eame une carte s\u00e9rialis\u00e9e \u00e0 la feuille<\/span><\/li>\n<li class=\"a-spacing-mini\"><span class=\"a-list-item\">CARTES PUISSANTES POUR LE JEU LIMIT\u00c9, CONSTRUIT ET COMMANDER \u2014 Pimentez votre deck avec de puissantes cartes nouvelles-\u00e0-modernes ou d\u00e9couvrez des cr\u00e9atures l\u00e9gendaires avec des traitements sp\u00e9ciaux saisissants pour inspirer votre prochain deck Commander<\/span><\/li>\n<li class=\"a-spacing-mini\"><span class=\"a-list-item\">OBTENEZ UN ACC\u00c8S DIRECT AUX CARTES LES PLUS COOLS \u2014 Les boosters collector vous donnent un acc\u00e8s direct aux cartes Modern Horizons 3 les plus d\u00e9sirables, dont 5 cartes de raret\u00e9 rare ou sup\u00e9rieure dans chaque pack<\/span><\/li>\n<li class=\"a-spacing-mini\"><span class=\"a-list-item\">CONTENU DU BO\u00ceTIER BOOSTER COLLECTOR \u2014 12 boosters collector Modern Horizons 3, avec 15 cartes MTG dans chaque pack<\/span><\/li>\n<\/ul>","protected":false},"excerpt":{"rendered":"<p>LE MODERN N&#039;A JAMAIS \u00c9T\u00c9 AUSSI MERVEILLEUX \u2014 Avec une g\u00e9n\u00e9reuse dose de cartes passionnantes pour le Modern, l&#039;un des formats les plus c\u00e9l\u00e8bres de Magic, ainsi que le retour des favoris comp\u00e9titifs, il y a quelque chose \u00e0 aimer pour tout le monde dans Modern Horizons 3. BEAUT\u00c9 ET MUSCULATION \u2014 \u00c9crasez-vous avec un deck rempli de superbes traitements sp\u00e9ciaux ; chaque booster collector contient 7 cartes \u00e0 cadre alternatif, dont [\u2026]<\/p>","protected":false},"featured_media":2182,"comment_status":"open","ping_status":"closed","template":"","meta":[],"product_cat":[27,84,21],"product_tag":[],"class_list":{"0":"post-2180","1":"product","2":"type-product","3":"status-publish","4":"has-post-thumbnail","6":"product_cat-boosterboxes","7":"product_cat-english-boosterboxes","8":"product_cat-magic-the-gathering","9":"pa_language-english","10":"pa_mtg-edition-modern-horizons-3","12":"first","13":"instock","14":"purchasable","15":"product-type-simple"},"yoast_head":"<!-- This site is optimized with the Yoast SEO plugin v23.6 - https:\/\/yoast.com\/wordpress\/plugins\/seo\/ -->\n<title>\ud83c\uddec\ud83c\udde7Modern Horizons 3 Collector Booster Box - Worlds Of Magic<\/title>\n<meta name=\"robots\" content=\"index, follow, max-snippet:-1, max-image-preview:large, max-video-preview:-1\" \/>\n<link rel=\"canonical\" href=\"https:\/\/worldsofmagic.net\/fr\/produit\/modern-horizons-3-collector-booster-box\/\" \/>\n<meta property=\"og:locale\" content=\"fr_FR\" \/>\n<meta property=\"og:type\" content=\"article\" \/>\n<meta property=\"og:title\" content=\"\ud83c\uddec\ud83c\udde7Modern Horizons 3 Collector Booster Box - Worlds Of Magic\" \/>\n<meta property=\"og:description\" content=\"MODERN\u2019S NEVER BEEN MORE MARVELOUS\u2014Introducing a heaping helping of exciting cards for Modern, one of Magic\u2019s most celebrated formats, plus the return of competitive favorites, there\u2019s something for everyone to love in Modern Horizons 3 BEAUTY AND BRAWN\u2014Crush with a deck full of gorgeous special treatments; every Collector Booster contains 7 alt-frame cards, including the [&hellip;]\" \/>\n<meta property=\"og:url\" content=\"https:\/\/worldsofmagic.net\/fr\/produit\/modern-horizons-3-collector-booster-box\/\" \/>\n<meta property=\"og:site_name\" content=\"Worlds Of Magic\" \/>\n<meta property=\"article:modified_time\" content=\"2025-07-13T13:08:50+00:00\" \/>\n<meta property=\"og:image\" content=\"https:\/\/worldsofmagic.net\/wp-content\/uploads\/2024\/11\/Modern-Horizons-3-Collector-Booster-Box.png\" \/>\n\t<meta property=\"og:image:width\" content=\"300\" \/>\n\t<meta property=\"og:image:height\" content=\"300\" \/>\n\t<meta property=\"og:image:type\" content=\"image\/png\" \/>\n<meta name=\"twitter:card\" content=\"summary_large_image\" \/>\n<meta name=\"twitter:label1\" content=\"Dur\u00e9e de lecture estim\u00e9e\" \/>\n\t<meta name=\"twitter:data1\" content=\"2 minutes\" \/>\n<script type=\"application\/ld+json\" class=\"yoast-schema-graph\">{\"@context\":\"https:\/\/schema.org\",\"@graph\":[{\"@type\":\"WebPage\",\"@id\":\"https:\/\/worldsofmagic.net\/product\/modern-horizons-3-collector-booster-box\/\",\"url\":\"https:\/\/worldsofmagic.net\/product\/modern-horizons-3-collector-booster-box\/\",\"name\":\"\ud83c\uddec\ud83c\udde7Modern Horizons 3 Collector Booster Box - Worlds Of Magic\",\"isPartOf\":{\"@id\":\"https:\/\/worldsofmagic.net\/#website\"},\"primaryImageOfPage\":{\"@id\":\"https:\/\/worldsofmagic.net\/product\/modern-horizons-3-collector-booster-box\/#primaryimage\"},\"image\":{\"@id\":\"https:\/\/worldsofmagic.net\/product\/modern-horizons-3-collector-booster-box\/#primaryimage\"},\"thumbnailUrl\":\"https:\/\/worldsofmagic.net\/wp-content\/uploads\/2024\/11\/Modern-Horizons-3-Collector-Booster-Box.png\",\"datePublished\":\"2024-11-07T19:25:01+00:00\",\"dateModified\":\"2025-07-13T13:08:50+00:00\",\"breadcrumb\":{\"@id\":\"https:\/\/worldsofmagic.net\/product\/modern-horizons-3-collector-booster-box\/#breadcrumb\"},\"inLanguage\":\"fr-FR\",\"potentialAction\":[{\"@type\":\"ReadAction\",\"target\":[\"https:\/\/worldsofmagic.net\/product\/modern-horizons-3-collector-booster-box\/\"]}]},{\"@type\":\"ImageObject\",\"inLanguage\":\"fr-FR\",\"@id\":\"https:\/\/worldsofmagic.net\/product\/modern-horizons-3-collector-booster-box\/#primaryimage\",\"url\":\"https:\/\/worldsofmagic.net\/wp-content\/uploads\/2024\/11\/Modern-Horizons-3-Collector-Booster-Box.png\",\"contentUrl\":\"https:\/\/worldsofmagic.net\/wp-content\/uploads\/2024\/11\/Modern-Horizons-3-Collector-Booster-Box.png\",\"width\":300,\"height\":300},{\"@type\":\"BreadcrumbList\",\"@id\":\"https:\/\/worldsofmagic.net\/product\/modern-horizons-3-collector-booster-box\/#breadcrumb\",\"itemListElement\":[{\"@type\":\"ListItem\",\"position\":1,\"name\":\"Accueil\",\"item\":\"https:\/\/worldsofmagic.net\/\"},{\"@type\":\"ListItem\",\"position\":2,\"name\":\"Shop\",\"item\":\"https:\/\/worldsofmagic.net\/shop\/\"},{\"@type\":\"ListItem\",\"position\":3,\"name\":\"\ud83c\uddec\ud83c\udde7Modern Horizons 3 Collector Booster Box\"}]},{\"@type\":\"WebSite\",\"@id\":\"https:\/\/worldsofmagic.net\/#website\",\"url\":\"https:\/\/worldsofmagic.net\/\",\"name\":\"Worlds Of Magic\",\"description\":\"\",\"publisher\":{\"@id\":\"https:\/\/worldsofmagic.net\/#organization\"},\"potentialAction\":[{\"@type\":\"SearchAction\",\"target\":{\"@type\":\"EntryPoint\",\"urlTemplate\":\"https:\/\/worldsofmagic.net\/?s={search_term_string}\"},\"query-input\":{\"@type\":\"PropertyValueSpecification\",\"valueRequired\":true,\"valueName\":\"search_term_string\"}}],\"inLanguage\":\"fr-FR\"},{\"@type\":\"Organization\",\"@id\":\"https:\/\/worldsofmagic.net\/#organization\",\"name\":\"Worlds Of Magic\",\"alternateName\":\"Worlds Of Magic\",\"url\":\"https:\/\/worldsofmagic.net\/\",\"logo\":{\"@type\":\"ImageObject\",\"inLanguage\":\"fr-FR\",\"@id\":\"https:\/\/worldsofmagic.net\/#\/schema\/logo\/image\/\",\"url\":\"https:\/\/worldsofmagic.net\/wp-content\/uploads\/2024\/07\/image.png\",\"contentUrl\":\"https:\/\/worldsofmagic.net\/wp-content\/uploads\/2024\/07\/image.png\",\"width\":1072,\"height\":341,\"caption\":\"Worlds Of Magic\"},\"image\":{\"@id\":\"https:\/\/worldsofmagic.net\/#\/schema\/logo\/image\/\"}}]}<\/script>\n<!-- \/ Yoast SEO plugin. -->","yoast_head_json":{"title":"\ud83c\uddec\ud83c\udde7Modern Horizons 3 Collector Booster Box - Worlds Of Magic","robots":{"index":"index","follow":"follow","max-snippet":"max-snippet:-1","max-image-preview":"max-image-preview:large","max-video-preview":"max-video-preview:-1"},"canonical":"https:\/\/worldsofmagic.net\/fr\/produit\/modern-horizons-3-collector-booster-box\/","og_locale":"fr_FR","og_type":"article","og_title":"\ud83c\uddec\ud83c\udde7Modern Horizons 3 Collector Booster Box - Worlds Of Magic","og_description":"MODERN\u2019S NEVER BEEN MORE MARVELOUS\u2014Introducing a heaping helping of exciting cards for Modern, one of Magic\u2019s most celebrated formats, plus the return of competitive favorites, there\u2019s something for everyone to love in Modern Horizons 3 BEAUTY AND BRAWN\u2014Crush with a deck full of gorgeous special treatments; every Collector Booster contains 7 alt-frame cards, including the [&hellip;]","og_url":"https:\/\/worldsofmagic.net\/fr\/produit\/modern-horizons-3-collector-booster-box\/","og_site_name":"Worlds Of Magic","article_modified_time":"2025-07-13T13:08:50+00:00","og_image":[{"width":300,"height":300,"url":"https:\/\/worldsofmagic.net\/wp-content\/uploads\/2024\/11\/Modern-Horizons-3-Collector-Booster-Box.png","type":"image\/png"}],"twitter_card":"summary_large_image","twitter_misc":{"Dur\u00e9e de lecture estim\u00e9e":"2 minutes"},"schema":{"@context":"https:\/\/schema.org","@graph":[{"@type":"WebPage","@id":"https:\/\/worldsofmagic.net\/product\/modern-horizons-3-collector-booster-box\/","url":"https:\/\/worldsofmagic.net\/product\/modern-horizons-3-collector-booster-box\/","name":"\ud83c\uddec\ud83c\udde7Modern Horizons 3 Collector Booster Box - Worlds Of Magic","isPartOf":{"@id":"https:\/\/worldsofmagic.net\/#website"},"primaryImageOfPage":{"@id":"https:\/\/worldsofmagic.net\/product\/modern-horizons-3-collector-booster-box\/#primaryimage"},"image":{"@id":"https:\/\/worldsofmagic.net\/product\/modern-horizons-3-collector-booster-box\/#primaryimage"},"thumbnailUrl":"https:\/\/worldsofmagic.net\/wp-content\/uploads\/2024\/11\/Modern-Horizons-3-Collector-Booster-Box.png","datePublished":"2024-11-07T19:25:01+00:00","dateModified":"2025-07-13T13:08:50+00:00","breadcrumb":{"@id":"https:\/\/worldsofmagic.net\/product\/modern-horizons-3-collector-booster-box\/#breadcrumb"},"inLanguage":"fr-FR","potentialAction":[{"@type":"ReadAction","target":["https:\/\/worldsofmagic.net\/product\/modern-horizons-3-collector-booster-box\/"]}]},{"@type":"ImageObject","inLanguage":"fr-FR","@id":"https:\/\/worldsofmagic.net\/product\/modern-horizons-3-collector-booster-box\/#primaryimage","url":"https:\/\/worldsofmagic.net\/wp-content\/uploads\/2024\/11\/Modern-Horizons-3-Collector-Booster-Box.png","contentUrl":"https:\/\/worldsofmagic.net\/wp-content\/uploads\/2024\/11\/Modern-Horizons-3-Collector-Booster-Box.png","width":300,"height":300},{"@type":"BreadcrumbList","@id":"https:\/\/worldsofmagic.net\/product\/modern-horizons-3-collector-booster-box\/#breadcrumb","itemListElement":[{"@type":"ListItem","position":1,"name":"Accueil","item":"https:\/\/worldsofmagic.net\/"},{"@type":"ListItem","position":2,"name":"Shop","item":"https:\/\/worldsofmagic.net\/shop\/"},{"@type":"ListItem","position":3,"name":"\ud83c\uddec\ud83c\udde7Modern Horizons 3 Collector Booster Box"}]},{"@type":"WebSite","@id":"https:\/\/worldsofmagic.net\/#website","url":"https:\/\/worldsofmagic.net\/","name":"Worlds Of Magic","description":"","publisher":{"@id":"https:\/\/worldsofmagic.net\/#organization"},"potentialAction":[{"@type":"SearchAction","target":{"@type":"EntryPoint","urlTemplate":"https:\/\/worldsofmagic.net\/?s={search_term_string}"},"query-input":{"@type":"PropertyValueSpecification","valueRequired":true,"valueName":"search_term_string"}}],"inLanguage":"fr-FR"},{"@type":"Organization","@id":"https:\/\/worldsofmagic.net\/#organization","name":"Worlds Of Magic","alternateName":"Worlds Of Magic","url":"https:\/\/worldsofmagic.net\/","logo":{"@type":"ImageObject","inLanguage":"fr-FR","@id":"https:\/\/worldsofmagic.net\/#\/schema\/logo\/image\/","url":"https:\/\/worldsofmagic.net\/wp-content\/uploads\/2024\/07\/image.png","contentUrl":"https:\/\/worldsofmagic.net\/wp-content\/uploads\/2024\/07\/image.png","width":1072,"height":341,"caption":"Worlds Of Magic"},"image":{"@id":"https:\/\/worldsofmagic.net\/#\/schema\/logo\/image\/"}}]}},"jetpack_sharing_enabled":true,"_links":{"self":[{"href":"https:\/\/worldsofmagic.net\/fr\/wp-json\/wp\/v2\/product\/2180"}],"collection":[{"href":"https:\/\/worldsofmagic.net\/fr\/wp-json\/wp\/v2\/product"}],"about":[{"href":"https:\/\/worldsofmagic.net\/fr\/wp-json\/wp\/v2\/types\/product"}],"replies":[{"embeddable":true,"href":"https:\/\/worldsofmagic.net\/fr\/wp-json\/wp\/v2\/comments?post=2180"}],"wp:featuredmedia":[{"embeddable":true,"href":"https:\/\/worldsofmagic.net\/fr\/wp-json\/wp\/v2\/media\/2182"}],"wp:attachment":[{"href":"https:\/\/worldsofmagic.net\/fr\/wp-json\/wp\/v2\/media?parent=2180"}],"wp:term":[{"taxonomy":"product_cat","embeddable":true,"href":"https:\/\/worldsofmagic.net\/fr\/wp-json\/wp\/v2\/product_cat?post=2180"},{"taxonomy":"product_tag","embeddable":true,"href":"https:\/\/worldsofmagic.net\/fr\/wp-json\/wp\/v2\/product_tag?post=2180"}],"curies":[{"name":"wp","href":"https:\/\/api.w.org\/{rel}","templated":true}]}}