{"id":2207,"date":"2024-12-07T16:20:23","date_gmt":"2024-12-07T16:20:23","guid":{"rendered":"https:\/\/worldsofmagic.net\/?post_type=product&#038;p=2207"},"modified":"2025-07-11T02:29:15","modified_gmt":"2025-07-11T02:29:15","slug":"shadows-of-the-galaxy-two-player-starter-deck","status":"publish","type":"product","link":"https:\/\/worldsofmagic.net\/fr\/produit\/shadows-of-the-galaxy-two-player-starter-deck\/","title":{"rendered":"Deck de d\u00e9marrage pour deux joueurs Shadows of the Galaxy"},"content":{"rendered":"<h2>D\u00e9couvrez le jeu de cartes \u00e0 collectionner Star Wars : Unlimited avec le Starter Kit !<\/h2>\n<p>Explorez une galaxie o\u00f9 tout est possible avec Star Wars : Unlimited !<br \/>\nDans ce jeu de cartes \u00e0 collectionner rapide, dynamique et facile \u00e0 apprendre, les joueurs s&#039;affrontent dans un duel palpitant en utilisant des personnages embl\u00e9matiques de l&#039;univers Star Wars.<\/p>\n<p>Le cycle Shadows of the Galaxy comprend des personnages et des \u00e9l\u00e9ments de la s\u00e9rie The Mandalorian\u2122, du film Solo: A Star Wars Story\u2122, de la s\u00e9rie The Book of Boba Fett\u2122 et bien plus encore.<\/p>","protected":false},"excerpt":{"rendered":"<p>D\u00e9couvrez le jeu de cartes \u00e0 collectionner Star Wars : Unlimited avec le Starter Kit ! Explorez une galaxie o\u00f9 tout est possible avec Star Wars : Unlimited ! Dans ce jeu de cartes \u00e0 collectionner rapide, dynamique et facile \u00e0 apprendre, les joueurs s&#039;affrontent dans un duel palpitant en utilisant des personnages embl\u00e9matiques de l&#039;univers Star Wars. Le cycle Shadows of the Galaxy comprend des personnages [\u2026]<\/p>","protected":false},"featured_media":2208,"comment_status":"open","ping_status":"closed","template":"","meta":[],"product_cat":[43,50],"product_tag":[],"class_list":{"0":"post-2207","1":"product","2":"type-product","3":"status-publish","4":"has-post-thumbnail","6":"product_cat-star-wars","7":"product_cat-starter-set","8":"pa_sw-shadows-of-the-galaxy","10":"first","11":"instock","12":"purchasable","13":"product-type-simple"},"yoast_head":"<!-- This site is optimized with the Yoast SEO plugin v23.6 - https:\/\/yoast.com\/wordpress\/plugins\/seo\/ -->\n<title>Shadows of the Galaxy Two Player Starter Deck - Worlds Of Magic<\/title>\n<meta name=\"robots\" content=\"index, follow, max-snippet:-1, max-image-preview:large, max-video-preview:-1\" \/>\n<link rel=\"canonical\" href=\"https:\/\/worldsofmagic.net\/fr\/produit\/shadows-of-the-galaxy-two-player-starter-deck\/\" \/>\n<meta property=\"og:locale\" content=\"fr_FR\" \/>\n<meta property=\"og:type\" content=\"article\" \/>\n<meta property=\"og:title\" content=\"Shadows of the Galaxy Two Player Starter Deck - Worlds Of Magic\" \/>\n<meta property=\"og:description\" content=\"Discover the trading card game Star Wars: Unlimited with the Starter Kit! Explore a galaxy where anything is possible with Star Wars: Unlimited! In this fast-paced, dynamic and easy-to-learn trading card game, players face off in a thrilling duel using iconic characters from the Star Wars universe. The Shadows of the Galaxy cycle includes characters [&hellip;]\" \/>\n<meta property=\"og:url\" content=\"https:\/\/worldsofmagic.net\/fr\/produit\/shadows-of-the-galaxy-two-player-starter-deck\/\" \/>\n<meta property=\"og:site_name\" content=\"Worlds Of Magic\" \/>\n<meta property=\"article:modified_time\" content=\"2025-07-11T02:29:15+00:00\" \/>\n<meta property=\"og:image\" content=\"https:\/\/worldsofmagic.net\/wp-content\/uploads\/2024\/12\/Shadows-of-the-Galaxy-Two-Player-Starter-Deck.png\" \/>\n\t<meta property=\"og:image:width\" content=\"300\" \/>\n\t<meta property=\"og:image:height\" content=\"300\" \/>\n\t<meta property=\"og:image:type\" content=\"image\/png\" \/>\n<meta name=\"twitter:card\" content=\"summary_large_image\" \/>\n<meta name=\"twitter:label1\" content=\"Dur\u00e9e de lecture estim\u00e9e\" \/>\n\t<meta name=\"twitter:data1\" content=\"1 minute\" \/>\n<script type=\"application\/ld+json\" class=\"yoast-schema-graph\">{\"@context\":\"https:\/\/schema.org\",\"@graph\":[{\"@type\":\"WebPage\",\"@id\":\"https:\/\/worldsofmagic.net\/product\/shadows-of-the-galaxy-two-player-starter-deck\/\",\"url\":\"https:\/\/worldsofmagic.net\/product\/shadows-of-the-galaxy-two-player-starter-deck\/\",\"name\":\"Shadows of the Galaxy Two Player Starter Deck - Worlds Of Magic\",\"isPartOf\":{\"@id\":\"https:\/\/worldsofmagic.net\/#website\"},\"primaryImageOfPage\":{\"@id\":\"https:\/\/worldsofmagic.net\/product\/shadows-of-the-galaxy-two-player-starter-deck\/#primaryimage\"},\"image\":{\"@id\":\"https:\/\/worldsofmagic.net\/product\/shadows-of-the-galaxy-two-player-starter-deck\/#primaryimage\"},\"thumbnailUrl\":\"https:\/\/worldsofmagic.net\/wp-content\/uploads\/2024\/12\/Shadows-of-the-Galaxy-Two-Player-Starter-Deck.png\",\"datePublished\":\"2024-12-07T16:20:23+00:00\",\"dateModified\":\"2025-07-11T02:29:15+00:00\",\"breadcrumb\":{\"@id\":\"https:\/\/worldsofmagic.net\/product\/shadows-of-the-galaxy-two-player-starter-deck\/#breadcrumb\"},\"inLanguage\":\"fr-FR\",\"potentialAction\":[{\"@type\":\"ReadAction\",\"target\":[\"https:\/\/worldsofmagic.net\/product\/shadows-of-the-galaxy-two-player-starter-deck\/\"]}]},{\"@type\":\"ImageObject\",\"inLanguage\":\"fr-FR\",\"@id\":\"https:\/\/worldsofmagic.net\/product\/shadows-of-the-galaxy-two-player-starter-deck\/#primaryimage\",\"url\":\"https:\/\/worldsofmagic.net\/wp-content\/uploads\/2024\/12\/Shadows-of-the-Galaxy-Two-Player-Starter-Deck.png\",\"contentUrl\":\"https:\/\/worldsofmagic.net\/wp-content\/uploads\/2024\/12\/Shadows-of-the-Galaxy-Two-Player-Starter-Deck.png\",\"width\":300,\"height\":300},{\"@type\":\"BreadcrumbList\",\"@id\":\"https:\/\/worldsofmagic.net\/product\/shadows-of-the-galaxy-two-player-starter-deck\/#breadcrumb\",\"itemListElement\":[{\"@type\":\"ListItem\",\"position\":1,\"name\":\"Accueil\",\"item\":\"https:\/\/worldsofmagic.net\/\"},{\"@type\":\"ListItem\",\"position\":2,\"name\":\"Shop\",\"item\":\"https:\/\/worldsofmagic.net\/shop\/\"},{\"@type\":\"ListItem\",\"position\":3,\"name\":\"Shadows of the Galaxy Two Player Starter Deck\"}]},{\"@type\":\"WebSite\",\"@id\":\"https:\/\/worldsofmagic.net\/#website\",\"url\":\"https:\/\/worldsofmagic.net\/\",\"name\":\"Worlds Of Magic\",\"description\":\"\",\"publisher\":{\"@id\":\"https:\/\/worldsofmagic.net\/#organization\"},\"potentialAction\":[{\"@type\":\"SearchAction\",\"target\":{\"@type\":\"EntryPoint\",\"urlTemplate\":\"https:\/\/worldsofmagic.net\/?s={search_term_string}\"},\"query-input\":{\"@type\":\"PropertyValueSpecification\",\"valueRequired\":true,\"valueName\":\"search_term_string\"}}],\"inLanguage\":\"fr-FR\"},{\"@type\":\"Organization\",\"@id\":\"https:\/\/worldsofmagic.net\/#organization\",\"name\":\"Worlds Of Magic\",\"alternateName\":\"Worlds Of Magic\",\"url\":\"https:\/\/worldsofmagic.net\/\",\"logo\":{\"@type\":\"ImageObject\",\"inLanguage\":\"fr-FR\",\"@id\":\"https:\/\/worldsofmagic.net\/#\/schema\/logo\/image\/\",\"url\":\"https:\/\/worldsofmagic.net\/wp-content\/uploads\/2024\/07\/image.png\",\"contentUrl\":\"https:\/\/worldsofmagic.net\/wp-content\/uploads\/2024\/07\/image.png\",\"width\":1072,\"height\":341,\"caption\":\"Worlds Of Magic\"},\"image\":{\"@id\":\"https:\/\/worldsofmagic.net\/#\/schema\/logo\/image\/\"}}]}<\/script>\n<!-- \/ Yoast SEO plugin. -->","yoast_head_json":{"title":"Shadows of the Galaxy Two Player Starter Deck - Worlds Of Magic","robots":{"index":"index","follow":"follow","max-snippet":"max-snippet:-1","max-image-preview":"max-image-preview:large","max-video-preview":"max-video-preview:-1"},"canonical":"https:\/\/worldsofmagic.net\/fr\/produit\/shadows-of-the-galaxy-two-player-starter-deck\/","og_locale":"fr_FR","og_type":"article","og_title":"Shadows of the Galaxy Two Player Starter Deck - Worlds Of Magic","og_description":"Discover the trading card game Star Wars: Unlimited with the Starter Kit! Explore a galaxy where anything is possible with Star Wars: Unlimited! In this fast-paced, dynamic and easy-to-learn trading card game, players face off in a thrilling duel using iconic characters from the Star Wars universe. The Shadows of the Galaxy cycle includes characters [&hellip;]","og_url":"https:\/\/worldsofmagic.net\/fr\/produit\/shadows-of-the-galaxy-two-player-starter-deck\/","og_site_name":"Worlds Of Magic","article_modified_time":"2025-07-11T02:29:15+00:00","og_image":[{"width":300,"height":300,"url":"https:\/\/worldsofmagic.net\/wp-content\/uploads\/2024\/12\/Shadows-of-the-Galaxy-Two-Player-Starter-Deck.png","type":"image\/png"}],"twitter_card":"summary_large_image","twitter_misc":{"Dur\u00e9e de lecture estim\u00e9e":"1 minute"},"schema":{"@context":"https:\/\/schema.org","@graph":[{"@type":"WebPage","@id":"https:\/\/worldsofmagic.net\/product\/shadows-of-the-galaxy-two-player-starter-deck\/","url":"https:\/\/worldsofmagic.net\/product\/shadows-of-the-galaxy-two-player-starter-deck\/","name":"Shadows of the Galaxy Two Player Starter Deck - Worlds Of Magic","isPartOf":{"@id":"https:\/\/worldsofmagic.net\/#website"},"primaryImageOfPage":{"@id":"https:\/\/worldsofmagic.net\/product\/shadows-of-the-galaxy-two-player-starter-deck\/#primaryimage"},"image":{"@id":"https:\/\/worldsofmagic.net\/product\/shadows-of-the-galaxy-two-player-starter-deck\/#primaryimage"},"thumbnailUrl":"https:\/\/worldsofmagic.net\/wp-content\/uploads\/2024\/12\/Shadows-of-the-Galaxy-Two-Player-Starter-Deck.png","datePublished":"2024-12-07T16:20:23+00:00","dateModified":"2025-07-11T02:29:15+00:00","breadcrumb":{"@id":"https:\/\/worldsofmagic.net\/product\/shadows-of-the-galaxy-two-player-starter-deck\/#breadcrumb"},"inLanguage":"fr-FR","potentialAction":[{"@type":"ReadAction","target":["https:\/\/worldsofmagic.net\/product\/shadows-of-the-galaxy-two-player-starter-deck\/"]}]},{"@type":"ImageObject","inLanguage":"fr-FR","@id":"https:\/\/worldsofmagic.net\/product\/shadows-of-the-galaxy-two-player-starter-deck\/#primaryimage","url":"https:\/\/worldsofmagic.net\/wp-content\/uploads\/2024\/12\/Shadows-of-the-Galaxy-Two-Player-Starter-Deck.png","contentUrl":"https:\/\/worldsofmagic.net\/wp-content\/uploads\/2024\/12\/Shadows-of-the-Galaxy-Two-Player-Starter-Deck.png","width":300,"height":300},{"@type":"BreadcrumbList","@id":"https:\/\/worldsofmagic.net\/product\/shadows-of-the-galaxy-two-player-starter-deck\/#breadcrumb","itemListElement":[{"@type":"ListItem","position":1,"name":"Accueil","item":"https:\/\/worldsofmagic.net\/"},{"@type":"ListItem","position":2,"name":"Shop","item":"https:\/\/worldsofmagic.net\/shop\/"},{"@type":"ListItem","position":3,"name":"Shadows of the Galaxy Two Player Starter Deck"}]},{"@type":"WebSite","@id":"https:\/\/worldsofmagic.net\/#website","url":"https:\/\/worldsofmagic.net\/","name":"Worlds Of Magic","description":"","publisher":{"@id":"https:\/\/worldsofmagic.net\/#organization"},"potentialAction":[{"@type":"SearchAction","target":{"@type":"EntryPoint","urlTemplate":"https:\/\/worldsofmagic.net\/?s={search_term_string}"},"query-input":{"@type":"PropertyValueSpecification","valueRequired":true,"valueName":"search_term_string"}}],"inLanguage":"fr-FR"},{"@type":"Organization","@id":"https:\/\/worldsofmagic.net\/#organization","name":"Worlds Of Magic","alternateName":"Worlds Of Magic","url":"https:\/\/worldsofmagic.net\/","logo":{"@type":"ImageObject","inLanguage":"fr-FR","@id":"https:\/\/worldsofmagic.net\/#\/schema\/logo\/image\/","url":"https:\/\/worldsofmagic.net\/wp-content\/uploads\/2024\/07\/image.png","contentUrl":"https:\/\/worldsofmagic.net\/wp-content\/uploads\/2024\/07\/image.png","width":1072,"height":341,"caption":"Worlds Of Magic"},"image":{"@id":"https:\/\/worldsofmagic.net\/#\/schema\/logo\/image\/"}}]}},"jetpack_sharing_enabled":true,"_links":{"self":[{"href":"https:\/\/worldsofmagic.net\/fr\/wp-json\/wp\/v2\/product\/2207"}],"collection":[{"href":"https:\/\/worldsofmagic.net\/fr\/wp-json\/wp\/v2\/product"}],"about":[{"href":"https:\/\/worldsofmagic.net\/fr\/wp-json\/wp\/v2\/types\/product"}],"replies":[{"embeddable":true,"href":"https:\/\/worldsofmagic.net\/fr\/wp-json\/wp\/v2\/comments?post=2207"}],"wp:featuredmedia":[{"embeddable":true,"href":"https:\/\/worldsofmagic.net\/fr\/wp-json\/wp\/v2\/media\/2208"}],"wp:attachment":[{"href":"https:\/\/worldsofmagic.net\/fr\/wp-json\/wp\/v2\/media?parent=2207"}],"wp:term":[{"taxonomy":"product_cat","embeddable":true,"href":"https:\/\/worldsofmagic.net\/fr\/wp-json\/wp\/v2\/product_cat?post=2207"},{"taxonomy":"product_tag","embeddable":true,"href":"https:\/\/worldsofmagic.net\/fr\/wp-json\/wp\/v2\/product_tag?post=2207"}],"curies":[{"name":"wp","href":"https:\/\/api.w.org\/{rel}","templated":true}]}}