{"id":2241,"date":"2024-12-22T13:02:23","date_gmt":"2024-12-22T13:02:23","guid":{"rendered":"https:\/\/worldsofmagic.net\/?post_type=product&#038;p=2241"},"modified":"2025-04-09T15:24:36","modified_gmt":"2025-04-09T15:24:36","slug":"innistrad-remastered-play-booster-display","status":"publish","type":"product","link":"https:\/\/worldsofmagic.net\/fr\/produit\/innistrad-remastered-play-booster-display\/","title":{"rendered":"Pr\u00e9sentoir de boosters de jeu Innistrad Remastered"},"content":{"rendered":"<div class=\"shortdesc mb-xs\">\n<ul>\n<li>R\u00c9IMPRESSIONS DE NIGHT OF THE LIVING ! \u2013 Retournez sur le plan de l&#039;horreur gothique glorieuse et d\u00e9terrez les r\u00e9impressions pr\u00e9f\u00e9r\u00e9es des fans de chaque ensemble Innistrad jamais r\u00e9alis\u00e9<\/li>\n<li>AMUSANT \u00c0 OUVRIR. AMUSANT \u00c0 JOUER \u2013 Les boosters de jeu sont parfaits pour le jeu limit\u00e9 et amusants \u00e0 ouvrir, avec une possibilit\u00e9 de cartes d&#039;art, d&#039;art alternatif, de cadres sp\u00e9ciaux et de cartes rares et\/ou mythiques suppl\u00e9mentaires<\/li>\n<li>CARTE R\u00c9TRO DANS CHAQUE PAQUET \u2013 Ressentez la nostalgie avec une carte \u00e0 cadre r\u00e9tro dans chaque booster de jeu Innistrad Remastered, y compris la possibilit\u00e9 de r\u00e9clamer l&#039;une des toutes premi\u00e8res cartes \u00e0 cadre r\u00e9tro recto verso<\/li>\n<li>RARES ANGELIQUES. PEURS D\u00c9MONIAQUES. \u2013 Dans chaque booster de jeu, vous d\u00e9couvrirez 1 \u00e0 4 cartes de raret\u00e9 rare ou sup\u00e9rieure et pourrez trouver des cartes envo\u00fbtantes et magnifiques avec des traitements Showcase effrayants ou des cartes sans bordure avec un tout nouveau graphisme<\/li>\n<li>UNE FEUILLE BRILLANTE DANS CHAQUE PACK \u2013 Chaque booster de jeu comprend au moins 1 carte Foil traditionnelle de n&#039;importe quelle raret\u00e9\u00a0; dans 20% de packs, vous obtiendrez \u00e9galement une carte Foil traditionnelle pour remplir vos decks d&#039;une lueur extra m\u00e9chante<\/li>\n<li>PEUT CONTENIR DES CARTES D&#039;ART \u2013 Trouv\u00e9s uniquement dans les boosters de jeu, certains packs contiennent une carte d&#039;art pr\u00e9sentant une \u0153uvre d&#039;art de l&#039;ensemble Innistrad Remastered et peuvent m\u00eame comporter une signature en aluminium de l&#039;artiste<\/li>\n<li>CONTENU DU PLAY BOOSTER BOX \u2013 36 boosters de jeu Innistrad Remastered, contenant chacun 14 cartes MTG<\/li>\n<\/ul>\n<\/div>","protected":false},"excerpt":{"rendered":"<p>R\u00c9IMPRESSIONS DE NIGHT OF THE LIVING ! \u2013 Retournez sur le plan de l\u2019horreur gothique glorieuse et d\u00e9terrez les r\u00e9impressions pr\u00e9f\u00e9r\u00e9es des fans de chaque ensemble Innistrad jamais cr\u00e9\u00e9. AMUSANT \u00c0 OUVRIR. AMUSANT \u00c0 JOUER \u2013 Les boosters de jeu sont parfaits pour le jeu limit\u00e9 et amusants \u00e0 ouvrir, avec une possibilit\u00e9 de cartes d\u2019art, d\u2019art alternatif, de cadres sp\u00e9ciaux et d\u2019autres [\u2026]<\/p>","protected":false},"featured_media":2242,"comment_status":"open","ping_status":"closed","template":"","meta":[],"product_cat":[27,84,21],"product_tag":[],"class_list":{"0":"post-2241","1":"product","2":"type-product","3":"status-publish","4":"has-post-thumbnail","6":"product_cat-boosterboxes","7":"product_cat-english-boosterboxes","8":"product_cat-magic-the-gathering","9":"pa_language-english","10":"pa_mtg-edition-innistrad-remastered","12":"first","13":"instock","14":"purchasable","15":"product-type-simple"},"yoast_head":"<!-- This site is optimized with the Yoast SEO plugin v23.6 - https:\/\/yoast.com\/wordpress\/plugins\/seo\/ -->\n<title>Innistrad Remastered Play Booster Display - Worlds Of Magic<\/title>\n<meta name=\"robots\" content=\"index, follow, max-snippet:-1, max-image-preview:large, max-video-preview:-1\" \/>\n<link rel=\"canonical\" href=\"https:\/\/worldsofmagic.net\/fr\/produit\/innistrad-remastered-play-booster-display\/\" \/>\n<meta property=\"og:locale\" content=\"fr_FR\" \/>\n<meta property=\"og:type\" content=\"article\" \/>\n<meta property=\"og:title\" content=\"Innistrad Remastered Play Booster Display - Worlds Of Magic\" \/>\n<meta property=\"og:description\" content=\"NIGHT OF THE LIVING REPRINTS! &#8211; Return to the plane of glorious gothic horror and dig up fan-favorite reprints from every Innistrad set ever made FUN TO OPEN. FUN TO PLAY &#8211; Play Boosters are perfect for Limited play and fun to open, with a possibility of Art cards, alternate art, special frames, and additional [&hellip;]\" \/>\n<meta property=\"og:url\" content=\"https:\/\/worldsofmagic.net\/fr\/produit\/innistrad-remastered-play-booster-display\/\" \/>\n<meta property=\"og:site_name\" content=\"Worlds Of Magic\" \/>\n<meta property=\"article:modified_time\" content=\"2025-04-09T15:24:36+00:00\" \/>\n<meta property=\"og:image\" content=\"https:\/\/worldsofmagic.net\/wp-content\/uploads\/2024\/12\/Innistrad-Remastered-Play-Booster-Display.png\" \/>\n\t<meta property=\"og:image:width\" content=\"300\" \/>\n\t<meta property=\"og:image:height\" content=\"300\" \/>\n\t<meta property=\"og:image:type\" content=\"image\/png\" \/>\n<meta name=\"twitter:card\" content=\"summary_large_image\" \/>\n<meta name=\"twitter:label1\" content=\"Dur\u00e9e de lecture estim\u00e9e\" \/>\n\t<meta name=\"twitter:data1\" content=\"2 minutes\" \/>\n<script type=\"application\/ld+json\" class=\"yoast-schema-graph\">{\"@context\":\"https:\/\/schema.org\",\"@graph\":[{\"@type\":\"WebPage\",\"@id\":\"https:\/\/worldsofmagic.net\/product\/innistrad-remastered-play-booster-display\/\",\"url\":\"https:\/\/worldsofmagic.net\/product\/innistrad-remastered-play-booster-display\/\",\"name\":\"Innistrad Remastered Play Booster Display - Worlds Of Magic\",\"isPartOf\":{\"@id\":\"https:\/\/worldsofmagic.net\/#website\"},\"primaryImageOfPage\":{\"@id\":\"https:\/\/worldsofmagic.net\/product\/innistrad-remastered-play-booster-display\/#primaryimage\"},\"image\":{\"@id\":\"https:\/\/worldsofmagic.net\/product\/innistrad-remastered-play-booster-display\/#primaryimage\"},\"thumbnailUrl\":\"https:\/\/worldsofmagic.net\/wp-content\/uploads\/2024\/12\/Innistrad-Remastered-Play-Booster-Display.png\",\"datePublished\":\"2024-12-22T13:02:23+00:00\",\"dateModified\":\"2025-04-09T15:24:36+00:00\",\"breadcrumb\":{\"@id\":\"https:\/\/worldsofmagic.net\/product\/innistrad-remastered-play-booster-display\/#breadcrumb\"},\"inLanguage\":\"fr-FR\",\"potentialAction\":[{\"@type\":\"ReadAction\",\"target\":[\"https:\/\/worldsofmagic.net\/product\/innistrad-remastered-play-booster-display\/\"]}]},{\"@type\":\"ImageObject\",\"inLanguage\":\"fr-FR\",\"@id\":\"https:\/\/worldsofmagic.net\/product\/innistrad-remastered-play-booster-display\/#primaryimage\",\"url\":\"https:\/\/worldsofmagic.net\/wp-content\/uploads\/2024\/12\/Innistrad-Remastered-Play-Booster-Display.png\",\"contentUrl\":\"https:\/\/worldsofmagic.net\/wp-content\/uploads\/2024\/12\/Innistrad-Remastered-Play-Booster-Display.png\",\"width\":300,\"height\":300},{\"@type\":\"BreadcrumbList\",\"@id\":\"https:\/\/worldsofmagic.net\/product\/innistrad-remastered-play-booster-display\/#breadcrumb\",\"itemListElement\":[{\"@type\":\"ListItem\",\"position\":1,\"name\":\"Accueil\",\"item\":\"https:\/\/worldsofmagic.net\/\"},{\"@type\":\"ListItem\",\"position\":2,\"name\":\"Shop\",\"item\":\"https:\/\/worldsofmagic.net\/shop\/\"},{\"@type\":\"ListItem\",\"position\":3,\"name\":\"Innistrad Remastered Play Booster Display\"}]},{\"@type\":\"WebSite\",\"@id\":\"https:\/\/worldsofmagic.net\/#website\",\"url\":\"https:\/\/worldsofmagic.net\/\",\"name\":\"Worlds Of Magic\",\"description\":\"\",\"publisher\":{\"@id\":\"https:\/\/worldsofmagic.net\/#organization\"},\"potentialAction\":[{\"@type\":\"SearchAction\",\"target\":{\"@type\":\"EntryPoint\",\"urlTemplate\":\"https:\/\/worldsofmagic.net\/?s={search_term_string}\"},\"query-input\":{\"@type\":\"PropertyValueSpecification\",\"valueRequired\":true,\"valueName\":\"search_term_string\"}}],\"inLanguage\":\"fr-FR\"},{\"@type\":\"Organization\",\"@id\":\"https:\/\/worldsofmagic.net\/#organization\",\"name\":\"Worlds Of Magic\",\"alternateName\":\"Worlds Of Magic\",\"url\":\"https:\/\/worldsofmagic.net\/\",\"logo\":{\"@type\":\"ImageObject\",\"inLanguage\":\"fr-FR\",\"@id\":\"https:\/\/worldsofmagic.net\/#\/schema\/logo\/image\/\",\"url\":\"https:\/\/worldsofmagic.net\/wp-content\/uploads\/2024\/07\/image.png\",\"contentUrl\":\"https:\/\/worldsofmagic.net\/wp-content\/uploads\/2024\/07\/image.png\",\"width\":1072,\"height\":341,\"caption\":\"Worlds Of Magic\"},\"image\":{\"@id\":\"https:\/\/worldsofmagic.net\/#\/schema\/logo\/image\/\"}}]}<\/script>\n<!-- \/ Yoast SEO plugin. -->","yoast_head_json":{"title":"Innistrad Remastered Play Booster Display - Worlds Of Magic","robots":{"index":"index","follow":"follow","max-snippet":"max-snippet:-1","max-image-preview":"max-image-preview:large","max-video-preview":"max-video-preview:-1"},"canonical":"https:\/\/worldsofmagic.net\/fr\/produit\/innistrad-remastered-play-booster-display\/","og_locale":"fr_FR","og_type":"article","og_title":"Innistrad Remastered Play Booster Display - Worlds Of Magic","og_description":"NIGHT OF THE LIVING REPRINTS! &#8211; Return to the plane of glorious gothic horror and dig up fan-favorite reprints from every Innistrad set ever made FUN TO OPEN. FUN TO PLAY &#8211; Play Boosters are perfect for Limited play and fun to open, with a possibility of Art cards, alternate art, special frames, and additional [&hellip;]","og_url":"https:\/\/worldsofmagic.net\/fr\/produit\/innistrad-remastered-play-booster-display\/","og_site_name":"Worlds Of Magic","article_modified_time":"2025-04-09T15:24:36+00:00","og_image":[{"width":300,"height":300,"url":"https:\/\/worldsofmagic.net\/wp-content\/uploads\/2024\/12\/Innistrad-Remastered-Play-Booster-Display.png","type":"image\/png"}],"twitter_card":"summary_large_image","twitter_misc":{"Dur\u00e9e de lecture estim\u00e9e":"2 minutes"},"schema":{"@context":"https:\/\/schema.org","@graph":[{"@type":"WebPage","@id":"https:\/\/worldsofmagic.net\/product\/innistrad-remastered-play-booster-display\/","url":"https:\/\/worldsofmagic.net\/product\/innistrad-remastered-play-booster-display\/","name":"Innistrad Remastered Play Booster Display - Worlds Of Magic","isPartOf":{"@id":"https:\/\/worldsofmagic.net\/#website"},"primaryImageOfPage":{"@id":"https:\/\/worldsofmagic.net\/product\/innistrad-remastered-play-booster-display\/#primaryimage"},"image":{"@id":"https:\/\/worldsofmagic.net\/product\/innistrad-remastered-play-booster-display\/#primaryimage"},"thumbnailUrl":"https:\/\/worldsofmagic.net\/wp-content\/uploads\/2024\/12\/Innistrad-Remastered-Play-Booster-Display.png","datePublished":"2024-12-22T13:02:23+00:00","dateModified":"2025-04-09T15:24:36+00:00","breadcrumb":{"@id":"https:\/\/worldsofmagic.net\/product\/innistrad-remastered-play-booster-display\/#breadcrumb"},"inLanguage":"fr-FR","potentialAction":[{"@type":"ReadAction","target":["https:\/\/worldsofmagic.net\/product\/innistrad-remastered-play-booster-display\/"]}]},{"@type":"ImageObject","inLanguage":"fr-FR","@id":"https:\/\/worldsofmagic.net\/product\/innistrad-remastered-play-booster-display\/#primaryimage","url":"https:\/\/worldsofmagic.net\/wp-content\/uploads\/2024\/12\/Innistrad-Remastered-Play-Booster-Display.png","contentUrl":"https:\/\/worldsofmagic.net\/wp-content\/uploads\/2024\/12\/Innistrad-Remastered-Play-Booster-Display.png","width":300,"height":300},{"@type":"BreadcrumbList","@id":"https:\/\/worldsofmagic.net\/product\/innistrad-remastered-play-booster-display\/#breadcrumb","itemListElement":[{"@type":"ListItem","position":1,"name":"Accueil","item":"https:\/\/worldsofmagic.net\/"},{"@type":"ListItem","position":2,"name":"Shop","item":"https:\/\/worldsofmagic.net\/shop\/"},{"@type":"ListItem","position":3,"name":"Innistrad Remastered Play Booster Display"}]},{"@type":"WebSite","@id":"https:\/\/worldsofmagic.net\/#website","url":"https:\/\/worldsofmagic.net\/","name":"Worlds Of Magic","description":"","publisher":{"@id":"https:\/\/worldsofmagic.net\/#organization"},"potentialAction":[{"@type":"SearchAction","target":{"@type":"EntryPoint","urlTemplate":"https:\/\/worldsofmagic.net\/?s={search_term_string}"},"query-input":{"@type":"PropertyValueSpecification","valueRequired":true,"valueName":"search_term_string"}}],"inLanguage":"fr-FR"},{"@type":"Organization","@id":"https:\/\/worldsofmagic.net\/#organization","name":"Worlds Of Magic","alternateName":"Worlds Of Magic","url":"https:\/\/worldsofmagic.net\/","logo":{"@type":"ImageObject","inLanguage":"fr-FR","@id":"https:\/\/worldsofmagic.net\/#\/schema\/logo\/image\/","url":"https:\/\/worldsofmagic.net\/wp-content\/uploads\/2024\/07\/image.png","contentUrl":"https:\/\/worldsofmagic.net\/wp-content\/uploads\/2024\/07\/image.png","width":1072,"height":341,"caption":"Worlds Of Magic"},"image":{"@id":"https:\/\/worldsofmagic.net\/#\/schema\/logo\/image\/"}}]}},"jetpack_sharing_enabled":true,"_links":{"self":[{"href":"https:\/\/worldsofmagic.net\/fr\/wp-json\/wp\/v2\/product\/2241"}],"collection":[{"href":"https:\/\/worldsofmagic.net\/fr\/wp-json\/wp\/v2\/product"}],"about":[{"href":"https:\/\/worldsofmagic.net\/fr\/wp-json\/wp\/v2\/types\/product"}],"replies":[{"embeddable":true,"href":"https:\/\/worldsofmagic.net\/fr\/wp-json\/wp\/v2\/comments?post=2241"}],"wp:featuredmedia":[{"embeddable":true,"href":"https:\/\/worldsofmagic.net\/fr\/wp-json\/wp\/v2\/media\/2242"}],"wp:attachment":[{"href":"https:\/\/worldsofmagic.net\/fr\/wp-json\/wp\/v2\/media?parent=2241"}],"wp:term":[{"taxonomy":"product_cat","embeddable":true,"href":"https:\/\/worldsofmagic.net\/fr\/wp-json\/wp\/v2\/product_cat?post=2241"},{"taxonomy":"product_tag","embeddable":true,"href":"https:\/\/worldsofmagic.net\/fr\/wp-json\/wp\/v2\/product_tag?post=2241"}],"curies":[{"name":"wp","href":"https:\/\/api.w.org\/{rel}","templated":true}]}}