{"id":2268,"date":"2024-12-22T14:12:58","date_gmt":"2024-12-22T14:12:58","guid":{"rendered":"https:\/\/worldsofmagic.net\/?post_type=product&#038;p=2268"},"modified":"2025-10-04T09:12:29","modified_gmt":"2025-10-04T09:12:29","slug":"aetherdrift-fat-pack-bundle","status":"publish","type":"product","link":"https:\/\/worldsofmagic.net\/fr\/produit\/aetherdrift-fat-pack-bundle\/","title":{"rendered":"Pack de graisse Aetherdrift"},"content":{"rendered":"<ul>\n<li>CE N&#039;EST UNE COURSE \u00c0 LA MORT QUE SI VOUS MOUREZ \u2013 Attachez vos ceintures pour une course \u00e0 la mort \u00e0 travers le multivers, pleine d&#039;action \u00e0 indice d&#039;octane \u00e9lev\u00e9 et de gameplay Magic aliment\u00e9 par l&#039;adr\u00e9naline<\/li>\n<li>VOUS \u00caTES AUX COMMANDES \u2013 Prenez le volant et laissez vos concurrents dans la poussi\u00e8re avec un pack rempli de cartes et d&#039;accessoires de jeu exclusifs<\/li>\n<li>CARTE ART ALTERNATIVE SP\u00c9CIALE \u2013 Chaque lot est livr\u00e9 avec 1 carte promotionnelle comportant un art alternatif exclusif au lot et un traitement brillant en feuille traditionnelle<\/li>\n<li>9 BOOSTERS POUR JOUER AVEC DES AMIS \u2013 Parfait pour construire des decks, jouer \u00e0 des jeux limit\u00e9s et tr\u00e8s amusant \u00e0 ouvrir, ce pack comprend 9 boosters de jeu, avec au moins 1 carte Foil traditionnelle et la possibilit\u00e9 de plusieurs cartes rares \u00e0 chaque pack<\/li>\n<li>40 CARTES DE TERRAIN \u2013 Traversez 3 plans de chaos avec 20 cartes de terrain de base Foil traditionnelles et 20 cartes de terrain de base non Foil pour turbocharger vos decks, y compris 10 terrains Full-Art (5 Foil, 5 non Foil)<\/li>\n<li>ACCESSOIRES EXCLUSIFS AU PACK \u2013 Ce pack comprend \u00e9galement des accessoires que vous ne trouverez nulle part ailleurs, notamment un d\u00e9 sp\u00e9cial pour suivre votre total de points de vie et une bo\u00eete Aetherdrift robuste pour tout ranger<\/li>\n<li>CONTENU DU LOT \u2013 9 boosters de jeu MTG Aetherdrift, 1 carte alternative Foil traditionnelle, 40 cartes Terrain (20 Foil, 20 non Foil), 1 compteur de vie Spindown, 1 bo\u00eete de rangement de cartes et 2 cartes de r\u00e9f\u00e9rence<\/li>\n<\/ul>","protected":false},"excerpt":{"rendered":"<p>C&#039;EST UNE COURSE \u00c0 LA MORT SEULEMENT SI VOUS MOUREZ \u2013 Attachez vos ceintures pour une course \u00e0 la mort \u00e0 travers le multivers, pleine d&#039;action \u00e0 indice d&#039;octane \u00e9lev\u00e9 et de gameplay Magic aliment\u00e9 par l&#039;adr\u00e9naline VOUS \u00caTES AUX COMMANDES \u2013 Prenez le volant et laissez vos concurrents dans la poussi\u00e8re avec un pack rempli de cartes et d&#039;accessoires de jeu exclusifs ART ALTERNATIF SP\u00c9CIAL [\u2026]<\/p>","protected":false},"featured_media":2269,"comment_status":"open","ping_status":"closed","template":"","meta":[],"product_cat":[29,91,21],"product_tag":[],"class_list":{"0":"post-2268","1":"product","2":"type-product","3":"status-publish","4":"has-post-thumbnail","6":"product_cat-bundles","7":"product_cat-english-bundles","8":"product_cat-magic-the-gathering","9":"pa_language-english","10":"pa_mtg-edition-aetherdrift","12":"first","13":"instock","14":"purchasable","15":"product-type-simple"},"yoast_head":"<!-- This site is optimized with the Yoast SEO plugin v23.6 - https:\/\/yoast.com\/wordpress\/plugins\/seo\/ -->\n<title>Aetherdrift Fat Pack Bundle - Worlds Of Magic<\/title>\n<meta name=\"robots\" content=\"index, follow, max-snippet:-1, max-image-preview:large, max-video-preview:-1\" \/>\n<link rel=\"canonical\" href=\"https:\/\/worldsofmagic.net\/fr\/produit\/aetherdrift-fat-pack-bundle\/\" \/>\n<meta property=\"og:locale\" content=\"fr_FR\" \/>\n<meta property=\"og:type\" content=\"article\" \/>\n<meta property=\"og:title\" content=\"Aetherdrift Fat Pack Bundle - Worlds Of Magic\" \/>\n<meta property=\"og:description\" content=\"IT\u2019S ONLY A DEATH RACE IF YOU DIE &#8211; Buckle up for a death race across the Multiverse full of high-octane action and adrenaline-fueled Magic gameplay YOU\u2019RE IN THE DRIVER\u2019S SEAT &#8211; Get behind the wheel and leave your competition in the dust with a Bundle full of cards and exclusive play accessories SPECIAL ALTERNATE-ART [&hellip;]\" \/>\n<meta property=\"og:url\" content=\"https:\/\/worldsofmagic.net\/fr\/produit\/aetherdrift-fat-pack-bundle\/\" \/>\n<meta property=\"og:site_name\" content=\"Worlds Of Magic\" \/>\n<meta property=\"article:modified_time\" content=\"2025-10-04T09:12:29+00:00\" \/>\n<meta property=\"og:image\" content=\"https:\/\/worldsofmagic.net\/wp-content\/uploads\/2024\/12\/Aetherdrift-Fat-Pack-Bundle.png\" \/>\n\t<meta property=\"og:image:width\" content=\"300\" \/>\n\t<meta property=\"og:image:height\" content=\"300\" \/>\n\t<meta property=\"og:image:type\" content=\"image\/png\" \/>\n<meta name=\"twitter:card\" content=\"summary_large_image\" \/>\n<meta name=\"twitter:label1\" content=\"Dur\u00e9e de lecture estim\u00e9e\" \/>\n\t<meta name=\"twitter:data1\" content=\"2 minutes\" \/>\n<script type=\"application\/ld+json\" class=\"yoast-schema-graph\">{\"@context\":\"https:\/\/schema.org\",\"@graph\":[{\"@type\":\"WebPage\",\"@id\":\"https:\/\/worldsofmagic.net\/product\/aetherdrift-fat-pack-bundle\/\",\"url\":\"https:\/\/worldsofmagic.net\/product\/aetherdrift-fat-pack-bundle\/\",\"name\":\"Aetherdrift Fat Pack Bundle - Worlds Of Magic\",\"isPartOf\":{\"@id\":\"https:\/\/worldsofmagic.net\/#website\"},\"primaryImageOfPage\":{\"@id\":\"https:\/\/worldsofmagic.net\/product\/aetherdrift-fat-pack-bundle\/#primaryimage\"},\"image\":{\"@id\":\"https:\/\/worldsofmagic.net\/product\/aetherdrift-fat-pack-bundle\/#primaryimage\"},\"thumbnailUrl\":\"https:\/\/worldsofmagic.net\/wp-content\/uploads\/2024\/12\/Aetherdrift-Fat-Pack-Bundle.png\",\"datePublished\":\"2024-12-22T14:12:58+00:00\",\"dateModified\":\"2025-10-04T09:12:29+00:00\",\"breadcrumb\":{\"@id\":\"https:\/\/worldsofmagic.net\/product\/aetherdrift-fat-pack-bundle\/#breadcrumb\"},\"inLanguage\":\"fr-FR\",\"potentialAction\":[{\"@type\":\"ReadAction\",\"target\":[\"https:\/\/worldsofmagic.net\/product\/aetherdrift-fat-pack-bundle\/\"]}]},{\"@type\":\"ImageObject\",\"inLanguage\":\"fr-FR\",\"@id\":\"https:\/\/worldsofmagic.net\/product\/aetherdrift-fat-pack-bundle\/#primaryimage\",\"url\":\"https:\/\/worldsofmagic.net\/wp-content\/uploads\/2024\/12\/Aetherdrift-Fat-Pack-Bundle.png\",\"contentUrl\":\"https:\/\/worldsofmagic.net\/wp-content\/uploads\/2024\/12\/Aetherdrift-Fat-Pack-Bundle.png\",\"width\":300,\"height\":300},{\"@type\":\"BreadcrumbList\",\"@id\":\"https:\/\/worldsofmagic.net\/product\/aetherdrift-fat-pack-bundle\/#breadcrumb\",\"itemListElement\":[{\"@type\":\"ListItem\",\"position\":1,\"name\":\"Accueil\",\"item\":\"https:\/\/worldsofmagic.net\/\"},{\"@type\":\"ListItem\",\"position\":2,\"name\":\"Shop\",\"item\":\"https:\/\/worldsofmagic.net\/shop\/\"},{\"@type\":\"ListItem\",\"position\":3,\"name\":\"Aetherdrift Fat Pack Bundle\"}]},{\"@type\":\"WebSite\",\"@id\":\"https:\/\/worldsofmagic.net\/#website\",\"url\":\"https:\/\/worldsofmagic.net\/\",\"name\":\"Worlds Of Magic\",\"description\":\"\",\"publisher\":{\"@id\":\"https:\/\/worldsofmagic.net\/#organization\"},\"potentialAction\":[{\"@type\":\"SearchAction\",\"target\":{\"@type\":\"EntryPoint\",\"urlTemplate\":\"https:\/\/worldsofmagic.net\/?s={search_term_string}\"},\"query-input\":{\"@type\":\"PropertyValueSpecification\",\"valueRequired\":true,\"valueName\":\"search_term_string\"}}],\"inLanguage\":\"fr-FR\"},{\"@type\":\"Organization\",\"@id\":\"https:\/\/worldsofmagic.net\/#organization\",\"name\":\"Worlds Of Magic\",\"alternateName\":\"Worlds Of Magic\",\"url\":\"https:\/\/worldsofmagic.net\/\",\"logo\":{\"@type\":\"ImageObject\",\"inLanguage\":\"fr-FR\",\"@id\":\"https:\/\/worldsofmagic.net\/#\/schema\/logo\/image\/\",\"url\":\"https:\/\/worldsofmagic.net\/wp-content\/uploads\/2024\/07\/image.png\",\"contentUrl\":\"https:\/\/worldsofmagic.net\/wp-content\/uploads\/2024\/07\/image.png\",\"width\":1072,\"height\":341,\"caption\":\"Worlds Of Magic\"},\"image\":{\"@id\":\"https:\/\/worldsofmagic.net\/#\/schema\/logo\/image\/\"}}]}<\/script>\n<!-- \/ Yoast SEO plugin. -->","yoast_head_json":{"title":"Aetherdrift Fat Pack Bundle - Worlds Of Magic","robots":{"index":"index","follow":"follow","max-snippet":"max-snippet:-1","max-image-preview":"max-image-preview:large","max-video-preview":"max-video-preview:-1"},"canonical":"https:\/\/worldsofmagic.net\/fr\/produit\/aetherdrift-fat-pack-bundle\/","og_locale":"fr_FR","og_type":"article","og_title":"Aetherdrift Fat Pack Bundle - Worlds Of Magic","og_description":"IT\u2019S ONLY A DEATH RACE IF YOU DIE &#8211; Buckle up for a death race across the Multiverse full of high-octane action and adrenaline-fueled Magic gameplay YOU\u2019RE IN THE DRIVER\u2019S SEAT &#8211; Get behind the wheel and leave your competition in the dust with a Bundle full of cards and exclusive play accessories SPECIAL ALTERNATE-ART [&hellip;]","og_url":"https:\/\/worldsofmagic.net\/fr\/produit\/aetherdrift-fat-pack-bundle\/","og_site_name":"Worlds Of Magic","article_modified_time":"2025-10-04T09:12:29+00:00","og_image":[{"width":300,"height":300,"url":"https:\/\/worldsofmagic.net\/wp-content\/uploads\/2024\/12\/Aetherdrift-Fat-Pack-Bundle.png","type":"image\/png"}],"twitter_card":"summary_large_image","twitter_misc":{"Dur\u00e9e de lecture estim\u00e9e":"2 minutes"},"schema":{"@context":"https:\/\/schema.org","@graph":[{"@type":"WebPage","@id":"https:\/\/worldsofmagic.net\/product\/aetherdrift-fat-pack-bundle\/","url":"https:\/\/worldsofmagic.net\/product\/aetherdrift-fat-pack-bundle\/","name":"Aetherdrift Fat Pack Bundle - Worlds Of Magic","isPartOf":{"@id":"https:\/\/worldsofmagic.net\/#website"},"primaryImageOfPage":{"@id":"https:\/\/worldsofmagic.net\/product\/aetherdrift-fat-pack-bundle\/#primaryimage"},"image":{"@id":"https:\/\/worldsofmagic.net\/product\/aetherdrift-fat-pack-bundle\/#primaryimage"},"thumbnailUrl":"https:\/\/worldsofmagic.net\/wp-content\/uploads\/2024\/12\/Aetherdrift-Fat-Pack-Bundle.png","datePublished":"2024-12-22T14:12:58+00:00","dateModified":"2025-10-04T09:12:29+00:00","breadcrumb":{"@id":"https:\/\/worldsofmagic.net\/product\/aetherdrift-fat-pack-bundle\/#breadcrumb"},"inLanguage":"fr-FR","potentialAction":[{"@type":"ReadAction","target":["https:\/\/worldsofmagic.net\/product\/aetherdrift-fat-pack-bundle\/"]}]},{"@type":"ImageObject","inLanguage":"fr-FR","@id":"https:\/\/worldsofmagic.net\/product\/aetherdrift-fat-pack-bundle\/#primaryimage","url":"https:\/\/worldsofmagic.net\/wp-content\/uploads\/2024\/12\/Aetherdrift-Fat-Pack-Bundle.png","contentUrl":"https:\/\/worldsofmagic.net\/wp-content\/uploads\/2024\/12\/Aetherdrift-Fat-Pack-Bundle.png","width":300,"height":300},{"@type":"BreadcrumbList","@id":"https:\/\/worldsofmagic.net\/product\/aetherdrift-fat-pack-bundle\/#breadcrumb","itemListElement":[{"@type":"ListItem","position":1,"name":"Accueil","item":"https:\/\/worldsofmagic.net\/"},{"@type":"ListItem","position":2,"name":"Shop","item":"https:\/\/worldsofmagic.net\/shop\/"},{"@type":"ListItem","position":3,"name":"Aetherdrift Fat Pack Bundle"}]},{"@type":"WebSite","@id":"https:\/\/worldsofmagic.net\/#website","url":"https:\/\/worldsofmagic.net\/","name":"Worlds Of Magic","description":"","publisher":{"@id":"https:\/\/worldsofmagic.net\/#organization"},"potentialAction":[{"@type":"SearchAction","target":{"@type":"EntryPoint","urlTemplate":"https:\/\/worldsofmagic.net\/?s={search_term_string}"},"query-input":{"@type":"PropertyValueSpecification","valueRequired":true,"valueName":"search_term_string"}}],"inLanguage":"fr-FR"},{"@type":"Organization","@id":"https:\/\/worldsofmagic.net\/#organization","name":"Worlds Of Magic","alternateName":"Worlds Of Magic","url":"https:\/\/worldsofmagic.net\/","logo":{"@type":"ImageObject","inLanguage":"fr-FR","@id":"https:\/\/worldsofmagic.net\/#\/schema\/logo\/image\/","url":"https:\/\/worldsofmagic.net\/wp-content\/uploads\/2024\/07\/image.png","contentUrl":"https:\/\/worldsofmagic.net\/wp-content\/uploads\/2024\/07\/image.png","width":1072,"height":341,"caption":"Worlds Of Magic"},"image":{"@id":"https:\/\/worldsofmagic.net\/#\/schema\/logo\/image\/"}}]}},"jetpack_sharing_enabled":true,"_links":{"self":[{"href":"https:\/\/worldsofmagic.net\/fr\/wp-json\/wp\/v2\/product\/2268"}],"collection":[{"href":"https:\/\/worldsofmagic.net\/fr\/wp-json\/wp\/v2\/product"}],"about":[{"href":"https:\/\/worldsofmagic.net\/fr\/wp-json\/wp\/v2\/types\/product"}],"replies":[{"embeddable":true,"href":"https:\/\/worldsofmagic.net\/fr\/wp-json\/wp\/v2\/comments?post=2268"}],"wp:featuredmedia":[{"embeddable":true,"href":"https:\/\/worldsofmagic.net\/fr\/wp-json\/wp\/v2\/media\/2269"}],"wp:attachment":[{"href":"https:\/\/worldsofmagic.net\/fr\/wp-json\/wp\/v2\/media?parent=2268"}],"wp:term":[{"taxonomy":"product_cat","embeddable":true,"href":"https:\/\/worldsofmagic.net\/fr\/wp-json\/wp\/v2\/product_cat?post=2268"},{"taxonomy":"product_tag","embeddable":true,"href":"https:\/\/worldsofmagic.net\/fr\/wp-json\/wp\/v2\/product_tag?post=2268"}],"curies":[{"name":"wp","href":"https:\/\/api.w.org\/{rel}","templated":true}]}}