{"id":2271,"date":"2024-12-22T14:16:04","date_gmt":"2024-12-22T14:16:04","guid":{"rendered":"https:\/\/worldsofmagic.net\/?post_type=product&#038;p=2271"},"modified":"2024-12-22T14:24:58","modified_gmt":"2024-12-22T14:24:58","slug":"aetherdrift-finish-line-bundle","status":"publish","type":"product","link":"https:\/\/worldsofmagic.net\/fr\/produit\/aetherdrift-finish-line-bundle\/","title":{"rendered":"Pack de la ligne d&#039;arriv\u00e9e d&#039;Aetherdrift"},"content":{"rendered":"<ul>\n<li>ENTREZ DANS LE CERCLE DES GAGNANTS \u2013 Boostez votre collection et remportez l&#039;or avec ce pack \u00e0 grande vitesse rempli de boosters, de cartes sp\u00e9ciales et d&#039;accessoires exclusifs<\/li>\n<li>COLLECTIONNEZ LES CARTES AETHERDRIFT LES PLUS COOL \u2013 Obtenez 2 boosters collector pour un raccourci vers les cartes les plus cool de l&#039;ensemble\u00a0; chaque pack est rempli de cartes rares et\/ou mythiques, de cartes brillantes et de cartes sp\u00e9ciales alt-art, alt-frame<\/li>\n<li>6 BOOSTERS POUR JOUER AVEC DES AMIS \u2013 Parfait pour construire des decks, jouer \u00e0 des jeux limit\u00e9s et tr\u00e8s amusant \u00e0 ouvrir, ce pack Finish Line comprend 6 boosters de jeu, avec une possibilit\u00e9 de plusieurs cartes rares et au moins 1 carte brillante dans chaque pack<\/li>\n<li>3 CARTES \u00c0 ART \u00c9TENDU \u2013 Am\u00e9liorez vos decks avec 3 cartes \u00e0 art \u00e9tendu pr\u00e9sentant des illustrations alternatives exclusives au Finish Line Bundle<\/li>\n<li>2 CARTES FOIL BOX TOPPER \u2013 Un prix all\u00e9chant pour un match \u00e0 enjeux \u00e9lev\u00e9s, dans chaque pack Finish Line, vous remporterez un Box Topper contenant 2 cartes brillantes avec un tout nouveau traitement en aluminium<\/li>\n<li>20 CARTES DE TERRAINS FOIL \u2013 Traversez 3 plans de chaos avec un cycle complet de 5 terrains de base Full-Art avec un traitement sp\u00e9cial en foil et 15 terrains de base traditionnels en foil<\/li>\n<li>CONTENU DU PACK FINISH LINE \u2013 2 boosters collector, 6 boosters de jeu, 20 terrains brillants, 3 cartes Extended-Art, 2 cartes Box Topper, 1 bo\u00eete de rangement pour cartes brillantes, 1 compteur de vie sp\u00e9cial Spindown, 5 autocollants de symboles de mana et 2 cartes de r\u00e9f\u00e9rence<\/li>\n<\/ul>","protected":false},"excerpt":{"rendered":"<p>ENTREZ DANS LE CERCLE DES GAGNANTS \u2013 Boostez votre collection et remportez l&#039;or avec ce pack ultra-rapide rempli de boosters, de cartes sp\u00e9ciales et d&#039;accessoires exclusifs COLLECTIONNEZ LES CARTES AETHERDRIFT LES PLUS COOL \u2013 Obtenez 2 boosters collector pour un raccourci vers les cartes les plus cool de l&#039;ensemble ; chaque pack est rempli de cartes rares et\/ou mythiques, de cartes brillantes [\u2026]<\/p>","protected":false},"featured_media":2272,"comment_status":"open","ping_status":"closed","template":"","meta":[],"product_cat":[29,91,21],"product_tag":[],"class_list":{"0":"post-2271","1":"product","2":"type-product","3":"status-publish","4":"has-post-thumbnail","6":"product_cat-bundles","7":"product_cat-english-bundles","8":"product_cat-magic-the-gathering","9":"pa_language-english","10":"pa_mtg-edition-aetherdrift","12":"first","13":"instock","14":"purchasable","15":"product-type-simple"},"yoast_head":"<!-- This site is optimized with the Yoast SEO plugin v23.6 - https:\/\/yoast.com\/wordpress\/plugins\/seo\/ -->\n<title>Aetherdrift Finish Line Bundle - Worlds Of Magic<\/title>\n<meta name=\"robots\" content=\"index, follow, max-snippet:-1, max-image-preview:large, max-video-preview:-1\" \/>\n<link rel=\"canonical\" href=\"https:\/\/worldsofmagic.net\/fr\/produit\/aetherdrift-finish-line-bundle\/\" \/>\n<meta property=\"og:locale\" content=\"fr_FR\" \/>\n<meta property=\"og:type\" content=\"article\" \/>\n<meta property=\"og:title\" content=\"Aetherdrift Finish Line Bundle - Worlds Of Magic\" \/>\n<meta property=\"og:description\" content=\"STEP INTO THE WINNER\u2019S CIRCLE &#8211; Turbo-charge your collection and claim the gold with this high-velocity bundle full of boosters, special cards, and exclusive accessories COLLECT THE COOLEST AETHERDRIFT CARDS &#8211; Get 2 Collector Boosters for a shortcut to the coolest cards in the set; each pack is full of Rare and\/or Mythic cards, shiny [&hellip;]\" \/>\n<meta property=\"og:url\" content=\"https:\/\/worldsofmagic.net\/fr\/produit\/aetherdrift-finish-line-bundle\/\" \/>\n<meta property=\"og:site_name\" content=\"Worlds Of Magic\" \/>\n<meta property=\"article:modified_time\" content=\"2024-12-22T14:24:58+00:00\" \/>\n<meta property=\"og:image\" content=\"https:\/\/worldsofmagic.net\/wp-content\/uploads\/2024\/12\/Aetherdrift-Finish-Line-Bundle.png\" \/>\n\t<meta property=\"og:image:width\" content=\"300\" \/>\n\t<meta property=\"og:image:height\" content=\"300\" \/>\n\t<meta property=\"og:image:type\" content=\"image\/png\" \/>\n<meta name=\"twitter:card\" content=\"summary_large_image\" \/>\n<meta name=\"twitter:label1\" content=\"Dur\u00e9e de lecture estim\u00e9e\" \/>\n\t<meta name=\"twitter:data1\" content=\"1 minute\" \/>\n<script type=\"application\/ld+json\" class=\"yoast-schema-graph\">{\"@context\":\"https:\/\/schema.org\",\"@graph\":[{\"@type\":\"WebPage\",\"@id\":\"https:\/\/worldsofmagic.net\/product\/aetherdrift-finish-line-bundle\/\",\"url\":\"https:\/\/worldsofmagic.net\/product\/aetherdrift-finish-line-bundle\/\",\"name\":\"Aetherdrift Finish Line Bundle - Worlds Of Magic\",\"isPartOf\":{\"@id\":\"https:\/\/worldsofmagic.net\/#website\"},\"primaryImageOfPage\":{\"@id\":\"https:\/\/worldsofmagic.net\/product\/aetherdrift-finish-line-bundle\/#primaryimage\"},\"image\":{\"@id\":\"https:\/\/worldsofmagic.net\/product\/aetherdrift-finish-line-bundle\/#primaryimage\"},\"thumbnailUrl\":\"https:\/\/worldsofmagic.net\/wp-content\/uploads\/2024\/12\/Aetherdrift-Finish-Line-Bundle.png\",\"datePublished\":\"2024-12-22T14:16:04+00:00\",\"dateModified\":\"2024-12-22T14:24:58+00:00\",\"breadcrumb\":{\"@id\":\"https:\/\/worldsofmagic.net\/product\/aetherdrift-finish-line-bundle\/#breadcrumb\"},\"inLanguage\":\"fr-FR\",\"potentialAction\":[{\"@type\":\"ReadAction\",\"target\":[\"https:\/\/worldsofmagic.net\/product\/aetherdrift-finish-line-bundle\/\"]}]},{\"@type\":\"ImageObject\",\"inLanguage\":\"fr-FR\",\"@id\":\"https:\/\/worldsofmagic.net\/product\/aetherdrift-finish-line-bundle\/#primaryimage\",\"url\":\"https:\/\/worldsofmagic.net\/wp-content\/uploads\/2024\/12\/Aetherdrift-Finish-Line-Bundle.png\",\"contentUrl\":\"https:\/\/worldsofmagic.net\/wp-content\/uploads\/2024\/12\/Aetherdrift-Finish-Line-Bundle.png\",\"width\":300,\"height\":300},{\"@type\":\"BreadcrumbList\",\"@id\":\"https:\/\/worldsofmagic.net\/product\/aetherdrift-finish-line-bundle\/#breadcrumb\",\"itemListElement\":[{\"@type\":\"ListItem\",\"position\":1,\"name\":\"Accueil\",\"item\":\"https:\/\/worldsofmagic.net\/\"},{\"@type\":\"ListItem\",\"position\":2,\"name\":\"Shop\",\"item\":\"https:\/\/worldsofmagic.net\/shop\/\"},{\"@type\":\"ListItem\",\"position\":3,\"name\":\"Aetherdrift Finish Line Bundle\"}]},{\"@type\":\"WebSite\",\"@id\":\"https:\/\/worldsofmagic.net\/#website\",\"url\":\"https:\/\/worldsofmagic.net\/\",\"name\":\"Worlds Of Magic\",\"description\":\"\",\"publisher\":{\"@id\":\"https:\/\/worldsofmagic.net\/#organization\"},\"potentialAction\":[{\"@type\":\"SearchAction\",\"target\":{\"@type\":\"EntryPoint\",\"urlTemplate\":\"https:\/\/worldsofmagic.net\/?s={search_term_string}\"},\"query-input\":{\"@type\":\"PropertyValueSpecification\",\"valueRequired\":true,\"valueName\":\"search_term_string\"}}],\"inLanguage\":\"fr-FR\"},{\"@type\":\"Organization\",\"@id\":\"https:\/\/worldsofmagic.net\/#organization\",\"name\":\"Worlds Of Magic\",\"alternateName\":\"Worlds Of Magic\",\"url\":\"https:\/\/worldsofmagic.net\/\",\"logo\":{\"@type\":\"ImageObject\",\"inLanguage\":\"fr-FR\",\"@id\":\"https:\/\/worldsofmagic.net\/#\/schema\/logo\/image\/\",\"url\":\"https:\/\/worldsofmagic.net\/wp-content\/uploads\/2024\/07\/image.png\",\"contentUrl\":\"https:\/\/worldsofmagic.net\/wp-content\/uploads\/2024\/07\/image.png\",\"width\":1072,\"height\":341,\"caption\":\"Worlds Of Magic\"},\"image\":{\"@id\":\"https:\/\/worldsofmagic.net\/#\/schema\/logo\/image\/\"}}]}<\/script>\n<!-- \/ Yoast SEO plugin. -->","yoast_head_json":{"title":"Aetherdrift Finish Line Bundle - Worlds Of Magic","robots":{"index":"index","follow":"follow","max-snippet":"max-snippet:-1","max-image-preview":"max-image-preview:large","max-video-preview":"max-video-preview:-1"},"canonical":"https:\/\/worldsofmagic.net\/fr\/produit\/aetherdrift-finish-line-bundle\/","og_locale":"fr_FR","og_type":"article","og_title":"Aetherdrift Finish Line Bundle - Worlds Of Magic","og_description":"STEP INTO THE WINNER\u2019S CIRCLE &#8211; Turbo-charge your collection and claim the gold with this high-velocity bundle full of boosters, special cards, and exclusive accessories COLLECT THE COOLEST AETHERDRIFT CARDS &#8211; Get 2 Collector Boosters for a shortcut to the coolest cards in the set; each pack is full of Rare and\/or Mythic cards, shiny [&hellip;]","og_url":"https:\/\/worldsofmagic.net\/fr\/produit\/aetherdrift-finish-line-bundle\/","og_site_name":"Worlds Of Magic","article_modified_time":"2024-12-22T14:24:58+00:00","og_image":[{"width":300,"height":300,"url":"https:\/\/worldsofmagic.net\/wp-content\/uploads\/2024\/12\/Aetherdrift-Finish-Line-Bundle.png","type":"image\/png"}],"twitter_card":"summary_large_image","twitter_misc":{"Dur\u00e9e de lecture estim\u00e9e":"1 minute"},"schema":{"@context":"https:\/\/schema.org","@graph":[{"@type":"WebPage","@id":"https:\/\/worldsofmagic.net\/product\/aetherdrift-finish-line-bundle\/","url":"https:\/\/worldsofmagic.net\/product\/aetherdrift-finish-line-bundle\/","name":"Aetherdrift Finish Line Bundle - Worlds Of Magic","isPartOf":{"@id":"https:\/\/worldsofmagic.net\/#website"},"primaryImageOfPage":{"@id":"https:\/\/worldsofmagic.net\/product\/aetherdrift-finish-line-bundle\/#primaryimage"},"image":{"@id":"https:\/\/worldsofmagic.net\/product\/aetherdrift-finish-line-bundle\/#primaryimage"},"thumbnailUrl":"https:\/\/worldsofmagic.net\/wp-content\/uploads\/2024\/12\/Aetherdrift-Finish-Line-Bundle.png","datePublished":"2024-12-22T14:16:04+00:00","dateModified":"2024-12-22T14:24:58+00:00","breadcrumb":{"@id":"https:\/\/worldsofmagic.net\/product\/aetherdrift-finish-line-bundle\/#breadcrumb"},"inLanguage":"fr-FR","potentialAction":[{"@type":"ReadAction","target":["https:\/\/worldsofmagic.net\/product\/aetherdrift-finish-line-bundle\/"]}]},{"@type":"ImageObject","inLanguage":"fr-FR","@id":"https:\/\/worldsofmagic.net\/product\/aetherdrift-finish-line-bundle\/#primaryimage","url":"https:\/\/worldsofmagic.net\/wp-content\/uploads\/2024\/12\/Aetherdrift-Finish-Line-Bundle.png","contentUrl":"https:\/\/worldsofmagic.net\/wp-content\/uploads\/2024\/12\/Aetherdrift-Finish-Line-Bundle.png","width":300,"height":300},{"@type":"BreadcrumbList","@id":"https:\/\/worldsofmagic.net\/product\/aetherdrift-finish-line-bundle\/#breadcrumb","itemListElement":[{"@type":"ListItem","position":1,"name":"Accueil","item":"https:\/\/worldsofmagic.net\/"},{"@type":"ListItem","position":2,"name":"Shop","item":"https:\/\/worldsofmagic.net\/shop\/"},{"@type":"ListItem","position":3,"name":"Aetherdrift Finish Line Bundle"}]},{"@type":"WebSite","@id":"https:\/\/worldsofmagic.net\/#website","url":"https:\/\/worldsofmagic.net\/","name":"Worlds Of Magic","description":"","publisher":{"@id":"https:\/\/worldsofmagic.net\/#organization"},"potentialAction":[{"@type":"SearchAction","target":{"@type":"EntryPoint","urlTemplate":"https:\/\/worldsofmagic.net\/?s={search_term_string}"},"query-input":{"@type":"PropertyValueSpecification","valueRequired":true,"valueName":"search_term_string"}}],"inLanguage":"fr-FR"},{"@type":"Organization","@id":"https:\/\/worldsofmagic.net\/#organization","name":"Worlds Of Magic","alternateName":"Worlds Of Magic","url":"https:\/\/worldsofmagic.net\/","logo":{"@type":"ImageObject","inLanguage":"fr-FR","@id":"https:\/\/worldsofmagic.net\/#\/schema\/logo\/image\/","url":"https:\/\/worldsofmagic.net\/wp-content\/uploads\/2024\/07\/image.png","contentUrl":"https:\/\/worldsofmagic.net\/wp-content\/uploads\/2024\/07\/image.png","width":1072,"height":341,"caption":"Worlds Of Magic"},"image":{"@id":"https:\/\/worldsofmagic.net\/#\/schema\/logo\/image\/"}}]}},"jetpack_sharing_enabled":true,"_links":{"self":[{"href":"https:\/\/worldsofmagic.net\/fr\/wp-json\/wp\/v2\/product\/2271"}],"collection":[{"href":"https:\/\/worldsofmagic.net\/fr\/wp-json\/wp\/v2\/product"}],"about":[{"href":"https:\/\/worldsofmagic.net\/fr\/wp-json\/wp\/v2\/types\/product"}],"replies":[{"embeddable":true,"href":"https:\/\/worldsofmagic.net\/fr\/wp-json\/wp\/v2\/comments?post=2271"}],"wp:featuredmedia":[{"embeddable":true,"href":"https:\/\/worldsofmagic.net\/fr\/wp-json\/wp\/v2\/media\/2272"}],"wp:attachment":[{"href":"https:\/\/worldsofmagic.net\/fr\/wp-json\/wp\/v2\/media?parent=2271"}],"wp:term":[{"taxonomy":"product_cat","embeddable":true,"href":"https:\/\/worldsofmagic.net\/fr\/wp-json\/wp\/v2\/product_cat?post=2271"},{"taxonomy":"product_tag","embeddable":true,"href":"https:\/\/worldsofmagic.net\/fr\/wp-json\/wp\/v2\/product_tag?post=2271"}],"curies":[{"name":"wp","href":"https:\/\/api.w.org\/{rel}","templated":true}]}}