{"id":2273,"date":"2024-12-22T14:20:47","date_gmt":"2024-12-22T14:20:47","guid":{"rendered":"https:\/\/worldsofmagic.net\/?post_type=product&#038;p=2273"},"modified":"2025-07-13T12:44:01","modified_gmt":"2025-07-13T12:44:01","slug":"aetherdrift-play-booster-box","status":"publish","type":"product","link":"https:\/\/worldsofmagic.net\/fr\/produit\/aetherdrift-play-booster-box\/","title":{"rendered":"Coffret de boosters de jeu Aetherdrift"},"content":{"rendered":"<ul>\n<li>CE N&#039;EST UNE COURSE \u00c0 LA MORT QUE SI VOUS MOUREZ \u2013 Attachez vos ceintures pour une course \u00e0 la mort \u00e0 travers le multivers, pleine d&#039;action \u00e0 indice d&#039;octane \u00e9lev\u00e9 et de gameplay Magic aliment\u00e9 par l&#039;adr\u00e9naline<\/li>\n<li>MEILLEURS BOOSTERS POUR JOUER AVEC DES AMIS \u2013 Les boosters de jeu sont le meilleur moyen de d\u00e9couvrir ce que Magic: The Gathering a \u00e0 offrir ; ils sont parfaits pour construire des decks, jouer \u00e0 des parties limit\u00e9es avec des amis et sont tr\u00e8s amusants \u00e0 ouvrir<\/li>\n<li>2 CARTES FOIL BOX TOPPER \u2013 Un prix all\u00e9chant pour un match \u00e0 enjeux \u00e9lev\u00e9s, avec chaque booster box, vous gagnerez un Box Topper contenant 2 cartes brillantes avec un tout nouveau traitement foil<\/li>\n<li>LES PACKS PEUVENT CONTENIR PLUSIEURS RARES \u2013 Chaque booster de jeu contient 1 \u00e0 4 cartes de raret\u00e9 rare ou sup\u00e9rieure, y compris la possibilit\u00e9 d&#039;une carte rare mythique sp\u00e9ciale de l&#039;histoire de Magic avec de nouvelles illustrations Borderless<\/li>\n<li>DES CARTES FOIL BRILLANTES DANS CHAQUE PAQUET \u2013 Chaque booster contient \u00e9galement au moins 1 carte Foil traditionnelle brillante de n&#039;importe quelle raret\u00e9\u00a0; dans 20% de paquets, vous trouverez \u00e9galement une carte Foil traditionnelle<\/li>\n<li>PEUT CONTENIR DES CARTES D&#039;ART \u2013 Trouv\u00e9es uniquement dans les boosters de jeu, certains packs contiennent une carte d&#039;art pr\u00e9sentant une \u0153uvre d&#039;art de l&#039;ensemble Aetherdrift et peuvent m\u00eame comporter une signature en aluminium de l&#039;artiste<\/li>\n<li>CONTENU DE LA BO\u00ceTE PLAY BOOSTER \u2013 Un coffret de 2 cartes + 30 boosters de jeu Aetherdrift, chacun contenant 14 cartes MTG et 1 carte Token ou Art<\/li>\n<\/ul>","protected":false},"excerpt":{"rendered":"<p>CE N&#039;EST UNE COURSE \u00c0 LA MORT QUE SI VOUS MEUREZ \u2013 Attachez vos ceintures pour une course \u00e0 la mort \u00e0 travers le Multivers pleine d&#039;action \u00e0 indice d&#039;octane \u00e9lev\u00e9 et de gameplay Magic aliment\u00e9 par l&#039;adr\u00e9naline. MEILLEURS BOOSTERS POUR JOUER AVEC DES AMIS \u2013 Les boosters de jeu sont le meilleur moyen de d\u00e9couvrir ce que Magic: The Gathering a \u00e0 offrir ; ils sont parfaits pour construire des decks, jouer en Limit\u00e9 [\u2026]<\/p>","protected":false},"featured_media":2274,"comment_status":"open","ping_status":"closed","template":"","meta":[],"product_cat":[27,84,21],"product_tag":[],"class_list":{"0":"post-2273","1":"product","2":"type-product","3":"status-publish","4":"has-post-thumbnail","6":"product_cat-boosterboxes","7":"product_cat-english-boosterboxes","8":"product_cat-magic-the-gathering","9":"pa_language-english","10":"pa_mtg-edition-aetherdrift","12":"first","13":"instock","14":"taxable","15":"shipping-taxable","16":"purchasable","17":"product-type-simple"},"yoast_head":"<!-- This site is optimized with the Yoast SEO plugin v23.6 - https:\/\/yoast.com\/wordpress\/plugins\/seo\/ -->\n<title>Aetherdrift Play Booster Box - Worlds Of Magic<\/title>\n<meta name=\"robots\" content=\"index, follow, max-snippet:-1, max-image-preview:large, max-video-preview:-1\" \/>\n<link rel=\"canonical\" href=\"https:\/\/worldsofmagic.net\/fr\/produit\/aetherdrift-play-booster-box\/\" \/>\n<meta property=\"og:locale\" content=\"fr_FR\" \/>\n<meta property=\"og:type\" content=\"article\" \/>\n<meta property=\"og:title\" content=\"Aetherdrift Play Booster Box - Worlds Of Magic\" \/>\n<meta property=\"og:description\" content=\"IT\u2019S ONLY A DEATH RACE IF YOU DIE &#8211; Buckle up for a death race across the Multiverse full of high-octane action and adrenaline-fueled Magic gameplay BEST BOOSTERS FOR PLAYING WITH FRIENDS &#8211; Play Boosters are the best way to discover what Magic: The Gathering has to offer; they&#8217;re perfect for building decks, playing Limited [&hellip;]\" \/>\n<meta property=\"og:url\" content=\"https:\/\/worldsofmagic.net\/fr\/produit\/aetherdrift-play-booster-box\/\" \/>\n<meta property=\"og:site_name\" content=\"Worlds Of Magic\" \/>\n<meta property=\"article:modified_time\" content=\"2025-07-13T12:44:01+00:00\" \/>\n<meta property=\"og:image\" content=\"https:\/\/worldsofmagic.net\/wp-content\/uploads\/2024\/12\/Aetherdrift-Play-Booster-Box.png\" \/>\n\t<meta property=\"og:image:width\" content=\"300\" \/>\n\t<meta property=\"og:image:height\" content=\"300\" \/>\n\t<meta property=\"og:image:type\" content=\"image\/png\" \/>\n<meta name=\"twitter:card\" content=\"summary_large_image\" \/>\n<meta name=\"twitter:label1\" content=\"Dur\u00e9e de lecture estim\u00e9e\" \/>\n\t<meta name=\"twitter:data1\" content=\"2 minutes\" \/>\n<script type=\"application\/ld+json\" class=\"yoast-schema-graph\">{\"@context\":\"https:\/\/schema.org\",\"@graph\":[{\"@type\":\"WebPage\",\"@id\":\"https:\/\/worldsofmagic.net\/product\/aetherdrift-play-booster-box\/\",\"url\":\"https:\/\/worldsofmagic.net\/product\/aetherdrift-play-booster-box\/\",\"name\":\"Aetherdrift Play Booster Box - Worlds Of Magic\",\"isPartOf\":{\"@id\":\"https:\/\/worldsofmagic.net\/#website\"},\"primaryImageOfPage\":{\"@id\":\"https:\/\/worldsofmagic.net\/product\/aetherdrift-play-booster-box\/#primaryimage\"},\"image\":{\"@id\":\"https:\/\/worldsofmagic.net\/product\/aetherdrift-play-booster-box\/#primaryimage\"},\"thumbnailUrl\":\"https:\/\/worldsofmagic.net\/wp-content\/uploads\/2024\/12\/Aetherdrift-Play-Booster-Box.png\",\"datePublished\":\"2024-12-22T14:20:47+00:00\",\"dateModified\":\"2025-07-13T12:44:01+00:00\",\"breadcrumb\":{\"@id\":\"https:\/\/worldsofmagic.net\/product\/aetherdrift-play-booster-box\/#breadcrumb\"},\"inLanguage\":\"fr-FR\",\"potentialAction\":[{\"@type\":\"ReadAction\",\"target\":[\"https:\/\/worldsofmagic.net\/product\/aetherdrift-play-booster-box\/\"]}]},{\"@type\":\"ImageObject\",\"inLanguage\":\"fr-FR\",\"@id\":\"https:\/\/worldsofmagic.net\/product\/aetherdrift-play-booster-box\/#primaryimage\",\"url\":\"https:\/\/worldsofmagic.net\/wp-content\/uploads\/2024\/12\/Aetherdrift-Play-Booster-Box.png\",\"contentUrl\":\"https:\/\/worldsofmagic.net\/wp-content\/uploads\/2024\/12\/Aetherdrift-Play-Booster-Box.png\",\"width\":300,\"height\":300},{\"@type\":\"BreadcrumbList\",\"@id\":\"https:\/\/worldsofmagic.net\/product\/aetherdrift-play-booster-box\/#breadcrumb\",\"itemListElement\":[{\"@type\":\"ListItem\",\"position\":1,\"name\":\"Accueil\",\"item\":\"https:\/\/worldsofmagic.net\/\"},{\"@type\":\"ListItem\",\"position\":2,\"name\":\"Shop\",\"item\":\"https:\/\/worldsofmagic.net\/shop\/\"},{\"@type\":\"ListItem\",\"position\":3,\"name\":\"Aetherdrift Play Booster Box\"}]},{\"@type\":\"WebSite\",\"@id\":\"https:\/\/worldsofmagic.net\/#website\",\"url\":\"https:\/\/worldsofmagic.net\/\",\"name\":\"Worlds Of Magic\",\"description\":\"\",\"publisher\":{\"@id\":\"https:\/\/worldsofmagic.net\/#organization\"},\"potentialAction\":[{\"@type\":\"SearchAction\",\"target\":{\"@type\":\"EntryPoint\",\"urlTemplate\":\"https:\/\/worldsofmagic.net\/?s={search_term_string}\"},\"query-input\":{\"@type\":\"PropertyValueSpecification\",\"valueRequired\":true,\"valueName\":\"search_term_string\"}}],\"inLanguage\":\"fr-FR\"},{\"@type\":\"Organization\",\"@id\":\"https:\/\/worldsofmagic.net\/#organization\",\"name\":\"Worlds Of Magic\",\"alternateName\":\"Worlds Of Magic\",\"url\":\"https:\/\/worldsofmagic.net\/\",\"logo\":{\"@type\":\"ImageObject\",\"inLanguage\":\"fr-FR\",\"@id\":\"https:\/\/worldsofmagic.net\/#\/schema\/logo\/image\/\",\"url\":\"https:\/\/worldsofmagic.net\/wp-content\/uploads\/2024\/07\/image.png\",\"contentUrl\":\"https:\/\/worldsofmagic.net\/wp-content\/uploads\/2024\/07\/image.png\",\"width\":1072,\"height\":341,\"caption\":\"Worlds Of Magic\"},\"image\":{\"@id\":\"https:\/\/worldsofmagic.net\/#\/schema\/logo\/image\/\"}}]}<\/script>\n<!-- \/ Yoast SEO plugin. -->","yoast_head_json":{"title":"Aetherdrift Play Booster Box - Worlds Of Magic","robots":{"index":"index","follow":"follow","max-snippet":"max-snippet:-1","max-image-preview":"max-image-preview:large","max-video-preview":"max-video-preview:-1"},"canonical":"https:\/\/worldsofmagic.net\/fr\/produit\/aetherdrift-play-booster-box\/","og_locale":"fr_FR","og_type":"article","og_title":"Aetherdrift Play Booster Box - Worlds Of Magic","og_description":"IT\u2019S ONLY A DEATH RACE IF YOU DIE &#8211; Buckle up for a death race across the Multiverse full of high-octane action and adrenaline-fueled Magic gameplay BEST BOOSTERS FOR PLAYING WITH FRIENDS &#8211; Play Boosters are the best way to discover what Magic: The Gathering has to offer; they&#8217;re perfect for building decks, playing Limited [&hellip;]","og_url":"https:\/\/worldsofmagic.net\/fr\/produit\/aetherdrift-play-booster-box\/","og_site_name":"Worlds Of Magic","article_modified_time":"2025-07-13T12:44:01+00:00","og_image":[{"width":300,"height":300,"url":"https:\/\/worldsofmagic.net\/wp-content\/uploads\/2024\/12\/Aetherdrift-Play-Booster-Box.png","type":"image\/png"}],"twitter_card":"summary_large_image","twitter_misc":{"Dur\u00e9e de lecture estim\u00e9e":"2 minutes"},"schema":{"@context":"https:\/\/schema.org","@graph":[{"@type":"WebPage","@id":"https:\/\/worldsofmagic.net\/product\/aetherdrift-play-booster-box\/","url":"https:\/\/worldsofmagic.net\/product\/aetherdrift-play-booster-box\/","name":"Aetherdrift Play Booster Box - Worlds Of Magic","isPartOf":{"@id":"https:\/\/worldsofmagic.net\/#website"},"primaryImageOfPage":{"@id":"https:\/\/worldsofmagic.net\/product\/aetherdrift-play-booster-box\/#primaryimage"},"image":{"@id":"https:\/\/worldsofmagic.net\/product\/aetherdrift-play-booster-box\/#primaryimage"},"thumbnailUrl":"https:\/\/worldsofmagic.net\/wp-content\/uploads\/2024\/12\/Aetherdrift-Play-Booster-Box.png","datePublished":"2024-12-22T14:20:47+00:00","dateModified":"2025-07-13T12:44:01+00:00","breadcrumb":{"@id":"https:\/\/worldsofmagic.net\/product\/aetherdrift-play-booster-box\/#breadcrumb"},"inLanguage":"fr-FR","potentialAction":[{"@type":"ReadAction","target":["https:\/\/worldsofmagic.net\/product\/aetherdrift-play-booster-box\/"]}]},{"@type":"ImageObject","inLanguage":"fr-FR","@id":"https:\/\/worldsofmagic.net\/product\/aetherdrift-play-booster-box\/#primaryimage","url":"https:\/\/worldsofmagic.net\/wp-content\/uploads\/2024\/12\/Aetherdrift-Play-Booster-Box.png","contentUrl":"https:\/\/worldsofmagic.net\/wp-content\/uploads\/2024\/12\/Aetherdrift-Play-Booster-Box.png","width":300,"height":300},{"@type":"BreadcrumbList","@id":"https:\/\/worldsofmagic.net\/product\/aetherdrift-play-booster-box\/#breadcrumb","itemListElement":[{"@type":"ListItem","position":1,"name":"Accueil","item":"https:\/\/worldsofmagic.net\/"},{"@type":"ListItem","position":2,"name":"Shop","item":"https:\/\/worldsofmagic.net\/shop\/"},{"@type":"ListItem","position":3,"name":"Aetherdrift Play Booster Box"}]},{"@type":"WebSite","@id":"https:\/\/worldsofmagic.net\/#website","url":"https:\/\/worldsofmagic.net\/","name":"Worlds Of Magic","description":"","publisher":{"@id":"https:\/\/worldsofmagic.net\/#organization"},"potentialAction":[{"@type":"SearchAction","target":{"@type":"EntryPoint","urlTemplate":"https:\/\/worldsofmagic.net\/?s={search_term_string}"},"query-input":{"@type":"PropertyValueSpecification","valueRequired":true,"valueName":"search_term_string"}}],"inLanguage":"fr-FR"},{"@type":"Organization","@id":"https:\/\/worldsofmagic.net\/#organization","name":"Worlds Of Magic","alternateName":"Worlds Of Magic","url":"https:\/\/worldsofmagic.net\/","logo":{"@type":"ImageObject","inLanguage":"fr-FR","@id":"https:\/\/worldsofmagic.net\/#\/schema\/logo\/image\/","url":"https:\/\/worldsofmagic.net\/wp-content\/uploads\/2024\/07\/image.png","contentUrl":"https:\/\/worldsofmagic.net\/wp-content\/uploads\/2024\/07\/image.png","width":1072,"height":341,"caption":"Worlds Of Magic"},"image":{"@id":"https:\/\/worldsofmagic.net\/#\/schema\/logo\/image\/"}}]}},"jetpack_sharing_enabled":true,"_links":{"self":[{"href":"https:\/\/worldsofmagic.net\/fr\/wp-json\/wp\/v2\/product\/2273"}],"collection":[{"href":"https:\/\/worldsofmagic.net\/fr\/wp-json\/wp\/v2\/product"}],"about":[{"href":"https:\/\/worldsofmagic.net\/fr\/wp-json\/wp\/v2\/types\/product"}],"replies":[{"embeddable":true,"href":"https:\/\/worldsofmagic.net\/fr\/wp-json\/wp\/v2\/comments?post=2273"}],"wp:featuredmedia":[{"embeddable":true,"href":"https:\/\/worldsofmagic.net\/fr\/wp-json\/wp\/v2\/media\/2274"}],"wp:attachment":[{"href":"https:\/\/worldsofmagic.net\/fr\/wp-json\/wp\/v2\/media?parent=2273"}],"wp:term":[{"taxonomy":"product_cat","embeddable":true,"href":"https:\/\/worldsofmagic.net\/fr\/wp-json\/wp\/v2\/product_cat?post=2273"},{"taxonomy":"product_tag","embeddable":true,"href":"https:\/\/worldsofmagic.net\/fr\/wp-json\/wp\/v2\/product_tag?post=2273"}],"curies":[{"name":"wp","href":"https:\/\/api.w.org\/{rel}","templated":true}]}}