{"id":2278,"date":"2024-12-22T14:37:34","date_gmt":"2024-12-22T14:37:34","guid":{"rendered":"https:\/\/worldsofmagic.net\/?post_type=product&#038;p=2278"},"modified":"2025-04-02T23:32:41","modified_gmt":"2025-04-02T23:32:41","slug":"aetherdrift-play-booster-pack","status":"publish","type":"product","link":"https:\/\/worldsofmagic.net\/fr\/produit\/aetherdrift-play-booster-pack\/","title":{"rendered":"Pack de jeu Aetherdrift"},"content":{"rendered":"<hr \/>\n<ul>\n<li>CE N&#039;EST UNE COURSE \u00c0 LA MORT QUE SI VOUS MOUREZ \u2013 Attachez vos ceintures pour une course \u00e0 la mort \u00e0 travers le multivers, pleine d&#039;action \u00e0 indice d&#039;octane \u00e9lev\u00e9 et de gameplay Magic aliment\u00e9 par l&#039;adr\u00e9naline<\/li>\n<li>MEILLEURS BOOSTERS POUR JOUER AVEC DES AMIS \u2013 Les boosters de jeu sont le meilleur moyen de d\u00e9couvrir ce que Magic: The Gathering a \u00e0 offrir ; ils sont parfaits pour construire des decks, jouer \u00e0 des parties limit\u00e9es avec des amis et sont tr\u00e8s amusants \u00e0 ouvrir<\/li>\n<li>LES PACKS PEUVENT CONTENIR PLUSIEURS RARES \u2013 Chaque booster de jeu contient 1 \u00e0 4 cartes de raret\u00e9 rare ou sup\u00e9rieure, y compris la possibilit\u00e9 d&#039;une carte rare mythique sp\u00e9ciale de l&#039;histoire de Magic avec de nouvelles illustrations Borderless<\/li>\n<li>DES CARTES FOIL BRILLANTES DANS CHAQUE PAQUET \u2013 Chaque booster contient \u00e9galement au moins 1 carte Foil traditionnelle brillante de n&#039;importe quelle raret\u00e9\u00a0; dans 20% de paquets, vous trouverez \u00e9galement une carte Foil traditionnelle<\/li>\n<li>PEUT CONTENIR DES CARTES D&#039;ART \u2013 Trouv\u00e9es uniquement dans les boosters de jeu, certains packs contiennent une carte d&#039;art pr\u00e9sentant une \u0153uvre d&#039;art de l&#039;ensemble Aetherdrift et peuvent m\u00eame comporter une signature en aluminium de l&#039;artiste<\/li>\n<li>CONTENU DU PLAY BOOSTER PACK \u2013 Chacun contenant 14 cartes MTG et 1 carte Token ou Art<\/li>\n<\/ul>","protected":false},"excerpt":{"rendered":"<p>CE N&#039;EST UNE COURSE \u00c0 LA MORT QUE SI VOUS MEUREZ \u2013 Attachez vos ceintures pour une course \u00e0 la mort \u00e0 travers le Multivers pleine d&#039;action \u00e0 indice d&#039;octane \u00e9lev\u00e9 et de gameplay Magic aliment\u00e9 par l&#039;adr\u00e9naline. MEILLEURS BOOSTERS POUR JOUER AVEC DES AMIS \u2013 Les boosters de jeu sont le meilleur moyen de d\u00e9couvrir ce que Magic: The Gathering a \u00e0 offrir ; ils sont parfaits pour construire des decks, jouer en Limit\u00e9 [\u2026]<\/p>","protected":false},"featured_media":2279,"comment_status":"open","ping_status":"closed","template":"","meta":[],"product_cat":[113,139,21],"product_tag":[],"class_list":{"0":"post-2278","1":"product","2":"type-product","3":"status-publish","4":"has-post-thumbnail","6":"product_cat-boosterpack","7":"product_cat-english","8":"product_cat-magic-the-gathering","9":"pa_language-english","10":"pa_mtg-edition-aetherdrift","12":"first","13":"instock","14":"purchasable","15":"product-type-simple"},"yoast_head":"<!-- This site is optimized with the Yoast SEO plugin v23.6 - https:\/\/yoast.com\/wordpress\/plugins\/seo\/ -->\n<title>Aetherdrift Play Booster Pack - Worlds Of Magic<\/title>\n<meta name=\"robots\" content=\"index, follow, max-snippet:-1, max-image-preview:large, max-video-preview:-1\" \/>\n<link rel=\"canonical\" href=\"https:\/\/worldsofmagic.net\/fr\/produit\/aetherdrift-play-booster-pack\/\" \/>\n<meta property=\"og:locale\" content=\"fr_FR\" \/>\n<meta property=\"og:type\" content=\"article\" \/>\n<meta property=\"og:title\" content=\"Aetherdrift Play Booster Pack - Worlds Of Magic\" \/>\n<meta property=\"og:description\" content=\"IT\u2019S ONLY A DEATH RACE IF YOU DIE &#8211; Buckle up for a death race across the Multiverse full of high-octane action and adrenaline-fueled Magic gameplay BEST BOOSTERS FOR PLAYING WITH FRIENDS &#8211; Play Boosters are the best way to discover what Magic: The Gathering has to offer; they&#8217;re perfect for building decks, playing Limited [&hellip;]\" \/>\n<meta property=\"og:url\" content=\"https:\/\/worldsofmagic.net\/fr\/produit\/aetherdrift-play-booster-pack\/\" \/>\n<meta property=\"og:site_name\" content=\"Worlds Of Magic\" \/>\n<meta property=\"article:modified_time\" content=\"2025-04-02T23:32:41+00:00\" \/>\n<meta property=\"og:image\" content=\"https:\/\/worldsofmagic.net\/wp-content\/uploads\/2024\/12\/Aetherdrift-Play-Booster-Pack.png\" \/>\n\t<meta property=\"og:image:width\" content=\"300\" \/>\n\t<meta property=\"og:image:height\" content=\"300\" \/>\n\t<meta property=\"og:image:type\" content=\"image\/png\" \/>\n<meta name=\"twitter:card\" content=\"summary_large_image\" \/>\n<meta name=\"twitter:label1\" content=\"Dur\u00e9e de lecture estim\u00e9e\" \/>\n\t<meta name=\"twitter:data1\" content=\"1 minute\" \/>\n<script type=\"application\/ld+json\" class=\"yoast-schema-graph\">{\"@context\":\"https:\/\/schema.org\",\"@graph\":[{\"@type\":\"WebPage\",\"@id\":\"https:\/\/worldsofmagic.net\/product\/aetherdrift-play-booster-pack\/\",\"url\":\"https:\/\/worldsofmagic.net\/product\/aetherdrift-play-booster-pack\/\",\"name\":\"Aetherdrift Play Booster Pack - Worlds Of Magic\",\"isPartOf\":{\"@id\":\"https:\/\/worldsofmagic.net\/#website\"},\"primaryImageOfPage\":{\"@id\":\"https:\/\/worldsofmagic.net\/product\/aetherdrift-play-booster-pack\/#primaryimage\"},\"image\":{\"@id\":\"https:\/\/worldsofmagic.net\/product\/aetherdrift-play-booster-pack\/#primaryimage\"},\"thumbnailUrl\":\"https:\/\/worldsofmagic.net\/wp-content\/uploads\/2024\/12\/Aetherdrift-Play-Booster-Pack.png\",\"datePublished\":\"2024-12-22T14:37:34+00:00\",\"dateModified\":\"2025-04-02T23:32:41+00:00\",\"breadcrumb\":{\"@id\":\"https:\/\/worldsofmagic.net\/product\/aetherdrift-play-booster-pack\/#breadcrumb\"},\"inLanguage\":\"fr-FR\",\"potentialAction\":[{\"@type\":\"ReadAction\",\"target\":[\"https:\/\/worldsofmagic.net\/product\/aetherdrift-play-booster-pack\/\"]}]},{\"@type\":\"ImageObject\",\"inLanguage\":\"fr-FR\",\"@id\":\"https:\/\/worldsofmagic.net\/product\/aetherdrift-play-booster-pack\/#primaryimage\",\"url\":\"https:\/\/worldsofmagic.net\/wp-content\/uploads\/2024\/12\/Aetherdrift-Play-Booster-Pack.png\",\"contentUrl\":\"https:\/\/worldsofmagic.net\/wp-content\/uploads\/2024\/12\/Aetherdrift-Play-Booster-Pack.png\",\"width\":300,\"height\":300},{\"@type\":\"BreadcrumbList\",\"@id\":\"https:\/\/worldsofmagic.net\/product\/aetherdrift-play-booster-pack\/#breadcrumb\",\"itemListElement\":[{\"@type\":\"ListItem\",\"position\":1,\"name\":\"Accueil\",\"item\":\"https:\/\/worldsofmagic.net\/\"},{\"@type\":\"ListItem\",\"position\":2,\"name\":\"Shop\",\"item\":\"https:\/\/worldsofmagic.net\/shop\/\"},{\"@type\":\"ListItem\",\"position\":3,\"name\":\"Aetherdrift Play Booster Pack\"}]},{\"@type\":\"WebSite\",\"@id\":\"https:\/\/worldsofmagic.net\/#website\",\"url\":\"https:\/\/worldsofmagic.net\/\",\"name\":\"Worlds Of Magic\",\"description\":\"\",\"publisher\":{\"@id\":\"https:\/\/worldsofmagic.net\/#organization\"},\"potentialAction\":[{\"@type\":\"SearchAction\",\"target\":{\"@type\":\"EntryPoint\",\"urlTemplate\":\"https:\/\/worldsofmagic.net\/?s={search_term_string}\"},\"query-input\":{\"@type\":\"PropertyValueSpecification\",\"valueRequired\":true,\"valueName\":\"search_term_string\"}}],\"inLanguage\":\"fr-FR\"},{\"@type\":\"Organization\",\"@id\":\"https:\/\/worldsofmagic.net\/#organization\",\"name\":\"Worlds Of Magic\",\"alternateName\":\"Worlds Of Magic\",\"url\":\"https:\/\/worldsofmagic.net\/\",\"logo\":{\"@type\":\"ImageObject\",\"inLanguage\":\"fr-FR\",\"@id\":\"https:\/\/worldsofmagic.net\/#\/schema\/logo\/image\/\",\"url\":\"https:\/\/worldsofmagic.net\/wp-content\/uploads\/2024\/07\/image.png\",\"contentUrl\":\"https:\/\/worldsofmagic.net\/wp-content\/uploads\/2024\/07\/image.png\",\"width\":1072,\"height\":341,\"caption\":\"Worlds Of Magic\"},\"image\":{\"@id\":\"https:\/\/worldsofmagic.net\/#\/schema\/logo\/image\/\"}}]}<\/script>\n<!-- \/ Yoast SEO plugin. -->","yoast_head_json":{"title":"Aetherdrift Play Booster Pack - Worlds Of Magic","robots":{"index":"index","follow":"follow","max-snippet":"max-snippet:-1","max-image-preview":"max-image-preview:large","max-video-preview":"max-video-preview:-1"},"canonical":"https:\/\/worldsofmagic.net\/fr\/produit\/aetherdrift-play-booster-pack\/","og_locale":"fr_FR","og_type":"article","og_title":"Aetherdrift Play Booster Pack - Worlds Of Magic","og_description":"IT\u2019S ONLY A DEATH RACE IF YOU DIE &#8211; Buckle up for a death race across the Multiverse full of high-octane action and adrenaline-fueled Magic gameplay BEST BOOSTERS FOR PLAYING WITH FRIENDS &#8211; Play Boosters are the best way to discover what Magic: The Gathering has to offer; they&#8217;re perfect for building decks, playing Limited [&hellip;]","og_url":"https:\/\/worldsofmagic.net\/fr\/produit\/aetherdrift-play-booster-pack\/","og_site_name":"Worlds Of Magic","article_modified_time":"2025-04-02T23:32:41+00:00","og_image":[{"width":300,"height":300,"url":"https:\/\/worldsofmagic.net\/wp-content\/uploads\/2024\/12\/Aetherdrift-Play-Booster-Pack.png","type":"image\/png"}],"twitter_card":"summary_large_image","twitter_misc":{"Dur\u00e9e de lecture estim\u00e9e":"1 minute"},"schema":{"@context":"https:\/\/schema.org","@graph":[{"@type":"WebPage","@id":"https:\/\/worldsofmagic.net\/product\/aetherdrift-play-booster-pack\/","url":"https:\/\/worldsofmagic.net\/product\/aetherdrift-play-booster-pack\/","name":"Aetherdrift Play Booster Pack - Worlds Of Magic","isPartOf":{"@id":"https:\/\/worldsofmagic.net\/#website"},"primaryImageOfPage":{"@id":"https:\/\/worldsofmagic.net\/product\/aetherdrift-play-booster-pack\/#primaryimage"},"image":{"@id":"https:\/\/worldsofmagic.net\/product\/aetherdrift-play-booster-pack\/#primaryimage"},"thumbnailUrl":"https:\/\/worldsofmagic.net\/wp-content\/uploads\/2024\/12\/Aetherdrift-Play-Booster-Pack.png","datePublished":"2024-12-22T14:37:34+00:00","dateModified":"2025-04-02T23:32:41+00:00","breadcrumb":{"@id":"https:\/\/worldsofmagic.net\/product\/aetherdrift-play-booster-pack\/#breadcrumb"},"inLanguage":"fr-FR","potentialAction":[{"@type":"ReadAction","target":["https:\/\/worldsofmagic.net\/product\/aetherdrift-play-booster-pack\/"]}]},{"@type":"ImageObject","inLanguage":"fr-FR","@id":"https:\/\/worldsofmagic.net\/product\/aetherdrift-play-booster-pack\/#primaryimage","url":"https:\/\/worldsofmagic.net\/wp-content\/uploads\/2024\/12\/Aetherdrift-Play-Booster-Pack.png","contentUrl":"https:\/\/worldsofmagic.net\/wp-content\/uploads\/2024\/12\/Aetherdrift-Play-Booster-Pack.png","width":300,"height":300},{"@type":"BreadcrumbList","@id":"https:\/\/worldsofmagic.net\/product\/aetherdrift-play-booster-pack\/#breadcrumb","itemListElement":[{"@type":"ListItem","position":1,"name":"Accueil","item":"https:\/\/worldsofmagic.net\/"},{"@type":"ListItem","position":2,"name":"Shop","item":"https:\/\/worldsofmagic.net\/shop\/"},{"@type":"ListItem","position":3,"name":"Aetherdrift Play Booster Pack"}]},{"@type":"WebSite","@id":"https:\/\/worldsofmagic.net\/#website","url":"https:\/\/worldsofmagic.net\/","name":"Worlds Of Magic","description":"","publisher":{"@id":"https:\/\/worldsofmagic.net\/#organization"},"potentialAction":[{"@type":"SearchAction","target":{"@type":"EntryPoint","urlTemplate":"https:\/\/worldsofmagic.net\/?s={search_term_string}"},"query-input":{"@type":"PropertyValueSpecification","valueRequired":true,"valueName":"search_term_string"}}],"inLanguage":"fr-FR"},{"@type":"Organization","@id":"https:\/\/worldsofmagic.net\/#organization","name":"Worlds Of Magic","alternateName":"Worlds Of Magic","url":"https:\/\/worldsofmagic.net\/","logo":{"@type":"ImageObject","inLanguage":"fr-FR","@id":"https:\/\/worldsofmagic.net\/#\/schema\/logo\/image\/","url":"https:\/\/worldsofmagic.net\/wp-content\/uploads\/2024\/07\/image.png","contentUrl":"https:\/\/worldsofmagic.net\/wp-content\/uploads\/2024\/07\/image.png","width":1072,"height":341,"caption":"Worlds Of Magic"},"image":{"@id":"https:\/\/worldsofmagic.net\/#\/schema\/logo\/image\/"}}]}},"jetpack_sharing_enabled":true,"_links":{"self":[{"href":"https:\/\/worldsofmagic.net\/fr\/wp-json\/wp\/v2\/product\/2278"}],"collection":[{"href":"https:\/\/worldsofmagic.net\/fr\/wp-json\/wp\/v2\/product"}],"about":[{"href":"https:\/\/worldsofmagic.net\/fr\/wp-json\/wp\/v2\/types\/product"}],"replies":[{"embeddable":true,"href":"https:\/\/worldsofmagic.net\/fr\/wp-json\/wp\/v2\/comments?post=2278"}],"wp:featuredmedia":[{"embeddable":true,"href":"https:\/\/worldsofmagic.net\/fr\/wp-json\/wp\/v2\/media\/2279"}],"wp:attachment":[{"href":"https:\/\/worldsofmagic.net\/fr\/wp-json\/wp\/v2\/media?parent=2278"}],"wp:term":[{"taxonomy":"product_cat","embeddable":true,"href":"https:\/\/worldsofmagic.net\/fr\/wp-json\/wp\/v2\/product_cat?post=2278"},{"taxonomy":"product_tag","embeddable":true,"href":"https:\/\/worldsofmagic.net\/fr\/wp-json\/wp\/v2\/product_tag?post=2278"}],"curies":[{"name":"wp","href":"https:\/\/api.w.org\/{rel}","templated":true}]}}