{"id":2323,"date":"2025-02-20T13:15:45","date_gmt":"2025-02-20T13:15:45","guid":{"rendered":"https:\/\/worldsofmagic.net\/?post_type=product&#038;p=2323"},"modified":"2025-07-11T09:49:32","modified_gmt":"2025-07-11T09:49:32","slug":"final-fantasy-fat-pack-bundle","status":"publish","type":"product","link":"https:\/\/worldsofmagic.net\/fr\/produit\/final-fantasy-fat-pack-bundle\/","title":{"rendered":"Pack de gros packs Final Fantasy"},"content":{"rendered":"<ul>\n<li>TOUTE LA SAGA FINAL FANTASY EST ICI \u2013 Plongez dans les histoires inoubliables des 16 jeux principaux de FINAL FANTASY, transpos\u00e9es sur votre table gr\u00e2ce au gameplay strat\u00e9gique du jeu de cartes \u00e0 collectionner Magic: The Gathering<\/li>\n<li>\u00a0CUE THE VICTORY FANFARE \u2013 Lancez des sorts puissants, rencontrez des personnages embl\u00e9matiques et visitez des lieux familiers sur le dos d&#039;un Chocobo avec des cartes pr\u00e9sentant des illustrations et des m\u00e9canismes sur le th\u00e8me de FINAL FANTASY<\/li>\n<li>\u00a09 BOOSTERS POUR JOUER AVEC DES AMIS \u2013 Les boosters de jeu sont le meilleur moyen de d\u00e9couvrir ce que Magic a \u00e0 offrir ; ils sont parfaits pour construire des decks, jouer \u00e0 des parties limit\u00e9es avec des amis et sont tr\u00e8s amusants \u00e0 ouvrir<\/li>\n<li>\u00a02 CARTES ART \u00c9TENDUES FOIL \u2013 Chaque lot comprend \u00e9galement 2 cartes Art \u00c9TENDUES, des cartes dont le cadre habituel a \u00e9t\u00e9 retir\u00e9 pour mettre l&#039;\u0153uvre en valeur, toutes deux brillantes avec un traitement aluminium traditionnel<\/li>\n<li>\u00a032 TERRAINS COMPLETEMENT ARTISTIQUES \u2013 Compl\u00e9tez vos decks avec 32 cartes Terrains, toutes orn\u00e9es de magnifiques illustrations qui remplissent toute la carte, dont 16 avec un traitement brillant traditionnel.<\/li>\n<li>\u00a0ACCESSOIRES EXCLUSIFS \u2013 Avec chaque pack, vous recevrez \u00e9galement des accessoires exclusifs, notamment un d\u00e9 sp\u00e9cial pour suivre votre total de points de vie et une bo\u00eete robuste sur le th\u00e8me de FINAL FANTASY pour ranger tout ce qui se trouve dans votre inventaire.<\/li>\n<li>\u00a0CONTENU DU LOT \u2013 9 boosters de jeu Magic: The Gathering \u2013 FINAL FANTASY, 2 cartes Foil traditionnelles Extended-Art, 32 cartes Terrain Full-Art (16 Foil, 16 non-Foil), 1 compteur de points de vie Spindown, 1 bo\u00eete de rangement de cartes et 2 cartes de r\u00e9f\u00e9rence<\/li>\n<\/ul>","protected":false},"excerpt":{"rendered":"<p>CONTENU DU LOT \u2013 9 boosters de jeu Magic: The Gathering \u2013 FINAL FANTASY, 2 cartes Foil traditionnelles Extended-Art, 32 cartes Terrain Full-Art (16 Foil, 16 non-Foil), 1 compteur de points de vie Spindown, 1 bo\u00eete de rangement de cartes et 2 cartes de r\u00e9f\u00e9rence<\/p>","protected":false},"featured_media":2324,"comment_status":"open","ping_status":"closed","template":"","meta":[],"product_cat":[15,29,91,21],"product_tag":[],"class_list":{"0":"post-2323","1":"product","2":"type-product","3":"status-publish","4":"has-post-thumbnail","6":"product_cat-uncategorized","7":"product_cat-bundles","8":"product_cat-english-bundles","9":"product_cat-magic-the-gathering","10":"pa_language-english","11":"pa_mtg-edition-final-fantasy","13":"first","14":"outofstock","15":"purchasable","16":"product-type-simple"},"yoast_head":"<!-- This site is optimized with the Yoast SEO plugin v23.6 - https:\/\/yoast.com\/wordpress\/plugins\/seo\/ -->\n<title>Final Fantasy Fat Pack Bundle - Worlds Of Magic<\/title>\n<meta name=\"robots\" content=\"index, follow, max-snippet:-1, max-image-preview:large, max-video-preview:-1\" \/>\n<link rel=\"canonical\" href=\"https:\/\/worldsofmagic.net\/fr\/produit\/final-fantasy-fat-pack-bundle\/\" \/>\n<meta property=\"og:locale\" content=\"fr_FR\" \/>\n<meta property=\"og:type\" content=\"article\" \/>\n<meta property=\"og:title\" content=\"Final Fantasy Fat Pack Bundle - Worlds Of Magic\" \/>\n<meta property=\"og:description\" content=\"BUNDLE CONTENTS - 9 Magic: The Gathering - FINAL FANTASY Play Boosters, 2 Traditional Foil Extended-Art cards, 32 Full-Art Land cards (16 foil, 16 nonfoil), 1 Spindown life counter, 1 card storage box, and 2 reference cards\" \/>\n<meta property=\"og:url\" content=\"https:\/\/worldsofmagic.net\/fr\/produit\/final-fantasy-fat-pack-bundle\/\" \/>\n<meta property=\"og:site_name\" content=\"Worlds Of Magic\" \/>\n<meta property=\"article:modified_time\" content=\"2025-07-11T09:49:32+00:00\" \/>\n<meta property=\"og:image\" content=\"https:\/\/worldsofmagic.net\/wp-content\/uploads\/2025\/02\/812575.png\" \/>\n\t<meta property=\"og:image:width\" content=\"300\" \/>\n\t<meta property=\"og:image:height\" content=\"300\" \/>\n\t<meta property=\"og:image:type\" content=\"image\/png\" \/>\n<meta name=\"twitter:card\" content=\"summary_large_image\" \/>\n<meta name=\"twitter:label1\" content=\"Dur\u00e9e de lecture estim\u00e9e\" \/>\n\t<meta name=\"twitter:data1\" content=\"2 minutes\" \/>\n<script type=\"application\/ld+json\" class=\"yoast-schema-graph\">{\"@context\":\"https:\/\/schema.org\",\"@graph\":[{\"@type\":\"WebPage\",\"@id\":\"https:\/\/worldsofmagic.net\/product\/final-fantasy-fat-pack-bundle\/\",\"url\":\"https:\/\/worldsofmagic.net\/product\/final-fantasy-fat-pack-bundle\/\",\"name\":\"Final Fantasy Fat Pack Bundle - Worlds Of Magic\",\"isPartOf\":{\"@id\":\"https:\/\/worldsofmagic.net\/#website\"},\"primaryImageOfPage\":{\"@id\":\"https:\/\/worldsofmagic.net\/product\/final-fantasy-fat-pack-bundle\/#primaryimage\"},\"image\":{\"@id\":\"https:\/\/worldsofmagic.net\/product\/final-fantasy-fat-pack-bundle\/#primaryimage\"},\"thumbnailUrl\":\"https:\/\/worldsofmagic.net\/wp-content\/uploads\/2025\/02\/812575.png\",\"datePublished\":\"2025-02-20T13:15:45+00:00\",\"dateModified\":\"2025-07-11T09:49:32+00:00\",\"breadcrumb\":{\"@id\":\"https:\/\/worldsofmagic.net\/product\/final-fantasy-fat-pack-bundle\/#breadcrumb\"},\"inLanguage\":\"fr-FR\",\"potentialAction\":[{\"@type\":\"ReadAction\",\"target\":[\"https:\/\/worldsofmagic.net\/product\/final-fantasy-fat-pack-bundle\/\"]}]},{\"@type\":\"ImageObject\",\"inLanguage\":\"fr-FR\",\"@id\":\"https:\/\/worldsofmagic.net\/product\/final-fantasy-fat-pack-bundle\/#primaryimage\",\"url\":\"https:\/\/worldsofmagic.net\/wp-content\/uploads\/2025\/02\/812575.png\",\"contentUrl\":\"https:\/\/worldsofmagic.net\/wp-content\/uploads\/2025\/02\/812575.png\",\"width\":300,\"height\":300},{\"@type\":\"BreadcrumbList\",\"@id\":\"https:\/\/worldsofmagic.net\/product\/final-fantasy-fat-pack-bundle\/#breadcrumb\",\"itemListElement\":[{\"@type\":\"ListItem\",\"position\":1,\"name\":\"Accueil\",\"item\":\"https:\/\/worldsofmagic.net\/\"},{\"@type\":\"ListItem\",\"position\":2,\"name\":\"Shop\",\"item\":\"https:\/\/worldsofmagic.net\/shop\/\"},{\"@type\":\"ListItem\",\"position\":3,\"name\":\"Final Fantasy Fat Pack Bundle\"}]},{\"@type\":\"WebSite\",\"@id\":\"https:\/\/worldsofmagic.net\/#website\",\"url\":\"https:\/\/worldsofmagic.net\/\",\"name\":\"Worlds Of Magic\",\"description\":\"\",\"publisher\":{\"@id\":\"https:\/\/worldsofmagic.net\/#organization\"},\"potentialAction\":[{\"@type\":\"SearchAction\",\"target\":{\"@type\":\"EntryPoint\",\"urlTemplate\":\"https:\/\/worldsofmagic.net\/?s={search_term_string}\"},\"query-input\":{\"@type\":\"PropertyValueSpecification\",\"valueRequired\":true,\"valueName\":\"search_term_string\"}}],\"inLanguage\":\"fr-FR\"},{\"@type\":\"Organization\",\"@id\":\"https:\/\/worldsofmagic.net\/#organization\",\"name\":\"Worlds Of Magic\",\"alternateName\":\"Worlds Of Magic\",\"url\":\"https:\/\/worldsofmagic.net\/\",\"logo\":{\"@type\":\"ImageObject\",\"inLanguage\":\"fr-FR\",\"@id\":\"https:\/\/worldsofmagic.net\/#\/schema\/logo\/image\/\",\"url\":\"https:\/\/worldsofmagic.net\/wp-content\/uploads\/2024\/07\/image.png\",\"contentUrl\":\"https:\/\/worldsofmagic.net\/wp-content\/uploads\/2024\/07\/image.png\",\"width\":1072,\"height\":341,\"caption\":\"Worlds Of Magic\"},\"image\":{\"@id\":\"https:\/\/worldsofmagic.net\/#\/schema\/logo\/image\/\"}}]}<\/script>\n<!-- \/ Yoast SEO plugin. -->","yoast_head_json":{"title":"Final Fantasy Fat Pack Bundle - Worlds Of Magic","robots":{"index":"index","follow":"follow","max-snippet":"max-snippet:-1","max-image-preview":"max-image-preview:large","max-video-preview":"max-video-preview:-1"},"canonical":"https:\/\/worldsofmagic.net\/fr\/produit\/final-fantasy-fat-pack-bundle\/","og_locale":"fr_FR","og_type":"article","og_title":"Final Fantasy Fat Pack Bundle - Worlds Of Magic","og_description":"BUNDLE CONTENTS - 9 Magic: The Gathering - FINAL FANTASY Play Boosters, 2 Traditional Foil Extended-Art cards, 32 Full-Art Land cards (16 foil, 16 nonfoil), 1 Spindown life counter, 1 card storage box, and 2 reference cards","og_url":"https:\/\/worldsofmagic.net\/fr\/produit\/final-fantasy-fat-pack-bundle\/","og_site_name":"Worlds Of Magic","article_modified_time":"2025-07-11T09:49:32+00:00","og_image":[{"width":300,"height":300,"url":"https:\/\/worldsofmagic.net\/wp-content\/uploads\/2025\/02\/812575.png","type":"image\/png"}],"twitter_card":"summary_large_image","twitter_misc":{"Dur\u00e9e de lecture estim\u00e9e":"2 minutes"},"schema":{"@context":"https:\/\/schema.org","@graph":[{"@type":"WebPage","@id":"https:\/\/worldsofmagic.net\/product\/final-fantasy-fat-pack-bundle\/","url":"https:\/\/worldsofmagic.net\/product\/final-fantasy-fat-pack-bundle\/","name":"Final Fantasy Fat Pack Bundle - Worlds Of Magic","isPartOf":{"@id":"https:\/\/worldsofmagic.net\/#website"},"primaryImageOfPage":{"@id":"https:\/\/worldsofmagic.net\/product\/final-fantasy-fat-pack-bundle\/#primaryimage"},"image":{"@id":"https:\/\/worldsofmagic.net\/product\/final-fantasy-fat-pack-bundle\/#primaryimage"},"thumbnailUrl":"https:\/\/worldsofmagic.net\/wp-content\/uploads\/2025\/02\/812575.png","datePublished":"2025-02-20T13:15:45+00:00","dateModified":"2025-07-11T09:49:32+00:00","breadcrumb":{"@id":"https:\/\/worldsofmagic.net\/product\/final-fantasy-fat-pack-bundle\/#breadcrumb"},"inLanguage":"fr-FR","potentialAction":[{"@type":"ReadAction","target":["https:\/\/worldsofmagic.net\/product\/final-fantasy-fat-pack-bundle\/"]}]},{"@type":"ImageObject","inLanguage":"fr-FR","@id":"https:\/\/worldsofmagic.net\/product\/final-fantasy-fat-pack-bundle\/#primaryimage","url":"https:\/\/worldsofmagic.net\/wp-content\/uploads\/2025\/02\/812575.png","contentUrl":"https:\/\/worldsofmagic.net\/wp-content\/uploads\/2025\/02\/812575.png","width":300,"height":300},{"@type":"BreadcrumbList","@id":"https:\/\/worldsofmagic.net\/product\/final-fantasy-fat-pack-bundle\/#breadcrumb","itemListElement":[{"@type":"ListItem","position":1,"name":"Accueil","item":"https:\/\/worldsofmagic.net\/"},{"@type":"ListItem","position":2,"name":"Shop","item":"https:\/\/worldsofmagic.net\/shop\/"},{"@type":"ListItem","position":3,"name":"Final Fantasy Fat Pack Bundle"}]},{"@type":"WebSite","@id":"https:\/\/worldsofmagic.net\/#website","url":"https:\/\/worldsofmagic.net\/","name":"Worlds Of Magic","description":"","publisher":{"@id":"https:\/\/worldsofmagic.net\/#organization"},"potentialAction":[{"@type":"SearchAction","target":{"@type":"EntryPoint","urlTemplate":"https:\/\/worldsofmagic.net\/?s={search_term_string}"},"query-input":{"@type":"PropertyValueSpecification","valueRequired":true,"valueName":"search_term_string"}}],"inLanguage":"fr-FR"},{"@type":"Organization","@id":"https:\/\/worldsofmagic.net\/#organization","name":"Worlds Of Magic","alternateName":"Worlds Of Magic","url":"https:\/\/worldsofmagic.net\/","logo":{"@type":"ImageObject","inLanguage":"fr-FR","@id":"https:\/\/worldsofmagic.net\/#\/schema\/logo\/image\/","url":"https:\/\/worldsofmagic.net\/wp-content\/uploads\/2024\/07\/image.png","contentUrl":"https:\/\/worldsofmagic.net\/wp-content\/uploads\/2024\/07\/image.png","width":1072,"height":341,"caption":"Worlds Of Magic"},"image":{"@id":"https:\/\/worldsofmagic.net\/#\/schema\/logo\/image\/"}}]}},"jetpack_sharing_enabled":true,"_links":{"self":[{"href":"https:\/\/worldsofmagic.net\/fr\/wp-json\/wp\/v2\/product\/2323"}],"collection":[{"href":"https:\/\/worldsofmagic.net\/fr\/wp-json\/wp\/v2\/product"}],"about":[{"href":"https:\/\/worldsofmagic.net\/fr\/wp-json\/wp\/v2\/types\/product"}],"replies":[{"embeddable":true,"href":"https:\/\/worldsofmagic.net\/fr\/wp-json\/wp\/v2\/comments?post=2323"}],"wp:featuredmedia":[{"embeddable":true,"href":"https:\/\/worldsofmagic.net\/fr\/wp-json\/wp\/v2\/media\/2324"}],"wp:attachment":[{"href":"https:\/\/worldsofmagic.net\/fr\/wp-json\/wp\/v2\/media?parent=2323"}],"wp:term":[{"taxonomy":"product_cat","embeddable":true,"href":"https:\/\/worldsofmagic.net\/fr\/wp-json\/wp\/v2\/product_cat?post=2323"},{"taxonomy":"product_tag","embeddable":true,"href":"https:\/\/worldsofmagic.net\/fr\/wp-json\/wp\/v2\/product_tag?post=2323"}],"curies":[{"name":"wp","href":"https:\/\/api.w.org\/{rel}","templated":true}]}}