{"id":2325,"date":"2025-02-20T13:20:55","date_gmt":"2025-02-20T13:20:55","guid":{"rendered":"https:\/\/worldsofmagic.net\/?post_type=product&#038;p=2325"},"modified":"2025-10-21T17:42:01","modified_gmt":"2025-10-21T17:42:01","slug":"final-fantasy-starter-kit","status":"publish","type":"product","link":"https:\/\/worldsofmagic.net\/fr\/produit\/final-fantasy-starter-kit\/","title":{"rendered":"Kit de d\u00e9marrage Final Fantasy"},"content":{"rendered":"<div class=\"desc\">\n<ul>\n<li>D\u00c9COUVREZ FINAL FANTASY D&#039;UNE TOUTE NOUVELLE MANI\u00c8RE \u2013 Plongez dans des histoires inoubliables des jeux FINAL FANTASY port\u00e9es sur votre table avec le gameplay strat\u00e9gique du jeu de cartes \u00e0 collectionner Magic: The Gathering<\/li>\n<\/ul>\n<ul>\n<li>APPRENEZ \u00c0 JOUER \u00c0 MAGIC \u2013 Tout ce dont vous avez besoin pour vos premi\u00e8res parties de Magic est ici. Lancez-vous avec deux jeux de 60 cartes pr\u00e9-construits et apprenez l&#039;essentiel gr\u00e2ce au guide inclus. Vous serez pr\u00eat \u00e0 jouer en un rien de temps\u00a0!<\/li>\n<\/ul>\n<ul>\n<li>2 decks sur le th\u00e8me de Final Fantasy \u2013 Lancez des sorts puissants, rencontrez des personnages embl\u00e9matiques et visitez des lieux familiers\u00a0; chaque deck contient 60 cartes aux illustrations sur le th\u00e8me de Final Fantasy, dont 10 cartes enti\u00e8rement nouvelles pour Magic (5 dans chaque deck)<\/li>\n<\/ul>\n<ul>\n<li>\u00caTES-VOUS UN H\u00c9ROS OU UN M\u00c9CHANT\u00a0? \u2013 D\u00e9fiez un ami, choisissez votre deck et affrontez-vous dans des batailles \u00e9piques \u00e0 2 joueurs\u00a0; rejoindrez-vous Cloud, le h\u00e9ros bien-aim\u00e9, ou vous rangerez-vous du c\u00f4t\u00e9 de son ennemi jur\u00e9, Sephiroth\u00a0?<\/li>\n<\/ul>\n<ul>\n<li>LANCEZ VOTRE COLLECTION \u2013 Commencez votre collection avec des cartes rares et des foils brillants ; chaque deck comprend 5 cartes rares et 1 carte cr\u00e9ature l\u00e9gendaire rare mythique avec un traitement foil traditionnel brillant<\/li>\n<\/ul>\n<ul>\n<li>JOUEZ EN PERSONNE ET EN LIGNE \u2013 Combattez avec vos decks en personne ou utilisez les 2 codes inclus pour d\u00e9bloquer les deux decks afin que deux personnes puissent jouer en ligne dans Magic: The Gathering Arena (disponible sur ordinateur ou mobile)<\/li>\n<\/ul>\n<ul>\n<li>CONTENU DU KIT DE D\u00c9MARRAGE \u2013 2 decks de 60 cartes pr\u00eats \u00e0 jouer, 2 bo\u00eetes pour les ranger, 1 livret de guide de jeu Magic et des codes pour d\u00e9bloquer les deux decks dans MTG Arena<\/li>\n<\/ul>\n<\/div>\n<hr \/>","protected":false},"excerpt":{"rendered":"<p>CONTENU DU KIT DE D\u00c9MARRAGE \u2013 2 decks de 60 cartes pr\u00eats \u00e0 jouer, 2 bo\u00eetes pour les ranger, 1 livret de guide de jeu Magic et des codes pour d\u00e9bloquer les deux decks dans MTG Arena<\/p>","protected":false},"featured_media":2326,"comment_status":"open","ping_status":"closed","template":"","meta":[],"product_cat":[21],"product_tag":[],"class_list":{"0":"post-2325","1":"product","2":"type-product","3":"status-publish","4":"has-post-thumbnail","6":"product_cat-magic-the-gathering","7":"pa_language-english","8":"pa_mtg-edition-final-fantasy","10":"first","11":"instock","12":"purchasable","13":"product-type-simple"},"yoast_head":"<!-- This site is optimized with the Yoast SEO plugin v23.6 - https:\/\/yoast.com\/wordpress\/plugins\/seo\/ -->\n<title>Final Fantasy Starter Kit - Worlds Of Magic<\/title>\n<meta name=\"robots\" content=\"index, follow, max-snippet:-1, max-image-preview:large, max-video-preview:-1\" \/>\n<link rel=\"canonical\" href=\"https:\/\/worldsofmagic.net\/fr\/produit\/final-fantasy-starter-kit\/\" \/>\n<meta property=\"og:locale\" content=\"fr_FR\" \/>\n<meta property=\"og:type\" content=\"article\" \/>\n<meta property=\"og:title\" content=\"Final Fantasy Starter Kit - Worlds Of Magic\" \/>\n<meta property=\"og:description\" content=\"STARTER KIT CONTENTS - 2 ready-to-play 60-card decks, 2 boxes to store them in, 1 Magic play guide booklet, and codes to unlock both decks in MTG Arena\" \/>\n<meta property=\"og:url\" content=\"https:\/\/worldsofmagic.net\/fr\/produit\/final-fantasy-starter-kit\/\" \/>\n<meta property=\"og:site_name\" content=\"Worlds Of Magic\" \/>\n<meta property=\"article:modified_time\" content=\"2025-10-21T17:42:01+00:00\" \/>\n<meta property=\"og:image\" content=\"https:\/\/worldsofmagic.net\/wp-content\/uploads\/2025\/02\/Final-Fantasy-Starter-Kit.png\" \/>\n\t<meta property=\"og:image:width\" content=\"300\" \/>\n\t<meta property=\"og:image:height\" content=\"300\" \/>\n\t<meta property=\"og:image:type\" content=\"image\/png\" \/>\n<meta name=\"twitter:card\" content=\"summary_large_image\" \/>\n<meta name=\"twitter:label1\" content=\"Dur\u00e9e de lecture estim\u00e9e\" \/>\n\t<meta name=\"twitter:data1\" content=\"2 minutes\" \/>\n<script type=\"application\/ld+json\" class=\"yoast-schema-graph\">{\"@context\":\"https:\/\/schema.org\",\"@graph\":[{\"@type\":\"WebPage\",\"@id\":\"https:\/\/worldsofmagic.net\/product\/final-fantasy-starter-kit\/\",\"url\":\"https:\/\/worldsofmagic.net\/product\/final-fantasy-starter-kit\/\",\"name\":\"Final Fantasy Starter Kit - Worlds Of Magic\",\"isPartOf\":{\"@id\":\"https:\/\/worldsofmagic.net\/#website\"},\"primaryImageOfPage\":{\"@id\":\"https:\/\/worldsofmagic.net\/product\/final-fantasy-starter-kit\/#primaryimage\"},\"image\":{\"@id\":\"https:\/\/worldsofmagic.net\/product\/final-fantasy-starter-kit\/#primaryimage\"},\"thumbnailUrl\":\"https:\/\/worldsofmagic.net\/wp-content\/uploads\/2025\/02\/Final-Fantasy-Starter-Kit.png\",\"datePublished\":\"2025-02-20T13:20:55+00:00\",\"dateModified\":\"2025-10-21T17:42:01+00:00\",\"breadcrumb\":{\"@id\":\"https:\/\/worldsofmagic.net\/product\/final-fantasy-starter-kit\/#breadcrumb\"},\"inLanguage\":\"fr-FR\",\"potentialAction\":[{\"@type\":\"ReadAction\",\"target\":[\"https:\/\/worldsofmagic.net\/product\/final-fantasy-starter-kit\/\"]}]},{\"@type\":\"ImageObject\",\"inLanguage\":\"fr-FR\",\"@id\":\"https:\/\/worldsofmagic.net\/product\/final-fantasy-starter-kit\/#primaryimage\",\"url\":\"https:\/\/worldsofmagic.net\/wp-content\/uploads\/2025\/02\/Final-Fantasy-Starter-Kit.png\",\"contentUrl\":\"https:\/\/worldsofmagic.net\/wp-content\/uploads\/2025\/02\/Final-Fantasy-Starter-Kit.png\",\"width\":300,\"height\":300},{\"@type\":\"BreadcrumbList\",\"@id\":\"https:\/\/worldsofmagic.net\/product\/final-fantasy-starter-kit\/#breadcrumb\",\"itemListElement\":[{\"@type\":\"ListItem\",\"position\":1,\"name\":\"Accueil\",\"item\":\"https:\/\/worldsofmagic.net\/\"},{\"@type\":\"ListItem\",\"position\":2,\"name\":\"Shop\",\"item\":\"https:\/\/worldsofmagic.net\/shop\/\"},{\"@type\":\"ListItem\",\"position\":3,\"name\":\"Final Fantasy Starter Kit\"}]},{\"@type\":\"WebSite\",\"@id\":\"https:\/\/worldsofmagic.net\/#website\",\"url\":\"https:\/\/worldsofmagic.net\/\",\"name\":\"Worlds Of Magic\",\"description\":\"\",\"publisher\":{\"@id\":\"https:\/\/worldsofmagic.net\/#organization\"},\"potentialAction\":[{\"@type\":\"SearchAction\",\"target\":{\"@type\":\"EntryPoint\",\"urlTemplate\":\"https:\/\/worldsofmagic.net\/?s={search_term_string}\"},\"query-input\":{\"@type\":\"PropertyValueSpecification\",\"valueRequired\":true,\"valueName\":\"search_term_string\"}}],\"inLanguage\":\"fr-FR\"},{\"@type\":\"Organization\",\"@id\":\"https:\/\/worldsofmagic.net\/#organization\",\"name\":\"Worlds Of Magic\",\"alternateName\":\"Worlds Of Magic\",\"url\":\"https:\/\/worldsofmagic.net\/\",\"logo\":{\"@type\":\"ImageObject\",\"inLanguage\":\"fr-FR\",\"@id\":\"https:\/\/worldsofmagic.net\/#\/schema\/logo\/image\/\",\"url\":\"https:\/\/worldsofmagic.net\/wp-content\/uploads\/2024\/07\/image.png\",\"contentUrl\":\"https:\/\/worldsofmagic.net\/wp-content\/uploads\/2024\/07\/image.png\",\"width\":1072,\"height\":341,\"caption\":\"Worlds Of Magic\"},\"image\":{\"@id\":\"https:\/\/worldsofmagic.net\/#\/schema\/logo\/image\/\"}}]}<\/script>\n<!-- \/ Yoast SEO plugin. -->","yoast_head_json":{"title":"Final Fantasy Starter Kit - Worlds Of Magic","robots":{"index":"index","follow":"follow","max-snippet":"max-snippet:-1","max-image-preview":"max-image-preview:large","max-video-preview":"max-video-preview:-1"},"canonical":"https:\/\/worldsofmagic.net\/fr\/produit\/final-fantasy-starter-kit\/","og_locale":"fr_FR","og_type":"article","og_title":"Final Fantasy Starter Kit - Worlds Of Magic","og_description":"STARTER KIT CONTENTS - 2 ready-to-play 60-card decks, 2 boxes to store them in, 1 Magic play guide booklet, and codes to unlock both decks in MTG Arena","og_url":"https:\/\/worldsofmagic.net\/fr\/produit\/final-fantasy-starter-kit\/","og_site_name":"Worlds Of Magic","article_modified_time":"2025-10-21T17:42:01+00:00","og_image":[{"width":300,"height":300,"url":"https:\/\/worldsofmagic.net\/wp-content\/uploads\/2025\/02\/Final-Fantasy-Starter-Kit.png","type":"image\/png"}],"twitter_card":"summary_large_image","twitter_misc":{"Dur\u00e9e de lecture estim\u00e9e":"2 minutes"},"schema":{"@context":"https:\/\/schema.org","@graph":[{"@type":"WebPage","@id":"https:\/\/worldsofmagic.net\/product\/final-fantasy-starter-kit\/","url":"https:\/\/worldsofmagic.net\/product\/final-fantasy-starter-kit\/","name":"Final Fantasy Starter Kit - Worlds Of Magic","isPartOf":{"@id":"https:\/\/worldsofmagic.net\/#website"},"primaryImageOfPage":{"@id":"https:\/\/worldsofmagic.net\/product\/final-fantasy-starter-kit\/#primaryimage"},"image":{"@id":"https:\/\/worldsofmagic.net\/product\/final-fantasy-starter-kit\/#primaryimage"},"thumbnailUrl":"https:\/\/worldsofmagic.net\/wp-content\/uploads\/2025\/02\/Final-Fantasy-Starter-Kit.png","datePublished":"2025-02-20T13:20:55+00:00","dateModified":"2025-10-21T17:42:01+00:00","breadcrumb":{"@id":"https:\/\/worldsofmagic.net\/product\/final-fantasy-starter-kit\/#breadcrumb"},"inLanguage":"fr-FR","potentialAction":[{"@type":"ReadAction","target":["https:\/\/worldsofmagic.net\/product\/final-fantasy-starter-kit\/"]}]},{"@type":"ImageObject","inLanguage":"fr-FR","@id":"https:\/\/worldsofmagic.net\/product\/final-fantasy-starter-kit\/#primaryimage","url":"https:\/\/worldsofmagic.net\/wp-content\/uploads\/2025\/02\/Final-Fantasy-Starter-Kit.png","contentUrl":"https:\/\/worldsofmagic.net\/wp-content\/uploads\/2025\/02\/Final-Fantasy-Starter-Kit.png","width":300,"height":300},{"@type":"BreadcrumbList","@id":"https:\/\/worldsofmagic.net\/product\/final-fantasy-starter-kit\/#breadcrumb","itemListElement":[{"@type":"ListItem","position":1,"name":"Accueil","item":"https:\/\/worldsofmagic.net\/"},{"@type":"ListItem","position":2,"name":"Shop","item":"https:\/\/worldsofmagic.net\/shop\/"},{"@type":"ListItem","position":3,"name":"Final Fantasy Starter Kit"}]},{"@type":"WebSite","@id":"https:\/\/worldsofmagic.net\/#website","url":"https:\/\/worldsofmagic.net\/","name":"Worlds Of Magic","description":"","publisher":{"@id":"https:\/\/worldsofmagic.net\/#organization"},"potentialAction":[{"@type":"SearchAction","target":{"@type":"EntryPoint","urlTemplate":"https:\/\/worldsofmagic.net\/?s={search_term_string}"},"query-input":{"@type":"PropertyValueSpecification","valueRequired":true,"valueName":"search_term_string"}}],"inLanguage":"fr-FR"},{"@type":"Organization","@id":"https:\/\/worldsofmagic.net\/#organization","name":"Worlds Of Magic","alternateName":"Worlds Of Magic","url":"https:\/\/worldsofmagic.net\/","logo":{"@type":"ImageObject","inLanguage":"fr-FR","@id":"https:\/\/worldsofmagic.net\/#\/schema\/logo\/image\/","url":"https:\/\/worldsofmagic.net\/wp-content\/uploads\/2024\/07\/image.png","contentUrl":"https:\/\/worldsofmagic.net\/wp-content\/uploads\/2024\/07\/image.png","width":1072,"height":341,"caption":"Worlds Of Magic"},"image":{"@id":"https:\/\/worldsofmagic.net\/#\/schema\/logo\/image\/"}}]}},"jetpack_sharing_enabled":true,"_links":{"self":[{"href":"https:\/\/worldsofmagic.net\/fr\/wp-json\/wp\/v2\/product\/2325"}],"collection":[{"href":"https:\/\/worldsofmagic.net\/fr\/wp-json\/wp\/v2\/product"}],"about":[{"href":"https:\/\/worldsofmagic.net\/fr\/wp-json\/wp\/v2\/types\/product"}],"replies":[{"embeddable":true,"href":"https:\/\/worldsofmagic.net\/fr\/wp-json\/wp\/v2\/comments?post=2325"}],"wp:featuredmedia":[{"embeddable":true,"href":"https:\/\/worldsofmagic.net\/fr\/wp-json\/wp\/v2\/media\/2326"}],"wp:attachment":[{"href":"https:\/\/worldsofmagic.net\/fr\/wp-json\/wp\/v2\/media?parent=2325"}],"wp:term":[{"taxonomy":"product_cat","embeddable":true,"href":"https:\/\/worldsofmagic.net\/fr\/wp-json\/wp\/v2\/product_cat?post=2325"},{"taxonomy":"product_tag","embeddable":true,"href":"https:\/\/worldsofmagic.net\/fr\/wp-json\/wp\/v2\/product_tag?post=2325"}],"curies":[{"name":"wp","href":"https:\/\/api.w.org\/{rel}","templated":true}]}}