{"id":2334,"date":"2025-02-20T13:43:33","date_gmt":"2025-02-20T13:43:33","guid":{"rendered":"https:\/\/worldsofmagic.net\/?post_type=product&#038;p=2334"},"modified":"2025-06-05T15:47:48","modified_gmt":"2025-06-05T15:47:48","slug":"final-fantasy-collector-booster-pack","status":"publish","type":"product","link":"https:\/\/worldsofmagic.net\/fr\/produit\/final-fantasy-collector-booster-pack\/","title":{"rendered":"Pack de boosters pour collectionneur Final Fantasy"},"content":{"rendered":"<hr \/>\n<ul>\n<li>TOUTE LA SAGA FINAL FANTASY EST ICI \u2013 Plongez dans les histoires inoubliables des 16 jeux principaux de FINAL FANTASY, transpos\u00e9es sur votre table gr\u00e2ce au gameplay strat\u00e9gique du jeu de cartes \u00e0 collectionner Magic: The Gathering<\/li>\n<li>\u00a0CUE THE VICTORY FANFARE \u2013 Lancez des sorts puissants, rencontrez des personnages embl\u00e9matiques et visitez des lieux familiers sur le dos d&#039;un Chocobo avec des cartes pr\u00e9sentant des illustrations et des m\u00e9canismes sur le th\u00e8me de FINAL FANTASY<\/li>\n<li>\u00a0LES MEILLEURES CARTES \u00c0 JOUER ET \u00c0 EXPOSER \u2013 Les boosters collector sont le moyen ultime d&#039;ajouter des cartes uniques et exclusives \u00e0 votre collection\u00a0; des tonnes de foils, des traitements de cartes sp\u00e9ciaux et bien plus encore vous attendent dans chaque pack<\/li>\n<li>\u00a0EXCLUSIVIT\u00c9S COLLECTOR BOOSTER \u2013 Les boosters collector sont les seuls boosters pouvant contenir des cartes pr\u00e9sentant des traitements sp\u00e9ciaux, et dans &lt;0,1% de boosters collector (en anglais uniquement), vous pouvez m\u00eame trouver une carte s\u00e9rialis\u00e9e sp\u00e9ciale imprim\u00e9e avec un num\u00e9ro unique<\/li>\n<\/ul>\n<ul>\n<li>COLLECTIONNEZ DES CARTES \u00c0 CADRE ALTERNATIF SP\u00c9CIALES \u2013 Collectionnez des cartes sans bordure pr\u00e9sentant de magnifiques illustrations alternatives ou des cartes \u00e0 art \u00e9tendu qui mettent pleinement en valeur l&#039;illustration d&#039;une carte\u00a0; chaque booster collector est rempli de cartes sp\u00e9ciales \u00e0 cadre alternatif sur le th\u00e8me de FINAL FANTASY<\/li>\n<li>\u00a0SIMPLEMENT LES MEILLEURES CARTES \u2013 Collectionnez plus de cartes difficiles \u00e0 trouver avec 5 \u00e0 6 cartes de raret\u00e9 Rare ou sup\u00e9rieure dans chaque booster collector<\/li>\n<li>CONTENU DU PACK BOOSTER COLLECTOR \u2013 Pack Booster Collector FINAL FANTASY, avec 15 cartes MTG dans chaque pack<\/li>\n<\/ul>","protected":false},"excerpt":{"rendered":"<p>CONTENU DU PACK BOOSTER COLLECTOR \u2013 1 pack booster avec 15 cartes MTG dans chaque pack<\/p>","protected":false},"featured_media":2335,"comment_status":"open","ping_status":"closed","template":"","meta":[],"product_cat":[113,139,21],"product_tag":[],"class_list":{"0":"post-2334","1":"product","2":"type-product","3":"status-publish","4":"has-post-thumbnail","6":"product_cat-boosterpack","7":"product_cat-english","8":"product_cat-magic-the-gathering","9":"pa_language-english","10":"pa_mtg-edition-final-fantasy","12":"first","13":"outofstock","14":"purchasable","15":"product-type-simple"},"yoast_head":"<!-- This site is optimized with the Yoast SEO plugin v23.6 - https:\/\/yoast.com\/wordpress\/plugins\/seo\/ -->\n<title>Final Fantasy Collector Booster Pack - Worlds Of Magic<\/title>\n<meta name=\"description\" content=\"COLLECTOR BOOSTER PACK CONTENTS - 1 Booster Pack with 15 MTG cards in each pack\" \/>\n<meta name=\"robots\" content=\"index, follow, max-snippet:-1, max-image-preview:large, max-video-preview:-1\" \/>\n<link rel=\"canonical\" href=\"https:\/\/worldsofmagic.net\/fr\/produit\/final-fantasy-collector-booster-pack\/\" \/>\n<meta property=\"og:locale\" content=\"fr_FR\" \/>\n<meta property=\"og:type\" content=\"article\" \/>\n<meta property=\"og:title\" content=\"Final Fantasy Collector Booster Pack - Worlds Of Magic\" \/>\n<meta property=\"og:description\" content=\"COLLECTOR BOOSTER PACK CONTENTS - 1 Booster Pack with 15 MTG cards in each pack\" \/>\n<meta property=\"og:url\" content=\"https:\/\/worldsofmagic.net\/fr\/produit\/final-fantasy-collector-booster-pack\/\" \/>\n<meta property=\"og:site_name\" content=\"Worlds Of Magic\" \/>\n<meta property=\"article:modified_time\" content=\"2025-06-05T15:47:48+00:00\" \/>\n<meta property=\"og:image\" content=\"https:\/\/worldsofmagic.net\/wp-content\/uploads\/2025\/02\/Final-Fantasy-Collector-Booster-Pack.png\" \/>\n\t<meta property=\"og:image:width\" content=\"300\" \/>\n\t<meta property=\"og:image:height\" content=\"300\" \/>\n\t<meta property=\"og:image:type\" content=\"image\/png\" \/>\n<meta name=\"twitter:card\" content=\"summary_large_image\" \/>\n<meta name=\"twitter:label1\" content=\"Dur\u00e9e de lecture estim\u00e9e\" \/>\n\t<meta name=\"twitter:data1\" content=\"2 minutes\" \/>\n<script type=\"application\/ld+json\" class=\"yoast-schema-graph\">{\"@context\":\"https:\/\/schema.org\",\"@graph\":[{\"@type\":\"WebPage\",\"@id\":\"https:\/\/worldsofmagic.net\/product\/final-fantasy-collector-booster-pack\/\",\"url\":\"https:\/\/worldsofmagic.net\/product\/final-fantasy-collector-booster-pack\/\",\"name\":\"Final Fantasy Collector Booster Pack - Worlds Of Magic\",\"isPartOf\":{\"@id\":\"https:\/\/worldsofmagic.net\/#website\"},\"primaryImageOfPage\":{\"@id\":\"https:\/\/worldsofmagic.net\/product\/final-fantasy-collector-booster-pack\/#primaryimage\"},\"image\":{\"@id\":\"https:\/\/worldsofmagic.net\/product\/final-fantasy-collector-booster-pack\/#primaryimage\"},\"thumbnailUrl\":\"https:\/\/worldsofmagic.net\/wp-content\/uploads\/2025\/02\/Final-Fantasy-Collector-Booster-Pack.png\",\"datePublished\":\"2025-02-20T13:43:33+00:00\",\"dateModified\":\"2025-06-05T15:47:48+00:00\",\"description\":\"COLLECTOR BOOSTER PACK CONTENTS - 1 Booster Pack with 15 MTG cards in each pack\",\"breadcrumb\":{\"@id\":\"https:\/\/worldsofmagic.net\/product\/final-fantasy-collector-booster-pack\/#breadcrumb\"},\"inLanguage\":\"fr-FR\",\"potentialAction\":[{\"@type\":\"ReadAction\",\"target\":[\"https:\/\/worldsofmagic.net\/product\/final-fantasy-collector-booster-pack\/\"]}]},{\"@type\":\"ImageObject\",\"inLanguage\":\"fr-FR\",\"@id\":\"https:\/\/worldsofmagic.net\/product\/final-fantasy-collector-booster-pack\/#primaryimage\",\"url\":\"https:\/\/worldsofmagic.net\/wp-content\/uploads\/2025\/02\/Final-Fantasy-Collector-Booster-Pack.png\",\"contentUrl\":\"https:\/\/worldsofmagic.net\/wp-content\/uploads\/2025\/02\/Final-Fantasy-Collector-Booster-Pack.png\",\"width\":300,\"height\":300},{\"@type\":\"BreadcrumbList\",\"@id\":\"https:\/\/worldsofmagic.net\/product\/final-fantasy-collector-booster-pack\/#breadcrumb\",\"itemListElement\":[{\"@type\":\"ListItem\",\"position\":1,\"name\":\"Accueil\",\"item\":\"https:\/\/worldsofmagic.net\/\"},{\"@type\":\"ListItem\",\"position\":2,\"name\":\"Shop\",\"item\":\"https:\/\/worldsofmagic.net\/shop\/\"},{\"@type\":\"ListItem\",\"position\":3,\"name\":\"Final Fantasy Collector Booster Pack\"}]},{\"@type\":\"WebSite\",\"@id\":\"https:\/\/worldsofmagic.net\/#website\",\"url\":\"https:\/\/worldsofmagic.net\/\",\"name\":\"Worlds Of Magic\",\"description\":\"\",\"publisher\":{\"@id\":\"https:\/\/worldsofmagic.net\/#organization\"},\"potentialAction\":[{\"@type\":\"SearchAction\",\"target\":{\"@type\":\"EntryPoint\",\"urlTemplate\":\"https:\/\/worldsofmagic.net\/?s={search_term_string}\"},\"query-input\":{\"@type\":\"PropertyValueSpecification\",\"valueRequired\":true,\"valueName\":\"search_term_string\"}}],\"inLanguage\":\"fr-FR\"},{\"@type\":\"Organization\",\"@id\":\"https:\/\/worldsofmagic.net\/#organization\",\"name\":\"Worlds Of Magic\",\"alternateName\":\"Worlds Of Magic\",\"url\":\"https:\/\/worldsofmagic.net\/\",\"logo\":{\"@type\":\"ImageObject\",\"inLanguage\":\"fr-FR\",\"@id\":\"https:\/\/worldsofmagic.net\/#\/schema\/logo\/image\/\",\"url\":\"https:\/\/worldsofmagic.net\/wp-content\/uploads\/2024\/07\/image.png\",\"contentUrl\":\"https:\/\/worldsofmagic.net\/wp-content\/uploads\/2024\/07\/image.png\",\"width\":1072,\"height\":341,\"caption\":\"Worlds Of Magic\"},\"image\":{\"@id\":\"https:\/\/worldsofmagic.net\/#\/schema\/logo\/image\/\"}}]}<\/script>\n<!-- \/ Yoast SEO plugin. -->","yoast_head_json":{"title":"Final Fantasy Collector Booster Pack - Worlds Of Magic","description":"COLLECTOR BOOSTER PACK CONTENTS - 1 Booster Pack with 15 MTG cards in each pack","robots":{"index":"index","follow":"follow","max-snippet":"max-snippet:-1","max-image-preview":"max-image-preview:large","max-video-preview":"max-video-preview:-1"},"canonical":"https:\/\/worldsofmagic.net\/fr\/produit\/final-fantasy-collector-booster-pack\/","og_locale":"fr_FR","og_type":"article","og_title":"Final Fantasy Collector Booster Pack - Worlds Of Magic","og_description":"COLLECTOR BOOSTER PACK CONTENTS - 1 Booster Pack with 15 MTG cards in each pack","og_url":"https:\/\/worldsofmagic.net\/fr\/produit\/final-fantasy-collector-booster-pack\/","og_site_name":"Worlds Of Magic","article_modified_time":"2025-06-05T15:47:48+00:00","og_image":[{"width":300,"height":300,"url":"https:\/\/worldsofmagic.net\/wp-content\/uploads\/2025\/02\/Final-Fantasy-Collector-Booster-Pack.png","type":"image\/png"}],"twitter_card":"summary_large_image","twitter_misc":{"Dur\u00e9e de lecture estim\u00e9e":"2 minutes"},"schema":{"@context":"https:\/\/schema.org","@graph":[{"@type":"WebPage","@id":"https:\/\/worldsofmagic.net\/product\/final-fantasy-collector-booster-pack\/","url":"https:\/\/worldsofmagic.net\/product\/final-fantasy-collector-booster-pack\/","name":"Final Fantasy Collector Booster Pack - Worlds Of Magic","isPartOf":{"@id":"https:\/\/worldsofmagic.net\/#website"},"primaryImageOfPage":{"@id":"https:\/\/worldsofmagic.net\/product\/final-fantasy-collector-booster-pack\/#primaryimage"},"image":{"@id":"https:\/\/worldsofmagic.net\/product\/final-fantasy-collector-booster-pack\/#primaryimage"},"thumbnailUrl":"https:\/\/worldsofmagic.net\/wp-content\/uploads\/2025\/02\/Final-Fantasy-Collector-Booster-Pack.png","datePublished":"2025-02-20T13:43:33+00:00","dateModified":"2025-06-05T15:47:48+00:00","description":"COLLECTOR BOOSTER PACK CONTENTS - 1 Booster Pack with 15 MTG cards in each pack","breadcrumb":{"@id":"https:\/\/worldsofmagic.net\/product\/final-fantasy-collector-booster-pack\/#breadcrumb"},"inLanguage":"fr-FR","potentialAction":[{"@type":"ReadAction","target":["https:\/\/worldsofmagic.net\/product\/final-fantasy-collector-booster-pack\/"]}]},{"@type":"ImageObject","inLanguage":"fr-FR","@id":"https:\/\/worldsofmagic.net\/product\/final-fantasy-collector-booster-pack\/#primaryimage","url":"https:\/\/worldsofmagic.net\/wp-content\/uploads\/2025\/02\/Final-Fantasy-Collector-Booster-Pack.png","contentUrl":"https:\/\/worldsofmagic.net\/wp-content\/uploads\/2025\/02\/Final-Fantasy-Collector-Booster-Pack.png","width":300,"height":300},{"@type":"BreadcrumbList","@id":"https:\/\/worldsofmagic.net\/product\/final-fantasy-collector-booster-pack\/#breadcrumb","itemListElement":[{"@type":"ListItem","position":1,"name":"Accueil","item":"https:\/\/worldsofmagic.net\/"},{"@type":"ListItem","position":2,"name":"Shop","item":"https:\/\/worldsofmagic.net\/shop\/"},{"@type":"ListItem","position":3,"name":"Final Fantasy Collector Booster Pack"}]},{"@type":"WebSite","@id":"https:\/\/worldsofmagic.net\/#website","url":"https:\/\/worldsofmagic.net\/","name":"Worlds Of Magic","description":"","publisher":{"@id":"https:\/\/worldsofmagic.net\/#organization"},"potentialAction":[{"@type":"SearchAction","target":{"@type":"EntryPoint","urlTemplate":"https:\/\/worldsofmagic.net\/?s={search_term_string}"},"query-input":{"@type":"PropertyValueSpecification","valueRequired":true,"valueName":"search_term_string"}}],"inLanguage":"fr-FR"},{"@type":"Organization","@id":"https:\/\/worldsofmagic.net\/#organization","name":"Worlds Of Magic","alternateName":"Worlds Of Magic","url":"https:\/\/worldsofmagic.net\/","logo":{"@type":"ImageObject","inLanguage":"fr-FR","@id":"https:\/\/worldsofmagic.net\/#\/schema\/logo\/image\/","url":"https:\/\/worldsofmagic.net\/wp-content\/uploads\/2024\/07\/image.png","contentUrl":"https:\/\/worldsofmagic.net\/wp-content\/uploads\/2024\/07\/image.png","width":1072,"height":341,"caption":"Worlds Of Magic"},"image":{"@id":"https:\/\/worldsofmagic.net\/#\/schema\/logo\/image\/"}}]}},"jetpack_sharing_enabled":true,"_links":{"self":[{"href":"https:\/\/worldsofmagic.net\/fr\/wp-json\/wp\/v2\/product\/2334"}],"collection":[{"href":"https:\/\/worldsofmagic.net\/fr\/wp-json\/wp\/v2\/product"}],"about":[{"href":"https:\/\/worldsofmagic.net\/fr\/wp-json\/wp\/v2\/types\/product"}],"replies":[{"embeddable":true,"href":"https:\/\/worldsofmagic.net\/fr\/wp-json\/wp\/v2\/comments?post=2334"}],"wp:featuredmedia":[{"embeddable":true,"href":"https:\/\/worldsofmagic.net\/fr\/wp-json\/wp\/v2\/media\/2335"}],"wp:attachment":[{"href":"https:\/\/worldsofmagic.net\/fr\/wp-json\/wp\/v2\/media?parent=2334"}],"wp:term":[{"taxonomy":"product_cat","embeddable":true,"href":"https:\/\/worldsofmagic.net\/fr\/wp-json\/wp\/v2\/product_cat?post=2334"},{"taxonomy":"product_tag","embeddable":true,"href":"https:\/\/worldsofmagic.net\/fr\/wp-json\/wp\/v2\/product_tag?post=2334"}],"curies":[{"name":"wp","href":"https:\/\/api.w.org\/{rel}","templated":true}]}}