{"id":2338,"date":"2025-02-21T15:24:09","date_gmt":"2025-02-21T15:24:09","guid":{"rendered":"https:\/\/worldsofmagic.net\/?post_type=product&#038;p=2338"},"modified":"2025-08-04T11:42:49","modified_gmt":"2025-08-04T11:42:49","slug":"final-fantasy-commander-deck","status":"publish","type":"product","link":"https:\/\/worldsofmagic.net\/fr\/produit\/final-fantasy-commander-deck\/","title":{"rendered":"Jeu de cartes du commandant de Final Fantasy"},"content":{"rendered":"<ul>\n<li>OBTENEZ LES 4 DECKS DE COMMANDANT SUR LE TH\u00c8ME DE FINAL FANTASY \u2013 FINAL FANTASY VI : Revival Trance, FINAL FANTASY VII : Limit Break, FINAL FANTASY X : Counter Blitz et FINAL FANTASY XIV : Scions &amp; Spellcraft<\/li>\n<\/ul>\n<ul>\n<li>COMBATTRE AUX C\u00d4T\u00c9S DES H\u00c9ROS EMBL\u00c9MATIQUES DE FINAL FANTASY \u2013 Joignez vos forces \u00e0 celles de Terra, H\u00e9raut de l&#039;espoir dans le deck Revival Trance, Cloud, Ex-SOLDAT dans le deck Limit Break, Tidus, Gardien de Yuna dans le deck Counter Blitz, et Y&#039;shtola, B\u00e9ni de la nuit dans le deck Scions &amp; Spellcraft<\/li>\n<\/ul>\n<ul>\n<li>NOUVELLES CARTES + TOUT NOUVEAU ILLUSTRATION \u2013 Chaque deck pr\u00eat \u00e0 jouer contient 100 cartes avec de nouvelles illustrations sur le th\u00e8me de FINAL FANTASY, dont 25 cartes Commander enti\u00e8rement nouvelles pour Magic: The Gathering<\/li>\n<\/ul>\n<ul>\n<li>CARTES L\u00c9GENDAIRES EN FEUILLES D&#039;ALUMINIUM - Chaque deck comprend \u00e9galement 2 cartes Cr\u00e9ature l\u00e9gendaire avec un traitement Foil traditionnel brillant qui peuvent \u00eatre jou\u00e9es en tant que commandant<\/li>\n<\/ul>\n<ul>\n<li>COLLECTIONNEZ DES CARTES \u00c0 BORDURE ALTERNATIVE SP\u00c9CIALES \u2013 Chaque deck est \u00e9galement livr\u00e9 avec un pack d&#039;\u00e9chantillons Collector Booster de 2 cartes contenant 2 cartes \u00e0 bordure alternative de raret\u00e9 rare ou sup\u00e9rieure, dont au moins 1 est une brillante carte traditionnelle Foil<\/li>\n<\/ul>\n<ul>\n<li>COMBATS MULTIJOUEURS \u00c9PIQUES \u2013 Le format de jeu le plus populaire de Magic: The Gathering, Commander, est un moyen multijoueur de jouer \u00e0 Magic, une bataille \u00e9pique en libre-service pleine de jeux strat\u00e9giques et d&#039;intrigues sociales pour 3 \u00e0 5 joueurs<\/li>\n<\/ul>\n<ul>\n<li>CONTENU DE CHAQUE DECK \u2013 Un deck de 100 cartes avec \u00e9galement un pack d&#039;\u00e9chantillons Collector Booster de 2 cartes, des jetons recto-verso et une bo\u00eete de deck<\/li>\n<\/ul>","protected":false},"excerpt":{"rendered":"<ul>\n<li>CONTENU DE CHAQUE DECK \u2013 Un deck de 100 cartes avec \u00e9galement un pack d&#039;\u00e9chantillons Collector Booster de 2 cartes, des jetons recto-verso et une bo\u00eete de deck<\/li>\n<\/ul>","protected":false},"featured_media":2339,"comment_status":"open","ping_status":"closed","template":"","meta":[],"product_cat":[34,94,21],"product_tag":[],"class_list":{"0":"post-2338","1":"product","2":"type-product","3":"status-publish","4":"has-post-thumbnail","6":"product_cat-commander","7":"product_cat-english-commander","8":"product_cat-magic-the-gathering","9":"pa_language-english","10":"pa_mtg-edition-final-fantasy","12":"first","13":"instock","14":"purchasable","15":"product-type-simple"},"yoast_head":"<!-- This site is optimized with the Yoast SEO plugin v23.6 - https:\/\/yoast.com\/wordpress\/plugins\/seo\/ -->\n<title>Final Fantasy Commander Deck - Worlds Of Magic<\/title>\n<meta name=\"description\" content=\"EACH DECK CONTENTS - 100-card deck also with a 2-card Collector Booster Sample Pack, double-sided tokens, and a deck box\" \/>\n<meta name=\"robots\" content=\"index, follow, max-snippet:-1, max-image-preview:large, max-video-preview:-1\" \/>\n<link rel=\"canonical\" href=\"https:\/\/worldsofmagic.net\/fr\/produit\/final-fantasy-commander-deck\/\" \/>\n<meta property=\"og:locale\" content=\"fr_FR\" \/>\n<meta property=\"og:type\" content=\"article\" \/>\n<meta property=\"og:title\" content=\"Final Fantasy Commander Deck - Worlds Of Magic\" \/>\n<meta property=\"og:description\" content=\"EACH DECK CONTENTS - 100-card deck also with a 2-card Collector Booster Sample Pack, double-sided tokens, and a deck box\" \/>\n<meta property=\"og:url\" content=\"https:\/\/worldsofmagic.net\/fr\/produit\/final-fantasy-commander-deck\/\" \/>\n<meta property=\"og:site_name\" content=\"Worlds Of Magic\" \/>\n<meta property=\"article:modified_time\" content=\"2025-08-04T11:42:49+00:00\" \/>\n<meta property=\"og:image\" content=\"https:\/\/worldsofmagic.net\/wp-content\/uploads\/2025\/02\/Final-Fantasy-Commander-Deck.png\" \/>\n\t<meta property=\"og:image:width\" content=\"300\" \/>\n\t<meta property=\"og:image:height\" content=\"300\" \/>\n\t<meta property=\"og:image:type\" content=\"image\/png\" \/>\n<meta name=\"twitter:card\" content=\"summary_large_image\" \/>\n<meta name=\"twitter:label1\" content=\"Dur\u00e9e de lecture estim\u00e9e\" \/>\n\t<meta name=\"twitter:data1\" content=\"2 minutes\" \/>\n<script type=\"application\/ld+json\" class=\"yoast-schema-graph\">{\"@context\":\"https:\/\/schema.org\",\"@graph\":[{\"@type\":\"WebPage\",\"@id\":\"https:\/\/worldsofmagic.net\/product\/final-fantasy-commander-deck\/\",\"url\":\"https:\/\/worldsofmagic.net\/product\/final-fantasy-commander-deck\/\",\"name\":\"Final Fantasy Commander Deck - Worlds Of Magic\",\"isPartOf\":{\"@id\":\"https:\/\/worldsofmagic.net\/#website\"},\"primaryImageOfPage\":{\"@id\":\"https:\/\/worldsofmagic.net\/product\/final-fantasy-commander-deck\/#primaryimage\"},\"image\":{\"@id\":\"https:\/\/worldsofmagic.net\/product\/final-fantasy-commander-deck\/#primaryimage\"},\"thumbnailUrl\":\"https:\/\/worldsofmagic.net\/wp-content\/uploads\/2025\/02\/Final-Fantasy-Commander-Deck.png\",\"datePublished\":\"2025-02-21T15:24:09+00:00\",\"dateModified\":\"2025-08-04T11:42:49+00:00\",\"description\":\"EACH DECK CONTENTS - 100-card deck also with a 2-card Collector Booster Sample Pack, double-sided tokens, and a deck box\",\"breadcrumb\":{\"@id\":\"https:\/\/worldsofmagic.net\/product\/final-fantasy-commander-deck\/#breadcrumb\"},\"inLanguage\":\"fr-FR\",\"potentialAction\":[{\"@type\":\"ReadAction\",\"target\":[\"https:\/\/worldsofmagic.net\/product\/final-fantasy-commander-deck\/\"]}]},{\"@type\":\"ImageObject\",\"inLanguage\":\"fr-FR\",\"@id\":\"https:\/\/worldsofmagic.net\/product\/final-fantasy-commander-deck\/#primaryimage\",\"url\":\"https:\/\/worldsofmagic.net\/wp-content\/uploads\/2025\/02\/Final-Fantasy-Commander-Deck.png\",\"contentUrl\":\"https:\/\/worldsofmagic.net\/wp-content\/uploads\/2025\/02\/Final-Fantasy-Commander-Deck.png\",\"width\":300,\"height\":300},{\"@type\":\"BreadcrumbList\",\"@id\":\"https:\/\/worldsofmagic.net\/product\/final-fantasy-commander-deck\/#breadcrumb\",\"itemListElement\":[{\"@type\":\"ListItem\",\"position\":1,\"name\":\"Accueil\",\"item\":\"https:\/\/worldsofmagic.net\/\"},{\"@type\":\"ListItem\",\"position\":2,\"name\":\"Shop\",\"item\":\"https:\/\/worldsofmagic.net\/shop\/\"},{\"@type\":\"ListItem\",\"position\":3,\"name\":\"Final Fantasy Commander Deck\"}]},{\"@type\":\"WebSite\",\"@id\":\"https:\/\/worldsofmagic.net\/#website\",\"url\":\"https:\/\/worldsofmagic.net\/\",\"name\":\"Worlds Of Magic\",\"description\":\"\",\"publisher\":{\"@id\":\"https:\/\/worldsofmagic.net\/#organization\"},\"potentialAction\":[{\"@type\":\"SearchAction\",\"target\":{\"@type\":\"EntryPoint\",\"urlTemplate\":\"https:\/\/worldsofmagic.net\/?s={search_term_string}\"},\"query-input\":{\"@type\":\"PropertyValueSpecification\",\"valueRequired\":true,\"valueName\":\"search_term_string\"}}],\"inLanguage\":\"fr-FR\"},{\"@type\":\"Organization\",\"@id\":\"https:\/\/worldsofmagic.net\/#organization\",\"name\":\"Worlds Of Magic\",\"alternateName\":\"Worlds Of Magic\",\"url\":\"https:\/\/worldsofmagic.net\/\",\"logo\":{\"@type\":\"ImageObject\",\"inLanguage\":\"fr-FR\",\"@id\":\"https:\/\/worldsofmagic.net\/#\/schema\/logo\/image\/\",\"url\":\"https:\/\/worldsofmagic.net\/wp-content\/uploads\/2024\/07\/image.png\",\"contentUrl\":\"https:\/\/worldsofmagic.net\/wp-content\/uploads\/2024\/07\/image.png\",\"width\":1072,\"height\":341,\"caption\":\"Worlds Of Magic\"},\"image\":{\"@id\":\"https:\/\/worldsofmagic.net\/#\/schema\/logo\/image\/\"}}]}<\/script>\n<!-- \/ Yoast SEO plugin. -->","yoast_head_json":{"title":"Final Fantasy Commander Deck - Worlds Of Magic","description":"EACH DECK CONTENTS - 100-card deck also with a 2-card Collector Booster Sample Pack, double-sided tokens, and a deck box","robots":{"index":"index","follow":"follow","max-snippet":"max-snippet:-1","max-image-preview":"max-image-preview:large","max-video-preview":"max-video-preview:-1"},"canonical":"https:\/\/worldsofmagic.net\/fr\/produit\/final-fantasy-commander-deck\/","og_locale":"fr_FR","og_type":"article","og_title":"Final Fantasy Commander Deck - Worlds Of Magic","og_description":"EACH DECK CONTENTS - 100-card deck also with a 2-card Collector Booster Sample Pack, double-sided tokens, and a deck box","og_url":"https:\/\/worldsofmagic.net\/fr\/produit\/final-fantasy-commander-deck\/","og_site_name":"Worlds Of Magic","article_modified_time":"2025-08-04T11:42:49+00:00","og_image":[{"width":300,"height":300,"url":"https:\/\/worldsofmagic.net\/wp-content\/uploads\/2025\/02\/Final-Fantasy-Commander-Deck.png","type":"image\/png"}],"twitter_card":"summary_large_image","twitter_misc":{"Dur\u00e9e de lecture estim\u00e9e":"2 minutes"},"schema":{"@context":"https:\/\/schema.org","@graph":[{"@type":"WebPage","@id":"https:\/\/worldsofmagic.net\/product\/final-fantasy-commander-deck\/","url":"https:\/\/worldsofmagic.net\/product\/final-fantasy-commander-deck\/","name":"Final Fantasy Commander Deck - Worlds Of Magic","isPartOf":{"@id":"https:\/\/worldsofmagic.net\/#website"},"primaryImageOfPage":{"@id":"https:\/\/worldsofmagic.net\/product\/final-fantasy-commander-deck\/#primaryimage"},"image":{"@id":"https:\/\/worldsofmagic.net\/product\/final-fantasy-commander-deck\/#primaryimage"},"thumbnailUrl":"https:\/\/worldsofmagic.net\/wp-content\/uploads\/2025\/02\/Final-Fantasy-Commander-Deck.png","datePublished":"2025-02-21T15:24:09+00:00","dateModified":"2025-08-04T11:42:49+00:00","description":"EACH DECK CONTENTS - 100-card deck also with a 2-card Collector Booster Sample Pack, double-sided tokens, and a deck box","breadcrumb":{"@id":"https:\/\/worldsofmagic.net\/product\/final-fantasy-commander-deck\/#breadcrumb"},"inLanguage":"fr-FR","potentialAction":[{"@type":"ReadAction","target":["https:\/\/worldsofmagic.net\/product\/final-fantasy-commander-deck\/"]}]},{"@type":"ImageObject","inLanguage":"fr-FR","@id":"https:\/\/worldsofmagic.net\/product\/final-fantasy-commander-deck\/#primaryimage","url":"https:\/\/worldsofmagic.net\/wp-content\/uploads\/2025\/02\/Final-Fantasy-Commander-Deck.png","contentUrl":"https:\/\/worldsofmagic.net\/wp-content\/uploads\/2025\/02\/Final-Fantasy-Commander-Deck.png","width":300,"height":300},{"@type":"BreadcrumbList","@id":"https:\/\/worldsofmagic.net\/product\/final-fantasy-commander-deck\/#breadcrumb","itemListElement":[{"@type":"ListItem","position":1,"name":"Accueil","item":"https:\/\/worldsofmagic.net\/"},{"@type":"ListItem","position":2,"name":"Shop","item":"https:\/\/worldsofmagic.net\/shop\/"},{"@type":"ListItem","position":3,"name":"Final Fantasy Commander Deck"}]},{"@type":"WebSite","@id":"https:\/\/worldsofmagic.net\/#website","url":"https:\/\/worldsofmagic.net\/","name":"Worlds Of Magic","description":"","publisher":{"@id":"https:\/\/worldsofmagic.net\/#organization"},"potentialAction":[{"@type":"SearchAction","target":{"@type":"EntryPoint","urlTemplate":"https:\/\/worldsofmagic.net\/?s={search_term_string}"},"query-input":{"@type":"PropertyValueSpecification","valueRequired":true,"valueName":"search_term_string"}}],"inLanguage":"fr-FR"},{"@type":"Organization","@id":"https:\/\/worldsofmagic.net\/#organization","name":"Worlds Of Magic","alternateName":"Worlds Of Magic","url":"https:\/\/worldsofmagic.net\/","logo":{"@type":"ImageObject","inLanguage":"fr-FR","@id":"https:\/\/worldsofmagic.net\/#\/schema\/logo\/image\/","url":"https:\/\/worldsofmagic.net\/wp-content\/uploads\/2024\/07\/image.png","contentUrl":"https:\/\/worldsofmagic.net\/wp-content\/uploads\/2024\/07\/image.png","width":1072,"height":341,"caption":"Worlds Of Magic"},"image":{"@id":"https:\/\/worldsofmagic.net\/#\/schema\/logo\/image\/"}}]}},"jetpack_sharing_enabled":true,"_links":{"self":[{"href":"https:\/\/worldsofmagic.net\/fr\/wp-json\/wp\/v2\/product\/2338"}],"collection":[{"href":"https:\/\/worldsofmagic.net\/fr\/wp-json\/wp\/v2\/product"}],"about":[{"href":"https:\/\/worldsofmagic.net\/fr\/wp-json\/wp\/v2\/types\/product"}],"replies":[{"embeddable":true,"href":"https:\/\/worldsofmagic.net\/fr\/wp-json\/wp\/v2\/comments?post=2338"}],"wp:featuredmedia":[{"embeddable":true,"href":"https:\/\/worldsofmagic.net\/fr\/wp-json\/wp\/v2\/media\/2339"}],"wp:attachment":[{"href":"https:\/\/worldsofmagic.net\/fr\/wp-json\/wp\/v2\/media?parent=2338"}],"wp:term":[{"taxonomy":"product_cat","embeddable":true,"href":"https:\/\/worldsofmagic.net\/fr\/wp-json\/wp\/v2\/product_cat?post=2338"},{"taxonomy":"product_tag","embeddable":true,"href":"https:\/\/worldsofmagic.net\/fr\/wp-json\/wp\/v2\/product_tag?post=2338"}],"curies":[{"name":"wp","href":"https:\/\/api.w.org\/{rel}","templated":true}]}}