{"id":2353,"date":"2025-02-23T13:43:43","date_gmt":"2025-02-23T13:43:43","guid":{"rendered":"https:\/\/worldsofmagic.net\/?post_type=product&#038;p=2353"},"modified":"2025-10-04T09:12:00","modified_gmt":"2025-10-04T09:12:00","slug":"tarkir-dragonstorm-commander-deck","status":"publish","type":"product","link":"https:\/\/worldsofmagic.net\/fr\/produit\/tarkir-dragonstorm-commander-deck\/","title":{"rendered":"Tarkir : Deck de commandant de la Temp\u00eate de dragons"},"content":{"rendered":"<ul>\n<li>OBTENEZ LES 5 DECKS DE COMMANDANT DE TARKIR : DRAGONSTORM \u2013 Ce pack comprend les 5 decks, avec 1 Abzan Armor (Blanc-Noir-Vert), 1 Jeskai Striker (Bleu-Rouge-Blanc), 1 Sultai Arisen (Noir-Vert-Bleu), 1 Mardu Surge (Rouge-Blanc-Noir) et 1 Temur Roar (Vert-Bleu-Rouge)<\/li>\n<\/ul>\n<ul>\n<li>COMBATTEZ DES DRAGONS AVEC DES DRAGONS \u2013 Retournez sur Tarkir pour une bataille \u00e9pique entre dragons et clans ; d\u00e9couvrez quel clan correspond \u00e0 votre style de jeu avec un gameplay tricolore distinct et ajoutez la puissance draconique \u00e0 votre collection<\/li>\n<\/ul>\n<ul>\n<li>COMBATTEZ AUX C\u00d4T\u00c9S DE VOTRE CLAN \u2013 Les cinq clans de Tarkir sont de retour, chacun avec sa propre culture dynamique et son gameplay immersif ; trouvez votre clan et rejoignez le combat avec un style de jeu qui vous convient<\/li>\n<\/ul>\n<ul>\n<li>COMMANDANTS SANS BORDERLESS FOIL \u2013 Chaque deck de commandant Tarkir : Dragonstorm contient 2 cartes de cr\u00e9ature l\u00e9gendaire traditionnelles en aluminium pr\u00e9sentant de magnifiques illustrations sans bordure, y compris le dragon spirituel mythique de chaque clan<\/li>\n<\/ul>\n<ul>\n<li>50 NOUVELLES CARTES COMMANDANT \u2013 Chaque deck introduit 10 cartes Commander in\u00e9dites dans Magic: The Gathering ; avec ce pack des 5 decks, vous ajouterez les 50 nouvelles cartes \u00e0 votre collection !<\/li>\n<\/ul>\n<ul>\n<li>UN TR\u00c9SOR DE TR\u00c9SORS DE TARKIR POUR UN DRAGON \u2013 Chaque deck est \u00e9galement accompagn\u00e9 d&#039;un pack d&#039;\u00e9chantillons Collector Booster de 2 cartes contenant 2 cartes Tarkir : Dragonstorm \u00e0 bordure alternative<\/li>\n<\/ul>\n<ul>\n<li>CONTENU \u2013 5 decks Tarkir: Dragonstorm MTG Commander pr\u00eats \u00e0 jouer ; chaque deck de 100 cartes est \u00e9galement livr\u00e9 avec un pack d&#039;\u00e9chantillons Collector Booster de 2 cartes, 10<\/li>\n<\/ul>","protected":false},"excerpt":{"rendered":"<p>OBTENEZ LES 5 DECKS DE COMMANDANT DE TARKIR : DRAGONSTORM \u2013 Ce pack comprend les 5 decks, avec 1 Abzan Armor (Blanc-Noir-Vert), 1 Jeskai Striker (Bleu-Rouge-Blanc), 1 Sultai Arisen (Noir-Vert-Bleu), 1 Mardu Surge (Rouge-Blanc-Noir) et 1 Temur Roar (Vert-Bleu-Rouge) COMBATTEZ DES DRAGONS AVEC DES DRAGONS \u2013 Retournez sur Tarkir pour une bataille \u00e9pique entre dragons et clans ; d\u00e9couvrez quel clan [\u2026]<\/p>","protected":false},"featured_media":2358,"comment_status":"open","ping_status":"closed","template":"","meta":[],"product_cat":[34,94,21],"product_tag":[],"class_list":{"0":"post-2353","1":"product","2":"type-product","3":"status-publish","4":"has-post-thumbnail","6":"product_cat-commander","7":"product_cat-english-commander","8":"product_cat-magic-the-gathering","9":"pa_language-english","10":"pa_mtg-edition-tarkir-dragonstorm","12":"first","13":"instock","14":"purchasable","15":"product-type-simple"},"yoast_head":"<!-- This site is optimized with the Yoast SEO plugin v23.6 - https:\/\/yoast.com\/wordpress\/plugins\/seo\/ -->\n<title>Tarkir: Dragonstorm Commander Deck - Worlds Of Magic<\/title>\n<meta name=\"robots\" content=\"index, follow, max-snippet:-1, max-image-preview:large, max-video-preview:-1\" \/>\n<link rel=\"canonical\" href=\"https:\/\/worldsofmagic.net\/fr\/produit\/tarkir-dragonstorm-commander-deck\/\" \/>\n<meta property=\"og:locale\" content=\"fr_FR\" \/>\n<meta property=\"og:type\" content=\"article\" \/>\n<meta property=\"og:title\" content=\"Tarkir: Dragonstorm Commander Deck - Worlds Of Magic\" \/>\n<meta property=\"og:description\" content=\"GET ALL 5 TARKIR: DRAGONSTORM COMMANDER DECKS &#8211; This bundle includes all 5 decks, with 1 Abzan Armor (White-Black-Green), 1 Jeskai Striker (Blue-Red-White), 1 Sultai Arisen (Black-Green-Blue), 1 Mardu Surge (Red-White-Black), and 1 Temur Roar (Green-Blue-Red) FIGHT DRAGONS WITH DRAGONS &#8211; Return to Tarkir for an epic battle between dragons and clans; discover which clan [&hellip;]\" \/>\n<meta property=\"og:url\" content=\"https:\/\/worldsofmagic.net\/fr\/produit\/tarkir-dragonstorm-commander-deck\/\" \/>\n<meta property=\"og:site_name\" content=\"Worlds Of Magic\" \/>\n<meta property=\"article:modified_time\" content=\"2025-10-04T09:12:00+00:00\" \/>\n<meta property=\"og:image\" content=\"https:\/\/worldsofmagic.net\/wp-content\/uploads\/2025\/02\/Tarkir_Dragonstorm-removebg-preview.png\" \/>\n\t<meta property=\"og:image:width\" content=\"500\" \/>\n\t<meta property=\"og:image:height\" content=\"500\" \/>\n\t<meta property=\"og:image:type\" content=\"image\/png\" \/>\n<meta name=\"twitter:card\" content=\"summary_large_image\" \/>\n<meta name=\"twitter:label1\" content=\"Dur\u00e9e de lecture estim\u00e9e\" \/>\n\t<meta name=\"twitter:data1\" content=\"2 minutes\" \/>\n<script type=\"application\/ld+json\" class=\"yoast-schema-graph\">{\"@context\":\"https:\/\/schema.org\",\"@graph\":[{\"@type\":\"WebPage\",\"@id\":\"https:\/\/worldsofmagic.net\/product\/tarkir-dragonstorm-commander-deck\/\",\"url\":\"https:\/\/worldsofmagic.net\/product\/tarkir-dragonstorm-commander-deck\/\",\"name\":\"Tarkir: Dragonstorm Commander Deck - Worlds Of Magic\",\"isPartOf\":{\"@id\":\"https:\/\/worldsofmagic.net\/#website\"},\"primaryImageOfPage\":{\"@id\":\"https:\/\/worldsofmagic.net\/product\/tarkir-dragonstorm-commander-deck\/#primaryimage\"},\"image\":{\"@id\":\"https:\/\/worldsofmagic.net\/product\/tarkir-dragonstorm-commander-deck\/#primaryimage\"},\"thumbnailUrl\":\"https:\/\/worldsofmagic.net\/wp-content\/uploads\/2025\/02\/Tarkir_Dragonstorm-removebg-preview.png\",\"datePublished\":\"2025-02-23T13:43:43+00:00\",\"dateModified\":\"2025-10-04T09:12:00+00:00\",\"breadcrumb\":{\"@id\":\"https:\/\/worldsofmagic.net\/product\/tarkir-dragonstorm-commander-deck\/#breadcrumb\"},\"inLanguage\":\"fr-FR\",\"potentialAction\":[{\"@type\":\"ReadAction\",\"target\":[\"https:\/\/worldsofmagic.net\/product\/tarkir-dragonstorm-commander-deck\/\"]}]},{\"@type\":\"ImageObject\",\"inLanguage\":\"fr-FR\",\"@id\":\"https:\/\/worldsofmagic.net\/product\/tarkir-dragonstorm-commander-deck\/#primaryimage\",\"url\":\"https:\/\/worldsofmagic.net\/wp-content\/uploads\/2025\/02\/Tarkir_Dragonstorm-removebg-preview.png\",\"contentUrl\":\"https:\/\/worldsofmagic.net\/wp-content\/uploads\/2025\/02\/Tarkir_Dragonstorm-removebg-preview.png\",\"width\":500,\"height\":500},{\"@type\":\"BreadcrumbList\",\"@id\":\"https:\/\/worldsofmagic.net\/product\/tarkir-dragonstorm-commander-deck\/#breadcrumb\",\"itemListElement\":[{\"@type\":\"ListItem\",\"position\":1,\"name\":\"Accueil\",\"item\":\"https:\/\/worldsofmagic.net\/\"},{\"@type\":\"ListItem\",\"position\":2,\"name\":\"Shop\",\"item\":\"https:\/\/worldsofmagic.net\/shop\/\"},{\"@type\":\"ListItem\",\"position\":3,\"name\":\"Tarkir: Dragonstorm Commander Deck\"}]},{\"@type\":\"WebSite\",\"@id\":\"https:\/\/worldsofmagic.net\/#website\",\"url\":\"https:\/\/worldsofmagic.net\/\",\"name\":\"Worlds Of Magic\",\"description\":\"\",\"publisher\":{\"@id\":\"https:\/\/worldsofmagic.net\/#organization\"},\"potentialAction\":[{\"@type\":\"SearchAction\",\"target\":{\"@type\":\"EntryPoint\",\"urlTemplate\":\"https:\/\/worldsofmagic.net\/?s={search_term_string}\"},\"query-input\":{\"@type\":\"PropertyValueSpecification\",\"valueRequired\":true,\"valueName\":\"search_term_string\"}}],\"inLanguage\":\"fr-FR\"},{\"@type\":\"Organization\",\"@id\":\"https:\/\/worldsofmagic.net\/#organization\",\"name\":\"Worlds Of Magic\",\"alternateName\":\"Worlds Of Magic\",\"url\":\"https:\/\/worldsofmagic.net\/\",\"logo\":{\"@type\":\"ImageObject\",\"inLanguage\":\"fr-FR\",\"@id\":\"https:\/\/worldsofmagic.net\/#\/schema\/logo\/image\/\",\"url\":\"https:\/\/worldsofmagic.net\/wp-content\/uploads\/2024\/07\/image.png\",\"contentUrl\":\"https:\/\/worldsofmagic.net\/wp-content\/uploads\/2024\/07\/image.png\",\"width\":1072,\"height\":341,\"caption\":\"Worlds Of Magic\"},\"image\":{\"@id\":\"https:\/\/worldsofmagic.net\/#\/schema\/logo\/image\/\"}}]}<\/script>\n<!-- \/ Yoast SEO plugin. -->","yoast_head_json":{"title":"Tarkir: Dragonstorm Commander Deck - Worlds Of Magic","robots":{"index":"index","follow":"follow","max-snippet":"max-snippet:-1","max-image-preview":"max-image-preview:large","max-video-preview":"max-video-preview:-1"},"canonical":"https:\/\/worldsofmagic.net\/fr\/produit\/tarkir-dragonstorm-commander-deck\/","og_locale":"fr_FR","og_type":"article","og_title":"Tarkir: Dragonstorm Commander Deck - Worlds Of Magic","og_description":"GET ALL 5 TARKIR: DRAGONSTORM COMMANDER DECKS &#8211; This bundle includes all 5 decks, with 1 Abzan Armor (White-Black-Green), 1 Jeskai Striker (Blue-Red-White), 1 Sultai Arisen (Black-Green-Blue), 1 Mardu Surge (Red-White-Black), and 1 Temur Roar (Green-Blue-Red) FIGHT DRAGONS WITH DRAGONS &#8211; Return to Tarkir for an epic battle between dragons and clans; discover which clan [&hellip;]","og_url":"https:\/\/worldsofmagic.net\/fr\/produit\/tarkir-dragonstorm-commander-deck\/","og_site_name":"Worlds Of Magic","article_modified_time":"2025-10-04T09:12:00+00:00","og_image":[{"width":500,"height":500,"url":"https:\/\/worldsofmagic.net\/wp-content\/uploads\/2025\/02\/Tarkir_Dragonstorm-removebg-preview.png","type":"image\/png"}],"twitter_card":"summary_large_image","twitter_misc":{"Dur\u00e9e de lecture estim\u00e9e":"2 minutes"},"schema":{"@context":"https:\/\/schema.org","@graph":[{"@type":"WebPage","@id":"https:\/\/worldsofmagic.net\/product\/tarkir-dragonstorm-commander-deck\/","url":"https:\/\/worldsofmagic.net\/product\/tarkir-dragonstorm-commander-deck\/","name":"Tarkir: Dragonstorm Commander Deck - Worlds Of Magic","isPartOf":{"@id":"https:\/\/worldsofmagic.net\/#website"},"primaryImageOfPage":{"@id":"https:\/\/worldsofmagic.net\/product\/tarkir-dragonstorm-commander-deck\/#primaryimage"},"image":{"@id":"https:\/\/worldsofmagic.net\/product\/tarkir-dragonstorm-commander-deck\/#primaryimage"},"thumbnailUrl":"https:\/\/worldsofmagic.net\/wp-content\/uploads\/2025\/02\/Tarkir_Dragonstorm-removebg-preview.png","datePublished":"2025-02-23T13:43:43+00:00","dateModified":"2025-10-04T09:12:00+00:00","breadcrumb":{"@id":"https:\/\/worldsofmagic.net\/product\/tarkir-dragonstorm-commander-deck\/#breadcrumb"},"inLanguage":"fr-FR","potentialAction":[{"@type":"ReadAction","target":["https:\/\/worldsofmagic.net\/product\/tarkir-dragonstorm-commander-deck\/"]}]},{"@type":"ImageObject","inLanguage":"fr-FR","@id":"https:\/\/worldsofmagic.net\/product\/tarkir-dragonstorm-commander-deck\/#primaryimage","url":"https:\/\/worldsofmagic.net\/wp-content\/uploads\/2025\/02\/Tarkir_Dragonstorm-removebg-preview.png","contentUrl":"https:\/\/worldsofmagic.net\/wp-content\/uploads\/2025\/02\/Tarkir_Dragonstorm-removebg-preview.png","width":500,"height":500},{"@type":"BreadcrumbList","@id":"https:\/\/worldsofmagic.net\/product\/tarkir-dragonstorm-commander-deck\/#breadcrumb","itemListElement":[{"@type":"ListItem","position":1,"name":"Accueil","item":"https:\/\/worldsofmagic.net\/"},{"@type":"ListItem","position":2,"name":"Shop","item":"https:\/\/worldsofmagic.net\/shop\/"},{"@type":"ListItem","position":3,"name":"Tarkir: Dragonstorm Commander Deck"}]},{"@type":"WebSite","@id":"https:\/\/worldsofmagic.net\/#website","url":"https:\/\/worldsofmagic.net\/","name":"Worlds Of Magic","description":"","publisher":{"@id":"https:\/\/worldsofmagic.net\/#organization"},"potentialAction":[{"@type":"SearchAction","target":{"@type":"EntryPoint","urlTemplate":"https:\/\/worldsofmagic.net\/?s={search_term_string}"},"query-input":{"@type":"PropertyValueSpecification","valueRequired":true,"valueName":"search_term_string"}}],"inLanguage":"fr-FR"},{"@type":"Organization","@id":"https:\/\/worldsofmagic.net\/#organization","name":"Worlds Of Magic","alternateName":"Worlds Of Magic","url":"https:\/\/worldsofmagic.net\/","logo":{"@type":"ImageObject","inLanguage":"fr-FR","@id":"https:\/\/worldsofmagic.net\/#\/schema\/logo\/image\/","url":"https:\/\/worldsofmagic.net\/wp-content\/uploads\/2024\/07\/image.png","contentUrl":"https:\/\/worldsofmagic.net\/wp-content\/uploads\/2024\/07\/image.png","width":1072,"height":341,"caption":"Worlds Of Magic"},"image":{"@id":"https:\/\/worldsofmagic.net\/#\/schema\/logo\/image\/"}}]}},"jetpack_sharing_enabled":true,"_links":{"self":[{"href":"https:\/\/worldsofmagic.net\/fr\/wp-json\/wp\/v2\/product\/2353"}],"collection":[{"href":"https:\/\/worldsofmagic.net\/fr\/wp-json\/wp\/v2\/product"}],"about":[{"href":"https:\/\/worldsofmagic.net\/fr\/wp-json\/wp\/v2\/types\/product"}],"replies":[{"embeddable":true,"href":"https:\/\/worldsofmagic.net\/fr\/wp-json\/wp\/v2\/comments?post=2353"}],"wp:featuredmedia":[{"embeddable":true,"href":"https:\/\/worldsofmagic.net\/fr\/wp-json\/wp\/v2\/media\/2358"}],"wp:attachment":[{"href":"https:\/\/worldsofmagic.net\/fr\/wp-json\/wp\/v2\/media?parent=2353"}],"wp:term":[{"taxonomy":"product_cat","embeddable":true,"href":"https:\/\/worldsofmagic.net\/fr\/wp-json\/wp\/v2\/product_cat?post=2353"},{"taxonomy":"product_tag","embeddable":true,"href":"https:\/\/worldsofmagic.net\/fr\/wp-json\/wp\/v2\/product_tag?post=2353"}],"curies":[{"name":"wp","href":"https:\/\/api.w.org\/{rel}","templated":true}]}}