{"id":2361,"date":"2025-02-23T14:19:57","date_gmt":"2025-02-23T14:19:57","guid":{"rendered":"https:\/\/worldsofmagic.net\/?post_type=product&#038;p=2361"},"modified":"2025-08-04T11:42:10","modified_gmt":"2025-08-04T11:42:10","slug":"tarkir-dragonstorm-play-booster-box","status":"publish","type":"product","link":"https:\/\/worldsofmagic.net\/fr\/produit\/tarkir-dragonstorm-play-booster-box\/","title":{"rendered":"Coffret de boosters de jeu Tarkir : Dragonstorm"},"content":{"rendered":"<hr \/>\n<ul>\n<li>COMBATTEZ DES DRAGONS AVEC DES DRAGONS \u2013 Retournez sur Tarkir pour une bataille \u00e9pique entre dragons et clans ; d\u00e9couvrez quel clan correspond \u00e0 votre style de jeu gr\u00e2ce \u00e0 un gameplay tricolore distinct et ajoutez de la puissance draconique \u00e0 votre collection<\/li>\n<\/ul>\n<ul>\n<li>MEILLEURS BOOSTERS POUR JOUER AVEC DES AMIS \u2013 Les boosters de jeu sont le meilleur moyen de d\u00e9couvrir ce que Magic: The Gathering a \u00e0 offrir ; ils sont parfaits pour construire des decks, jouer \u00e0 des parties limit\u00e9es avec des amis et sont tr\u00e8s amusants \u00e0 ouvrir<\/li>\n<\/ul>\n<ul>\n<li>UN TR\u00c9SOR DE TR\u00c9SORS DE TARKIR D&#039;UN DRAGON \u2013 Chaque booster de jeu contient 1 \u00e0 4 cartes de raret\u00e9 rare ou sup\u00e9rieure, y compris la possibilit\u00e9 d&#039;un invit\u00e9 sp\u00e9cial rare mythique de l&#039;histoire de Magic avec de nouvelles illustrations Borderless<\/li>\n<\/ul>\n<ul>\n<li>UNE CARTE FOIL BRILLANTE DANS CHAQUE PAQUET \u2013 Chaque booster contient \u00e9galement au moins une carte Foil traditionnelle brillante de n&#039;importe quelle raret\u00e9\u00a0; dans 201\u00a0TP3T de paquets, vous ajouterez une carte brillante suppl\u00e9mentaire \u00e0 votre tr\u00e9sor avec un terrain Foil traditionnel<\/li>\n<\/ul>\n<ul>\n<li>PEUT CONTENIR DES CARTES ARTISTIQUES \u2013 Trouv\u00e9s uniquement dans les boosters de jeu, certains packs contiennent une carte Art pr\u00e9sentant une \u0153uvre d&#039;art de l&#039;ensemble Tarkir : Dragonstorm et peuvent m\u00eame comporter une signature en aluminium de l&#039;artiste<\/li>\n<\/ul>\n<ul>\n<li>CONTENU DE LA BO\u00ceTE DE JEU BOOSTER \u2013 30 boosters de jeu Tarkir : Temp\u00eate de Dragons, chacun contenant 14 cartes MTG et 1 carte Jeton ou Art<\/li>\n<\/ul>","protected":false},"excerpt":{"rendered":"<hr \/>\n<ul>\n<li>CONTENU DE LA BO\u00ceTE DE JEU BOOSTER \u2013 30 boosters de jeu Tarkir : Temp\u00eate de Dragons, chacun contenant 14 cartes MTG et 1 carte Jeton ou Art<\/li>\n<\/ul>","protected":false},"featured_media":2362,"comment_status":"open","ping_status":"closed","template":"","meta":[],"product_cat":[27,84,21],"product_tag":[],"class_list":{"0":"post-2361","1":"product","2":"type-product","3":"status-publish","4":"has-post-thumbnail","6":"product_cat-boosterboxes","7":"product_cat-english-boosterboxes","8":"product_cat-magic-the-gathering","9":"pa_language-english","10":"pa_mtg-edition-tarkir-dragonstorm","12":"first","13":"instock","14":"purchasable","15":"product-type-simple"},"yoast_head":"<!-- This site is optimized with the Yoast SEO plugin v23.6 - https:\/\/yoast.com\/wordpress\/plugins\/seo\/ -->\n<title>Tarkir: Dragonstorm Play Booster Box - Worlds Of Magic<\/title>\n<meta name=\"description\" content=\"PLAY BOOSTER BOX CONTENTS - 30 Tarkir: Dragonstorm Play Boosters, each containing 14 MTG cards and 1 Token or Art card\" \/>\n<meta name=\"robots\" content=\"index, follow, max-snippet:-1, max-image-preview:large, max-video-preview:-1\" \/>\n<link rel=\"canonical\" href=\"https:\/\/worldsofmagic.net\/fr\/produit\/tarkir-dragonstorm-play-booster-box\/\" \/>\n<meta property=\"og:locale\" content=\"fr_FR\" \/>\n<meta property=\"og:type\" content=\"article\" \/>\n<meta property=\"og:title\" content=\"Tarkir: Dragonstorm Play Booster Box - Worlds Of Magic\" \/>\n<meta property=\"og:description\" content=\"PLAY BOOSTER BOX CONTENTS - 30 Tarkir: Dragonstorm Play Boosters, each containing 14 MTG cards and 1 Token or Art card\" \/>\n<meta property=\"og:url\" content=\"https:\/\/worldsofmagic.net\/fr\/produit\/tarkir-dragonstorm-play-booster-box\/\" \/>\n<meta property=\"og:site_name\" content=\"Worlds Of Magic\" \/>\n<meta property=\"article:modified_time\" content=\"2025-08-04T11:42:10+00:00\" \/>\n<meta property=\"og:image\" content=\"https:\/\/worldsofmagic.net\/wp-content\/uploads\/2025\/02\/tarkirdragonstormplayboosterpreorderspoilerreleasedateapril11.webp\" \/>\n\t<meta property=\"og:image:width\" content=\"900\" \/>\n\t<meta property=\"og:image:height\" content=\"743\" \/>\n\t<meta property=\"og:image:type\" content=\"image\/webp\" \/>\n<meta name=\"twitter:card\" content=\"summary_large_image\" \/>\n<meta name=\"twitter:label1\" content=\"Dur\u00e9e de lecture estim\u00e9e\" \/>\n\t<meta name=\"twitter:data1\" content=\"2 minutes\" \/>\n<script type=\"application\/ld+json\" class=\"yoast-schema-graph\">{\"@context\":\"https:\/\/schema.org\",\"@graph\":[{\"@type\":\"WebPage\",\"@id\":\"https:\/\/worldsofmagic.net\/product\/tarkir-dragonstorm-play-booster-box\/\",\"url\":\"https:\/\/worldsofmagic.net\/product\/tarkir-dragonstorm-play-booster-box\/\",\"name\":\"Tarkir: Dragonstorm Play Booster Box - Worlds Of Magic\",\"isPartOf\":{\"@id\":\"https:\/\/worldsofmagic.net\/#website\"},\"primaryImageOfPage\":{\"@id\":\"https:\/\/worldsofmagic.net\/product\/tarkir-dragonstorm-play-booster-box\/#primaryimage\"},\"image\":{\"@id\":\"https:\/\/worldsofmagic.net\/product\/tarkir-dragonstorm-play-booster-box\/#primaryimage\"},\"thumbnailUrl\":\"https:\/\/worldsofmagic.net\/wp-content\/uploads\/2025\/02\/tarkirdragonstormplayboosterpreorderspoilerreleasedateapril11.webp\",\"datePublished\":\"2025-02-23T14:19:57+00:00\",\"dateModified\":\"2025-08-04T11:42:10+00:00\",\"description\":\"PLAY BOOSTER BOX CONTENTS - 30 Tarkir: Dragonstorm Play Boosters, each containing 14 MTG cards and 1 Token or Art card\",\"breadcrumb\":{\"@id\":\"https:\/\/worldsofmagic.net\/product\/tarkir-dragonstorm-play-booster-box\/#breadcrumb\"},\"inLanguage\":\"fr-FR\",\"potentialAction\":[{\"@type\":\"ReadAction\",\"target\":[\"https:\/\/worldsofmagic.net\/product\/tarkir-dragonstorm-play-booster-box\/\"]}]},{\"@type\":\"ImageObject\",\"inLanguage\":\"fr-FR\",\"@id\":\"https:\/\/worldsofmagic.net\/product\/tarkir-dragonstorm-play-booster-box\/#primaryimage\",\"url\":\"https:\/\/worldsofmagic.net\/wp-content\/uploads\/2025\/02\/tarkirdragonstormplayboosterpreorderspoilerreleasedateapril11.webp\",\"contentUrl\":\"https:\/\/worldsofmagic.net\/wp-content\/uploads\/2025\/02\/tarkirdragonstormplayboosterpreorderspoilerreleasedateapril11.webp\",\"width\":900,\"height\":743},{\"@type\":\"BreadcrumbList\",\"@id\":\"https:\/\/worldsofmagic.net\/product\/tarkir-dragonstorm-play-booster-box\/#breadcrumb\",\"itemListElement\":[{\"@type\":\"ListItem\",\"position\":1,\"name\":\"Accueil\",\"item\":\"https:\/\/worldsofmagic.net\/\"},{\"@type\":\"ListItem\",\"position\":2,\"name\":\"Shop\",\"item\":\"https:\/\/worldsofmagic.net\/shop\/\"},{\"@type\":\"ListItem\",\"position\":3,\"name\":\"Tarkir: Dragonstorm Play Booster Box\"}]},{\"@type\":\"WebSite\",\"@id\":\"https:\/\/worldsofmagic.net\/#website\",\"url\":\"https:\/\/worldsofmagic.net\/\",\"name\":\"Worlds Of Magic\",\"description\":\"\",\"publisher\":{\"@id\":\"https:\/\/worldsofmagic.net\/#organization\"},\"potentialAction\":[{\"@type\":\"SearchAction\",\"target\":{\"@type\":\"EntryPoint\",\"urlTemplate\":\"https:\/\/worldsofmagic.net\/?s={search_term_string}\"},\"query-input\":{\"@type\":\"PropertyValueSpecification\",\"valueRequired\":true,\"valueName\":\"search_term_string\"}}],\"inLanguage\":\"fr-FR\"},{\"@type\":\"Organization\",\"@id\":\"https:\/\/worldsofmagic.net\/#organization\",\"name\":\"Worlds Of Magic\",\"alternateName\":\"Worlds Of Magic\",\"url\":\"https:\/\/worldsofmagic.net\/\",\"logo\":{\"@type\":\"ImageObject\",\"inLanguage\":\"fr-FR\",\"@id\":\"https:\/\/worldsofmagic.net\/#\/schema\/logo\/image\/\",\"url\":\"https:\/\/worldsofmagic.net\/wp-content\/uploads\/2024\/07\/image.png\",\"contentUrl\":\"https:\/\/worldsofmagic.net\/wp-content\/uploads\/2024\/07\/image.png\",\"width\":1072,\"height\":341,\"caption\":\"Worlds Of Magic\"},\"image\":{\"@id\":\"https:\/\/worldsofmagic.net\/#\/schema\/logo\/image\/\"}}]}<\/script>\n<!-- \/ Yoast SEO plugin. -->","yoast_head_json":{"title":"Tarkir: Dragonstorm Play Booster Box - Worlds Of Magic","description":"PLAY BOOSTER BOX CONTENTS - 30 Tarkir: Dragonstorm Play Boosters, each containing 14 MTG cards and 1 Token or Art card","robots":{"index":"index","follow":"follow","max-snippet":"max-snippet:-1","max-image-preview":"max-image-preview:large","max-video-preview":"max-video-preview:-1"},"canonical":"https:\/\/worldsofmagic.net\/fr\/produit\/tarkir-dragonstorm-play-booster-box\/","og_locale":"fr_FR","og_type":"article","og_title":"Tarkir: Dragonstorm Play Booster Box - Worlds Of Magic","og_description":"PLAY BOOSTER BOX CONTENTS - 30 Tarkir: Dragonstorm Play Boosters, each containing 14 MTG cards and 1 Token or Art card","og_url":"https:\/\/worldsofmagic.net\/fr\/produit\/tarkir-dragonstorm-play-booster-box\/","og_site_name":"Worlds Of Magic","article_modified_time":"2025-08-04T11:42:10+00:00","og_image":[{"width":900,"height":743,"url":"https:\/\/worldsofmagic.net\/wp-content\/uploads\/2025\/02\/tarkirdragonstormplayboosterpreorderspoilerreleasedateapril11.webp","type":"image\/webp"}],"twitter_card":"summary_large_image","twitter_misc":{"Dur\u00e9e de lecture estim\u00e9e":"2 minutes"},"schema":{"@context":"https:\/\/schema.org","@graph":[{"@type":"WebPage","@id":"https:\/\/worldsofmagic.net\/product\/tarkir-dragonstorm-play-booster-box\/","url":"https:\/\/worldsofmagic.net\/product\/tarkir-dragonstorm-play-booster-box\/","name":"Tarkir: Dragonstorm Play Booster Box - Worlds Of Magic","isPartOf":{"@id":"https:\/\/worldsofmagic.net\/#website"},"primaryImageOfPage":{"@id":"https:\/\/worldsofmagic.net\/product\/tarkir-dragonstorm-play-booster-box\/#primaryimage"},"image":{"@id":"https:\/\/worldsofmagic.net\/product\/tarkir-dragonstorm-play-booster-box\/#primaryimage"},"thumbnailUrl":"https:\/\/worldsofmagic.net\/wp-content\/uploads\/2025\/02\/tarkirdragonstormplayboosterpreorderspoilerreleasedateapril11.webp","datePublished":"2025-02-23T14:19:57+00:00","dateModified":"2025-08-04T11:42:10+00:00","description":"PLAY BOOSTER BOX CONTENTS - 30 Tarkir: Dragonstorm Play Boosters, each containing 14 MTG cards and 1 Token or Art card","breadcrumb":{"@id":"https:\/\/worldsofmagic.net\/product\/tarkir-dragonstorm-play-booster-box\/#breadcrumb"},"inLanguage":"fr-FR","potentialAction":[{"@type":"ReadAction","target":["https:\/\/worldsofmagic.net\/product\/tarkir-dragonstorm-play-booster-box\/"]}]},{"@type":"ImageObject","inLanguage":"fr-FR","@id":"https:\/\/worldsofmagic.net\/product\/tarkir-dragonstorm-play-booster-box\/#primaryimage","url":"https:\/\/worldsofmagic.net\/wp-content\/uploads\/2025\/02\/tarkirdragonstormplayboosterpreorderspoilerreleasedateapril11.webp","contentUrl":"https:\/\/worldsofmagic.net\/wp-content\/uploads\/2025\/02\/tarkirdragonstormplayboosterpreorderspoilerreleasedateapril11.webp","width":900,"height":743},{"@type":"BreadcrumbList","@id":"https:\/\/worldsofmagic.net\/product\/tarkir-dragonstorm-play-booster-box\/#breadcrumb","itemListElement":[{"@type":"ListItem","position":1,"name":"Accueil","item":"https:\/\/worldsofmagic.net\/"},{"@type":"ListItem","position":2,"name":"Shop","item":"https:\/\/worldsofmagic.net\/shop\/"},{"@type":"ListItem","position":3,"name":"Tarkir: Dragonstorm Play Booster Box"}]},{"@type":"WebSite","@id":"https:\/\/worldsofmagic.net\/#website","url":"https:\/\/worldsofmagic.net\/","name":"Worlds Of Magic","description":"","publisher":{"@id":"https:\/\/worldsofmagic.net\/#organization"},"potentialAction":[{"@type":"SearchAction","target":{"@type":"EntryPoint","urlTemplate":"https:\/\/worldsofmagic.net\/?s={search_term_string}"},"query-input":{"@type":"PropertyValueSpecification","valueRequired":true,"valueName":"search_term_string"}}],"inLanguage":"fr-FR"},{"@type":"Organization","@id":"https:\/\/worldsofmagic.net\/#organization","name":"Worlds Of Magic","alternateName":"Worlds Of Magic","url":"https:\/\/worldsofmagic.net\/","logo":{"@type":"ImageObject","inLanguage":"fr-FR","@id":"https:\/\/worldsofmagic.net\/#\/schema\/logo\/image\/","url":"https:\/\/worldsofmagic.net\/wp-content\/uploads\/2024\/07\/image.png","contentUrl":"https:\/\/worldsofmagic.net\/wp-content\/uploads\/2024\/07\/image.png","width":1072,"height":341,"caption":"Worlds Of Magic"},"image":{"@id":"https:\/\/worldsofmagic.net\/#\/schema\/logo\/image\/"}}]}},"jetpack_sharing_enabled":true,"_links":{"self":[{"href":"https:\/\/worldsofmagic.net\/fr\/wp-json\/wp\/v2\/product\/2361"}],"collection":[{"href":"https:\/\/worldsofmagic.net\/fr\/wp-json\/wp\/v2\/product"}],"about":[{"href":"https:\/\/worldsofmagic.net\/fr\/wp-json\/wp\/v2\/types\/product"}],"replies":[{"embeddable":true,"href":"https:\/\/worldsofmagic.net\/fr\/wp-json\/wp\/v2\/comments?post=2361"}],"wp:featuredmedia":[{"embeddable":true,"href":"https:\/\/worldsofmagic.net\/fr\/wp-json\/wp\/v2\/media\/2362"}],"wp:attachment":[{"href":"https:\/\/worldsofmagic.net\/fr\/wp-json\/wp\/v2\/media?parent=2361"}],"wp:term":[{"taxonomy":"product_cat","embeddable":true,"href":"https:\/\/worldsofmagic.net\/fr\/wp-json\/wp\/v2\/product_cat?post=2361"},{"taxonomy":"product_tag","embeddable":true,"href":"https:\/\/worldsofmagic.net\/fr\/wp-json\/wp\/v2\/product_tag?post=2361"}],"curies":[{"name":"wp","href":"https:\/\/api.w.org\/{rel}","templated":true}]}}