{"id":2380,"date":"2025-02-28T15:52:07","date_gmt":"2025-02-28T15:52:07","guid":{"rendered":"https:\/\/worldsofmagic.net\/?post_type=product&#038;p=2380"},"modified":"2025-07-13T12:39:46","modified_gmt":"2025-07-13T12:39:46","slug":"star-wars-unlimited-jump-to-lightspeed-carbonite-booster-display","status":"publish","type":"product","link":"https:\/\/worldsofmagic.net\/fr\/produit\/star-wars-unlimited-jump-to-lightspeed-carbonite-booster-display\/","title":{"rendered":"Star Wars\u00a0: Unlimited \u2013 Affichage du booster de carbonite \u00e0 la vitesse de la lumi\u00e8re"},"content":{"rendered":"<div class=\"shortdesc mb-xs\">\n<ul>\n<li>Le booster Jump to Lightspeed Carbonite comprend 12 packs, comprenant des cartes Prestige rares et des variantes Hyperspace exclusives \u00e0 cet ensemble.<\/li>\n<li>Chaque pack contient 1 carte Prestige, 1 carte Rare\/L\u00e9gendaire, 6 cartes premium, 1 Leader Hyperespace, 4 cartes Hyperespace et 2 cartes Hyperespace.<\/li>\n<li>D\u00e9couvrez les variantes Prestige des cartes existantes disponibles uniquement dans les packs Carbonite, ajoutant une touche unique \u00e0 votre collection Star Wars: Unlimited.<\/li>\n<li>Con\u00e7u pour les collectionneurs et les joueurs cherchant \u00e0 am\u00e9liorer leurs decks avec des cartes puissantes et une esth\u00e9tique exclusive.<\/li>\n<li>Enti\u00e8rement compatible avec les extensions pr\u00e9c\u00e9dentes, ce pr\u00e9sentoir booster est un incontournable pour les fans de Star Wars : Unlimited.<\/li>\n<\/ul>\n<\/div>","protected":false},"excerpt":{"rendered":"<p>Le pr\u00e9sentoir de boosters Carbonite \u00ab\u00a0Saut vers la vitesse de la lumi\u00e8re\u00a0\u00bb comprend 12 paquets, contenant des cartes Prestige rares et des variantes Hyperespace exclusives \u00e0 ce set. Chaque paquet contient 1 carte Prestige, 1 carte Rare\/L\u00e9gendaire premium, 6 cartes premium premium, 1 carte Leader Hyperespace, 4 cartes Hyperespace et 2 cartes Hyperespace premium. D\u00e9couvrez les variantes Prestige des cartes existantes, disponibles uniquement dans les paquets Carbonite, en ajoutant [\u2026]<\/p>","protected":false},"featured_media":2379,"comment_status":"open","ping_status":"closed","template":"","meta":[],"product_cat":[44,43],"product_tag":[],"class_list":{"0":"post-2380","1":"product","2":"type-product","3":"status-publish","4":"has-post-thumbnail","6":"product_cat-booster-box","7":"product_cat-star-wars","8":"pa_language-english","9":"pa_sw-jump-to-lightspeed","11":"first","12":"instock","13":"purchasable","14":"product-type-simple"},"yoast_head":"<!-- This site is optimized with the Yoast SEO plugin v23.6 - https:\/\/yoast.com\/wordpress\/plugins\/seo\/ -->\n<title>Jump to Lightspeed Carbonite Booster Display<\/title>\n<meta name=\"robots\" content=\"index, follow, max-snippet:-1, max-image-preview:large, max-video-preview:-1\" \/>\n<link rel=\"canonical\" href=\"https:\/\/worldsofmagic.net\/fr\/produit\/star-wars-unlimited-jump-to-lightspeed-carbonite-booster-display\/\" \/>\n<meta property=\"og:locale\" content=\"fr_FR\" \/>\n<meta property=\"og:type\" content=\"article\" \/>\n<meta property=\"og:title\" content=\"Jump to Lightspeed Carbonite Booster Display\" \/>\n<meta property=\"og:description\" content=\"The Jump to Lightspeed Carbonite Booster Display includes 12 packs, featuring rare Prestige cards and Hyperspace variants exclusive to this set. Each pack contains 1 Prestige card, 1 foil Rare\/Legendary, 6 premium foils, 1 Hyperspace Leader, 4 Hyperspace cards, and 2 Hyperspace foils. Discover Prestige variants of existing cards available only in Carbonite packs, adding [&hellip;]\" \/>\n<meta property=\"og:url\" content=\"https:\/\/worldsofmagic.net\/fr\/produit\/star-wars-unlimited-jump-to-lightspeed-carbonite-booster-display\/\" \/>\n<meta property=\"og:site_name\" content=\"Worlds Of Magic\" \/>\n<meta property=\"article:modified_time\" content=\"2025-07-13T12:39:46+00:00\" \/>\n<meta property=\"og:image\" content=\"https:\/\/worldsofmagic.net\/wp-content\/uploads\/2025\/02\/Star-Wars-Unlimited-Jump-to-Lightspeed-Carbonite-Booster-Display.png\" \/>\n\t<meta property=\"og:image:width\" content=\"300\" \/>\n\t<meta property=\"og:image:height\" content=\"300\" \/>\n\t<meta property=\"og:image:type\" content=\"image\/png\" \/>\n<meta name=\"twitter:card\" content=\"summary_large_image\" \/>\n<meta name=\"twitter:label1\" content=\"Dur\u00e9e de lecture estim\u00e9e\" \/>\n\t<meta name=\"twitter:data1\" content=\"1 minute\" \/>\n<script type=\"application\/ld+json\" class=\"yoast-schema-graph\">{\"@context\":\"https:\/\/schema.org\",\"@graph\":[{\"@type\":\"WebPage\",\"@id\":\"https:\/\/worldsofmagic.net\/product\/star-wars-unlimited-jump-to-lightspeed-carbonite-booster-display\/\",\"url\":\"https:\/\/worldsofmagic.net\/product\/star-wars-unlimited-jump-to-lightspeed-carbonite-booster-display\/\",\"name\":\"Jump to Lightspeed Carbonite Booster Display\",\"isPartOf\":{\"@id\":\"https:\/\/worldsofmagic.net\/#website\"},\"primaryImageOfPage\":{\"@id\":\"https:\/\/worldsofmagic.net\/product\/star-wars-unlimited-jump-to-lightspeed-carbonite-booster-display\/#primaryimage\"},\"image\":{\"@id\":\"https:\/\/worldsofmagic.net\/product\/star-wars-unlimited-jump-to-lightspeed-carbonite-booster-display\/#primaryimage\"},\"thumbnailUrl\":\"https:\/\/worldsofmagic.net\/wp-content\/uploads\/2025\/02\/Star-Wars-Unlimited-Jump-to-Lightspeed-Carbonite-Booster-Display.png\",\"datePublished\":\"2025-02-28T15:52:07+00:00\",\"dateModified\":\"2025-07-13T12:39:46+00:00\",\"breadcrumb\":{\"@id\":\"https:\/\/worldsofmagic.net\/product\/star-wars-unlimited-jump-to-lightspeed-carbonite-booster-display\/#breadcrumb\"},\"inLanguage\":\"fr-FR\",\"potentialAction\":[{\"@type\":\"ReadAction\",\"target\":[\"https:\/\/worldsofmagic.net\/product\/star-wars-unlimited-jump-to-lightspeed-carbonite-booster-display\/\"]}]},{\"@type\":\"ImageObject\",\"inLanguage\":\"fr-FR\",\"@id\":\"https:\/\/worldsofmagic.net\/product\/star-wars-unlimited-jump-to-lightspeed-carbonite-booster-display\/#primaryimage\",\"url\":\"https:\/\/worldsofmagic.net\/wp-content\/uploads\/2025\/02\/Star-Wars-Unlimited-Jump-to-Lightspeed-Carbonite-Booster-Display.png\",\"contentUrl\":\"https:\/\/worldsofmagic.net\/wp-content\/uploads\/2025\/02\/Star-Wars-Unlimited-Jump-to-Lightspeed-Carbonite-Booster-Display.png\",\"width\":300,\"height\":300},{\"@type\":\"BreadcrumbList\",\"@id\":\"https:\/\/worldsofmagic.net\/product\/star-wars-unlimited-jump-to-lightspeed-carbonite-booster-display\/#breadcrumb\",\"itemListElement\":[{\"@type\":\"ListItem\",\"position\":1,\"name\":\"Accueil\",\"item\":\"https:\/\/worldsofmagic.net\/\"},{\"@type\":\"ListItem\",\"position\":2,\"name\":\"Shop\",\"item\":\"https:\/\/worldsofmagic.net\/shop\/\"},{\"@type\":\"ListItem\",\"position\":3,\"name\":\"Star Wars: Unlimited &#8211; Jump to Lightspeed Carbonite Booster Display\"}]},{\"@type\":\"WebSite\",\"@id\":\"https:\/\/worldsofmagic.net\/#website\",\"url\":\"https:\/\/worldsofmagic.net\/\",\"name\":\"Worlds Of Magic\",\"description\":\"\",\"publisher\":{\"@id\":\"https:\/\/worldsofmagic.net\/#organization\"},\"potentialAction\":[{\"@type\":\"SearchAction\",\"target\":{\"@type\":\"EntryPoint\",\"urlTemplate\":\"https:\/\/worldsofmagic.net\/?s={search_term_string}\"},\"query-input\":{\"@type\":\"PropertyValueSpecification\",\"valueRequired\":true,\"valueName\":\"search_term_string\"}}],\"inLanguage\":\"fr-FR\"},{\"@type\":\"Organization\",\"@id\":\"https:\/\/worldsofmagic.net\/#organization\",\"name\":\"Worlds Of Magic\",\"alternateName\":\"Worlds Of Magic\",\"url\":\"https:\/\/worldsofmagic.net\/\",\"logo\":{\"@type\":\"ImageObject\",\"inLanguage\":\"fr-FR\",\"@id\":\"https:\/\/worldsofmagic.net\/#\/schema\/logo\/image\/\",\"url\":\"https:\/\/worldsofmagic.net\/wp-content\/uploads\/2024\/07\/image.png\",\"contentUrl\":\"https:\/\/worldsofmagic.net\/wp-content\/uploads\/2024\/07\/image.png\",\"width\":1072,\"height\":341,\"caption\":\"Worlds Of Magic\"},\"image\":{\"@id\":\"https:\/\/worldsofmagic.net\/#\/schema\/logo\/image\/\"}}]}<\/script>\n<!-- \/ Yoast SEO plugin. -->","yoast_head_json":{"title":"Jump to Lightspeed Carbonite Booster Display","robots":{"index":"index","follow":"follow","max-snippet":"max-snippet:-1","max-image-preview":"max-image-preview:large","max-video-preview":"max-video-preview:-1"},"canonical":"https:\/\/worldsofmagic.net\/fr\/produit\/star-wars-unlimited-jump-to-lightspeed-carbonite-booster-display\/","og_locale":"fr_FR","og_type":"article","og_title":"Jump to Lightspeed Carbonite Booster Display","og_description":"The Jump to Lightspeed Carbonite Booster Display includes 12 packs, featuring rare Prestige cards and Hyperspace variants exclusive to this set. Each pack contains 1 Prestige card, 1 foil Rare\/Legendary, 6 premium foils, 1 Hyperspace Leader, 4 Hyperspace cards, and 2 Hyperspace foils. Discover Prestige variants of existing cards available only in Carbonite packs, adding [&hellip;]","og_url":"https:\/\/worldsofmagic.net\/fr\/produit\/star-wars-unlimited-jump-to-lightspeed-carbonite-booster-display\/","og_site_name":"Worlds Of Magic","article_modified_time":"2025-07-13T12:39:46+00:00","og_image":[{"width":300,"height":300,"url":"https:\/\/worldsofmagic.net\/wp-content\/uploads\/2025\/02\/Star-Wars-Unlimited-Jump-to-Lightspeed-Carbonite-Booster-Display.png","type":"image\/png"}],"twitter_card":"summary_large_image","twitter_misc":{"Dur\u00e9e de lecture estim\u00e9e":"1 minute"},"schema":{"@context":"https:\/\/schema.org","@graph":[{"@type":"WebPage","@id":"https:\/\/worldsofmagic.net\/product\/star-wars-unlimited-jump-to-lightspeed-carbonite-booster-display\/","url":"https:\/\/worldsofmagic.net\/product\/star-wars-unlimited-jump-to-lightspeed-carbonite-booster-display\/","name":"Jump to Lightspeed Carbonite Booster Display","isPartOf":{"@id":"https:\/\/worldsofmagic.net\/#website"},"primaryImageOfPage":{"@id":"https:\/\/worldsofmagic.net\/product\/star-wars-unlimited-jump-to-lightspeed-carbonite-booster-display\/#primaryimage"},"image":{"@id":"https:\/\/worldsofmagic.net\/product\/star-wars-unlimited-jump-to-lightspeed-carbonite-booster-display\/#primaryimage"},"thumbnailUrl":"https:\/\/worldsofmagic.net\/wp-content\/uploads\/2025\/02\/Star-Wars-Unlimited-Jump-to-Lightspeed-Carbonite-Booster-Display.png","datePublished":"2025-02-28T15:52:07+00:00","dateModified":"2025-07-13T12:39:46+00:00","breadcrumb":{"@id":"https:\/\/worldsofmagic.net\/product\/star-wars-unlimited-jump-to-lightspeed-carbonite-booster-display\/#breadcrumb"},"inLanguage":"fr-FR","potentialAction":[{"@type":"ReadAction","target":["https:\/\/worldsofmagic.net\/product\/star-wars-unlimited-jump-to-lightspeed-carbonite-booster-display\/"]}]},{"@type":"ImageObject","inLanguage":"fr-FR","@id":"https:\/\/worldsofmagic.net\/product\/star-wars-unlimited-jump-to-lightspeed-carbonite-booster-display\/#primaryimage","url":"https:\/\/worldsofmagic.net\/wp-content\/uploads\/2025\/02\/Star-Wars-Unlimited-Jump-to-Lightspeed-Carbonite-Booster-Display.png","contentUrl":"https:\/\/worldsofmagic.net\/wp-content\/uploads\/2025\/02\/Star-Wars-Unlimited-Jump-to-Lightspeed-Carbonite-Booster-Display.png","width":300,"height":300},{"@type":"BreadcrumbList","@id":"https:\/\/worldsofmagic.net\/product\/star-wars-unlimited-jump-to-lightspeed-carbonite-booster-display\/#breadcrumb","itemListElement":[{"@type":"ListItem","position":1,"name":"Accueil","item":"https:\/\/worldsofmagic.net\/"},{"@type":"ListItem","position":2,"name":"Shop","item":"https:\/\/worldsofmagic.net\/shop\/"},{"@type":"ListItem","position":3,"name":"Star Wars: Unlimited &#8211; Jump to Lightspeed Carbonite Booster Display"}]},{"@type":"WebSite","@id":"https:\/\/worldsofmagic.net\/#website","url":"https:\/\/worldsofmagic.net\/","name":"Worlds Of Magic","description":"","publisher":{"@id":"https:\/\/worldsofmagic.net\/#organization"},"potentialAction":[{"@type":"SearchAction","target":{"@type":"EntryPoint","urlTemplate":"https:\/\/worldsofmagic.net\/?s={search_term_string}"},"query-input":{"@type":"PropertyValueSpecification","valueRequired":true,"valueName":"search_term_string"}}],"inLanguage":"fr-FR"},{"@type":"Organization","@id":"https:\/\/worldsofmagic.net\/#organization","name":"Worlds Of Magic","alternateName":"Worlds Of Magic","url":"https:\/\/worldsofmagic.net\/","logo":{"@type":"ImageObject","inLanguage":"fr-FR","@id":"https:\/\/worldsofmagic.net\/#\/schema\/logo\/image\/","url":"https:\/\/worldsofmagic.net\/wp-content\/uploads\/2024\/07\/image.png","contentUrl":"https:\/\/worldsofmagic.net\/wp-content\/uploads\/2024\/07\/image.png","width":1072,"height":341,"caption":"Worlds Of Magic"},"image":{"@id":"https:\/\/worldsofmagic.net\/#\/schema\/logo\/image\/"}}]}},"jetpack_sharing_enabled":true,"_links":{"self":[{"href":"https:\/\/worldsofmagic.net\/fr\/wp-json\/wp\/v2\/product\/2380"}],"collection":[{"href":"https:\/\/worldsofmagic.net\/fr\/wp-json\/wp\/v2\/product"}],"about":[{"href":"https:\/\/worldsofmagic.net\/fr\/wp-json\/wp\/v2\/types\/product"}],"replies":[{"embeddable":true,"href":"https:\/\/worldsofmagic.net\/fr\/wp-json\/wp\/v2\/comments?post=2380"}],"wp:featuredmedia":[{"embeddable":true,"href":"https:\/\/worldsofmagic.net\/fr\/wp-json\/wp\/v2\/media\/2379"}],"wp:attachment":[{"href":"https:\/\/worldsofmagic.net\/fr\/wp-json\/wp\/v2\/media?parent=2380"}],"wp:term":[{"taxonomy":"product_cat","embeddable":true,"href":"https:\/\/worldsofmagic.net\/fr\/wp-json\/wp\/v2\/product_cat?post=2380"},{"taxonomy":"product_tag","embeddable":true,"href":"https:\/\/worldsofmagic.net\/fr\/wp-json\/wp\/v2\/product_tag?post=2380"}],"curies":[{"name":"wp","href":"https:\/\/api.w.org\/{rel}","templated":true}]}}