{"id":2634,"date":"2025-06-29T10:04:10","date_gmt":"2025-06-29T10:04:10","guid":{"rendered":"https:\/\/worldsofmagic.net\/?post_type=product&#038;p=2634"},"modified":"2025-08-04T11:41:06","modified_gmt":"2025-08-04T11:41:06","slug":"edge-of-eternities-collector-booster-box","status":"publish","type":"product","link":"https:\/\/worldsofmagic.net\/fr\/produit\/edge-of-eternities-collector-booster-box\/","title":{"rendered":"Coffret de boosters collector Edge of Eternities"},"content":{"rendered":"<h3 data-end=\"2006\" data-start=\"1944\"><strong data-end=\"2006\" data-start=\"1948\">Coffret collector Edge of Eternities \u2013 Anglais<\/strong><\/h3>\n<p data-end=\"2372\" data-start=\"2008\">Aux confins du Multivers, le chaos r\u00e8gne et les puissances cosmiques s&#039;affrontent.\u00a0<em data-end=\"2101\" data-start=\"2081\">Le bord des \u00e9ternit\u00e9s<\/em>\u00a0Le pr\u00e9sentoir de boosters collector vous permet d&#039;explorer des plan\u00e8tes lointaines et de ma\u00eetriser les forces galactiques gr\u00e2ce \u00e0 12 boosters premium remplis des cartes les plus \u00e9clatantes du set. Chaque booster propose une combinaison unique de cartes premium, rares, de terrains sans fronti\u00e8res et potentiellement l&#039;insaisissable Mythique T\u00eate d&#039;affiche\u00a0!<\/p>\n<p data-end=\"2685\" data-start=\"2374\">12 boosters collector contenant chacun 15 cartes Magic<br data-end=\"2425\" data-start=\"2422\" \/>Jusqu&#039;\u00e0 3 Galaxy Foils et 10 \u00e0 13 Foils traditionnels par booster<br data-end=\"2490\" data-start=\"2487\" \/>5 cartes de raret\u00e9 rare ou sup\u00e9rieure par paquet<br data-end=\"2536\" data-start=\"2533\" \/>Inclut un terrain de base sans bordure dans chaque booster<br data-end=\"2589\" data-start=\"2586\" \/>Chance de trouver le mythique Headliner ultra-rare<br data-end=\"2640\" data-start=\"2637\" \/>\u00a0Id\u00e9al pour les collectionneurs et les amateurs de cartes de pr\u00e9sentation<\/p>\n<p data-end=\"2891\" data-start=\"2687\">","protected":false},"excerpt":{"rendered":"<p>Pr\u00e9sentoir de boosters collector \u00ab\u00a0La Fronti\u00e8re des \u00c9ternit\u00e9s\u00a0\u00bb \u2013 Anglais. Aux confins du Multivers, le chaos r\u00e8gne et les puissances cosmiques s&#039;affrontent. Le pr\u00e9sentoir de boosters collector \u00ab\u00a0La Fronti\u00e8re des \u00c9ternit\u00e9s\u00a0\u00bb vous permet d&#039;explorer des plan\u00e8tes lointaines et de ma\u00eetriser les forces galactiques gr\u00e2ce \u00e0 12 boosters premium remplis des cartes les plus \u00e9clatantes du jeu. Chaque booster offre une combinaison unique de cartes premium, rares, de terrains sans fronti\u00e8res, [\u2026]<\/p>","protected":false},"featured_media":2635,"comment_status":"open","ping_status":"closed","template":"","meta":[],"product_cat":[27,84,21],"product_tag":[],"class_list":{"0":"post-2634","1":"product","2":"type-product","3":"status-publish","4":"has-post-thumbnail","6":"product_cat-boosterboxes","7":"product_cat-english-boosterboxes","8":"product_cat-magic-the-gathering","9":"pa_language-english","10":"pa_mtg-edition-edge-of-eternities","12":"first","13":"outofstock","14":"purchasable","15":"product-type-simple"},"yoast_head":"<!-- This site is optimized with the Yoast SEO plugin v23.6 - https:\/\/yoast.com\/wordpress\/plugins\/seo\/ -->\n<title>Edge of Eternities Collector Booster Box - Worlds Of Magic<\/title>\n<meta name=\"robots\" content=\"index, follow, max-snippet:-1, max-image-preview:large, max-video-preview:-1\" \/>\n<link rel=\"canonical\" href=\"https:\/\/worldsofmagic.net\/fr\/produit\/edge-of-eternities-collector-booster-box\/\" \/>\n<meta property=\"og:locale\" content=\"fr_FR\" \/>\n<meta property=\"og:type\" content=\"article\" \/>\n<meta property=\"og:title\" content=\"Edge of Eternities Collector Booster Box - Worlds Of Magic\" \/>\n<meta property=\"og:description\" content=\"Edge of Eternities Collector Booster Display \u2013 English At the edge of the Multiverse, chaos reigns and cosmic powers clash. The\u00a0Edge of Eternities\u00a0Collector Booster Display lets you explore distant planets and harness galactic forces with 12 premium boosters full of the set\u2019s flashiest cards. Each booster delivers a unique combination of foils, rares, borderless lands, [&hellip;]\" \/>\n<meta property=\"og:url\" content=\"https:\/\/worldsofmagic.net\/fr\/produit\/edge-of-eternities-collector-booster-box\/\" \/>\n<meta property=\"og:site_name\" content=\"Worlds Of Magic\" \/>\n<meta property=\"article:modified_time\" content=\"2025-08-04T11:41:06+00:00\" \/>\n<meta property=\"og:image\" content=\"https:\/\/worldsofmagic.net\/wp-content\/uploads\/2025\/06\/Edge-of-Eternities-Collector-Booster-Box.png\" \/>\n\t<meta property=\"og:image:width\" content=\"300\" \/>\n\t<meta property=\"og:image:height\" content=\"300\" \/>\n\t<meta property=\"og:image:type\" content=\"image\/png\" \/>\n<meta name=\"twitter:card\" content=\"summary_large_image\" \/>\n<meta name=\"twitter:label1\" content=\"Dur\u00e9e de lecture estim\u00e9e\" \/>\n\t<meta name=\"twitter:data1\" content=\"1 minute\" \/>\n<script type=\"application\/ld+json\" class=\"yoast-schema-graph\">{\"@context\":\"https:\/\/schema.org\",\"@graph\":[{\"@type\":\"WebPage\",\"@id\":\"https:\/\/worldsofmagic.net\/product\/edge-of-eternities-collector-booster-box\/\",\"url\":\"https:\/\/worldsofmagic.net\/product\/edge-of-eternities-collector-booster-box\/\",\"name\":\"Edge of Eternities Collector Booster Box - Worlds Of Magic\",\"isPartOf\":{\"@id\":\"https:\/\/worldsofmagic.net\/#website\"},\"primaryImageOfPage\":{\"@id\":\"https:\/\/worldsofmagic.net\/product\/edge-of-eternities-collector-booster-box\/#primaryimage\"},\"image\":{\"@id\":\"https:\/\/worldsofmagic.net\/product\/edge-of-eternities-collector-booster-box\/#primaryimage\"},\"thumbnailUrl\":\"https:\/\/worldsofmagic.net\/wp-content\/uploads\/2025\/06\/Edge-of-Eternities-Collector-Booster-Box.png\",\"datePublished\":\"2025-06-29T10:04:10+00:00\",\"dateModified\":\"2025-08-04T11:41:06+00:00\",\"breadcrumb\":{\"@id\":\"https:\/\/worldsofmagic.net\/product\/edge-of-eternities-collector-booster-box\/#breadcrumb\"},\"inLanguage\":\"fr-FR\",\"potentialAction\":[{\"@type\":\"ReadAction\",\"target\":[\"https:\/\/worldsofmagic.net\/product\/edge-of-eternities-collector-booster-box\/\"]}]},{\"@type\":\"ImageObject\",\"inLanguage\":\"fr-FR\",\"@id\":\"https:\/\/worldsofmagic.net\/product\/edge-of-eternities-collector-booster-box\/#primaryimage\",\"url\":\"https:\/\/worldsofmagic.net\/wp-content\/uploads\/2025\/06\/Edge-of-Eternities-Collector-Booster-Box.png\",\"contentUrl\":\"https:\/\/worldsofmagic.net\/wp-content\/uploads\/2025\/06\/Edge-of-Eternities-Collector-Booster-Box.png\",\"width\":300,\"height\":300},{\"@type\":\"BreadcrumbList\",\"@id\":\"https:\/\/worldsofmagic.net\/product\/edge-of-eternities-collector-booster-box\/#breadcrumb\",\"itemListElement\":[{\"@type\":\"ListItem\",\"position\":1,\"name\":\"Accueil\",\"item\":\"https:\/\/worldsofmagic.net\/\"},{\"@type\":\"ListItem\",\"position\":2,\"name\":\"Shop\",\"item\":\"https:\/\/worldsofmagic.net\/shop\/\"},{\"@type\":\"ListItem\",\"position\":3,\"name\":\"Edge of Eternities Collector Booster Box\"}]},{\"@type\":\"WebSite\",\"@id\":\"https:\/\/worldsofmagic.net\/#website\",\"url\":\"https:\/\/worldsofmagic.net\/\",\"name\":\"Worlds Of Magic\",\"description\":\"\",\"publisher\":{\"@id\":\"https:\/\/worldsofmagic.net\/#organization\"},\"potentialAction\":[{\"@type\":\"SearchAction\",\"target\":{\"@type\":\"EntryPoint\",\"urlTemplate\":\"https:\/\/worldsofmagic.net\/?s={search_term_string}\"},\"query-input\":{\"@type\":\"PropertyValueSpecification\",\"valueRequired\":true,\"valueName\":\"search_term_string\"}}],\"inLanguage\":\"fr-FR\"},{\"@type\":\"Organization\",\"@id\":\"https:\/\/worldsofmagic.net\/#organization\",\"name\":\"Worlds Of Magic\",\"alternateName\":\"Worlds Of Magic\",\"url\":\"https:\/\/worldsofmagic.net\/\",\"logo\":{\"@type\":\"ImageObject\",\"inLanguage\":\"fr-FR\",\"@id\":\"https:\/\/worldsofmagic.net\/#\/schema\/logo\/image\/\",\"url\":\"https:\/\/worldsofmagic.net\/wp-content\/uploads\/2024\/07\/image.png\",\"contentUrl\":\"https:\/\/worldsofmagic.net\/wp-content\/uploads\/2024\/07\/image.png\",\"width\":1072,\"height\":341,\"caption\":\"Worlds Of Magic\"},\"image\":{\"@id\":\"https:\/\/worldsofmagic.net\/#\/schema\/logo\/image\/\"}}]}<\/script>\n<!-- \/ Yoast SEO plugin. -->","yoast_head_json":{"title":"Edge of Eternities Collector Booster Box - Worlds Of Magic","robots":{"index":"index","follow":"follow","max-snippet":"max-snippet:-1","max-image-preview":"max-image-preview:large","max-video-preview":"max-video-preview:-1"},"canonical":"https:\/\/worldsofmagic.net\/fr\/produit\/edge-of-eternities-collector-booster-box\/","og_locale":"fr_FR","og_type":"article","og_title":"Edge of Eternities Collector Booster Box - Worlds Of Magic","og_description":"Edge of Eternities Collector Booster Display \u2013 English At the edge of the Multiverse, chaos reigns and cosmic powers clash. The\u00a0Edge of Eternities\u00a0Collector Booster Display lets you explore distant planets and harness galactic forces with 12 premium boosters full of the set\u2019s flashiest cards. Each booster delivers a unique combination of foils, rares, borderless lands, [&hellip;]","og_url":"https:\/\/worldsofmagic.net\/fr\/produit\/edge-of-eternities-collector-booster-box\/","og_site_name":"Worlds Of Magic","article_modified_time":"2025-08-04T11:41:06+00:00","og_image":[{"width":300,"height":300,"url":"https:\/\/worldsofmagic.net\/wp-content\/uploads\/2025\/06\/Edge-of-Eternities-Collector-Booster-Box.png","type":"image\/png"}],"twitter_card":"summary_large_image","twitter_misc":{"Dur\u00e9e de lecture estim\u00e9e":"1 minute"},"schema":{"@context":"https:\/\/schema.org","@graph":[{"@type":"WebPage","@id":"https:\/\/worldsofmagic.net\/product\/edge-of-eternities-collector-booster-box\/","url":"https:\/\/worldsofmagic.net\/product\/edge-of-eternities-collector-booster-box\/","name":"Edge of Eternities Collector Booster Box - Worlds Of Magic","isPartOf":{"@id":"https:\/\/worldsofmagic.net\/#website"},"primaryImageOfPage":{"@id":"https:\/\/worldsofmagic.net\/product\/edge-of-eternities-collector-booster-box\/#primaryimage"},"image":{"@id":"https:\/\/worldsofmagic.net\/product\/edge-of-eternities-collector-booster-box\/#primaryimage"},"thumbnailUrl":"https:\/\/worldsofmagic.net\/wp-content\/uploads\/2025\/06\/Edge-of-Eternities-Collector-Booster-Box.png","datePublished":"2025-06-29T10:04:10+00:00","dateModified":"2025-08-04T11:41:06+00:00","breadcrumb":{"@id":"https:\/\/worldsofmagic.net\/product\/edge-of-eternities-collector-booster-box\/#breadcrumb"},"inLanguage":"fr-FR","potentialAction":[{"@type":"ReadAction","target":["https:\/\/worldsofmagic.net\/product\/edge-of-eternities-collector-booster-box\/"]}]},{"@type":"ImageObject","inLanguage":"fr-FR","@id":"https:\/\/worldsofmagic.net\/product\/edge-of-eternities-collector-booster-box\/#primaryimage","url":"https:\/\/worldsofmagic.net\/wp-content\/uploads\/2025\/06\/Edge-of-Eternities-Collector-Booster-Box.png","contentUrl":"https:\/\/worldsofmagic.net\/wp-content\/uploads\/2025\/06\/Edge-of-Eternities-Collector-Booster-Box.png","width":300,"height":300},{"@type":"BreadcrumbList","@id":"https:\/\/worldsofmagic.net\/product\/edge-of-eternities-collector-booster-box\/#breadcrumb","itemListElement":[{"@type":"ListItem","position":1,"name":"Accueil","item":"https:\/\/worldsofmagic.net\/"},{"@type":"ListItem","position":2,"name":"Shop","item":"https:\/\/worldsofmagic.net\/shop\/"},{"@type":"ListItem","position":3,"name":"Edge of Eternities Collector Booster Box"}]},{"@type":"WebSite","@id":"https:\/\/worldsofmagic.net\/#website","url":"https:\/\/worldsofmagic.net\/","name":"Worlds Of Magic","description":"","publisher":{"@id":"https:\/\/worldsofmagic.net\/#organization"},"potentialAction":[{"@type":"SearchAction","target":{"@type":"EntryPoint","urlTemplate":"https:\/\/worldsofmagic.net\/?s={search_term_string}"},"query-input":{"@type":"PropertyValueSpecification","valueRequired":true,"valueName":"search_term_string"}}],"inLanguage":"fr-FR"},{"@type":"Organization","@id":"https:\/\/worldsofmagic.net\/#organization","name":"Worlds Of Magic","alternateName":"Worlds Of Magic","url":"https:\/\/worldsofmagic.net\/","logo":{"@type":"ImageObject","inLanguage":"fr-FR","@id":"https:\/\/worldsofmagic.net\/#\/schema\/logo\/image\/","url":"https:\/\/worldsofmagic.net\/wp-content\/uploads\/2024\/07\/image.png","contentUrl":"https:\/\/worldsofmagic.net\/wp-content\/uploads\/2024\/07\/image.png","width":1072,"height":341,"caption":"Worlds Of Magic"},"image":{"@id":"https:\/\/worldsofmagic.net\/#\/schema\/logo\/image\/"}}]}},"jetpack_sharing_enabled":true,"_links":{"self":[{"href":"https:\/\/worldsofmagic.net\/fr\/wp-json\/wp\/v2\/product\/2634"}],"collection":[{"href":"https:\/\/worldsofmagic.net\/fr\/wp-json\/wp\/v2\/product"}],"about":[{"href":"https:\/\/worldsofmagic.net\/fr\/wp-json\/wp\/v2\/types\/product"}],"replies":[{"embeddable":true,"href":"https:\/\/worldsofmagic.net\/fr\/wp-json\/wp\/v2\/comments?post=2634"}],"wp:featuredmedia":[{"embeddable":true,"href":"https:\/\/worldsofmagic.net\/fr\/wp-json\/wp\/v2\/media\/2635"}],"wp:attachment":[{"href":"https:\/\/worldsofmagic.net\/fr\/wp-json\/wp\/v2\/media?parent=2634"}],"wp:term":[{"taxonomy":"product_cat","embeddable":true,"href":"https:\/\/worldsofmagic.net\/fr\/wp-json\/wp\/v2\/product_cat?post=2634"},{"taxonomy":"product_tag","embeddable":true,"href":"https:\/\/worldsofmagic.net\/fr\/wp-json\/wp\/v2\/product_tag?post=2634"}],"curies":[{"name":"wp","href":"https:\/\/api.w.org\/{rel}","templated":true}]}}