{"id":2639,"date":"2025-06-29T10:15:09","date_gmt":"2025-06-29T10:15:09","guid":{"rendered":"https:\/\/worldsofmagic.net\/?post_type=product&#038;p=2639"},"modified":"2025-10-04T09:09:16","modified_gmt":"2025-10-04T09:09:16","slug":"edge-of-eternities-fat-pack-bundle","status":"publish","type":"product","link":"https:\/\/worldsofmagic.net\/fr\/produit\/edge-of-eternities-fat-pack-bundle\/","title":{"rendered":"Pack Fat Pack Edge of Eternities"},"content":{"rendered":"<h3 data-end=\"2042\" data-start=\"1990\"><strong data-end=\"2042\" data-start=\"1994\">Pack Fat Pack Edge of Eternities \u2013 Anglais<\/strong><\/h3>\n<p data-end=\"940\" data-start=\"717\">Embarquez pour un voyage cosmique pour sauver une \u00e9toile mourante avec le\u00a0<em data-end=\"794\" data-start=\"774\">Le bord des \u00e9ternit\u00e9s<\/em>\u00a0Pack Fat Pack\u00a0! Ce coffret premium vous ouvre les portes de plan\u00e8tes lointaines, de sorts stellaires et de zones de guerre extraterrestres, le tout dans un coffret de r\u00eave pour collectionneur.<\/p>\n<p data-end=\"1330\" data-start=\"942\">\u00a09 boosters de jeu avec au moins 1 feuille traditionnelle par paquet<br data-end=\"1004\" data-start=\"1001\" \/>\u00a01 carte promotionnelle exclusive avec illustration alternative et finition en feuille<br data-end=\"1064\" data-start=\"1061\" \/>\u00a030 terrains de base \u2013 dont 10 superbes terrains cosmiques sans fronti\u00e8res (5 premium, 5 non premium)<br data-end=\"1150\" data-start=\"1147\" \/>Compteur de vie Spindown unique\u00a0: suivez votre sant\u00e9 avec style<br data-end=\"1212\" data-start=\"1209\" \/>\u00a02 cartes de r\u00e9f\u00e9rence pour des r\u00e8gles rapides et des rappels<br data-end=\"1264\" data-start=\"1261\" \/>\u00a0Coffret de rangement de collection robuste sur le th\u00e8me de <em data-end=\"1328\" data-start=\"1308\">Le bord des \u00e9ternit\u00e9s<\/em><\/p>\n<p data-end=\"1597\" data-start=\"1332\"><strong data-end=\"1345\" data-start=\"1332\">Contenu:<\/strong><br data-end=\"1348\" data-start=\"1345\" \/>9 \u00d7 <em data-end=\"1374\" data-start=\"1354\">Le bord des \u00e9ternit\u00e9s<\/em>\u00a0Jouer aux boosters<br data-end=\"1391\" data-start=\"1388\" \/>1 \u00d7 Carte promotionnelle traditionnelle en aluminium avec illustration alternative exclusive<br data-end=\"1450\" data-start=\"1447\" \/>30 \u00d7 cartes de terrain de base (15 foil \/ 15 non foil dont 10 sans bordure)<br data-end=\"1519\" data-start=\"1516\" \/>1 \u00d7 Compteur de vie Spindown<br data-end=\"1549\" data-start=\"1546\" \/>1 \u00d7 Bo\u00eete de rangement<br data-end=\"1569\" data-start=\"1566\" \/>\u00a02 \u00d7 Cartes de r\u00e9f\u00e9rence de r\u00e8gles<\/p>","protected":false},"excerpt":{"rendered":"<p>Pack Fat Edge of Eternities \u2013 Anglais Embarquez pour un voyage cosmique pour sauver une \u00e9toile mourante avec le Pack Fat Edge of Eternities ! Ce pack premium vous ouvre les portes de plan\u00e8tes lointaines, de sorts stellaires et de zones de guerre extraterrestres, le tout dans une bo\u00eete de r\u00eave pour collectionneur. 9 boosters de jeu avec au moins 1 carte traditionnelle par [\u2026]<\/p>","protected":false},"featured_media":2640,"comment_status":"open","ping_status":"closed","template":"","meta":[],"product_cat":[29,91,21],"product_tag":[],"class_list":{"0":"post-2639","1":"product","2":"type-product","3":"status-publish","4":"has-post-thumbnail","6":"product_cat-bundles","7":"product_cat-english-bundles","8":"product_cat-magic-the-gathering","9":"pa_language-english","10":"pa_mtg-edition-edge-of-eternities","12":"first","13":"instock","14":"purchasable","15":"product-type-simple"},"yoast_head":"<!-- This site is optimized with the Yoast SEO plugin v23.6 - https:\/\/yoast.com\/wordpress\/plugins\/seo\/ -->\n<title>Edge of Eternities Fat Pack Bundle - Worlds Of Magic<\/title>\n<meta name=\"robots\" content=\"index, follow, max-snippet:-1, max-image-preview:large, max-video-preview:-1\" \/>\n<link rel=\"canonical\" href=\"https:\/\/worldsofmagic.net\/fr\/produit\/edge-of-eternities-fat-pack-bundle\/\" \/>\n<meta property=\"og:locale\" content=\"fr_FR\" \/>\n<meta property=\"og:type\" content=\"article\" \/>\n<meta property=\"og:title\" content=\"Edge of Eternities Fat Pack Bundle - Worlds Of Magic\" \/>\n<meta property=\"og:description\" content=\"Edge of Eternities Fat Pack Bundle \u2013 English Embark on a cosmic journey to save a dying star with the\u00a0Edge of Eternities\u00a0Fat Pack Bundle! This premium set is your portal to distant planets, stellar spells, and alien warzones, all packed into a collector\u2019s dream box. \u00a09 Play Boosters with at least 1 Traditional Foil per [&hellip;]\" \/>\n<meta property=\"og:url\" content=\"https:\/\/worldsofmagic.net\/fr\/produit\/edge-of-eternities-fat-pack-bundle\/\" \/>\n<meta property=\"og:site_name\" content=\"Worlds Of Magic\" \/>\n<meta property=\"article:modified_time\" content=\"2025-10-04T09:09:16+00:00\" \/>\n<meta property=\"og:image\" content=\"https:\/\/worldsofmagic.net\/wp-content\/uploads\/2025\/06\/Edge-of-Eternities-FATPACK.png\" \/>\n\t<meta property=\"og:image:width\" content=\"300\" \/>\n\t<meta property=\"og:image:height\" content=\"300\" \/>\n\t<meta property=\"og:image:type\" content=\"image\/png\" \/>\n<meta name=\"twitter:card\" content=\"summary_large_image\" \/>\n<meta name=\"twitter:label1\" content=\"Dur\u00e9e de lecture estim\u00e9e\" \/>\n\t<meta name=\"twitter:data1\" content=\"1 minute\" \/>\n<script type=\"application\/ld+json\" class=\"yoast-schema-graph\">{\"@context\":\"https:\/\/schema.org\",\"@graph\":[{\"@type\":\"WebPage\",\"@id\":\"https:\/\/worldsofmagic.net\/product\/edge-of-eternities-fat-pack-bundle\/\",\"url\":\"https:\/\/worldsofmagic.net\/product\/edge-of-eternities-fat-pack-bundle\/\",\"name\":\"Edge of Eternities Fat Pack Bundle - Worlds Of Magic\",\"isPartOf\":{\"@id\":\"https:\/\/worldsofmagic.net\/#website\"},\"primaryImageOfPage\":{\"@id\":\"https:\/\/worldsofmagic.net\/product\/edge-of-eternities-fat-pack-bundle\/#primaryimage\"},\"image\":{\"@id\":\"https:\/\/worldsofmagic.net\/product\/edge-of-eternities-fat-pack-bundle\/#primaryimage\"},\"thumbnailUrl\":\"https:\/\/worldsofmagic.net\/wp-content\/uploads\/2025\/06\/Edge-of-Eternities-FATPACK.png\",\"datePublished\":\"2025-06-29T10:15:09+00:00\",\"dateModified\":\"2025-10-04T09:09:16+00:00\",\"breadcrumb\":{\"@id\":\"https:\/\/worldsofmagic.net\/product\/edge-of-eternities-fat-pack-bundle\/#breadcrumb\"},\"inLanguage\":\"fr-FR\",\"potentialAction\":[{\"@type\":\"ReadAction\",\"target\":[\"https:\/\/worldsofmagic.net\/product\/edge-of-eternities-fat-pack-bundle\/\"]}]},{\"@type\":\"ImageObject\",\"inLanguage\":\"fr-FR\",\"@id\":\"https:\/\/worldsofmagic.net\/product\/edge-of-eternities-fat-pack-bundle\/#primaryimage\",\"url\":\"https:\/\/worldsofmagic.net\/wp-content\/uploads\/2025\/06\/Edge-of-Eternities-FATPACK.png\",\"contentUrl\":\"https:\/\/worldsofmagic.net\/wp-content\/uploads\/2025\/06\/Edge-of-Eternities-FATPACK.png\",\"width\":300,\"height\":300,\"caption\":\"fatpack\"},{\"@type\":\"BreadcrumbList\",\"@id\":\"https:\/\/worldsofmagic.net\/product\/edge-of-eternities-fat-pack-bundle\/#breadcrumb\",\"itemListElement\":[{\"@type\":\"ListItem\",\"position\":1,\"name\":\"Accueil\",\"item\":\"https:\/\/worldsofmagic.net\/\"},{\"@type\":\"ListItem\",\"position\":2,\"name\":\"Shop\",\"item\":\"https:\/\/worldsofmagic.net\/shop\/\"},{\"@type\":\"ListItem\",\"position\":3,\"name\":\"Edge of Eternities Fat Pack Bundle\"}]},{\"@type\":\"WebSite\",\"@id\":\"https:\/\/worldsofmagic.net\/#website\",\"url\":\"https:\/\/worldsofmagic.net\/\",\"name\":\"Worlds Of Magic\",\"description\":\"\",\"publisher\":{\"@id\":\"https:\/\/worldsofmagic.net\/#organization\"},\"potentialAction\":[{\"@type\":\"SearchAction\",\"target\":{\"@type\":\"EntryPoint\",\"urlTemplate\":\"https:\/\/worldsofmagic.net\/?s={search_term_string}\"},\"query-input\":{\"@type\":\"PropertyValueSpecification\",\"valueRequired\":true,\"valueName\":\"search_term_string\"}}],\"inLanguage\":\"fr-FR\"},{\"@type\":\"Organization\",\"@id\":\"https:\/\/worldsofmagic.net\/#organization\",\"name\":\"Worlds Of Magic\",\"alternateName\":\"Worlds Of Magic\",\"url\":\"https:\/\/worldsofmagic.net\/\",\"logo\":{\"@type\":\"ImageObject\",\"inLanguage\":\"fr-FR\",\"@id\":\"https:\/\/worldsofmagic.net\/#\/schema\/logo\/image\/\",\"url\":\"https:\/\/worldsofmagic.net\/wp-content\/uploads\/2024\/07\/image.png\",\"contentUrl\":\"https:\/\/worldsofmagic.net\/wp-content\/uploads\/2024\/07\/image.png\",\"width\":1072,\"height\":341,\"caption\":\"Worlds Of Magic\"},\"image\":{\"@id\":\"https:\/\/worldsofmagic.net\/#\/schema\/logo\/image\/\"}}]}<\/script>\n<!-- \/ Yoast SEO plugin. -->","yoast_head_json":{"title":"Edge of Eternities Fat Pack Bundle - Worlds Of Magic","robots":{"index":"index","follow":"follow","max-snippet":"max-snippet:-1","max-image-preview":"max-image-preview:large","max-video-preview":"max-video-preview:-1"},"canonical":"https:\/\/worldsofmagic.net\/fr\/produit\/edge-of-eternities-fat-pack-bundle\/","og_locale":"fr_FR","og_type":"article","og_title":"Edge of Eternities Fat Pack Bundle - Worlds Of Magic","og_description":"Edge of Eternities Fat Pack Bundle \u2013 English Embark on a cosmic journey to save a dying star with the\u00a0Edge of Eternities\u00a0Fat Pack Bundle! This premium set is your portal to distant planets, stellar spells, and alien warzones, all packed into a collector\u2019s dream box. \u00a09 Play Boosters with at least 1 Traditional Foil per [&hellip;]","og_url":"https:\/\/worldsofmagic.net\/fr\/produit\/edge-of-eternities-fat-pack-bundle\/","og_site_name":"Worlds Of Magic","article_modified_time":"2025-10-04T09:09:16+00:00","og_image":[{"width":300,"height":300,"url":"https:\/\/worldsofmagic.net\/wp-content\/uploads\/2025\/06\/Edge-of-Eternities-FATPACK.png","type":"image\/png"}],"twitter_card":"summary_large_image","twitter_misc":{"Dur\u00e9e de lecture estim\u00e9e":"1 minute"},"schema":{"@context":"https:\/\/schema.org","@graph":[{"@type":"WebPage","@id":"https:\/\/worldsofmagic.net\/product\/edge-of-eternities-fat-pack-bundle\/","url":"https:\/\/worldsofmagic.net\/product\/edge-of-eternities-fat-pack-bundle\/","name":"Edge of Eternities Fat Pack Bundle - Worlds Of Magic","isPartOf":{"@id":"https:\/\/worldsofmagic.net\/#website"},"primaryImageOfPage":{"@id":"https:\/\/worldsofmagic.net\/product\/edge-of-eternities-fat-pack-bundle\/#primaryimage"},"image":{"@id":"https:\/\/worldsofmagic.net\/product\/edge-of-eternities-fat-pack-bundle\/#primaryimage"},"thumbnailUrl":"https:\/\/worldsofmagic.net\/wp-content\/uploads\/2025\/06\/Edge-of-Eternities-FATPACK.png","datePublished":"2025-06-29T10:15:09+00:00","dateModified":"2025-10-04T09:09:16+00:00","breadcrumb":{"@id":"https:\/\/worldsofmagic.net\/product\/edge-of-eternities-fat-pack-bundle\/#breadcrumb"},"inLanguage":"fr-FR","potentialAction":[{"@type":"ReadAction","target":["https:\/\/worldsofmagic.net\/product\/edge-of-eternities-fat-pack-bundle\/"]}]},{"@type":"ImageObject","inLanguage":"fr-FR","@id":"https:\/\/worldsofmagic.net\/product\/edge-of-eternities-fat-pack-bundle\/#primaryimage","url":"https:\/\/worldsofmagic.net\/wp-content\/uploads\/2025\/06\/Edge-of-Eternities-FATPACK.png","contentUrl":"https:\/\/worldsofmagic.net\/wp-content\/uploads\/2025\/06\/Edge-of-Eternities-FATPACK.png","width":300,"height":300,"caption":"fatpack"},{"@type":"BreadcrumbList","@id":"https:\/\/worldsofmagic.net\/product\/edge-of-eternities-fat-pack-bundle\/#breadcrumb","itemListElement":[{"@type":"ListItem","position":1,"name":"Accueil","item":"https:\/\/worldsofmagic.net\/"},{"@type":"ListItem","position":2,"name":"Shop","item":"https:\/\/worldsofmagic.net\/shop\/"},{"@type":"ListItem","position":3,"name":"Edge of Eternities Fat Pack Bundle"}]},{"@type":"WebSite","@id":"https:\/\/worldsofmagic.net\/#website","url":"https:\/\/worldsofmagic.net\/","name":"Worlds Of Magic","description":"","publisher":{"@id":"https:\/\/worldsofmagic.net\/#organization"},"potentialAction":[{"@type":"SearchAction","target":{"@type":"EntryPoint","urlTemplate":"https:\/\/worldsofmagic.net\/?s={search_term_string}"},"query-input":{"@type":"PropertyValueSpecification","valueRequired":true,"valueName":"search_term_string"}}],"inLanguage":"fr-FR"},{"@type":"Organization","@id":"https:\/\/worldsofmagic.net\/#organization","name":"Worlds Of Magic","alternateName":"Worlds Of Magic","url":"https:\/\/worldsofmagic.net\/","logo":{"@type":"ImageObject","inLanguage":"fr-FR","@id":"https:\/\/worldsofmagic.net\/#\/schema\/logo\/image\/","url":"https:\/\/worldsofmagic.net\/wp-content\/uploads\/2024\/07\/image.png","contentUrl":"https:\/\/worldsofmagic.net\/wp-content\/uploads\/2024\/07\/image.png","width":1072,"height":341,"caption":"Worlds Of Magic"},"image":{"@id":"https:\/\/worldsofmagic.net\/#\/schema\/logo\/image\/"}}]}},"jetpack_sharing_enabled":true,"_links":{"self":[{"href":"https:\/\/worldsofmagic.net\/fr\/wp-json\/wp\/v2\/product\/2639"}],"collection":[{"href":"https:\/\/worldsofmagic.net\/fr\/wp-json\/wp\/v2\/product"}],"about":[{"href":"https:\/\/worldsofmagic.net\/fr\/wp-json\/wp\/v2\/types\/product"}],"replies":[{"embeddable":true,"href":"https:\/\/worldsofmagic.net\/fr\/wp-json\/wp\/v2\/comments?post=2639"}],"wp:featuredmedia":[{"embeddable":true,"href":"https:\/\/worldsofmagic.net\/fr\/wp-json\/wp\/v2\/media\/2640"}],"wp:attachment":[{"href":"https:\/\/worldsofmagic.net\/fr\/wp-json\/wp\/v2\/media?parent=2639"}],"wp:term":[{"taxonomy":"product_cat","embeddable":true,"href":"https:\/\/worldsofmagic.net\/fr\/wp-json\/wp\/v2\/product_cat?post=2639"},{"taxonomy":"product_tag","embeddable":true,"href":"https:\/\/worldsofmagic.net\/fr\/wp-json\/wp\/v2\/product_tag?post=2639"}],"curies":[{"name":"wp","href":"https:\/\/api.w.org\/{rel}","templated":true}]}}