{"id":2649,"date":"2025-06-29T10:22:35","date_gmt":"2025-06-29T10:22:35","guid":{"rendered":"https:\/\/worldsofmagic.net\/?post_type=product&#038;p=2649"},"modified":"2025-06-30T15:20:09","modified_gmt":"2025-06-30T15:20:09","slug":"edge-of-eternities-prerelease-pack","status":"publish","type":"product","link":"https:\/\/worldsofmagic.net\/fr\/produit\/edge-of-eternities-prerelease-pack\/","title":{"rendered":"Pack de pr\u00e9-version Edge of Eternities"},"content":{"rendered":"<h3 data-end=\"1746\" data-start=\"1694\"><strong data-end=\"1746\" data-start=\"1698\">Pack de pr\u00e9-version Edge of Eternities \u2013 Anglais<\/strong><\/h3>\n<p data-end=\"2099\" data-start=\"1748\">Aux confins du Multivers connu, le\u00a0<em data-end=\"1809\" data-start=\"1789\">Le bord des \u00e9ternit\u00e9s<\/em>\u00a0Le Pack de Pr\u00e9-lancement offre aux joueurs une premi\u00e8re chance d&#039;explorer la nouvelle extension. Construisez votre propre deck avec six Boosters de Jeu et affrontez-vous avec une carte promo brillante et un d\u00e9 Spindown \u00e0 vos c\u00f4t\u00e9s. Que ce soit pour un \u00e9v\u00e9nement local ou pour votre collection, c&#039;est le point de d\u00e9part id\u00e9al pour d\u00e9couvrir l&#039;extension.<\/p>\n<p data-end=\"2217\" data-start=\"2101\">6 Play Boosters (14 cartes chacun)<br data-end=\"2137\" data-start=\"2134\" \/>Carte rare\/mythique traditionnelle estampill\u00e9e 1 an<br data-end=\"2190\" data-start=\"2187\" \/>1 compteur de vie Spindown<\/p>\n<p data-end=\"2489\" data-start=\"2219\">","protected":false},"excerpt":{"rendered":"<p>Pack d&#039;Avant-premi\u00e8re Edge of Eternities \u2013 Anglais Aux confins du Multivers, le Pack d&#039;Avant-premi\u00e8re Edge of Eternities offre aux joueurs leur premi\u00e8re chance d&#039;explorer la nouvelle extension. Construisez votre propre deck avec six boosters de jeu et affrontez-vous avec une carte promo brillante et un d\u00e9 Spindown \u00e0 vos c\u00f4t\u00e9s. Que ce soit pour [\u2026]<\/p>","protected":false},"featured_media":2646,"comment_status":"open","ping_status":"closed","template":"","meta":[],"product_cat":[96,21,36],"product_tag":[],"class_list":{"0":"post-2649","1":"product","2":"type-product","3":"status-publish","4":"has-post-thumbnail","6":"product_cat-english-prerelease-packs","7":"product_cat-magic-the-gathering","8":"product_cat-prerelease-packs","9":"pa_language-english","10":"pa_mtg-edition-edge-of-eternities","12":"first","13":"instock","14":"purchasable","15":"product-type-simple"},"yoast_head":"<!-- This site is optimized with the Yoast SEO plugin v23.6 - https:\/\/yoast.com\/wordpress\/plugins\/seo\/ -->\n<title>Edge of Eternities Prerelease Pack - Worlds Of Magic<\/title>\n<meta name=\"robots\" content=\"index, follow, max-snippet:-1, max-image-preview:large, max-video-preview:-1\" \/>\n<link rel=\"canonical\" href=\"https:\/\/worldsofmagic.net\/fr\/produit\/edge-of-eternities-prerelease-pack\/\" \/>\n<meta property=\"og:locale\" content=\"fr_FR\" \/>\n<meta property=\"og:type\" content=\"article\" \/>\n<meta property=\"og:title\" content=\"Edge of Eternities Prerelease Pack - Worlds Of Magic\" \/>\n<meta property=\"og:description\" content=\"Edge of Eternities Prerelease Pack \u2013 English At the edge of the known Multiverse, the\u00a0Edge of Eternities\u00a0Prerelease Pack gives players their first chance to explore the new set. Build your own deck using six Play Boosters and battle it out with a stamped foil promo card and a Spindown die at your side. Whether for [&hellip;]\" \/>\n<meta property=\"og:url\" content=\"https:\/\/worldsofmagic.net\/fr\/produit\/edge-of-eternities-prerelease-pack\/\" \/>\n<meta property=\"og:site_name\" content=\"Worlds Of Magic\" \/>\n<meta property=\"article:modified_time\" content=\"2025-06-30T15:20:09+00:00\" \/>\n<meta property=\"og:image\" content=\"https:\/\/worldsofmagic.net\/wp-content\/uploads\/2025\/06\/Edge-of-Eternities-Prerelease-Pack.png\" \/>\n\t<meta property=\"og:image:width\" content=\"300\" \/>\n\t<meta property=\"og:image:height\" content=\"300\" \/>\n\t<meta property=\"og:image:type\" content=\"image\/png\" \/>\n<meta name=\"twitter:card\" content=\"summary_large_image\" \/>\n<meta name=\"twitter:label1\" content=\"Dur\u00e9e de lecture estim\u00e9e\" \/>\n\t<meta name=\"twitter:data1\" content=\"1 minute\" \/>\n<script type=\"application\/ld+json\" class=\"yoast-schema-graph\">{\"@context\":\"https:\/\/schema.org\",\"@graph\":[{\"@type\":\"WebPage\",\"@id\":\"https:\/\/worldsofmagic.net\/product\/edge-of-eternities-prerelease-pack\/\",\"url\":\"https:\/\/worldsofmagic.net\/product\/edge-of-eternities-prerelease-pack\/\",\"name\":\"Edge of Eternities Prerelease Pack - Worlds Of Magic\",\"isPartOf\":{\"@id\":\"https:\/\/worldsofmagic.net\/#website\"},\"primaryImageOfPage\":{\"@id\":\"https:\/\/worldsofmagic.net\/product\/edge-of-eternities-prerelease-pack\/#primaryimage\"},\"image\":{\"@id\":\"https:\/\/worldsofmagic.net\/product\/edge-of-eternities-prerelease-pack\/#primaryimage\"},\"thumbnailUrl\":\"https:\/\/worldsofmagic.net\/wp-content\/uploads\/2025\/06\/Edge-of-Eternities-Prerelease-Pack.png\",\"datePublished\":\"2025-06-29T10:22:35+00:00\",\"dateModified\":\"2025-06-30T15:20:09+00:00\",\"breadcrumb\":{\"@id\":\"https:\/\/worldsofmagic.net\/product\/edge-of-eternities-prerelease-pack\/#breadcrumb\"},\"inLanguage\":\"fr-FR\",\"potentialAction\":[{\"@type\":\"ReadAction\",\"target\":[\"https:\/\/worldsofmagic.net\/product\/edge-of-eternities-prerelease-pack\/\"]}]},{\"@type\":\"ImageObject\",\"inLanguage\":\"fr-FR\",\"@id\":\"https:\/\/worldsofmagic.net\/product\/edge-of-eternities-prerelease-pack\/#primaryimage\",\"url\":\"https:\/\/worldsofmagic.net\/wp-content\/uploads\/2025\/06\/Edge-of-Eternities-Prerelease-Pack.png\",\"contentUrl\":\"https:\/\/worldsofmagic.net\/wp-content\/uploads\/2025\/06\/Edge-of-Eternities-Prerelease-Pack.png\",\"width\":300,\"height\":300,\"caption\":\"Edge of Eternities Prerelease Pack\"},{\"@type\":\"BreadcrumbList\",\"@id\":\"https:\/\/worldsofmagic.net\/product\/edge-of-eternities-prerelease-pack\/#breadcrumb\",\"itemListElement\":[{\"@type\":\"ListItem\",\"position\":1,\"name\":\"Accueil\",\"item\":\"https:\/\/worldsofmagic.net\/\"},{\"@type\":\"ListItem\",\"position\":2,\"name\":\"Shop\",\"item\":\"https:\/\/worldsofmagic.net\/shop\/\"},{\"@type\":\"ListItem\",\"position\":3,\"name\":\"Edge of Eternities Prerelease Pack\"}]},{\"@type\":\"WebSite\",\"@id\":\"https:\/\/worldsofmagic.net\/#website\",\"url\":\"https:\/\/worldsofmagic.net\/\",\"name\":\"Worlds Of Magic\",\"description\":\"\",\"publisher\":{\"@id\":\"https:\/\/worldsofmagic.net\/#organization\"},\"potentialAction\":[{\"@type\":\"SearchAction\",\"target\":{\"@type\":\"EntryPoint\",\"urlTemplate\":\"https:\/\/worldsofmagic.net\/?s={search_term_string}\"},\"query-input\":{\"@type\":\"PropertyValueSpecification\",\"valueRequired\":true,\"valueName\":\"search_term_string\"}}],\"inLanguage\":\"fr-FR\"},{\"@type\":\"Organization\",\"@id\":\"https:\/\/worldsofmagic.net\/#organization\",\"name\":\"Worlds Of Magic\",\"alternateName\":\"Worlds Of Magic\",\"url\":\"https:\/\/worldsofmagic.net\/\",\"logo\":{\"@type\":\"ImageObject\",\"inLanguage\":\"fr-FR\",\"@id\":\"https:\/\/worldsofmagic.net\/#\/schema\/logo\/image\/\",\"url\":\"https:\/\/worldsofmagic.net\/wp-content\/uploads\/2024\/07\/image.png\",\"contentUrl\":\"https:\/\/worldsofmagic.net\/wp-content\/uploads\/2024\/07\/image.png\",\"width\":1072,\"height\":341,\"caption\":\"Worlds Of Magic\"},\"image\":{\"@id\":\"https:\/\/worldsofmagic.net\/#\/schema\/logo\/image\/\"}}]}<\/script>\n<!-- \/ Yoast SEO plugin. -->","yoast_head_json":{"title":"Edge of Eternities Prerelease Pack - Worlds Of Magic","robots":{"index":"index","follow":"follow","max-snippet":"max-snippet:-1","max-image-preview":"max-image-preview:large","max-video-preview":"max-video-preview:-1"},"canonical":"https:\/\/worldsofmagic.net\/fr\/produit\/edge-of-eternities-prerelease-pack\/","og_locale":"fr_FR","og_type":"article","og_title":"Edge of Eternities Prerelease Pack - Worlds Of Magic","og_description":"Edge of Eternities Prerelease Pack \u2013 English At the edge of the known Multiverse, the\u00a0Edge of Eternities\u00a0Prerelease Pack gives players their first chance to explore the new set. Build your own deck using six Play Boosters and battle it out with a stamped foil promo card and a Spindown die at your side. Whether for [&hellip;]","og_url":"https:\/\/worldsofmagic.net\/fr\/produit\/edge-of-eternities-prerelease-pack\/","og_site_name":"Worlds Of Magic","article_modified_time":"2025-06-30T15:20:09+00:00","og_image":[{"width":300,"height":300,"url":"https:\/\/worldsofmagic.net\/wp-content\/uploads\/2025\/06\/Edge-of-Eternities-Prerelease-Pack.png","type":"image\/png"}],"twitter_card":"summary_large_image","twitter_misc":{"Dur\u00e9e de lecture estim\u00e9e":"1 minute"},"schema":{"@context":"https:\/\/schema.org","@graph":[{"@type":"WebPage","@id":"https:\/\/worldsofmagic.net\/product\/edge-of-eternities-prerelease-pack\/","url":"https:\/\/worldsofmagic.net\/product\/edge-of-eternities-prerelease-pack\/","name":"Edge of Eternities Prerelease Pack - Worlds Of Magic","isPartOf":{"@id":"https:\/\/worldsofmagic.net\/#website"},"primaryImageOfPage":{"@id":"https:\/\/worldsofmagic.net\/product\/edge-of-eternities-prerelease-pack\/#primaryimage"},"image":{"@id":"https:\/\/worldsofmagic.net\/product\/edge-of-eternities-prerelease-pack\/#primaryimage"},"thumbnailUrl":"https:\/\/worldsofmagic.net\/wp-content\/uploads\/2025\/06\/Edge-of-Eternities-Prerelease-Pack.png","datePublished":"2025-06-29T10:22:35+00:00","dateModified":"2025-06-30T15:20:09+00:00","breadcrumb":{"@id":"https:\/\/worldsofmagic.net\/product\/edge-of-eternities-prerelease-pack\/#breadcrumb"},"inLanguage":"fr-FR","potentialAction":[{"@type":"ReadAction","target":["https:\/\/worldsofmagic.net\/product\/edge-of-eternities-prerelease-pack\/"]}]},{"@type":"ImageObject","inLanguage":"fr-FR","@id":"https:\/\/worldsofmagic.net\/product\/edge-of-eternities-prerelease-pack\/#primaryimage","url":"https:\/\/worldsofmagic.net\/wp-content\/uploads\/2025\/06\/Edge-of-Eternities-Prerelease-Pack.png","contentUrl":"https:\/\/worldsofmagic.net\/wp-content\/uploads\/2025\/06\/Edge-of-Eternities-Prerelease-Pack.png","width":300,"height":300,"caption":"Edge of Eternities Prerelease Pack"},{"@type":"BreadcrumbList","@id":"https:\/\/worldsofmagic.net\/product\/edge-of-eternities-prerelease-pack\/#breadcrumb","itemListElement":[{"@type":"ListItem","position":1,"name":"Accueil","item":"https:\/\/worldsofmagic.net\/"},{"@type":"ListItem","position":2,"name":"Shop","item":"https:\/\/worldsofmagic.net\/shop\/"},{"@type":"ListItem","position":3,"name":"Edge of Eternities Prerelease Pack"}]},{"@type":"WebSite","@id":"https:\/\/worldsofmagic.net\/#website","url":"https:\/\/worldsofmagic.net\/","name":"Worlds Of Magic","description":"","publisher":{"@id":"https:\/\/worldsofmagic.net\/#organization"},"potentialAction":[{"@type":"SearchAction","target":{"@type":"EntryPoint","urlTemplate":"https:\/\/worldsofmagic.net\/?s={search_term_string}"},"query-input":{"@type":"PropertyValueSpecification","valueRequired":true,"valueName":"search_term_string"}}],"inLanguage":"fr-FR"},{"@type":"Organization","@id":"https:\/\/worldsofmagic.net\/#organization","name":"Worlds Of Magic","alternateName":"Worlds Of Magic","url":"https:\/\/worldsofmagic.net\/","logo":{"@type":"ImageObject","inLanguage":"fr-FR","@id":"https:\/\/worldsofmagic.net\/#\/schema\/logo\/image\/","url":"https:\/\/worldsofmagic.net\/wp-content\/uploads\/2024\/07\/image.png","contentUrl":"https:\/\/worldsofmagic.net\/wp-content\/uploads\/2024\/07\/image.png","width":1072,"height":341,"caption":"Worlds Of Magic"},"image":{"@id":"https:\/\/worldsofmagic.net\/#\/schema\/logo\/image\/"}}]}},"jetpack_sharing_enabled":true,"_links":{"self":[{"href":"https:\/\/worldsofmagic.net\/fr\/wp-json\/wp\/v2\/product\/2649"}],"collection":[{"href":"https:\/\/worldsofmagic.net\/fr\/wp-json\/wp\/v2\/product"}],"about":[{"href":"https:\/\/worldsofmagic.net\/fr\/wp-json\/wp\/v2\/types\/product"}],"replies":[{"embeddable":true,"href":"https:\/\/worldsofmagic.net\/fr\/wp-json\/wp\/v2\/comments?post=2649"}],"wp:featuredmedia":[{"embeddable":true,"href":"https:\/\/worldsofmagic.net\/fr\/wp-json\/wp\/v2\/media\/2646"}],"wp:attachment":[{"href":"https:\/\/worldsofmagic.net\/fr\/wp-json\/wp\/v2\/media?parent=2649"}],"wp:term":[{"taxonomy":"product_cat","embeddable":true,"href":"https:\/\/worldsofmagic.net\/fr\/wp-json\/wp\/v2\/product_cat?post=2649"},{"taxonomy":"product_tag","embeddable":true,"href":"https:\/\/worldsofmagic.net\/fr\/wp-json\/wp\/v2\/product_tag?post=2649"}],"curies":[{"name":"wp","href":"https:\/\/api.w.org\/{rel}","templated":true}]}}