{"id":2652,"date":"2025-06-29T10:30:54","date_gmt":"2025-06-29T10:30:54","guid":{"rendered":"https:\/\/worldsofmagic.net\/?post_type=product&#038;p=2652"},"modified":"2025-07-24T07:46:39","modified_gmt":"2025-07-24T07:46:39","slug":"edge-of-eternities-counter-intelligence-commander-deck","status":"publish","type":"product","link":"https:\/\/worldsofmagic.net\/fr\/produit\/edge-of-eternities-counter-intelligence-commander-deck\/","title":{"rendered":"Edge of Eternities\u00a0: Deck de commandant \u00ab\u00a0Contre-espionnage\u00a0\u00bb"},"content":{"rendered":"<h3 data-end=\"404\" data-start=\"348\">Edge of Eternities\u00a0: Deck de commandant \u00ab\u00a0Contre-espionnage\u00a0\u00bb<\/h3>\n<p data-end=\"723\" data-start=\"406\">Aux confins du Multivers connu, un syst\u00e8me stellaire est au bord du d\u00e9sastre. Tracez votre route \u00e0 travers Sothera, explorez des plan\u00e8tes lointaines, ma\u00eetrisez une magie \u00e9blouissante et combattez des factions extraterrestres. \u00c9vitez simplement le supervide instable en son centre, \u00e0 moins que vous ne choisissiez d&#039;exploiter les vastes \u00e9nergies chaotiques qui s&#039;y trouvent\u00a0!<\/p>\n<p data-end=\"926\" data-start=\"725\">Les decks Commander sont pr\u00eats \u00e0 l&#039;emploi et incluent tout le n\u00e9cessaire pour jouer au format multijoueur le plus populaire de Magic. Edge of Eternities propose deux versions diff\u00e9rentes de decks Commander.<\/p>\n<p data-end=\"1205\" data-start=\"933\"><strong data-end=\"965\" data-start=\"933\">Contenu par deck de commandant\u00a0:<\/strong><br data-end=\"968\" data-start=\"965\" \/>100 cartes Magic (98 cartes non foil + 2 cartes foil traditionnelles l\u00e9gendaires)<br data-end=\"1039\" data-start=\"1036\" \/>Pack d&#039;\u00e9chantillons booster collector avec 2 cartes<br data-end=\"1086\" data-start=\"1083\" \/>10 cartes jetons recto verso<br data-end=\"1118\" data-start=\"1115\" \/>\u00a01 bo\u00eete de jeu (convient \u00e0 100 cartes avec pochettes)<br data-end=\"1163\" data-start=\"1160\" \/>\u00a01 insert de strat\u00e9gie<br data-end=\"1185\" data-start=\"1182\" \/>1 carte de r\u00e9f\u00e9rence<\/p>\n<p data-end=\"1591\" data-start=\"1212\">","protected":false},"excerpt":{"rendered":"<p>Aux confins du Multivers, un syst\u00e8me stellaire est au bord du d\u00e9sastre. Tracez votre route \u00e0 travers Sothera, explorez des plan\u00e8tes lointaines, maniez une magie \u00e9blouissante et combattez des factions extraterrestres. \u00c9vitez simplement le supervide instable en son centre, \u00e0 moins que vous ne choisissiez d&#039;exploiter [\u2026]<\/p>","protected":false},"featured_media":2653,"comment_status":"open","ping_status":"closed","template":"","meta":[],"product_cat":[34,94,21],"product_tag":[],"class_list":{"0":"post-2652","1":"product","2":"type-product","3":"status-publish","4":"has-post-thumbnail","6":"product_cat-commander","7":"product_cat-english-commander","8":"product_cat-magic-the-gathering","9":"pa_language-english","10":"pa_mtg-edition-edge-of-eternities","12":"first","13":"instock","14":"purchasable","15":"product-type-simple"},"yoast_head":"<!-- This site is optimized with the Yoast SEO plugin v23.6 - https:\/\/yoast.com\/wordpress\/plugins\/seo\/ -->\n<title>Edge of Eternities: &quot;Counter Intelligence&quot; Commander Deck - Worlds Of Magic<\/title>\n<meta name=\"robots\" content=\"index, follow, max-snippet:-1, max-image-preview:large, max-video-preview:-1\" \/>\n<link rel=\"canonical\" href=\"https:\/\/worldsofmagic.net\/fr\/produit\/edge-of-eternities-counter-intelligence-commander-deck\/\" \/>\n<meta property=\"og:locale\" content=\"fr_FR\" \/>\n<meta property=\"og:type\" content=\"article\" \/>\n<meta property=\"og:title\" content=\"Edge of Eternities: &quot;Counter Intelligence&quot; Commander Deck - Worlds Of Magic\" \/>\n<meta property=\"og:description\" content=\"Edge of Eternities: &#8220;Counter Intelligence&#8221; Commander Deck At the edge of the known Multiverse, a star system teeters on the brink of disaster. Chart a course through Sothera, explore distant planets, wield dazzling magic, and wage war with alien factions. Just steer clear of the unstable supervoid at the center\u2014unless you choose to harness the [&hellip;]\" \/>\n<meta property=\"og:url\" content=\"https:\/\/worldsofmagic.net\/fr\/produit\/edge-of-eternities-counter-intelligence-commander-deck\/\" \/>\n<meta property=\"og:site_name\" content=\"Worlds Of Magic\" \/>\n<meta property=\"article:modified_time\" content=\"2025-07-24T07:46:39+00:00\" \/>\n<meta property=\"og:image\" content=\"https:\/\/worldsofmagic.net\/wp-content\/uploads\/2025\/06\/Edge-of-Eternities-Commander-Deck-counter-intelligence.png\" \/>\n\t<meta property=\"og:image:width\" content=\"300\" \/>\n\t<meta property=\"og:image:height\" content=\"300\" \/>\n\t<meta property=\"og:image:type\" content=\"image\/png\" \/>\n<meta name=\"twitter:card\" content=\"summary_large_image\" \/>\n<meta name=\"twitter:label1\" content=\"Dur\u00e9e de lecture estim\u00e9e\" \/>\n\t<meta name=\"twitter:data1\" content=\"1 minute\" \/>\n<script type=\"application\/ld+json\" class=\"yoast-schema-graph\">{\"@context\":\"https:\/\/schema.org\",\"@graph\":[{\"@type\":\"WebPage\",\"@id\":\"https:\/\/worldsofmagic.net\/product\/edge-of-eternities-counter-intelligence-commander-deck\/\",\"url\":\"https:\/\/worldsofmagic.net\/product\/edge-of-eternities-counter-intelligence-commander-deck\/\",\"name\":\"Edge of Eternities: \\\"Counter Intelligence\\\" Commander Deck - Worlds Of Magic\",\"isPartOf\":{\"@id\":\"https:\/\/worldsofmagic.net\/#website\"},\"primaryImageOfPage\":{\"@id\":\"https:\/\/worldsofmagic.net\/product\/edge-of-eternities-counter-intelligence-commander-deck\/#primaryimage\"},\"image\":{\"@id\":\"https:\/\/worldsofmagic.net\/product\/edge-of-eternities-counter-intelligence-commander-deck\/#primaryimage\"},\"thumbnailUrl\":\"https:\/\/worldsofmagic.net\/wp-content\/uploads\/2025\/06\/Edge-of-Eternities-Commander-Deck-counter-intelligence.png\",\"datePublished\":\"2025-06-29T10:30:54+00:00\",\"dateModified\":\"2025-07-24T07:46:39+00:00\",\"breadcrumb\":{\"@id\":\"https:\/\/worldsofmagic.net\/product\/edge-of-eternities-counter-intelligence-commander-deck\/#breadcrumb\"},\"inLanguage\":\"fr-FR\",\"potentialAction\":[{\"@type\":\"ReadAction\",\"target\":[\"https:\/\/worldsofmagic.net\/product\/edge-of-eternities-counter-intelligence-commander-deck\/\"]}]},{\"@type\":\"ImageObject\",\"inLanguage\":\"fr-FR\",\"@id\":\"https:\/\/worldsofmagic.net\/product\/edge-of-eternities-counter-intelligence-commander-deck\/#primaryimage\",\"url\":\"https:\/\/worldsofmagic.net\/wp-content\/uploads\/2025\/06\/Edge-of-Eternities-Commander-Deck-counter-intelligence.png\",\"contentUrl\":\"https:\/\/worldsofmagic.net\/wp-content\/uploads\/2025\/06\/Edge-of-Eternities-Commander-Deck-counter-intelligence.png\",\"width\":300,\"height\":300},{\"@type\":\"BreadcrumbList\",\"@id\":\"https:\/\/worldsofmagic.net\/product\/edge-of-eternities-counter-intelligence-commander-deck\/#breadcrumb\",\"itemListElement\":[{\"@type\":\"ListItem\",\"position\":1,\"name\":\"Accueil\",\"item\":\"https:\/\/worldsofmagic.net\/\"},{\"@type\":\"ListItem\",\"position\":2,\"name\":\"Shop\",\"item\":\"https:\/\/worldsofmagic.net\/shop\/\"},{\"@type\":\"ListItem\",\"position\":3,\"name\":\"Edge of Eternities: &#8220;Counter Intelligence&#8221; Commander Deck\"}]},{\"@type\":\"WebSite\",\"@id\":\"https:\/\/worldsofmagic.net\/#website\",\"url\":\"https:\/\/worldsofmagic.net\/\",\"name\":\"Worlds Of Magic\",\"description\":\"\",\"publisher\":{\"@id\":\"https:\/\/worldsofmagic.net\/#organization\"},\"potentialAction\":[{\"@type\":\"SearchAction\",\"target\":{\"@type\":\"EntryPoint\",\"urlTemplate\":\"https:\/\/worldsofmagic.net\/?s={search_term_string}\"},\"query-input\":{\"@type\":\"PropertyValueSpecification\",\"valueRequired\":true,\"valueName\":\"search_term_string\"}}],\"inLanguage\":\"fr-FR\"},{\"@type\":\"Organization\",\"@id\":\"https:\/\/worldsofmagic.net\/#organization\",\"name\":\"Worlds Of Magic\",\"alternateName\":\"Worlds Of Magic\",\"url\":\"https:\/\/worldsofmagic.net\/\",\"logo\":{\"@type\":\"ImageObject\",\"inLanguage\":\"fr-FR\",\"@id\":\"https:\/\/worldsofmagic.net\/#\/schema\/logo\/image\/\",\"url\":\"https:\/\/worldsofmagic.net\/wp-content\/uploads\/2024\/07\/image.png\",\"contentUrl\":\"https:\/\/worldsofmagic.net\/wp-content\/uploads\/2024\/07\/image.png\",\"width\":1072,\"height\":341,\"caption\":\"Worlds Of Magic\"},\"image\":{\"@id\":\"https:\/\/worldsofmagic.net\/#\/schema\/logo\/image\/\"}}]}<\/script>\n<!-- \/ Yoast SEO plugin. -->","yoast_head_json":{"title":"Edge of Eternities: \"Counter Intelligence\" Commander Deck - Worlds Of Magic","robots":{"index":"index","follow":"follow","max-snippet":"max-snippet:-1","max-image-preview":"max-image-preview:large","max-video-preview":"max-video-preview:-1"},"canonical":"https:\/\/worldsofmagic.net\/fr\/produit\/edge-of-eternities-counter-intelligence-commander-deck\/","og_locale":"fr_FR","og_type":"article","og_title":"Edge of Eternities: \"Counter Intelligence\" Commander Deck - Worlds Of Magic","og_description":"Edge of Eternities: &#8220;Counter Intelligence&#8221; Commander Deck At the edge of the known Multiverse, a star system teeters on the brink of disaster. Chart a course through Sothera, explore distant planets, wield dazzling magic, and wage war with alien factions. Just steer clear of the unstable supervoid at the center\u2014unless you choose to harness the [&hellip;]","og_url":"https:\/\/worldsofmagic.net\/fr\/produit\/edge-of-eternities-counter-intelligence-commander-deck\/","og_site_name":"Worlds Of Magic","article_modified_time":"2025-07-24T07:46:39+00:00","og_image":[{"width":300,"height":300,"url":"https:\/\/worldsofmagic.net\/wp-content\/uploads\/2025\/06\/Edge-of-Eternities-Commander-Deck-counter-intelligence.png","type":"image\/png"}],"twitter_card":"summary_large_image","twitter_misc":{"Dur\u00e9e de lecture estim\u00e9e":"1 minute"},"schema":{"@context":"https:\/\/schema.org","@graph":[{"@type":"WebPage","@id":"https:\/\/worldsofmagic.net\/product\/edge-of-eternities-counter-intelligence-commander-deck\/","url":"https:\/\/worldsofmagic.net\/product\/edge-of-eternities-counter-intelligence-commander-deck\/","name":"Edge of Eternities: \"Counter Intelligence\" Commander Deck - Worlds Of Magic","isPartOf":{"@id":"https:\/\/worldsofmagic.net\/#website"},"primaryImageOfPage":{"@id":"https:\/\/worldsofmagic.net\/product\/edge-of-eternities-counter-intelligence-commander-deck\/#primaryimage"},"image":{"@id":"https:\/\/worldsofmagic.net\/product\/edge-of-eternities-counter-intelligence-commander-deck\/#primaryimage"},"thumbnailUrl":"https:\/\/worldsofmagic.net\/wp-content\/uploads\/2025\/06\/Edge-of-Eternities-Commander-Deck-counter-intelligence.png","datePublished":"2025-06-29T10:30:54+00:00","dateModified":"2025-07-24T07:46:39+00:00","breadcrumb":{"@id":"https:\/\/worldsofmagic.net\/product\/edge-of-eternities-counter-intelligence-commander-deck\/#breadcrumb"},"inLanguage":"fr-FR","potentialAction":[{"@type":"ReadAction","target":["https:\/\/worldsofmagic.net\/product\/edge-of-eternities-counter-intelligence-commander-deck\/"]}]},{"@type":"ImageObject","inLanguage":"fr-FR","@id":"https:\/\/worldsofmagic.net\/product\/edge-of-eternities-counter-intelligence-commander-deck\/#primaryimage","url":"https:\/\/worldsofmagic.net\/wp-content\/uploads\/2025\/06\/Edge-of-Eternities-Commander-Deck-counter-intelligence.png","contentUrl":"https:\/\/worldsofmagic.net\/wp-content\/uploads\/2025\/06\/Edge-of-Eternities-Commander-Deck-counter-intelligence.png","width":300,"height":300},{"@type":"BreadcrumbList","@id":"https:\/\/worldsofmagic.net\/product\/edge-of-eternities-counter-intelligence-commander-deck\/#breadcrumb","itemListElement":[{"@type":"ListItem","position":1,"name":"Accueil","item":"https:\/\/worldsofmagic.net\/"},{"@type":"ListItem","position":2,"name":"Shop","item":"https:\/\/worldsofmagic.net\/shop\/"},{"@type":"ListItem","position":3,"name":"Edge of Eternities: &#8220;Counter Intelligence&#8221; Commander Deck"}]},{"@type":"WebSite","@id":"https:\/\/worldsofmagic.net\/#website","url":"https:\/\/worldsofmagic.net\/","name":"Worlds Of Magic","description":"","publisher":{"@id":"https:\/\/worldsofmagic.net\/#organization"},"potentialAction":[{"@type":"SearchAction","target":{"@type":"EntryPoint","urlTemplate":"https:\/\/worldsofmagic.net\/?s={search_term_string}"},"query-input":{"@type":"PropertyValueSpecification","valueRequired":true,"valueName":"search_term_string"}}],"inLanguage":"fr-FR"},{"@type":"Organization","@id":"https:\/\/worldsofmagic.net\/#organization","name":"Worlds Of Magic","alternateName":"Worlds Of Magic","url":"https:\/\/worldsofmagic.net\/","logo":{"@type":"ImageObject","inLanguage":"fr-FR","@id":"https:\/\/worldsofmagic.net\/#\/schema\/logo\/image\/","url":"https:\/\/worldsofmagic.net\/wp-content\/uploads\/2024\/07\/image.png","contentUrl":"https:\/\/worldsofmagic.net\/wp-content\/uploads\/2024\/07\/image.png","width":1072,"height":341,"caption":"Worlds Of Magic"},"image":{"@id":"https:\/\/worldsofmagic.net\/#\/schema\/logo\/image\/"}}]}},"jetpack_sharing_enabled":true,"_links":{"self":[{"href":"https:\/\/worldsofmagic.net\/fr\/wp-json\/wp\/v2\/product\/2652"}],"collection":[{"href":"https:\/\/worldsofmagic.net\/fr\/wp-json\/wp\/v2\/product"}],"about":[{"href":"https:\/\/worldsofmagic.net\/fr\/wp-json\/wp\/v2\/types\/product"}],"replies":[{"embeddable":true,"href":"https:\/\/worldsofmagic.net\/fr\/wp-json\/wp\/v2\/comments?post=2652"}],"wp:featuredmedia":[{"embeddable":true,"href":"https:\/\/worldsofmagic.net\/fr\/wp-json\/wp\/v2\/media\/2653"}],"wp:attachment":[{"href":"https:\/\/worldsofmagic.net\/fr\/wp-json\/wp\/v2\/media?parent=2652"}],"wp:term":[{"taxonomy":"product_cat","embeddable":true,"href":"https:\/\/worldsofmagic.net\/fr\/wp-json\/wp\/v2\/product_cat?post=2652"},{"taxonomy":"product_tag","embeddable":true,"href":"https:\/\/worldsofmagic.net\/fr\/wp-json\/wp\/v2\/product_tag?post=2652"}],"curies":[{"name":"wp","href":"https:\/\/api.w.org\/{rel}","templated":true}]}}