{"id":2677,"date":"2025-07-07T10:00:54","date_gmt":"2025-07-07T10:00:54","guid":{"rendered":"https:\/\/worldsofmagic.net\/?post_type=product&#038;p=2677"},"modified":"2025-08-04T11:40:39","modified_gmt":"2025-08-04T11:40:39","slug":"star-wars-unlimited-legends-of-the-force-booster-box","status":"publish","type":"product","link":"https:\/\/worldsofmagic.net\/fr\/produit\/star-wars-unlimited-legends-of-the-force-booster-box\/","title":{"rendered":"Coffret de boosters Star Wars\u00a0: Unlimited \u2013 L\u00e9gendes de la Force"},"content":{"rendered":"<div class=\"desc\">\n<h3 data-end=\"2475\" data-start=\"2014\"><strong data-end=\"2087\" data-start=\"2014\">Star Wars\u00a0: Unlimited \u2013 Pr\u00e9sentoir de boosters L\u00e9gendes de la Force (anglais)<\/strong><\/h3>\n<p data-end=\"2475\" data-start=\"2014\">Entrez dans une galaxie au potentiel illimit\u00e9 avec <em data-end=\"2155\" data-start=\"2133\">L\u00e9gendes de la Force<\/em>, le cinqui\u00e8me ensemble \u00e9pique de <strong data-end=\"2203\" data-start=\"2179\">Star Wars : Illimit\u00e9<\/strong>Ce coffret booster comprend 24 paquets remplis de cartes de tout l&#039;univers Star Wars, avec un focus particulier sur les Jedi, les Sith et autres utilisateurs de la Force. Chaque paquet garantit une carte rare ou l\u00e9gendaire et une carte brillante, ainsi qu&#039;une chance de gagner des variantes exclusives Hyperspace ou Showcase\u00a0!<\/p>\n<p data-end=\"2884\" data-start=\"2477\">\u2705 Contient 24 boosters \u2013 16 cartes par pack<br data-end=\"2527\" data-start=\"2524\" \/>\u2705 Garanti dans chaque pack : 1 Rare\/L\u00e9gendaire + 1 Foil<br data-end=\"2583\" data-start=\"2580\" \/>\u2705 Contient des cartes de toutes les \u00e9poques de Star Wars<br data-end=\"2628\" data-start=\"2625\" \/>\u2705 Concentrez-vous sur les utilisateurs embl\u00e9matiques de la Force comme les Jedi et les Sith<br data-end=\"2677\" data-start=\"2674\" \/>\u2705 Chaque pack comprend 1 carte leader et 1 carte de base\/jeton<br data-end=\"2731\" data-start=\"2728\" \/>\u2705 Comprend des variantes rares d&#039;Hyperspace et de Showcase<br data-end=\"2782\" data-start=\"2779\" \/>\u2705 Parfait pour les drafts et les \u00e9v\u00e9nements scell\u00e9s (6 packs par joueur)<br data-end=\"2843\" data-start=\"2840\" \/>\u2705 Combinaisons infinies pour la construction de decks<\/p>\n<p data-end=\"3018\" data-start=\"2886\"><strong data-end=\"2912\" data-start=\"2886\">Contenu du Booster Pack :<\/strong><br data-end=\"2915\" data-start=\"2912\" \/>\u2705 9x Commun<br data-end=\"2929\" data-start=\"2926\" \/>\u2705 3x Peu commun<br data-end=\"2945\" data-start=\"2942\" \/>\u2705 1x Rare ou L\u00e9gendaire<br data-end=\"2970\" data-start=\"2967\" \/>\u2705 1x Leader<br data-end=\"2984\" data-start=\"2981\" \/>\u2705 1x Base\/Jeton<br data-end=\"3002\" data-start=\"2999\" \/>\u2705 1x Carte en aluminium<\/p>\n<\/div>","protected":false},"excerpt":{"rendered":"<p>Star Wars\u00a0: Unlimited \u2013 Pr\u00e9sentoir de boosters L\u00e9gendes de la Force (anglais) Entrez dans une galaxie au potentiel illimit\u00e9 avec L\u00e9gendes de la Force, le cinqui\u00e8me coffret \u00e9pique de Star Wars\u00a0: Unlimited\u00a0! Ce pr\u00e9sentoir de boosters comprend 24 paquets remplis de cartes de tout l\u2019univers Star Wars, avec un focus particulier sur les Jedi, les Sith et autres [\u2026]<\/p>","protected":false},"featured_media":2685,"comment_status":"open","ping_status":"closed","template":"","meta":[],"product_cat":[44,43],"product_tag":[],"class_list":{"0":"post-2677","1":"product","2":"type-product","3":"status-publish","4":"has-post-thumbnail","6":"product_cat-booster-box","7":"product_cat-star-wars","8":"pa_language-english","9":"pa_sw-legends-of-the-force","11":"first","12":"instock","13":"purchasable","14":"product-type-simple"},"yoast_head":"<!-- This site is optimized with the Yoast SEO plugin v23.6 - https:\/\/yoast.com\/wordpress\/plugins\/seo\/ -->\n<title>Star Wars: Unlimited - Legends of the Force Booster Box - Worlds Of Magic<\/title>\n<meta name=\"robots\" content=\"index, follow, max-snippet:-1, max-image-preview:large, max-video-preview:-1\" \/>\n<link rel=\"canonical\" href=\"https:\/\/worldsofmagic.net\/fr\/produit\/star-wars-unlimited-legends-of-the-force-booster-box\/\" \/>\n<meta property=\"og:locale\" content=\"fr_FR\" \/>\n<meta property=\"og:type\" content=\"article\" \/>\n<meta property=\"og:title\" content=\"Star Wars: Unlimited - Legends of the Force Booster Box - Worlds Of Magic\" \/>\n<meta property=\"og:description\" content=\"Star Wars: Unlimited \u2013 Legends of the Force Booster Display (English) Enter a galaxy of limitless potential with Legends of the Force, the fifth epic set of Star Wars: Unlimited! This booster display includes 24 packs loaded with cards from across the Star Wars universe \u2013 with a special focus on Jedi, Sith, and other [&hellip;]\" \/>\n<meta property=\"og:url\" content=\"https:\/\/worldsofmagic.net\/fr\/produit\/star-wars-unlimited-legends-of-the-force-booster-box\/\" \/>\n<meta property=\"og:site_name\" content=\"Worlds Of Magic\" \/>\n<meta property=\"article:modified_time\" content=\"2025-08-04T11:40:39+00:00\" \/>\n<meta property=\"og:image\" content=\"https:\/\/worldsofmagic.net\/wp-content\/uploads\/2025\/07\/lof-booster-box-1.png\" \/>\n\t<meta property=\"og:image:width\" content=\"300\" \/>\n\t<meta property=\"og:image:height\" content=\"300\" \/>\n\t<meta property=\"og:image:type\" content=\"image\/png\" \/>\n<meta name=\"twitter:card\" content=\"summary_large_image\" \/>\n<meta name=\"twitter:label1\" content=\"Dur\u00e9e de lecture estim\u00e9e\" \/>\n\t<meta name=\"twitter:data1\" content=\"1 minute\" \/>\n<script type=\"application\/ld+json\" class=\"yoast-schema-graph\">{\"@context\":\"https:\/\/schema.org\",\"@graph\":[{\"@type\":\"WebPage\",\"@id\":\"https:\/\/worldsofmagic.net\/product\/star-wars-unlimited-legends-of-the-force-booster-box\/\",\"url\":\"https:\/\/worldsofmagic.net\/product\/star-wars-unlimited-legends-of-the-force-booster-box\/\",\"name\":\"Star Wars: Unlimited - Legends of the Force Booster Box - Worlds Of Magic\",\"isPartOf\":{\"@id\":\"https:\/\/worldsofmagic.net\/#website\"},\"primaryImageOfPage\":{\"@id\":\"https:\/\/worldsofmagic.net\/product\/star-wars-unlimited-legends-of-the-force-booster-box\/#primaryimage\"},\"image\":{\"@id\":\"https:\/\/worldsofmagic.net\/product\/star-wars-unlimited-legends-of-the-force-booster-box\/#primaryimage\"},\"thumbnailUrl\":\"https:\/\/worldsofmagic.net\/wp-content\/uploads\/2025\/07\/lof-booster-box-1.png\",\"datePublished\":\"2025-07-07T10:00:54+00:00\",\"dateModified\":\"2025-08-04T11:40:39+00:00\",\"breadcrumb\":{\"@id\":\"https:\/\/worldsofmagic.net\/product\/star-wars-unlimited-legends-of-the-force-booster-box\/#breadcrumb\"},\"inLanguage\":\"fr-FR\",\"potentialAction\":[{\"@type\":\"ReadAction\",\"target\":[\"https:\/\/worldsofmagic.net\/product\/star-wars-unlimited-legends-of-the-force-booster-box\/\"]}]},{\"@type\":\"ImageObject\",\"inLanguage\":\"fr-FR\",\"@id\":\"https:\/\/worldsofmagic.net\/product\/star-wars-unlimited-legends-of-the-force-booster-box\/#primaryimage\",\"url\":\"https:\/\/worldsofmagic.net\/wp-content\/uploads\/2025\/07\/lof-booster-box-1.png\",\"contentUrl\":\"https:\/\/worldsofmagic.net\/wp-content\/uploads\/2025\/07\/lof-booster-box-1.png\",\"width\":300,\"height\":300},{\"@type\":\"BreadcrumbList\",\"@id\":\"https:\/\/worldsofmagic.net\/product\/star-wars-unlimited-legends-of-the-force-booster-box\/#breadcrumb\",\"itemListElement\":[{\"@type\":\"ListItem\",\"position\":1,\"name\":\"Accueil\",\"item\":\"https:\/\/worldsofmagic.net\/\"},{\"@type\":\"ListItem\",\"position\":2,\"name\":\"Shop\",\"item\":\"https:\/\/worldsofmagic.net\/shop\/\"},{\"@type\":\"ListItem\",\"position\":3,\"name\":\"Star Wars: Unlimited &#8211; Legends of the Force Booster Box\"}]},{\"@type\":\"WebSite\",\"@id\":\"https:\/\/worldsofmagic.net\/#website\",\"url\":\"https:\/\/worldsofmagic.net\/\",\"name\":\"Worlds Of Magic\",\"description\":\"\",\"publisher\":{\"@id\":\"https:\/\/worldsofmagic.net\/#organization\"},\"potentialAction\":[{\"@type\":\"SearchAction\",\"target\":{\"@type\":\"EntryPoint\",\"urlTemplate\":\"https:\/\/worldsofmagic.net\/?s={search_term_string}\"},\"query-input\":{\"@type\":\"PropertyValueSpecification\",\"valueRequired\":true,\"valueName\":\"search_term_string\"}}],\"inLanguage\":\"fr-FR\"},{\"@type\":\"Organization\",\"@id\":\"https:\/\/worldsofmagic.net\/#organization\",\"name\":\"Worlds Of Magic\",\"alternateName\":\"Worlds Of Magic\",\"url\":\"https:\/\/worldsofmagic.net\/\",\"logo\":{\"@type\":\"ImageObject\",\"inLanguage\":\"fr-FR\",\"@id\":\"https:\/\/worldsofmagic.net\/#\/schema\/logo\/image\/\",\"url\":\"https:\/\/worldsofmagic.net\/wp-content\/uploads\/2024\/07\/image.png\",\"contentUrl\":\"https:\/\/worldsofmagic.net\/wp-content\/uploads\/2024\/07\/image.png\",\"width\":1072,\"height\":341,\"caption\":\"Worlds Of Magic\"},\"image\":{\"@id\":\"https:\/\/worldsofmagic.net\/#\/schema\/logo\/image\/\"}}]}<\/script>\n<!-- \/ Yoast SEO plugin. -->","yoast_head_json":{"title":"Star Wars: Unlimited - Legends of the Force Booster Box - Worlds Of Magic","robots":{"index":"index","follow":"follow","max-snippet":"max-snippet:-1","max-image-preview":"max-image-preview:large","max-video-preview":"max-video-preview:-1"},"canonical":"https:\/\/worldsofmagic.net\/fr\/produit\/star-wars-unlimited-legends-of-the-force-booster-box\/","og_locale":"fr_FR","og_type":"article","og_title":"Star Wars: Unlimited - Legends of the Force Booster Box - Worlds Of Magic","og_description":"Star Wars: Unlimited \u2013 Legends of the Force Booster Display (English) Enter a galaxy of limitless potential with Legends of the Force, the fifth epic set of Star Wars: Unlimited! This booster display includes 24 packs loaded with cards from across the Star Wars universe \u2013 with a special focus on Jedi, Sith, and other [&hellip;]","og_url":"https:\/\/worldsofmagic.net\/fr\/produit\/star-wars-unlimited-legends-of-the-force-booster-box\/","og_site_name":"Worlds Of Magic","article_modified_time":"2025-08-04T11:40:39+00:00","og_image":[{"width":300,"height":300,"url":"https:\/\/worldsofmagic.net\/wp-content\/uploads\/2025\/07\/lof-booster-box-1.png","type":"image\/png"}],"twitter_card":"summary_large_image","twitter_misc":{"Dur\u00e9e de lecture estim\u00e9e":"1 minute"},"schema":{"@context":"https:\/\/schema.org","@graph":[{"@type":"WebPage","@id":"https:\/\/worldsofmagic.net\/product\/star-wars-unlimited-legends-of-the-force-booster-box\/","url":"https:\/\/worldsofmagic.net\/product\/star-wars-unlimited-legends-of-the-force-booster-box\/","name":"Star Wars: Unlimited - Legends of the Force Booster Box - Worlds Of Magic","isPartOf":{"@id":"https:\/\/worldsofmagic.net\/#website"},"primaryImageOfPage":{"@id":"https:\/\/worldsofmagic.net\/product\/star-wars-unlimited-legends-of-the-force-booster-box\/#primaryimage"},"image":{"@id":"https:\/\/worldsofmagic.net\/product\/star-wars-unlimited-legends-of-the-force-booster-box\/#primaryimage"},"thumbnailUrl":"https:\/\/worldsofmagic.net\/wp-content\/uploads\/2025\/07\/lof-booster-box-1.png","datePublished":"2025-07-07T10:00:54+00:00","dateModified":"2025-08-04T11:40:39+00:00","breadcrumb":{"@id":"https:\/\/worldsofmagic.net\/product\/star-wars-unlimited-legends-of-the-force-booster-box\/#breadcrumb"},"inLanguage":"fr-FR","potentialAction":[{"@type":"ReadAction","target":["https:\/\/worldsofmagic.net\/product\/star-wars-unlimited-legends-of-the-force-booster-box\/"]}]},{"@type":"ImageObject","inLanguage":"fr-FR","@id":"https:\/\/worldsofmagic.net\/product\/star-wars-unlimited-legends-of-the-force-booster-box\/#primaryimage","url":"https:\/\/worldsofmagic.net\/wp-content\/uploads\/2025\/07\/lof-booster-box-1.png","contentUrl":"https:\/\/worldsofmagic.net\/wp-content\/uploads\/2025\/07\/lof-booster-box-1.png","width":300,"height":300},{"@type":"BreadcrumbList","@id":"https:\/\/worldsofmagic.net\/product\/star-wars-unlimited-legends-of-the-force-booster-box\/#breadcrumb","itemListElement":[{"@type":"ListItem","position":1,"name":"Accueil","item":"https:\/\/worldsofmagic.net\/"},{"@type":"ListItem","position":2,"name":"Shop","item":"https:\/\/worldsofmagic.net\/shop\/"},{"@type":"ListItem","position":3,"name":"Star Wars: Unlimited &#8211; Legends of the Force Booster Box"}]},{"@type":"WebSite","@id":"https:\/\/worldsofmagic.net\/#website","url":"https:\/\/worldsofmagic.net\/","name":"Worlds Of Magic","description":"","publisher":{"@id":"https:\/\/worldsofmagic.net\/#organization"},"potentialAction":[{"@type":"SearchAction","target":{"@type":"EntryPoint","urlTemplate":"https:\/\/worldsofmagic.net\/?s={search_term_string}"},"query-input":{"@type":"PropertyValueSpecification","valueRequired":true,"valueName":"search_term_string"}}],"inLanguage":"fr-FR"},{"@type":"Organization","@id":"https:\/\/worldsofmagic.net\/#organization","name":"Worlds Of Magic","alternateName":"Worlds Of Magic","url":"https:\/\/worldsofmagic.net\/","logo":{"@type":"ImageObject","inLanguage":"fr-FR","@id":"https:\/\/worldsofmagic.net\/#\/schema\/logo\/image\/","url":"https:\/\/worldsofmagic.net\/wp-content\/uploads\/2024\/07\/image.png","contentUrl":"https:\/\/worldsofmagic.net\/wp-content\/uploads\/2024\/07\/image.png","width":1072,"height":341,"caption":"Worlds Of Magic"},"image":{"@id":"https:\/\/worldsofmagic.net\/#\/schema\/logo\/image\/"}}]}},"jetpack_sharing_enabled":true,"_links":{"self":[{"href":"https:\/\/worldsofmagic.net\/fr\/wp-json\/wp\/v2\/product\/2677"}],"collection":[{"href":"https:\/\/worldsofmagic.net\/fr\/wp-json\/wp\/v2\/product"}],"about":[{"href":"https:\/\/worldsofmagic.net\/fr\/wp-json\/wp\/v2\/types\/product"}],"replies":[{"embeddable":true,"href":"https:\/\/worldsofmagic.net\/fr\/wp-json\/wp\/v2\/comments?post=2677"}],"wp:featuredmedia":[{"embeddable":true,"href":"https:\/\/worldsofmagic.net\/fr\/wp-json\/wp\/v2\/media\/2685"}],"wp:attachment":[{"href":"https:\/\/worldsofmagic.net\/fr\/wp-json\/wp\/v2\/media?parent=2677"}],"wp:term":[{"taxonomy":"product_cat","embeddable":true,"href":"https:\/\/worldsofmagic.net\/fr\/wp-json\/wp\/v2\/product_cat?post=2677"},{"taxonomy":"product_tag","embeddable":true,"href":"https:\/\/worldsofmagic.net\/fr\/wp-json\/wp\/v2\/product_tag?post=2677"}],"curies":[{"name":"wp","href":"https:\/\/api.w.org\/{rel}","templated":true}]}}