{"id":2695,"date":"2025-07-07T10:31:11","date_gmt":"2025-07-07T10:31:11","guid":{"rendered":"https:\/\/worldsofmagic.net\/?post_type=product&#038;p=2695"},"modified":"2025-10-03T10:31:07","modified_gmt":"2025-10-03T10:31:07","slug":"marvels-spider-man-collector-booster","status":"publish","type":"product","link":"https:\/\/worldsofmagic.net\/fr\/produit\/marvels-spider-man-collector-booster\/","title":{"rendered":"Booster de collection Marvel&#039;s Spider-Man"},"content":{"rendered":"<p>Votre sympathique Spider-Man de quartier d\u00e9barque dans Magic: The Gathering, et c&#039;est trop t\u00f4t ! Rassemblez des lanceurs de toiles de tout le Spider-Verse et faites \u00e9quipe pour vaincre les sinistres ennemis qui menacent la ville. Soyez attentifs \u00e0 vos sens d&#039;araign\u00e9e pour rep\u00e9rer les cr\u00e9atures sans fronti\u00e8res qui sautent aux yeux !<\/p>\n<p>Les boosters collector rassemblent toutes les cartes et les bonus les plus cool au m\u00eame endroit\u00a0! Chaque booster contient des cartes rares et\/ou mythiques, des bonus traditionnels, un terrain de base sans fronti\u00e8res et bien plus encore. Les h\u00e9ros tisseurs de toiles pourront d\u00e9couvrir des bonus encore plus magnifiques et des terrains parfaits. Vous pourriez \u00e9galement y trouver la carte phare\u00a0: la carte la plus collectionnable de toutes\u00a0!<\/p>\n<p>CONTENU DU PACK BOOSTER \u2013 15 cartes MTG dans chaque pack<\/p>","protected":false},"excerpt":{"rendered":"<p>Votre sympathique Spider-Man de quartier d\u00e9barque dans Magic: The Gathering, et c&#039;est trop t\u00f4t ! Rassemblez des lanceurs de toiles de tout le Spider-Verse et faites \u00e9quipe pour vaincre les sinistres ennemis qui menacent la ville. Gardez vos Spider-Sens en alerte pour rep\u00e9rer les cartes Borderless qui sautent aux yeux ! Les boosters collector rassemblent toutes les cartes les plus cool [\u2026]<\/p>","protected":false},"featured_media":2697,"comment_status":"open","ping_status":"closed","template":"","meta":[],"product_cat":[113,139,21],"product_tag":[],"class_list":{"0":"post-2695","1":"product","2":"type-product","3":"status-publish","4":"has-post-thumbnail","6":"product_cat-boosterpack","7":"product_cat-english","8":"product_cat-magic-the-gathering","9":"pa_language-english","10":"pa_mtg-edition-marvels-spider-man","12":"first","13":"instock","14":"purchasable","15":"product-type-simple"},"yoast_head":"<!-- This site is optimized with the Yoast SEO plugin v23.6 - https:\/\/yoast.com\/wordpress\/plugins\/seo\/ -->\n<title>Marvel&#039;s Spider-Man Collector Booster - Worlds Of Magic<\/title>\n<meta name=\"robots\" content=\"index, follow, max-snippet:-1, max-image-preview:large, max-video-preview:-1\" \/>\n<link rel=\"canonical\" href=\"https:\/\/worldsofmagic.net\/fr\/produit\/marvels-spider-man-collector-booster\/\" \/>\n<meta property=\"og:locale\" content=\"fr_FR\" \/>\n<meta property=\"og:type\" content=\"article\" \/>\n<meta property=\"og:title\" content=\"Marvel&#039;s Spider-Man Collector Booster - Worlds Of Magic\" \/>\n<meta property=\"og:description\" content=\"Your friendly neighborhood Spider-Man swings into Magic: The Gathering, and not a moment too soon! Gather web-slingers from across the Spider-Verse and team up to take down the sinister foes that threaten the city. Keep your Spider-Senses primed to spot Borderless treatments that leap right off the page! Collector Boosters gather all the coolest cards [&hellip;]\" \/>\n<meta property=\"og:url\" content=\"https:\/\/worldsofmagic.net\/fr\/produit\/marvels-spider-man-collector-booster\/\" \/>\n<meta property=\"og:site_name\" content=\"Worlds Of Magic\" \/>\n<meta property=\"article:modified_time\" content=\"2025-10-03T10:31:07+00:00\" \/>\n<meta property=\"og:image\" content=\"https:\/\/worldsofmagic.net\/wp-content\/uploads\/2025\/07\/814354.png\" \/>\n\t<meta property=\"og:image:width\" content=\"300\" \/>\n\t<meta property=\"og:image:height\" content=\"300\" \/>\n\t<meta property=\"og:image:type\" content=\"image\/png\" \/>\n<meta name=\"twitter:card\" content=\"summary_large_image\" \/>\n<meta name=\"twitter:label1\" content=\"Dur\u00e9e de lecture estim\u00e9e\" \/>\n\t<meta name=\"twitter:data1\" content=\"1 minute\" \/>\n<script type=\"application\/ld+json\" class=\"yoast-schema-graph\">{\"@context\":\"https:\/\/schema.org\",\"@graph\":[{\"@type\":\"WebPage\",\"@id\":\"https:\/\/worldsofmagic.net\/product\/marvels-spider-man-collector-booster\/\",\"url\":\"https:\/\/worldsofmagic.net\/product\/marvels-spider-man-collector-booster\/\",\"name\":\"Marvel's Spider-Man Collector Booster - Worlds Of Magic\",\"isPartOf\":{\"@id\":\"https:\/\/worldsofmagic.net\/#website\"},\"primaryImageOfPage\":{\"@id\":\"https:\/\/worldsofmagic.net\/product\/marvels-spider-man-collector-booster\/#primaryimage\"},\"image\":{\"@id\":\"https:\/\/worldsofmagic.net\/product\/marvels-spider-man-collector-booster\/#primaryimage\"},\"thumbnailUrl\":\"https:\/\/worldsofmagic.net\/wp-content\/uploads\/2025\/07\/814354.png\",\"datePublished\":\"2025-07-07T10:31:11+00:00\",\"dateModified\":\"2025-10-03T10:31:07+00:00\",\"breadcrumb\":{\"@id\":\"https:\/\/worldsofmagic.net\/product\/marvels-spider-man-collector-booster\/#breadcrumb\"},\"inLanguage\":\"fr-FR\",\"potentialAction\":[{\"@type\":\"ReadAction\",\"target\":[\"https:\/\/worldsofmagic.net\/product\/marvels-spider-man-collector-booster\/\"]}]},{\"@type\":\"ImageObject\",\"inLanguage\":\"fr-FR\",\"@id\":\"https:\/\/worldsofmagic.net\/product\/marvels-spider-man-collector-booster\/#primaryimage\",\"url\":\"https:\/\/worldsofmagic.net\/wp-content\/uploads\/2025\/07\/814354.png\",\"contentUrl\":\"https:\/\/worldsofmagic.net\/wp-content\/uploads\/2025\/07\/814354.png\",\"width\":300,\"height\":300,\"caption\":\"Marvel's Spider-Man Collector Booster\"},{\"@type\":\"BreadcrumbList\",\"@id\":\"https:\/\/worldsofmagic.net\/product\/marvels-spider-man-collector-booster\/#breadcrumb\",\"itemListElement\":[{\"@type\":\"ListItem\",\"position\":1,\"name\":\"Accueil\",\"item\":\"https:\/\/worldsofmagic.net\/\"},{\"@type\":\"ListItem\",\"position\":2,\"name\":\"Shop\",\"item\":\"https:\/\/worldsofmagic.net\/shop\/\"},{\"@type\":\"ListItem\",\"position\":3,\"name\":\"Marvel&#8217;s Spider-Man Collector Booster\"}]},{\"@type\":\"WebSite\",\"@id\":\"https:\/\/worldsofmagic.net\/#website\",\"url\":\"https:\/\/worldsofmagic.net\/\",\"name\":\"Worlds Of Magic\",\"description\":\"\",\"publisher\":{\"@id\":\"https:\/\/worldsofmagic.net\/#organization\"},\"potentialAction\":[{\"@type\":\"SearchAction\",\"target\":{\"@type\":\"EntryPoint\",\"urlTemplate\":\"https:\/\/worldsofmagic.net\/?s={search_term_string}\"},\"query-input\":{\"@type\":\"PropertyValueSpecification\",\"valueRequired\":true,\"valueName\":\"search_term_string\"}}],\"inLanguage\":\"fr-FR\"},{\"@type\":\"Organization\",\"@id\":\"https:\/\/worldsofmagic.net\/#organization\",\"name\":\"Worlds Of Magic\",\"alternateName\":\"Worlds Of Magic\",\"url\":\"https:\/\/worldsofmagic.net\/\",\"logo\":{\"@type\":\"ImageObject\",\"inLanguage\":\"fr-FR\",\"@id\":\"https:\/\/worldsofmagic.net\/#\/schema\/logo\/image\/\",\"url\":\"https:\/\/worldsofmagic.net\/wp-content\/uploads\/2024\/07\/image.png\",\"contentUrl\":\"https:\/\/worldsofmagic.net\/wp-content\/uploads\/2024\/07\/image.png\",\"width\":1072,\"height\":341,\"caption\":\"Worlds Of Magic\"},\"image\":{\"@id\":\"https:\/\/worldsofmagic.net\/#\/schema\/logo\/image\/\"}}]}<\/script>\n<!-- \/ Yoast SEO plugin. -->","yoast_head_json":{"title":"Marvel's Spider-Man Collector Booster - Worlds Of Magic","robots":{"index":"index","follow":"follow","max-snippet":"max-snippet:-1","max-image-preview":"max-image-preview:large","max-video-preview":"max-video-preview:-1"},"canonical":"https:\/\/worldsofmagic.net\/fr\/produit\/marvels-spider-man-collector-booster\/","og_locale":"fr_FR","og_type":"article","og_title":"Marvel's Spider-Man Collector Booster - Worlds Of Magic","og_description":"Your friendly neighborhood Spider-Man swings into Magic: The Gathering, and not a moment too soon! Gather web-slingers from across the Spider-Verse and team up to take down the sinister foes that threaten the city. Keep your Spider-Senses primed to spot Borderless treatments that leap right off the page! Collector Boosters gather all the coolest cards [&hellip;]","og_url":"https:\/\/worldsofmagic.net\/fr\/produit\/marvels-spider-man-collector-booster\/","og_site_name":"Worlds Of Magic","article_modified_time":"2025-10-03T10:31:07+00:00","og_image":[{"width":300,"height":300,"url":"https:\/\/worldsofmagic.net\/wp-content\/uploads\/2025\/07\/814354.png","type":"image\/png"}],"twitter_card":"summary_large_image","twitter_misc":{"Dur\u00e9e de lecture estim\u00e9e":"1 minute"},"schema":{"@context":"https:\/\/schema.org","@graph":[{"@type":"WebPage","@id":"https:\/\/worldsofmagic.net\/product\/marvels-spider-man-collector-booster\/","url":"https:\/\/worldsofmagic.net\/product\/marvels-spider-man-collector-booster\/","name":"Marvel's Spider-Man Collector Booster - Worlds Of Magic","isPartOf":{"@id":"https:\/\/worldsofmagic.net\/#website"},"primaryImageOfPage":{"@id":"https:\/\/worldsofmagic.net\/product\/marvels-spider-man-collector-booster\/#primaryimage"},"image":{"@id":"https:\/\/worldsofmagic.net\/product\/marvels-spider-man-collector-booster\/#primaryimage"},"thumbnailUrl":"https:\/\/worldsofmagic.net\/wp-content\/uploads\/2025\/07\/814354.png","datePublished":"2025-07-07T10:31:11+00:00","dateModified":"2025-10-03T10:31:07+00:00","breadcrumb":{"@id":"https:\/\/worldsofmagic.net\/product\/marvels-spider-man-collector-booster\/#breadcrumb"},"inLanguage":"fr-FR","potentialAction":[{"@type":"ReadAction","target":["https:\/\/worldsofmagic.net\/product\/marvels-spider-man-collector-booster\/"]}]},{"@type":"ImageObject","inLanguage":"fr-FR","@id":"https:\/\/worldsofmagic.net\/product\/marvels-spider-man-collector-booster\/#primaryimage","url":"https:\/\/worldsofmagic.net\/wp-content\/uploads\/2025\/07\/814354.png","contentUrl":"https:\/\/worldsofmagic.net\/wp-content\/uploads\/2025\/07\/814354.png","width":300,"height":300,"caption":"Marvel's Spider-Man Collector Booster"},{"@type":"BreadcrumbList","@id":"https:\/\/worldsofmagic.net\/product\/marvels-spider-man-collector-booster\/#breadcrumb","itemListElement":[{"@type":"ListItem","position":1,"name":"Accueil","item":"https:\/\/worldsofmagic.net\/"},{"@type":"ListItem","position":2,"name":"Shop","item":"https:\/\/worldsofmagic.net\/shop\/"},{"@type":"ListItem","position":3,"name":"Marvel&#8217;s Spider-Man Collector Booster"}]},{"@type":"WebSite","@id":"https:\/\/worldsofmagic.net\/#website","url":"https:\/\/worldsofmagic.net\/","name":"Worlds Of Magic","description":"","publisher":{"@id":"https:\/\/worldsofmagic.net\/#organization"},"potentialAction":[{"@type":"SearchAction","target":{"@type":"EntryPoint","urlTemplate":"https:\/\/worldsofmagic.net\/?s={search_term_string}"},"query-input":{"@type":"PropertyValueSpecification","valueRequired":true,"valueName":"search_term_string"}}],"inLanguage":"fr-FR"},{"@type":"Organization","@id":"https:\/\/worldsofmagic.net\/#organization","name":"Worlds Of Magic","alternateName":"Worlds Of Magic","url":"https:\/\/worldsofmagic.net\/","logo":{"@type":"ImageObject","inLanguage":"fr-FR","@id":"https:\/\/worldsofmagic.net\/#\/schema\/logo\/image\/","url":"https:\/\/worldsofmagic.net\/wp-content\/uploads\/2024\/07\/image.png","contentUrl":"https:\/\/worldsofmagic.net\/wp-content\/uploads\/2024\/07\/image.png","width":1072,"height":341,"caption":"Worlds Of Magic"},"image":{"@id":"https:\/\/worldsofmagic.net\/#\/schema\/logo\/image\/"}}]}},"jetpack_sharing_enabled":true,"_links":{"self":[{"href":"https:\/\/worldsofmagic.net\/fr\/wp-json\/wp\/v2\/product\/2695"}],"collection":[{"href":"https:\/\/worldsofmagic.net\/fr\/wp-json\/wp\/v2\/product"}],"about":[{"href":"https:\/\/worldsofmagic.net\/fr\/wp-json\/wp\/v2\/types\/product"}],"replies":[{"embeddable":true,"href":"https:\/\/worldsofmagic.net\/fr\/wp-json\/wp\/v2\/comments?post=2695"}],"wp:featuredmedia":[{"embeddable":true,"href":"https:\/\/worldsofmagic.net\/fr\/wp-json\/wp\/v2\/media\/2697"}],"wp:attachment":[{"href":"https:\/\/worldsofmagic.net\/fr\/wp-json\/wp\/v2\/media?parent=2695"}],"wp:term":[{"taxonomy":"product_cat","embeddable":true,"href":"https:\/\/worldsofmagic.net\/fr\/wp-json\/wp\/v2\/product_cat?post=2695"},{"taxonomy":"product_tag","embeddable":true,"href":"https:\/\/worldsofmagic.net\/fr\/wp-json\/wp\/v2\/product_tag?post=2695"}],"curies":[{"name":"wp","href":"https:\/\/api.w.org\/{rel}","templated":true}]}}