{"id":2700,"date":"2025-07-07T10:44:43","date_gmt":"2025-07-07T10:44:43","guid":{"rendered":"https:\/\/worldsofmagic.net\/?post_type=product&#038;p=2700"},"modified":"2025-10-02T08:16:17","modified_gmt":"2025-10-02T08:16:17","slug":"marvels-spider-man-play-booster-box","status":"publish","type":"product","link":"https:\/\/worldsofmagic.net\/fr\/produit\/marvels-spider-man-play-booster-box\/","title":{"rendered":"Coffret de jeu booster Spider-Man de Marvel"},"content":{"rendered":"<ul>\n<li>FAITES TOUT CE QU&#039;UNE ARAIGN\u00c9E PEUT \u2013 Votre sympathique Spider-Man de quartier se lance dans Magic: The Gathering avec des cartes mettant en vedette vos personnages Spider-Man pr\u00e9f\u00e9r\u00e9s, vos m\u00e9chants et de nouvelles m\u00e9caniques de jeu th\u00e9matiques<\/li>\n<\/ul>\n<ul>\n<li>PASSEZ AU JEU \u2013 Magic: The Gathering est un jeu de cartes \u00e0 collectionner qui allie strat\u00e9gie approfondie, graphismes magnifiques, histoires fantastiques et une communaut\u00e9 de fans florissante pour cr\u00e9er une exp\u00e9rience de jeu de cartes unique en son genre.<\/li>\n<\/ul>\n<ul>\n<li>APPORTEZ-MOI DES PHOTOS DE SPIDER-MAN\u00a0! \u2013 Pr\u00e9parez vos sens d&#039;araign\u00e9e pour des cartes avec des cadres sp\u00e9ciaux alternatifs et des illustrations alternatives qui sautent aux yeux.<\/li>\n<\/ul>\n<ul>\n<li>MEILLEURS BOOSTERS POUR JOUER AVEC DES AMIS \u2013 Les boosters de jeu sont le meilleur moyen de d\u00e9couvrir ce que Magic a \u00e0 offrir ; ils sont parfaits pour construire des decks, jouer \u00e0 des jeux avec des amis et sont tr\u00e8s amusants \u00e0 ouvrir<\/li>\n<\/ul>\n<ul>\n<li>COLLECTIONNEZ DES CARTES RARES ET DES CARTES FEUILLES BRILLANTES \u2013 Chaque Play Booster comprend \u00e9galement au moins 1 carte avec un traitement Foil traditionnel brillant et au moins 1 carte de raret\u00e9 Rare ou sup\u00e9rieure (avec un maximum de 4)<\/li>\n<\/ul>\n<ul>\n<li>CONTENU DU BO\u00ceTIER DE BOOSTER DE JEU \u2013 30 boosters de jeu Magic: The Gathering | Marvel&#039;s Spider-Man, contenant chacun 14 cartes MTG<\/li>\n<\/ul>","protected":false},"excerpt":{"rendered":"<p>FAITES TOUT CE QU&#039;UNE ARAIGN\u00c9E PEUT \u2013 Votre sympathique Spider-Man de quartier se lance dans Magic: The Gathering avec des cartes mettant en vedette vos personnages Spider-Man pr\u00e9f\u00e9r\u00e9s, vos m\u00e9chants et de nouvelles m\u00e9caniques de jeu th\u00e9matiques. PASSEZ AU JEU \u2013 Magic: The Gathering est un jeu de cartes \u00e0 collectionner qui allie une strat\u00e9gie approfondie, des illustrations magnifiques, des histoires fantastiques et une communaut\u00e9 de fans florissante [\u2026]<\/p>","protected":false},"featured_media":2702,"comment_status":"open","ping_status":"closed","template":"","meta":[],"product_cat":[27,84,21],"product_tag":[],"class_list":{"0":"post-2700","1":"product","2":"type-product","3":"status-publish","4":"has-post-thumbnail","6":"product_cat-boosterboxes","7":"product_cat-english-boosterboxes","8":"product_cat-magic-the-gathering","9":"pa_language-english","10":"pa_mtg-edition-marvels-spider-man","12":"first","13":"instock","14":"purchasable","15":"product-type-simple"},"yoast_head":"<!-- This site is optimized with the Yoast SEO plugin v23.6 - https:\/\/yoast.com\/wordpress\/plugins\/seo\/ -->\n<title>Marvel&#039;s Spider-Man Play Booster Box - Worlds Of Magic<\/title>\n<meta name=\"robots\" content=\"index, follow, max-snippet:-1, max-image-preview:large, max-video-preview:-1\" \/>\n<link rel=\"canonical\" href=\"https:\/\/worldsofmagic.net\/fr\/produit\/marvels-spider-man-play-booster-box\/\" \/>\n<meta property=\"og:locale\" content=\"fr_FR\" \/>\n<meta property=\"og:type\" content=\"article\" \/>\n<meta property=\"og:title\" content=\"Marvel&#039;s Spider-Man Play Booster Box - Worlds Of Magic\" \/>\n<meta property=\"og:description\" content=\"DO WHATEVER A SPIDER CAN &#8211; Your friendly neighborhood Spider-Man swings into Magic: The Gathering with cards featuring your favorite Spider-Man characters, villains, and thematic new game mechanics SWING INTO THE GAME &#8211; Magic: The Gathering is a collectible card game that weaves deep strategy, gorgeous art, fantastical stories, and a thriving fan community all [&hellip;]\" \/>\n<meta property=\"og:url\" content=\"https:\/\/worldsofmagic.net\/fr\/produit\/marvels-spider-man-play-booster-box\/\" \/>\n<meta property=\"og:site_name\" content=\"Worlds Of Magic\" \/>\n<meta property=\"article:modified_time\" content=\"2025-10-02T08:16:17+00:00\" \/>\n<meta property=\"og:image\" content=\"https:\/\/worldsofmagic.net\/wp-content\/uploads\/2025\/07\/814386.png\" \/>\n\t<meta property=\"og:image:width\" content=\"300\" \/>\n\t<meta property=\"og:image:height\" content=\"300\" \/>\n\t<meta property=\"og:image:type\" content=\"image\/png\" \/>\n<meta name=\"twitter:card\" content=\"summary_large_image\" \/>\n<meta name=\"twitter:label1\" content=\"Dur\u00e9e de lecture estim\u00e9e\" \/>\n\t<meta name=\"twitter:data1\" content=\"1 minute\" \/>\n<script type=\"application\/ld+json\" class=\"yoast-schema-graph\">{\"@context\":\"https:\/\/schema.org\",\"@graph\":[{\"@type\":\"WebPage\",\"@id\":\"https:\/\/worldsofmagic.net\/product\/marvels-spider-man-play-booster-box\/\",\"url\":\"https:\/\/worldsofmagic.net\/product\/marvels-spider-man-play-booster-box\/\",\"name\":\"Marvel's Spider-Man Play Booster Box - Worlds Of Magic\",\"isPartOf\":{\"@id\":\"https:\/\/worldsofmagic.net\/#website\"},\"primaryImageOfPage\":{\"@id\":\"https:\/\/worldsofmagic.net\/product\/marvels-spider-man-play-booster-box\/#primaryimage\"},\"image\":{\"@id\":\"https:\/\/worldsofmagic.net\/product\/marvels-spider-man-play-booster-box\/#primaryimage\"},\"thumbnailUrl\":\"https:\/\/worldsofmagic.net\/wp-content\/uploads\/2025\/07\/814386.png\",\"datePublished\":\"2025-07-07T10:44:43+00:00\",\"dateModified\":\"2025-10-02T08:16:17+00:00\",\"breadcrumb\":{\"@id\":\"https:\/\/worldsofmagic.net\/product\/marvels-spider-man-play-booster-box\/#breadcrumb\"},\"inLanguage\":\"fr-FR\",\"potentialAction\":[{\"@type\":\"ReadAction\",\"target\":[\"https:\/\/worldsofmagic.net\/product\/marvels-spider-man-play-booster-box\/\"]}]},{\"@type\":\"ImageObject\",\"inLanguage\":\"fr-FR\",\"@id\":\"https:\/\/worldsofmagic.net\/product\/marvels-spider-man-play-booster-box\/#primaryimage\",\"url\":\"https:\/\/worldsofmagic.net\/wp-content\/uploads\/2025\/07\/814386.png\",\"contentUrl\":\"https:\/\/worldsofmagic.net\/wp-content\/uploads\/2025\/07\/814386.png\",\"width\":300,\"height\":300,\"caption\":\"Marvel's Spider-Man Play Booster Box\"},{\"@type\":\"BreadcrumbList\",\"@id\":\"https:\/\/worldsofmagic.net\/product\/marvels-spider-man-play-booster-box\/#breadcrumb\",\"itemListElement\":[{\"@type\":\"ListItem\",\"position\":1,\"name\":\"Accueil\",\"item\":\"https:\/\/worldsofmagic.net\/\"},{\"@type\":\"ListItem\",\"position\":2,\"name\":\"Shop\",\"item\":\"https:\/\/worldsofmagic.net\/shop\/\"},{\"@type\":\"ListItem\",\"position\":3,\"name\":\"Marvel&#8217;s Spider-Man Play Booster Box\"}]},{\"@type\":\"WebSite\",\"@id\":\"https:\/\/worldsofmagic.net\/#website\",\"url\":\"https:\/\/worldsofmagic.net\/\",\"name\":\"Worlds Of Magic\",\"description\":\"\",\"publisher\":{\"@id\":\"https:\/\/worldsofmagic.net\/#organization\"},\"potentialAction\":[{\"@type\":\"SearchAction\",\"target\":{\"@type\":\"EntryPoint\",\"urlTemplate\":\"https:\/\/worldsofmagic.net\/?s={search_term_string}\"},\"query-input\":{\"@type\":\"PropertyValueSpecification\",\"valueRequired\":true,\"valueName\":\"search_term_string\"}}],\"inLanguage\":\"fr-FR\"},{\"@type\":\"Organization\",\"@id\":\"https:\/\/worldsofmagic.net\/#organization\",\"name\":\"Worlds Of Magic\",\"alternateName\":\"Worlds Of Magic\",\"url\":\"https:\/\/worldsofmagic.net\/\",\"logo\":{\"@type\":\"ImageObject\",\"inLanguage\":\"fr-FR\",\"@id\":\"https:\/\/worldsofmagic.net\/#\/schema\/logo\/image\/\",\"url\":\"https:\/\/worldsofmagic.net\/wp-content\/uploads\/2024\/07\/image.png\",\"contentUrl\":\"https:\/\/worldsofmagic.net\/wp-content\/uploads\/2024\/07\/image.png\",\"width\":1072,\"height\":341,\"caption\":\"Worlds Of Magic\"},\"image\":{\"@id\":\"https:\/\/worldsofmagic.net\/#\/schema\/logo\/image\/\"}}]}<\/script>\n<!-- \/ Yoast SEO plugin. -->","yoast_head_json":{"title":"Marvel's Spider-Man Play Booster Box - Worlds Of Magic","robots":{"index":"index","follow":"follow","max-snippet":"max-snippet:-1","max-image-preview":"max-image-preview:large","max-video-preview":"max-video-preview:-1"},"canonical":"https:\/\/worldsofmagic.net\/fr\/produit\/marvels-spider-man-play-booster-box\/","og_locale":"fr_FR","og_type":"article","og_title":"Marvel's Spider-Man Play Booster Box - Worlds Of Magic","og_description":"DO WHATEVER A SPIDER CAN &#8211; Your friendly neighborhood Spider-Man swings into Magic: The Gathering with cards featuring your favorite Spider-Man characters, villains, and thematic new game mechanics SWING INTO THE GAME &#8211; Magic: The Gathering is a collectible card game that weaves deep strategy, gorgeous art, fantastical stories, and a thriving fan community all [&hellip;]","og_url":"https:\/\/worldsofmagic.net\/fr\/produit\/marvels-spider-man-play-booster-box\/","og_site_name":"Worlds Of Magic","article_modified_time":"2025-10-02T08:16:17+00:00","og_image":[{"width":300,"height":300,"url":"https:\/\/worldsofmagic.net\/wp-content\/uploads\/2025\/07\/814386.png","type":"image\/png"}],"twitter_card":"summary_large_image","twitter_misc":{"Dur\u00e9e de lecture estim\u00e9e":"1 minute"},"schema":{"@context":"https:\/\/schema.org","@graph":[{"@type":"WebPage","@id":"https:\/\/worldsofmagic.net\/product\/marvels-spider-man-play-booster-box\/","url":"https:\/\/worldsofmagic.net\/product\/marvels-spider-man-play-booster-box\/","name":"Marvel's Spider-Man Play Booster Box - Worlds Of Magic","isPartOf":{"@id":"https:\/\/worldsofmagic.net\/#website"},"primaryImageOfPage":{"@id":"https:\/\/worldsofmagic.net\/product\/marvels-spider-man-play-booster-box\/#primaryimage"},"image":{"@id":"https:\/\/worldsofmagic.net\/product\/marvels-spider-man-play-booster-box\/#primaryimage"},"thumbnailUrl":"https:\/\/worldsofmagic.net\/wp-content\/uploads\/2025\/07\/814386.png","datePublished":"2025-07-07T10:44:43+00:00","dateModified":"2025-10-02T08:16:17+00:00","breadcrumb":{"@id":"https:\/\/worldsofmagic.net\/product\/marvels-spider-man-play-booster-box\/#breadcrumb"},"inLanguage":"fr-FR","potentialAction":[{"@type":"ReadAction","target":["https:\/\/worldsofmagic.net\/product\/marvels-spider-man-play-booster-box\/"]}]},{"@type":"ImageObject","inLanguage":"fr-FR","@id":"https:\/\/worldsofmagic.net\/product\/marvels-spider-man-play-booster-box\/#primaryimage","url":"https:\/\/worldsofmagic.net\/wp-content\/uploads\/2025\/07\/814386.png","contentUrl":"https:\/\/worldsofmagic.net\/wp-content\/uploads\/2025\/07\/814386.png","width":300,"height":300,"caption":"Marvel's Spider-Man Play Booster Box"},{"@type":"BreadcrumbList","@id":"https:\/\/worldsofmagic.net\/product\/marvels-spider-man-play-booster-box\/#breadcrumb","itemListElement":[{"@type":"ListItem","position":1,"name":"Accueil","item":"https:\/\/worldsofmagic.net\/"},{"@type":"ListItem","position":2,"name":"Shop","item":"https:\/\/worldsofmagic.net\/shop\/"},{"@type":"ListItem","position":3,"name":"Marvel&#8217;s Spider-Man Play Booster Box"}]},{"@type":"WebSite","@id":"https:\/\/worldsofmagic.net\/#website","url":"https:\/\/worldsofmagic.net\/","name":"Worlds Of Magic","description":"","publisher":{"@id":"https:\/\/worldsofmagic.net\/#organization"},"potentialAction":[{"@type":"SearchAction","target":{"@type":"EntryPoint","urlTemplate":"https:\/\/worldsofmagic.net\/?s={search_term_string}"},"query-input":{"@type":"PropertyValueSpecification","valueRequired":true,"valueName":"search_term_string"}}],"inLanguage":"fr-FR"},{"@type":"Organization","@id":"https:\/\/worldsofmagic.net\/#organization","name":"Worlds Of Magic","alternateName":"Worlds Of Magic","url":"https:\/\/worldsofmagic.net\/","logo":{"@type":"ImageObject","inLanguage":"fr-FR","@id":"https:\/\/worldsofmagic.net\/#\/schema\/logo\/image\/","url":"https:\/\/worldsofmagic.net\/wp-content\/uploads\/2024\/07\/image.png","contentUrl":"https:\/\/worldsofmagic.net\/wp-content\/uploads\/2024\/07\/image.png","width":1072,"height":341,"caption":"Worlds Of Magic"},"image":{"@id":"https:\/\/worldsofmagic.net\/#\/schema\/logo\/image\/"}}]}},"jetpack_sharing_enabled":true,"_links":{"self":[{"href":"https:\/\/worldsofmagic.net\/fr\/wp-json\/wp\/v2\/product\/2700"}],"collection":[{"href":"https:\/\/worldsofmagic.net\/fr\/wp-json\/wp\/v2\/product"}],"about":[{"href":"https:\/\/worldsofmagic.net\/fr\/wp-json\/wp\/v2\/types\/product"}],"replies":[{"embeddable":true,"href":"https:\/\/worldsofmagic.net\/fr\/wp-json\/wp\/v2\/comments?post=2700"}],"wp:featuredmedia":[{"embeddable":true,"href":"https:\/\/worldsofmagic.net\/fr\/wp-json\/wp\/v2\/media\/2702"}],"wp:attachment":[{"href":"https:\/\/worldsofmagic.net\/fr\/wp-json\/wp\/v2\/media?parent=2700"}],"wp:term":[{"taxonomy":"product_cat","embeddable":true,"href":"https:\/\/worldsofmagic.net\/fr\/wp-json\/wp\/v2\/product_cat?post=2700"},{"taxonomy":"product_tag","embeddable":true,"href":"https:\/\/worldsofmagic.net\/fr\/wp-json\/wp\/v2\/product_tag?post=2700"}],"curies":[{"name":"wp","href":"https:\/\/api.w.org\/{rel}","templated":true}]}}