{"id":2711,"date":"2025-07-07T11:47:27","date_gmt":"2025-07-07T11:47:27","guid":{"rendered":"https:\/\/worldsofmagic.net\/?post_type=product&#038;p=2711"},"modified":"2025-08-04T11:38:57","modified_gmt":"2025-08-04T11:38:57","slug":"10-ultimate-guard-24-pocket-side-loading-quadrow-pages","status":"publish","type":"product","link":"https:\/\/worldsofmagic.net\/fr\/produit\/10-ultimate-guard-24-pocket-side-loading-quadrow-pages\/","title":{"rendered":"10 classeurs \u00e0 24 compartiments Ultimate Guard \u00e0 chargement lat\u00e9ral QuadRow"},"content":{"rendered":"<p>Pages de poche recto verso de haute qualit\u00e9 (24 pochettes, 12 pochettes recto et verso) avec une double bande renforc\u00e9e \u00e0 11 trous. Chaque paquet contient 10 pages pour ranger et transporter au moins 240 cartes \u00e0 double pochette (24 par page).<\/p>\n<p>Id\u00e9al pour l&#039;album de collection Ultimate Guard Supreme QuadRow.<\/p>","protected":false},"excerpt":{"rendered":"<p>Pages de poche recto-verso de haute qualit\u00e9 (24 pochettes, 12 pochettes recto et verso) avec une double bande renforc\u00e9e \u00e0 11 trous. Chaque paquet contient 10 pages pour ranger et transporter au moins 240 cartes \u00e0 double pochette (24 par page). Id\u00e9al pour l&#039;album collector Ultimate Guard Supreme QuadRow.<\/p>","protected":false},"featured_media":2712,"comment_status":"open","ping_status":"closed","template":"","meta":[],"product_cat":[42],"product_tag":[],"class_list":{"0":"post-2711","1":"product","2":"type-product","3":"status-publish","4":"has-post-thumbnail","6":"product_cat-accesories","8":"first","9":"outofstock","10":"purchasable","11":"product-type-simple"},"yoast_head":"<!-- This site is optimized with the Yoast SEO plugin v23.6 - https:\/\/yoast.com\/wordpress\/plugins\/seo\/ -->\n<title>10 Ultimate Guard 24-Pocket Side-Loading QuadRow Pages - Worlds Of Magic<\/title>\n<meta name=\"robots\" content=\"index, follow, max-snippet:-1, max-image-preview:large, max-video-preview:-1\" \/>\n<link rel=\"canonical\" href=\"https:\/\/worldsofmagic.net\/fr\/produit\/10-ultimate-guard-24-pocket-side-loading-quadrow-pages\/\" \/>\n<meta property=\"og:locale\" content=\"fr_FR\" \/>\n<meta property=\"og:type\" content=\"article\" \/>\n<meta property=\"og:title\" content=\"10 Ultimate Guard 24-Pocket Side-Loading QuadRow Pages - Worlds Of Magic\" \/>\n<meta property=\"og:description\" content=\"High-quality, double-sided pocket pages (24 pockets, 12 pockets each on front and back side) with a double reinforced 11-hole strip. Each pack contains 10 pages for storing and carrying at least 240 double-sleeved cards (24 per page). Ideal for the Ultimate Guard Supreme Collector Album QuadRow.\" \/>\n<meta property=\"og:url\" content=\"https:\/\/worldsofmagic.net\/fr\/produit\/10-ultimate-guard-24-pocket-side-loading-quadrow-pages\/\" \/>\n<meta property=\"og:site_name\" content=\"Worlds Of Magic\" \/>\n<meta property=\"article:modified_time\" content=\"2025-08-04T11:38:57+00:00\" \/>\n<meta property=\"og:image\" content=\"https:\/\/worldsofmagic.net\/wp-content\/uploads\/2025\/07\/10-Ultimate-Guard-24-Pocket-Side-Loading-QuadRow-Pages.png\" \/>\n\t<meta property=\"og:image:width\" content=\"300\" \/>\n\t<meta property=\"og:image:height\" content=\"300\" \/>\n\t<meta property=\"og:image:type\" content=\"image\/png\" \/>\n<meta name=\"twitter:card\" content=\"summary_large_image\" \/>\n<meta name=\"twitter:label1\" content=\"Dur\u00e9e de lecture estim\u00e9e\" \/>\n\t<meta name=\"twitter:data1\" content=\"1 minute\" \/>\n<script type=\"application\/ld+json\" class=\"yoast-schema-graph\">{\"@context\":\"https:\/\/schema.org\",\"@graph\":[{\"@type\":\"WebPage\",\"@id\":\"https:\/\/worldsofmagic.net\/product\/10-ultimate-guard-24-pocket-side-loading-quadrow-pages\/\",\"url\":\"https:\/\/worldsofmagic.net\/product\/10-ultimate-guard-24-pocket-side-loading-quadrow-pages\/\",\"name\":\"10 Ultimate Guard 24-Pocket Side-Loading QuadRow Pages - Worlds Of Magic\",\"isPartOf\":{\"@id\":\"https:\/\/worldsofmagic.net\/#website\"},\"primaryImageOfPage\":{\"@id\":\"https:\/\/worldsofmagic.net\/product\/10-ultimate-guard-24-pocket-side-loading-quadrow-pages\/#primaryimage\"},\"image\":{\"@id\":\"https:\/\/worldsofmagic.net\/product\/10-ultimate-guard-24-pocket-side-loading-quadrow-pages\/#primaryimage\"},\"thumbnailUrl\":\"https:\/\/worldsofmagic.net\/wp-content\/uploads\/2025\/07\/10-Ultimate-Guard-24-Pocket-Side-Loading-QuadRow-Pages.png\",\"datePublished\":\"2025-07-07T11:47:27+00:00\",\"dateModified\":\"2025-08-04T11:38:57+00:00\",\"breadcrumb\":{\"@id\":\"https:\/\/worldsofmagic.net\/product\/10-ultimate-guard-24-pocket-side-loading-quadrow-pages\/#breadcrumb\"},\"inLanguage\":\"fr-FR\",\"potentialAction\":[{\"@type\":\"ReadAction\",\"target\":[\"https:\/\/worldsofmagic.net\/product\/10-ultimate-guard-24-pocket-side-loading-quadrow-pages\/\"]}]},{\"@type\":\"ImageObject\",\"inLanguage\":\"fr-FR\",\"@id\":\"https:\/\/worldsofmagic.net\/product\/10-ultimate-guard-24-pocket-side-loading-quadrow-pages\/#primaryimage\",\"url\":\"https:\/\/worldsofmagic.net\/wp-content\/uploads\/2025\/07\/10-Ultimate-Guard-24-Pocket-Side-Loading-QuadRow-Pages.png\",\"contentUrl\":\"https:\/\/worldsofmagic.net\/wp-content\/uploads\/2025\/07\/10-Ultimate-Guard-24-Pocket-Side-Loading-QuadRow-Pages.png\",\"width\":300,\"height\":300,\"caption\":\"10 Ultimate Guard 24-Pocket Side-Loading QuadRow Pages\"},{\"@type\":\"BreadcrumbList\",\"@id\":\"https:\/\/worldsofmagic.net\/product\/10-ultimate-guard-24-pocket-side-loading-quadrow-pages\/#breadcrumb\",\"itemListElement\":[{\"@type\":\"ListItem\",\"position\":1,\"name\":\"Accueil\",\"item\":\"https:\/\/worldsofmagic.net\/\"},{\"@type\":\"ListItem\",\"position\":2,\"name\":\"Shop\",\"item\":\"https:\/\/worldsofmagic.net\/shop\/\"},{\"@type\":\"ListItem\",\"position\":3,\"name\":\"10 Ultimate Guard 24-Pocket Side-Loading QuadRow Pages\"}]},{\"@type\":\"WebSite\",\"@id\":\"https:\/\/worldsofmagic.net\/#website\",\"url\":\"https:\/\/worldsofmagic.net\/\",\"name\":\"Worlds Of Magic\",\"description\":\"\",\"publisher\":{\"@id\":\"https:\/\/worldsofmagic.net\/#organization\"},\"potentialAction\":[{\"@type\":\"SearchAction\",\"target\":{\"@type\":\"EntryPoint\",\"urlTemplate\":\"https:\/\/worldsofmagic.net\/?s={search_term_string}\"},\"query-input\":{\"@type\":\"PropertyValueSpecification\",\"valueRequired\":true,\"valueName\":\"search_term_string\"}}],\"inLanguage\":\"fr-FR\"},{\"@type\":\"Organization\",\"@id\":\"https:\/\/worldsofmagic.net\/#organization\",\"name\":\"Worlds Of Magic\",\"alternateName\":\"Worlds Of Magic\",\"url\":\"https:\/\/worldsofmagic.net\/\",\"logo\":{\"@type\":\"ImageObject\",\"inLanguage\":\"fr-FR\",\"@id\":\"https:\/\/worldsofmagic.net\/#\/schema\/logo\/image\/\",\"url\":\"https:\/\/worldsofmagic.net\/wp-content\/uploads\/2024\/07\/image.png\",\"contentUrl\":\"https:\/\/worldsofmagic.net\/wp-content\/uploads\/2024\/07\/image.png\",\"width\":1072,\"height\":341,\"caption\":\"Worlds Of Magic\"},\"image\":{\"@id\":\"https:\/\/worldsofmagic.net\/#\/schema\/logo\/image\/\"}}]}<\/script>\n<!-- \/ Yoast SEO plugin. -->","yoast_head_json":{"title":"10 Ultimate Guard 24-Pocket Side-Loading QuadRow Pages - Worlds Of Magic","robots":{"index":"index","follow":"follow","max-snippet":"max-snippet:-1","max-image-preview":"max-image-preview:large","max-video-preview":"max-video-preview:-1"},"canonical":"https:\/\/worldsofmagic.net\/fr\/produit\/10-ultimate-guard-24-pocket-side-loading-quadrow-pages\/","og_locale":"fr_FR","og_type":"article","og_title":"10 Ultimate Guard 24-Pocket Side-Loading QuadRow Pages - Worlds Of Magic","og_description":"High-quality, double-sided pocket pages (24 pockets, 12 pockets each on front and back side) with a double reinforced 11-hole strip. Each pack contains 10 pages for storing and carrying at least 240 double-sleeved cards (24 per page). Ideal for the Ultimate Guard Supreme Collector Album QuadRow.","og_url":"https:\/\/worldsofmagic.net\/fr\/produit\/10-ultimate-guard-24-pocket-side-loading-quadrow-pages\/","og_site_name":"Worlds Of Magic","article_modified_time":"2025-08-04T11:38:57+00:00","og_image":[{"width":300,"height":300,"url":"https:\/\/worldsofmagic.net\/wp-content\/uploads\/2025\/07\/10-Ultimate-Guard-24-Pocket-Side-Loading-QuadRow-Pages.png","type":"image\/png"}],"twitter_card":"summary_large_image","twitter_misc":{"Dur\u00e9e de lecture estim\u00e9e":"1 minute"},"schema":{"@context":"https:\/\/schema.org","@graph":[{"@type":"WebPage","@id":"https:\/\/worldsofmagic.net\/product\/10-ultimate-guard-24-pocket-side-loading-quadrow-pages\/","url":"https:\/\/worldsofmagic.net\/product\/10-ultimate-guard-24-pocket-side-loading-quadrow-pages\/","name":"10 Ultimate Guard 24-Pocket Side-Loading QuadRow Pages - Worlds Of Magic","isPartOf":{"@id":"https:\/\/worldsofmagic.net\/#website"},"primaryImageOfPage":{"@id":"https:\/\/worldsofmagic.net\/product\/10-ultimate-guard-24-pocket-side-loading-quadrow-pages\/#primaryimage"},"image":{"@id":"https:\/\/worldsofmagic.net\/product\/10-ultimate-guard-24-pocket-side-loading-quadrow-pages\/#primaryimage"},"thumbnailUrl":"https:\/\/worldsofmagic.net\/wp-content\/uploads\/2025\/07\/10-Ultimate-Guard-24-Pocket-Side-Loading-QuadRow-Pages.png","datePublished":"2025-07-07T11:47:27+00:00","dateModified":"2025-08-04T11:38:57+00:00","breadcrumb":{"@id":"https:\/\/worldsofmagic.net\/product\/10-ultimate-guard-24-pocket-side-loading-quadrow-pages\/#breadcrumb"},"inLanguage":"fr-FR","potentialAction":[{"@type":"ReadAction","target":["https:\/\/worldsofmagic.net\/product\/10-ultimate-guard-24-pocket-side-loading-quadrow-pages\/"]}]},{"@type":"ImageObject","inLanguage":"fr-FR","@id":"https:\/\/worldsofmagic.net\/product\/10-ultimate-guard-24-pocket-side-loading-quadrow-pages\/#primaryimage","url":"https:\/\/worldsofmagic.net\/wp-content\/uploads\/2025\/07\/10-Ultimate-Guard-24-Pocket-Side-Loading-QuadRow-Pages.png","contentUrl":"https:\/\/worldsofmagic.net\/wp-content\/uploads\/2025\/07\/10-Ultimate-Guard-24-Pocket-Side-Loading-QuadRow-Pages.png","width":300,"height":300,"caption":"10 Ultimate Guard 24-Pocket Side-Loading QuadRow Pages"},{"@type":"BreadcrumbList","@id":"https:\/\/worldsofmagic.net\/product\/10-ultimate-guard-24-pocket-side-loading-quadrow-pages\/#breadcrumb","itemListElement":[{"@type":"ListItem","position":1,"name":"Accueil","item":"https:\/\/worldsofmagic.net\/"},{"@type":"ListItem","position":2,"name":"Shop","item":"https:\/\/worldsofmagic.net\/shop\/"},{"@type":"ListItem","position":3,"name":"10 Ultimate Guard 24-Pocket Side-Loading QuadRow Pages"}]},{"@type":"WebSite","@id":"https:\/\/worldsofmagic.net\/#website","url":"https:\/\/worldsofmagic.net\/","name":"Worlds Of Magic","description":"","publisher":{"@id":"https:\/\/worldsofmagic.net\/#organization"},"potentialAction":[{"@type":"SearchAction","target":{"@type":"EntryPoint","urlTemplate":"https:\/\/worldsofmagic.net\/?s={search_term_string}"},"query-input":{"@type":"PropertyValueSpecification","valueRequired":true,"valueName":"search_term_string"}}],"inLanguage":"fr-FR"},{"@type":"Organization","@id":"https:\/\/worldsofmagic.net\/#organization","name":"Worlds Of Magic","alternateName":"Worlds Of Magic","url":"https:\/\/worldsofmagic.net\/","logo":{"@type":"ImageObject","inLanguage":"fr-FR","@id":"https:\/\/worldsofmagic.net\/#\/schema\/logo\/image\/","url":"https:\/\/worldsofmagic.net\/wp-content\/uploads\/2024\/07\/image.png","contentUrl":"https:\/\/worldsofmagic.net\/wp-content\/uploads\/2024\/07\/image.png","width":1072,"height":341,"caption":"Worlds Of Magic"},"image":{"@id":"https:\/\/worldsofmagic.net\/#\/schema\/logo\/image\/"}}]}},"jetpack_sharing_enabled":true,"_links":{"self":[{"href":"https:\/\/worldsofmagic.net\/fr\/wp-json\/wp\/v2\/product\/2711"}],"collection":[{"href":"https:\/\/worldsofmagic.net\/fr\/wp-json\/wp\/v2\/product"}],"about":[{"href":"https:\/\/worldsofmagic.net\/fr\/wp-json\/wp\/v2\/types\/product"}],"replies":[{"embeddable":true,"href":"https:\/\/worldsofmagic.net\/fr\/wp-json\/wp\/v2\/comments?post=2711"}],"wp:featuredmedia":[{"embeddable":true,"href":"https:\/\/worldsofmagic.net\/fr\/wp-json\/wp\/v2\/media\/2712"}],"wp:attachment":[{"href":"https:\/\/worldsofmagic.net\/fr\/wp-json\/wp\/v2\/media?parent=2711"}],"wp:term":[{"taxonomy":"product_cat","embeddable":true,"href":"https:\/\/worldsofmagic.net\/fr\/wp-json\/wp\/v2\/product_cat?post=2711"},{"taxonomy":"product_tag","embeddable":true,"href":"https:\/\/worldsofmagic.net\/fr\/wp-json\/wp\/v2\/product_tag?post=2711"}],"curies":[{"name":"wp","href":"https:\/\/api.w.org\/{rel}","templated":true}]}}