{"id":2713,"date":"2025-07-07T11:51:44","date_gmt":"2025-07-07T11:51:44","guid":{"rendered":"https:\/\/worldsofmagic.net\/?post_type=product&#038;p=2713"},"modified":"2025-07-07T11:51:44","modified_gmt":"2025-07-07T11:51:44","slug":"100-ultimate-guard-9-pocket-pages","status":"publish","type":"product","link":"https:\/\/worldsofmagic.net\/fr\/produit\/100-ultimate-guard-9-pocket-pages\/","title":{"rendered":"100 pages Ultimate Guard \u00e0 9 pochettes"},"content":{"rendered":"<p>Produit officiel : Ultimate Guard<br \/>\nTypologie de produits : Classeurs et pages en papier<br \/>\nPoids du produit : 1321 g.<br \/>\nDimensions de l&#039;emballage : 294x234x43<\/p>\n<p>Livre broch\u00e9 de haute qualit\u00e9 de 9 pages, compatible avec la plupart des classeurs \u00e0 anneaux gr\u00e2ce \u00e0 sa double bande renforc\u00e9e \u00e0 11 trous. Chaque paquet contient 100 pages pour ranger et transporter au moins 900 cartes \u00e0 double pochette (9 par page).<\/p>\n<p>\u2013 Conception \u00e0 chargement par le haut<br \/>\n\u2013 Double bande renforc\u00e9e avec 11 trous<br \/>\n\u2013 10 pages contenant au moins 900 cartes \u00e0 double pochette<br \/>\n\u2013 Convient \u00e0 presque tous les classeurs \u00e0 anneaux en D<br \/>\n\u2013 Haute transparence<br \/>\n\u2013 Sans acide, sans PVC<br \/>\n\u2013 Taille de la page : environ 227 x 291 mm<\/p>","protected":false},"excerpt":{"rendered":"<p>Produit officiel\u00a0: Ultimate Guard. Type de produit\u00a0: Classeurs et pages en papier. Poids\u00a0: 1\u00a0321\u00a0g. Dimensions\u00a0: 294\u00a0x\u00a0234\u00a0x\u00a043. Ce classeur de 9\u00a0pages de haute qualit\u00e9 s&#039;adapte \u00e0 la plupart des classeurs \u00e0 anneaux gr\u00e2ce \u00e0 sa double bande renforc\u00e9e \u00e0 11\u00a0perforations. Chaque paquet contient 100\u00a0pages pour ranger et transporter au moins 900\u00a0cartes \u00e0 double pochette (9 par page). \u2013 Haut [\u2026]<\/p>","protected":false},"featured_media":2714,"comment_status":"open","ping_status":"closed","template":"","meta":[],"product_cat":[42],"product_tag":[],"class_list":{"0":"post-2713","1":"product","2":"type-product","3":"status-publish","4":"has-post-thumbnail","6":"product_cat-accesories","8":"first","9":"instock","10":"purchasable","11":"product-type-simple"},"yoast_head":"<!-- This site is optimized with the Yoast SEO plugin v23.6 - https:\/\/yoast.com\/wordpress\/plugins\/seo\/ -->\n<title>100 Ultimate Guard 9-Pocket Pages - Worlds Of Magic<\/title>\n<meta name=\"robots\" content=\"index, follow, max-snippet:-1, max-image-preview:large, max-video-preview:-1\" \/>\n<link rel=\"canonical\" href=\"https:\/\/worldsofmagic.net\/fr\/produit\/100-ultimate-guard-9-pocket-pages\/\" \/>\n<meta property=\"og:locale\" content=\"fr_FR\" \/>\n<meta property=\"og:type\" content=\"article\" \/>\n<meta property=\"og:title\" content=\"100 Ultimate Guard 9-Pocket Pages - Worlds Of Magic\" \/>\n<meta property=\"og:description\" content=\"Official product: Ultimate Guard Product typology: Paper binders and pages Product weight: 1321 g. Packing size: 294x234x43 High quality 9 -page paperback, which fits in almost all ring binders, thanks to the reinforced 11-hole double stripe. Each pack contains 100 pages to store and transport at least 900 double-sleeved cards (9 per page). &#8211; Top [&hellip;]\" \/>\n<meta property=\"og:url\" content=\"https:\/\/worldsofmagic.net\/fr\/produit\/100-ultimate-guard-9-pocket-pages\/\" \/>\n<meta property=\"og:site_name\" content=\"Worlds Of Magic\" \/>\n<meta property=\"og:image\" content=\"https:\/\/worldsofmagic.net\/wp-content\/uploads\/2025\/07\/100-Ultimate-Guard-9-Pocket-Pages.png\" \/>\n\t<meta property=\"og:image:width\" content=\"300\" \/>\n\t<meta property=\"og:image:height\" content=\"300\" \/>\n\t<meta property=\"og:image:type\" content=\"image\/png\" \/>\n<meta name=\"twitter:card\" content=\"summary_large_image\" \/>\n<meta name=\"twitter:label1\" content=\"Dur\u00e9e de lecture estim\u00e9e\" \/>\n\t<meta name=\"twitter:data1\" content=\"1 minute\" \/>\n<script type=\"application\/ld+json\" class=\"yoast-schema-graph\">{\"@context\":\"https:\/\/schema.org\",\"@graph\":[{\"@type\":\"WebPage\",\"@id\":\"https:\/\/worldsofmagic.net\/product\/100-ultimate-guard-9-pocket-pages\/\",\"url\":\"https:\/\/worldsofmagic.net\/product\/100-ultimate-guard-9-pocket-pages\/\",\"name\":\"100 Ultimate Guard 9-Pocket Pages - Worlds Of Magic\",\"isPartOf\":{\"@id\":\"https:\/\/worldsofmagic.net\/#website\"},\"primaryImageOfPage\":{\"@id\":\"https:\/\/worldsofmagic.net\/product\/100-ultimate-guard-9-pocket-pages\/#primaryimage\"},\"image\":{\"@id\":\"https:\/\/worldsofmagic.net\/product\/100-ultimate-guard-9-pocket-pages\/#primaryimage\"},\"thumbnailUrl\":\"https:\/\/worldsofmagic.net\/wp-content\/uploads\/2025\/07\/100-Ultimate-Guard-9-Pocket-Pages.png\",\"datePublished\":\"2025-07-07T11:51:44+00:00\",\"dateModified\":\"2025-07-07T11:51:44+00:00\",\"breadcrumb\":{\"@id\":\"https:\/\/worldsofmagic.net\/product\/100-ultimate-guard-9-pocket-pages\/#breadcrumb\"},\"inLanguage\":\"fr-FR\",\"potentialAction\":[{\"@type\":\"ReadAction\",\"target\":[\"https:\/\/worldsofmagic.net\/product\/100-ultimate-guard-9-pocket-pages\/\"]}]},{\"@type\":\"ImageObject\",\"inLanguage\":\"fr-FR\",\"@id\":\"https:\/\/worldsofmagic.net\/product\/100-ultimate-guard-9-pocket-pages\/#primaryimage\",\"url\":\"https:\/\/worldsofmagic.net\/wp-content\/uploads\/2025\/07\/100-Ultimate-Guard-9-Pocket-Pages.png\",\"contentUrl\":\"https:\/\/worldsofmagic.net\/wp-content\/uploads\/2025\/07\/100-Ultimate-Guard-9-Pocket-Pages.png\",\"width\":300,\"height\":300,\"caption\":\"00 Ultimate Guard 9-Pocket Pages\"},{\"@type\":\"BreadcrumbList\",\"@id\":\"https:\/\/worldsofmagic.net\/product\/100-ultimate-guard-9-pocket-pages\/#breadcrumb\",\"itemListElement\":[{\"@type\":\"ListItem\",\"position\":1,\"name\":\"Accueil\",\"item\":\"https:\/\/worldsofmagic.net\/\"},{\"@type\":\"ListItem\",\"position\":2,\"name\":\"Shop\",\"item\":\"https:\/\/worldsofmagic.net\/shop\/\"},{\"@type\":\"ListItem\",\"position\":3,\"name\":\"100 Ultimate Guard 9-Pocket Pages\"}]},{\"@type\":\"WebSite\",\"@id\":\"https:\/\/worldsofmagic.net\/#website\",\"url\":\"https:\/\/worldsofmagic.net\/\",\"name\":\"Worlds Of Magic\",\"description\":\"\",\"publisher\":{\"@id\":\"https:\/\/worldsofmagic.net\/#organization\"},\"potentialAction\":[{\"@type\":\"SearchAction\",\"target\":{\"@type\":\"EntryPoint\",\"urlTemplate\":\"https:\/\/worldsofmagic.net\/?s={search_term_string}\"},\"query-input\":{\"@type\":\"PropertyValueSpecification\",\"valueRequired\":true,\"valueName\":\"search_term_string\"}}],\"inLanguage\":\"fr-FR\"},{\"@type\":\"Organization\",\"@id\":\"https:\/\/worldsofmagic.net\/#organization\",\"name\":\"Worlds Of Magic\",\"alternateName\":\"Worlds Of Magic\",\"url\":\"https:\/\/worldsofmagic.net\/\",\"logo\":{\"@type\":\"ImageObject\",\"inLanguage\":\"fr-FR\",\"@id\":\"https:\/\/worldsofmagic.net\/#\/schema\/logo\/image\/\",\"url\":\"https:\/\/worldsofmagic.net\/wp-content\/uploads\/2024\/07\/image.png\",\"contentUrl\":\"https:\/\/worldsofmagic.net\/wp-content\/uploads\/2024\/07\/image.png\",\"width\":1072,\"height\":341,\"caption\":\"Worlds Of Magic\"},\"image\":{\"@id\":\"https:\/\/worldsofmagic.net\/#\/schema\/logo\/image\/\"}}]}<\/script>\n<!-- \/ Yoast SEO plugin. -->","yoast_head_json":{"title":"100 Ultimate Guard 9-Pocket Pages - Worlds Of Magic","robots":{"index":"index","follow":"follow","max-snippet":"max-snippet:-1","max-image-preview":"max-image-preview:large","max-video-preview":"max-video-preview:-1"},"canonical":"https:\/\/worldsofmagic.net\/fr\/produit\/100-ultimate-guard-9-pocket-pages\/","og_locale":"fr_FR","og_type":"article","og_title":"100 Ultimate Guard 9-Pocket Pages - Worlds Of Magic","og_description":"Official product: Ultimate Guard Product typology: Paper binders and pages Product weight: 1321 g. Packing size: 294x234x43 High quality 9 -page paperback, which fits in almost all ring binders, thanks to the reinforced 11-hole double stripe. Each pack contains 100 pages to store and transport at least 900 double-sleeved cards (9 per page). &#8211; Top [&hellip;]","og_url":"https:\/\/worldsofmagic.net\/fr\/produit\/100-ultimate-guard-9-pocket-pages\/","og_site_name":"Worlds Of Magic","og_image":[{"width":300,"height":300,"url":"https:\/\/worldsofmagic.net\/wp-content\/uploads\/2025\/07\/100-Ultimate-Guard-9-Pocket-Pages.png","type":"image\/png"}],"twitter_card":"summary_large_image","twitter_misc":{"Dur\u00e9e de lecture estim\u00e9e":"1 minute"},"schema":{"@context":"https:\/\/schema.org","@graph":[{"@type":"WebPage","@id":"https:\/\/worldsofmagic.net\/product\/100-ultimate-guard-9-pocket-pages\/","url":"https:\/\/worldsofmagic.net\/product\/100-ultimate-guard-9-pocket-pages\/","name":"100 Ultimate Guard 9-Pocket Pages - Worlds Of Magic","isPartOf":{"@id":"https:\/\/worldsofmagic.net\/#website"},"primaryImageOfPage":{"@id":"https:\/\/worldsofmagic.net\/product\/100-ultimate-guard-9-pocket-pages\/#primaryimage"},"image":{"@id":"https:\/\/worldsofmagic.net\/product\/100-ultimate-guard-9-pocket-pages\/#primaryimage"},"thumbnailUrl":"https:\/\/worldsofmagic.net\/wp-content\/uploads\/2025\/07\/100-Ultimate-Guard-9-Pocket-Pages.png","datePublished":"2025-07-07T11:51:44+00:00","dateModified":"2025-07-07T11:51:44+00:00","breadcrumb":{"@id":"https:\/\/worldsofmagic.net\/product\/100-ultimate-guard-9-pocket-pages\/#breadcrumb"},"inLanguage":"fr-FR","potentialAction":[{"@type":"ReadAction","target":["https:\/\/worldsofmagic.net\/product\/100-ultimate-guard-9-pocket-pages\/"]}]},{"@type":"ImageObject","inLanguage":"fr-FR","@id":"https:\/\/worldsofmagic.net\/product\/100-ultimate-guard-9-pocket-pages\/#primaryimage","url":"https:\/\/worldsofmagic.net\/wp-content\/uploads\/2025\/07\/100-Ultimate-Guard-9-Pocket-Pages.png","contentUrl":"https:\/\/worldsofmagic.net\/wp-content\/uploads\/2025\/07\/100-Ultimate-Guard-9-Pocket-Pages.png","width":300,"height":300,"caption":"00 Ultimate Guard 9-Pocket Pages"},{"@type":"BreadcrumbList","@id":"https:\/\/worldsofmagic.net\/product\/100-ultimate-guard-9-pocket-pages\/#breadcrumb","itemListElement":[{"@type":"ListItem","position":1,"name":"Accueil","item":"https:\/\/worldsofmagic.net\/"},{"@type":"ListItem","position":2,"name":"Shop","item":"https:\/\/worldsofmagic.net\/shop\/"},{"@type":"ListItem","position":3,"name":"100 Ultimate Guard 9-Pocket Pages"}]},{"@type":"WebSite","@id":"https:\/\/worldsofmagic.net\/#website","url":"https:\/\/worldsofmagic.net\/","name":"Worlds Of Magic","description":"","publisher":{"@id":"https:\/\/worldsofmagic.net\/#organization"},"potentialAction":[{"@type":"SearchAction","target":{"@type":"EntryPoint","urlTemplate":"https:\/\/worldsofmagic.net\/?s={search_term_string}"},"query-input":{"@type":"PropertyValueSpecification","valueRequired":true,"valueName":"search_term_string"}}],"inLanguage":"fr-FR"},{"@type":"Organization","@id":"https:\/\/worldsofmagic.net\/#organization","name":"Worlds Of Magic","alternateName":"Worlds Of Magic","url":"https:\/\/worldsofmagic.net\/","logo":{"@type":"ImageObject","inLanguage":"fr-FR","@id":"https:\/\/worldsofmagic.net\/#\/schema\/logo\/image\/","url":"https:\/\/worldsofmagic.net\/wp-content\/uploads\/2024\/07\/image.png","contentUrl":"https:\/\/worldsofmagic.net\/wp-content\/uploads\/2024\/07\/image.png","width":1072,"height":341,"caption":"Worlds Of Magic"},"image":{"@id":"https:\/\/worldsofmagic.net\/#\/schema\/logo\/image\/"}}]}},"jetpack_sharing_enabled":true,"_links":{"self":[{"href":"https:\/\/worldsofmagic.net\/fr\/wp-json\/wp\/v2\/product\/2713"}],"collection":[{"href":"https:\/\/worldsofmagic.net\/fr\/wp-json\/wp\/v2\/product"}],"about":[{"href":"https:\/\/worldsofmagic.net\/fr\/wp-json\/wp\/v2\/types\/product"}],"replies":[{"embeddable":true,"href":"https:\/\/worldsofmagic.net\/fr\/wp-json\/wp\/v2\/comments?post=2713"}],"wp:featuredmedia":[{"embeddable":true,"href":"https:\/\/worldsofmagic.net\/fr\/wp-json\/wp\/v2\/media\/2714"}],"wp:attachment":[{"href":"https:\/\/worldsofmagic.net\/fr\/wp-json\/wp\/v2\/media?parent=2713"}],"wp:term":[{"taxonomy":"product_cat","embeddable":true,"href":"https:\/\/worldsofmagic.net\/fr\/wp-json\/wp\/v2\/product_cat?post=2713"},{"taxonomy":"product_tag","embeddable":true,"href":"https:\/\/worldsofmagic.net\/fr\/wp-json\/wp\/v2\/product_tag?post=2713"}],"curies":[{"name":"wp","href":"https:\/\/api.w.org\/{rel}","templated":true}]}}