{"id":2715,"date":"2025-07-07T11:55:21","date_gmt":"2025-07-07T11:55:21","guid":{"rendered":"https:\/\/worldsofmagic.net\/?post_type=product&#038;p=2715"},"modified":"2025-08-04T11:39:09","modified_gmt":"2025-08-04T11:39:09","slug":"100-ultra-pro-platinum-nine-pocket-pages","status":"publish","type":"product","link":"https:\/\/worldsofmagic.net\/fr\/produit\/100-ultra-pro-platinum-nine-pocket-pages\/","title":{"rendered":"100 pages Ultra Pro PLATINUM neuf pochettes"},"content":{"rendered":"<div class=\"shortdesc mb-xs\">\n<ul>\n<li>Dos pr\u00e9-perfor\u00e9 \u00e0 11 trous<\/li>\n<li>Sceau de qualit\u00e9 holographique sur le dos<\/li>\n<li>Sans acide et sans PVC<\/li>\n<li>protection UV<\/li>\n<li>Mat\u00e9riau de haute clart\u00e9<\/li>\n<li>Pos\u00e9 \u00e0 plat<\/li>\n<li>Chargement par le haut<\/li>\n<li>Fabriqu\u00e9 aux \u00c9tats-Unis<\/li>\n<li>Joint haute r\u00e9sistance<\/li>\n<li>100 pages par bo\u00eete de pr\u00e9sentation<\/li>\n<\/ul>\n<\/div>","protected":false},"excerpt":{"rendered":"<p>Dos pr\u00e9-perfor\u00e9 \u00e0 11 trous Sceau de qualit\u00e9 holographique sur le dos Sans acide et sans PVC Protection UV Mat\u00e9riau haute transparence Pose \u00e0 plat Chargement par le haut Fabriqu\u00e9 aux \u00c9tats-Unis Sceau haute r\u00e9sistance 100 pages par bo\u00eete de pr\u00e9sentation<\/p>","protected":false},"featured_media":2716,"comment_status":"open","ping_status":"closed","template":"","meta":[],"product_cat":[42],"product_tag":[],"class_list":{"0":"post-2715","1":"product","2":"type-product","3":"status-publish","4":"has-post-thumbnail","6":"product_cat-accesories","8":"first","9":"instock","10":"purchasable","11":"product-type-simple"},"yoast_head":"<!-- This site is optimized with the Yoast SEO plugin v23.6 - https:\/\/yoast.com\/wordpress\/plugins\/seo\/ -->\n<title>100 Ultra Pro PLATINUM Nine Pocket Pages - Worlds Of Magic<\/title>\n<meta name=\"robots\" content=\"index, follow, max-snippet:-1, max-image-preview:large, max-video-preview:-1\" \/>\n<link rel=\"canonical\" href=\"https:\/\/worldsofmagic.net\/fr\/produit\/100-ultra-pro-platinum-nine-pocket-pages\/\" \/>\n<meta property=\"og:locale\" content=\"fr_FR\" \/>\n<meta property=\"og:type\" content=\"article\" \/>\n<meta property=\"og:title\" content=\"100 Ultra Pro PLATINUM Nine Pocket Pages - Worlds Of Magic\" \/>\n<meta property=\"og:description\" content=\"Pre-punched 11-hole spine Hologram quality seal on spine Acid-Free and No PVC UV protection High clarity material Lays flat Toploading Made in U.S.A. High-strength Seal 100 pages per display box\" \/>\n<meta property=\"og:url\" content=\"https:\/\/worldsofmagic.net\/fr\/produit\/100-ultra-pro-platinum-nine-pocket-pages\/\" \/>\n<meta property=\"og:site_name\" content=\"Worlds Of Magic\" \/>\n<meta property=\"article:modified_time\" content=\"2025-08-04T11:39:09+00:00\" \/>\n<meta property=\"og:image\" content=\"https:\/\/worldsofmagic.net\/wp-content\/uploads\/2025\/07\/100-Ultra-Pro-PLATINUM-Nine-Pocket-Pages.png\" \/>\n\t<meta property=\"og:image:width\" content=\"246\" \/>\n\t<meta property=\"og:image:height\" content=\"234\" \/>\n\t<meta property=\"og:image:type\" content=\"image\/png\" \/>\n<meta name=\"twitter:card\" content=\"summary_large_image\" \/>\n<meta name=\"twitter:label1\" content=\"Dur\u00e9e de lecture estim\u00e9e\" \/>\n\t<meta name=\"twitter:data1\" content=\"1 minute\" \/>\n<script type=\"application\/ld+json\" class=\"yoast-schema-graph\">{\"@context\":\"https:\/\/schema.org\",\"@graph\":[{\"@type\":\"WebPage\",\"@id\":\"https:\/\/worldsofmagic.net\/product\/100-ultra-pro-platinum-nine-pocket-pages\/\",\"url\":\"https:\/\/worldsofmagic.net\/product\/100-ultra-pro-platinum-nine-pocket-pages\/\",\"name\":\"100 Ultra Pro PLATINUM Nine Pocket Pages - Worlds Of Magic\",\"isPartOf\":{\"@id\":\"https:\/\/worldsofmagic.net\/#website\"},\"primaryImageOfPage\":{\"@id\":\"https:\/\/worldsofmagic.net\/product\/100-ultra-pro-platinum-nine-pocket-pages\/#primaryimage\"},\"image\":{\"@id\":\"https:\/\/worldsofmagic.net\/product\/100-ultra-pro-platinum-nine-pocket-pages\/#primaryimage\"},\"thumbnailUrl\":\"https:\/\/worldsofmagic.net\/wp-content\/uploads\/2025\/07\/100-Ultra-Pro-PLATINUM-Nine-Pocket-Pages.png\",\"datePublished\":\"2025-07-07T11:55:21+00:00\",\"dateModified\":\"2025-08-04T11:39:09+00:00\",\"breadcrumb\":{\"@id\":\"https:\/\/worldsofmagic.net\/product\/100-ultra-pro-platinum-nine-pocket-pages\/#breadcrumb\"},\"inLanguage\":\"fr-FR\",\"potentialAction\":[{\"@type\":\"ReadAction\",\"target\":[\"https:\/\/worldsofmagic.net\/product\/100-ultra-pro-platinum-nine-pocket-pages\/\"]}]},{\"@type\":\"ImageObject\",\"inLanguage\":\"fr-FR\",\"@id\":\"https:\/\/worldsofmagic.net\/product\/100-ultra-pro-platinum-nine-pocket-pages\/#primaryimage\",\"url\":\"https:\/\/worldsofmagic.net\/wp-content\/uploads\/2025\/07\/100-Ultra-Pro-PLATINUM-Nine-Pocket-Pages.png\",\"contentUrl\":\"https:\/\/worldsofmagic.net\/wp-content\/uploads\/2025\/07\/100-Ultra-Pro-PLATINUM-Nine-Pocket-Pages.png\",\"width\":246,\"height\":234,\"caption\":\"100 Ultra Pro PLATINUM Nine Pocket Pages\"},{\"@type\":\"BreadcrumbList\",\"@id\":\"https:\/\/worldsofmagic.net\/product\/100-ultra-pro-platinum-nine-pocket-pages\/#breadcrumb\",\"itemListElement\":[{\"@type\":\"ListItem\",\"position\":1,\"name\":\"Accueil\",\"item\":\"https:\/\/worldsofmagic.net\/\"},{\"@type\":\"ListItem\",\"position\":2,\"name\":\"Shop\",\"item\":\"https:\/\/worldsofmagic.net\/shop\/\"},{\"@type\":\"ListItem\",\"position\":3,\"name\":\"100 Ultra Pro PLATINUM Nine Pocket Pages\"}]},{\"@type\":\"WebSite\",\"@id\":\"https:\/\/worldsofmagic.net\/#website\",\"url\":\"https:\/\/worldsofmagic.net\/\",\"name\":\"Worlds Of Magic\",\"description\":\"\",\"publisher\":{\"@id\":\"https:\/\/worldsofmagic.net\/#organization\"},\"potentialAction\":[{\"@type\":\"SearchAction\",\"target\":{\"@type\":\"EntryPoint\",\"urlTemplate\":\"https:\/\/worldsofmagic.net\/?s={search_term_string}\"},\"query-input\":{\"@type\":\"PropertyValueSpecification\",\"valueRequired\":true,\"valueName\":\"search_term_string\"}}],\"inLanguage\":\"fr-FR\"},{\"@type\":\"Organization\",\"@id\":\"https:\/\/worldsofmagic.net\/#organization\",\"name\":\"Worlds Of Magic\",\"alternateName\":\"Worlds Of Magic\",\"url\":\"https:\/\/worldsofmagic.net\/\",\"logo\":{\"@type\":\"ImageObject\",\"inLanguage\":\"fr-FR\",\"@id\":\"https:\/\/worldsofmagic.net\/#\/schema\/logo\/image\/\",\"url\":\"https:\/\/worldsofmagic.net\/wp-content\/uploads\/2024\/07\/image.png\",\"contentUrl\":\"https:\/\/worldsofmagic.net\/wp-content\/uploads\/2024\/07\/image.png\",\"width\":1072,\"height\":341,\"caption\":\"Worlds Of Magic\"},\"image\":{\"@id\":\"https:\/\/worldsofmagic.net\/#\/schema\/logo\/image\/\"}}]}<\/script>\n<!-- \/ Yoast SEO plugin. -->","yoast_head_json":{"title":"100 Ultra Pro PLATINUM Nine Pocket Pages - Worlds Of Magic","robots":{"index":"index","follow":"follow","max-snippet":"max-snippet:-1","max-image-preview":"max-image-preview:large","max-video-preview":"max-video-preview:-1"},"canonical":"https:\/\/worldsofmagic.net\/fr\/produit\/100-ultra-pro-platinum-nine-pocket-pages\/","og_locale":"fr_FR","og_type":"article","og_title":"100 Ultra Pro PLATINUM Nine Pocket Pages - Worlds Of Magic","og_description":"Pre-punched 11-hole spine Hologram quality seal on spine Acid-Free and No PVC UV protection High clarity material Lays flat Toploading Made in U.S.A. High-strength Seal 100 pages per display box","og_url":"https:\/\/worldsofmagic.net\/fr\/produit\/100-ultra-pro-platinum-nine-pocket-pages\/","og_site_name":"Worlds Of Magic","article_modified_time":"2025-08-04T11:39:09+00:00","og_image":[{"width":246,"height":234,"url":"https:\/\/worldsofmagic.net\/wp-content\/uploads\/2025\/07\/100-Ultra-Pro-PLATINUM-Nine-Pocket-Pages.png","type":"image\/png"}],"twitter_card":"summary_large_image","twitter_misc":{"Dur\u00e9e de lecture estim\u00e9e":"1 minute"},"schema":{"@context":"https:\/\/schema.org","@graph":[{"@type":"WebPage","@id":"https:\/\/worldsofmagic.net\/product\/100-ultra-pro-platinum-nine-pocket-pages\/","url":"https:\/\/worldsofmagic.net\/product\/100-ultra-pro-platinum-nine-pocket-pages\/","name":"100 Ultra Pro PLATINUM Nine Pocket Pages - Worlds Of Magic","isPartOf":{"@id":"https:\/\/worldsofmagic.net\/#website"},"primaryImageOfPage":{"@id":"https:\/\/worldsofmagic.net\/product\/100-ultra-pro-platinum-nine-pocket-pages\/#primaryimage"},"image":{"@id":"https:\/\/worldsofmagic.net\/product\/100-ultra-pro-platinum-nine-pocket-pages\/#primaryimage"},"thumbnailUrl":"https:\/\/worldsofmagic.net\/wp-content\/uploads\/2025\/07\/100-Ultra-Pro-PLATINUM-Nine-Pocket-Pages.png","datePublished":"2025-07-07T11:55:21+00:00","dateModified":"2025-08-04T11:39:09+00:00","breadcrumb":{"@id":"https:\/\/worldsofmagic.net\/product\/100-ultra-pro-platinum-nine-pocket-pages\/#breadcrumb"},"inLanguage":"fr-FR","potentialAction":[{"@type":"ReadAction","target":["https:\/\/worldsofmagic.net\/product\/100-ultra-pro-platinum-nine-pocket-pages\/"]}]},{"@type":"ImageObject","inLanguage":"fr-FR","@id":"https:\/\/worldsofmagic.net\/product\/100-ultra-pro-platinum-nine-pocket-pages\/#primaryimage","url":"https:\/\/worldsofmagic.net\/wp-content\/uploads\/2025\/07\/100-Ultra-Pro-PLATINUM-Nine-Pocket-Pages.png","contentUrl":"https:\/\/worldsofmagic.net\/wp-content\/uploads\/2025\/07\/100-Ultra-Pro-PLATINUM-Nine-Pocket-Pages.png","width":246,"height":234,"caption":"100 Ultra Pro PLATINUM Nine Pocket Pages"},{"@type":"BreadcrumbList","@id":"https:\/\/worldsofmagic.net\/product\/100-ultra-pro-platinum-nine-pocket-pages\/#breadcrumb","itemListElement":[{"@type":"ListItem","position":1,"name":"Accueil","item":"https:\/\/worldsofmagic.net\/"},{"@type":"ListItem","position":2,"name":"Shop","item":"https:\/\/worldsofmagic.net\/shop\/"},{"@type":"ListItem","position":3,"name":"100 Ultra Pro PLATINUM Nine Pocket Pages"}]},{"@type":"WebSite","@id":"https:\/\/worldsofmagic.net\/#website","url":"https:\/\/worldsofmagic.net\/","name":"Worlds Of Magic","description":"","publisher":{"@id":"https:\/\/worldsofmagic.net\/#organization"},"potentialAction":[{"@type":"SearchAction","target":{"@type":"EntryPoint","urlTemplate":"https:\/\/worldsofmagic.net\/?s={search_term_string}"},"query-input":{"@type":"PropertyValueSpecification","valueRequired":true,"valueName":"search_term_string"}}],"inLanguage":"fr-FR"},{"@type":"Organization","@id":"https:\/\/worldsofmagic.net\/#organization","name":"Worlds Of Magic","alternateName":"Worlds Of Magic","url":"https:\/\/worldsofmagic.net\/","logo":{"@type":"ImageObject","inLanguage":"fr-FR","@id":"https:\/\/worldsofmagic.net\/#\/schema\/logo\/image\/","url":"https:\/\/worldsofmagic.net\/wp-content\/uploads\/2024\/07\/image.png","contentUrl":"https:\/\/worldsofmagic.net\/wp-content\/uploads\/2024\/07\/image.png","width":1072,"height":341,"caption":"Worlds Of Magic"},"image":{"@id":"https:\/\/worldsofmagic.net\/#\/schema\/logo\/image\/"}}]}},"jetpack_sharing_enabled":true,"_links":{"self":[{"href":"https:\/\/worldsofmagic.net\/fr\/wp-json\/wp\/v2\/product\/2715"}],"collection":[{"href":"https:\/\/worldsofmagic.net\/fr\/wp-json\/wp\/v2\/product"}],"about":[{"href":"https:\/\/worldsofmagic.net\/fr\/wp-json\/wp\/v2\/types\/product"}],"replies":[{"embeddable":true,"href":"https:\/\/worldsofmagic.net\/fr\/wp-json\/wp\/v2\/comments?post=2715"}],"wp:featuredmedia":[{"embeddable":true,"href":"https:\/\/worldsofmagic.net\/fr\/wp-json\/wp\/v2\/media\/2716"}],"wp:attachment":[{"href":"https:\/\/worldsofmagic.net\/fr\/wp-json\/wp\/v2\/media?parent=2715"}],"wp:term":[{"taxonomy":"product_cat","embeddable":true,"href":"https:\/\/worldsofmagic.net\/fr\/wp-json\/wp\/v2\/product_cat?post=2715"},{"taxonomy":"product_tag","embeddable":true,"href":"https:\/\/worldsofmagic.net\/fr\/wp-json\/wp\/v2\/product_tag?post=2715"}],"curies":[{"name":"wp","href":"https:\/\/api.w.org\/{rel}","templated":true}]}}