{"id":2719,"date":"2025-07-07T12:10:04","date_gmt":"2025-07-07T12:10:04","guid":{"rendered":"https:\/\/worldsofmagic.net\/?post_type=product&#038;p=2719"},"modified":"2025-10-21T17:13:42","modified_gmt":"2025-10-21T17:13:42","slug":"magic-the-gathering-final-fantasy-summon-primal-odin-deck-box","status":"publish","type":"product","link":"https:\/\/worldsofmagic.net\/fr\/produit\/magic-the-gathering-final-fantasy-summon-primal-odin-deck-box\/","title":{"rendered":"Magic: The Gathering \u2013 FINAL FANTASY : Coffret de deck \u00ab\u00a0Invocation\u00a0: Odin primordial\u00a0\u00bb"},"content":{"rendered":"<h2>Summon\u00a0: Primal Odin, Final Fantasy 100+ Deck Box \u2013 Ultra Pro<\/h2>\n<ul>\n<li>Coffre de pont en plastique de la marque am\u00e9ricaine Ultra Pro<\/li>\n<li>Con\u00e7u pour contenir des cartes de taille standard (Magic, Pok\u00e9mon, Lorcana, Flesh and Blood\u2026)<\/li>\n<li>Capacit\u00e9 de 100 cartes \u00e0 pochettes ou \u00e0 double pochettes<\/li>\n<li>Dessus autobloquant sans velcro pour une ouverture\/fermeture facile<\/li>\n<li>S\u00e9parateur illustr\u00e9 du pont principal\/du buffet<\/li>\n<\/ul>","protected":false},"excerpt":{"rendered":"<p>Summon: Primal Odin, Final Fantasy 100+ Deck Box \u2013 Ultra Pro Deck box en plastique de la marque am\u00e9ricaine Ultra Pro Con\u00e7u pour contenir des cartes de taille standard (Magic, Pok\u00e9mon, Lorcana, Flesh and Blood\u2026) Capacit\u00e9 de 100 cartes avec ou sans pochettes Couvercle autobloquant sans velcro pour une ouverture\/fermeture facile S\u00e9parateur illustr\u00e9 pour le deck principal\/la sideboard<\/p>","protected":false},"featured_media":2720,"comment_status":"open","ping_status":"closed","template":"","meta":[],"product_cat":[42,52],"product_tag":[],"class_list":{"0":"post-2719","1":"product","2":"type-product","3":"status-publish","4":"has-post-thumbnail","6":"product_cat-accesories","7":"product_cat-deck-cases","9":"first","10":"instock","11":"purchasable","12":"product-type-simple"},"yoast_head":"<!-- This site is optimized with the Yoast SEO plugin v23.6 - https:\/\/yoast.com\/wordpress\/plugins\/seo\/ -->\n<title>Magic: The Gathering - FINAL FANTASY: &quot;Summon: Primal Odin&quot; Deck Box - Worlds Of Magic<\/title>\n<meta name=\"robots\" content=\"index, follow, max-snippet:-1, max-image-preview:large, max-video-preview:-1\" \/>\n<link rel=\"canonical\" href=\"https:\/\/worldsofmagic.net\/fr\/produit\/magic-the-gathering-final-fantasy-summon-primal-odin-deck-box\/\" \/>\n<meta property=\"og:locale\" content=\"fr_FR\" \/>\n<meta property=\"og:type\" content=\"article\" \/>\n<meta property=\"og:title\" content=\"Magic: The Gathering - FINAL FANTASY: &quot;Summon: Primal Odin&quot; Deck Box - Worlds Of Magic\" \/>\n<meta property=\"og:description\" content=\"Summon: Primal Odin, Final Fantasy 100+ Deck Box &#8211; Ultra Pro Plastic deck box from the US brand Ultra Pro Designed to hold standard-sized cards (Magic, Pok\u00e9mon, Lorcana, Flesh and Blood&#8230;) Capacity of 100 sleeved or double-sleeved cards Velcro-free self-blocking top for easy opening\/closing Illustrated Main Deck\/Sideboard separator\" \/>\n<meta property=\"og:url\" content=\"https:\/\/worldsofmagic.net\/fr\/produit\/magic-the-gathering-final-fantasy-summon-primal-odin-deck-box\/\" \/>\n<meta property=\"og:site_name\" content=\"Worlds Of Magic\" \/>\n<meta property=\"article:modified_time\" content=\"2025-10-21T17:13:42+00:00\" \/>\n<meta property=\"og:image\" content=\"https:\/\/worldsofmagic.net\/wp-content\/uploads\/2025\/07\/Magic-The-Gathering-FINAL-FANTASYBSummon-Primal-Odin-Deck-Box.png\" \/>\n\t<meta property=\"og:image:width\" content=\"300\" \/>\n\t<meta property=\"og:image:height\" content=\"300\" \/>\n\t<meta property=\"og:image:type\" content=\"image\/png\" \/>\n<meta name=\"twitter:card\" content=\"summary_large_image\" \/>\n<meta name=\"twitter:label1\" content=\"Dur\u00e9e de lecture estim\u00e9e\" \/>\n\t<meta name=\"twitter:data1\" content=\"1 minute\" \/>\n<script type=\"application\/ld+json\" class=\"yoast-schema-graph\">{\"@context\":\"https:\/\/schema.org\",\"@graph\":[{\"@type\":\"WebPage\",\"@id\":\"https:\/\/worldsofmagic.net\/product\/magic-the-gathering-final-fantasy-summon-primal-odin-deck-box\/\",\"url\":\"https:\/\/worldsofmagic.net\/product\/magic-the-gathering-final-fantasy-summon-primal-odin-deck-box\/\",\"name\":\"Magic: The Gathering - FINAL FANTASY: \\\"Summon: Primal Odin\\\" Deck Box - Worlds Of Magic\",\"isPartOf\":{\"@id\":\"https:\/\/worldsofmagic.net\/#website\"},\"primaryImageOfPage\":{\"@id\":\"https:\/\/worldsofmagic.net\/product\/magic-the-gathering-final-fantasy-summon-primal-odin-deck-box\/#primaryimage\"},\"image\":{\"@id\":\"https:\/\/worldsofmagic.net\/product\/magic-the-gathering-final-fantasy-summon-primal-odin-deck-box\/#primaryimage\"},\"thumbnailUrl\":\"https:\/\/worldsofmagic.net\/wp-content\/uploads\/2025\/07\/Magic-The-Gathering-FINAL-FANTASYBSummon-Primal-Odin-Deck-Box.png\",\"datePublished\":\"2025-07-07T12:10:04+00:00\",\"dateModified\":\"2025-10-21T17:13:42+00:00\",\"breadcrumb\":{\"@id\":\"https:\/\/worldsofmagic.net\/product\/magic-the-gathering-final-fantasy-summon-primal-odin-deck-box\/#breadcrumb\"},\"inLanguage\":\"fr-FR\",\"potentialAction\":[{\"@type\":\"ReadAction\",\"target\":[\"https:\/\/worldsofmagic.net\/product\/magic-the-gathering-final-fantasy-summon-primal-odin-deck-box\/\"]}]},{\"@type\":\"ImageObject\",\"inLanguage\":\"fr-FR\",\"@id\":\"https:\/\/worldsofmagic.net\/product\/magic-the-gathering-final-fantasy-summon-primal-odin-deck-box\/#primaryimage\",\"url\":\"https:\/\/worldsofmagic.net\/wp-content\/uploads\/2025\/07\/Magic-The-Gathering-FINAL-FANTASYBSummon-Primal-Odin-Deck-Box.png\",\"contentUrl\":\"https:\/\/worldsofmagic.net\/wp-content\/uploads\/2025\/07\/Magic-The-Gathering-FINAL-FANTASYBSummon-Primal-Odin-Deck-Box.png\",\"width\":300,\"height\":300,\"caption\":\"Magic: The Gathering - FINAL FANTASY: \\\"Summon: Primal Odin\\\" Deck Box\"},{\"@type\":\"BreadcrumbList\",\"@id\":\"https:\/\/worldsofmagic.net\/product\/magic-the-gathering-final-fantasy-summon-primal-odin-deck-box\/#breadcrumb\",\"itemListElement\":[{\"@type\":\"ListItem\",\"position\":1,\"name\":\"Accueil\",\"item\":\"https:\/\/worldsofmagic.net\/\"},{\"@type\":\"ListItem\",\"position\":2,\"name\":\"Shop\",\"item\":\"https:\/\/worldsofmagic.net\/shop\/\"},{\"@type\":\"ListItem\",\"position\":3,\"name\":\"Magic: The Gathering &#8211; FINAL FANTASY: &#8220;Summon: Primal Odin&#8221; Deck Box\"}]},{\"@type\":\"WebSite\",\"@id\":\"https:\/\/worldsofmagic.net\/#website\",\"url\":\"https:\/\/worldsofmagic.net\/\",\"name\":\"Worlds Of Magic\",\"description\":\"\",\"publisher\":{\"@id\":\"https:\/\/worldsofmagic.net\/#organization\"},\"potentialAction\":[{\"@type\":\"SearchAction\",\"target\":{\"@type\":\"EntryPoint\",\"urlTemplate\":\"https:\/\/worldsofmagic.net\/?s={search_term_string}\"},\"query-input\":{\"@type\":\"PropertyValueSpecification\",\"valueRequired\":true,\"valueName\":\"search_term_string\"}}],\"inLanguage\":\"fr-FR\"},{\"@type\":\"Organization\",\"@id\":\"https:\/\/worldsofmagic.net\/#organization\",\"name\":\"Worlds Of Magic\",\"alternateName\":\"Worlds Of Magic\",\"url\":\"https:\/\/worldsofmagic.net\/\",\"logo\":{\"@type\":\"ImageObject\",\"inLanguage\":\"fr-FR\",\"@id\":\"https:\/\/worldsofmagic.net\/#\/schema\/logo\/image\/\",\"url\":\"https:\/\/worldsofmagic.net\/wp-content\/uploads\/2024\/07\/image.png\",\"contentUrl\":\"https:\/\/worldsofmagic.net\/wp-content\/uploads\/2024\/07\/image.png\",\"width\":1072,\"height\":341,\"caption\":\"Worlds Of Magic\"},\"image\":{\"@id\":\"https:\/\/worldsofmagic.net\/#\/schema\/logo\/image\/\"}}]}<\/script>\n<!-- \/ Yoast SEO plugin. -->","yoast_head_json":{"title":"Magic: The Gathering - FINAL FANTASY: \"Summon: Primal Odin\" Deck Box - Worlds Of Magic","robots":{"index":"index","follow":"follow","max-snippet":"max-snippet:-1","max-image-preview":"max-image-preview:large","max-video-preview":"max-video-preview:-1"},"canonical":"https:\/\/worldsofmagic.net\/fr\/produit\/magic-the-gathering-final-fantasy-summon-primal-odin-deck-box\/","og_locale":"fr_FR","og_type":"article","og_title":"Magic: The Gathering - FINAL FANTASY: \"Summon: Primal Odin\" Deck Box - Worlds Of Magic","og_description":"Summon: Primal Odin, Final Fantasy 100+ Deck Box &#8211; Ultra Pro Plastic deck box from the US brand Ultra Pro Designed to hold standard-sized cards (Magic, Pok\u00e9mon, Lorcana, Flesh and Blood&#8230;) Capacity of 100 sleeved or double-sleeved cards Velcro-free self-blocking top for easy opening\/closing Illustrated Main Deck\/Sideboard separator","og_url":"https:\/\/worldsofmagic.net\/fr\/produit\/magic-the-gathering-final-fantasy-summon-primal-odin-deck-box\/","og_site_name":"Worlds Of Magic","article_modified_time":"2025-10-21T17:13:42+00:00","og_image":[{"width":300,"height":300,"url":"https:\/\/worldsofmagic.net\/wp-content\/uploads\/2025\/07\/Magic-The-Gathering-FINAL-FANTASYBSummon-Primal-Odin-Deck-Box.png","type":"image\/png"}],"twitter_card":"summary_large_image","twitter_misc":{"Dur\u00e9e de lecture estim\u00e9e":"1 minute"},"schema":{"@context":"https:\/\/schema.org","@graph":[{"@type":"WebPage","@id":"https:\/\/worldsofmagic.net\/product\/magic-the-gathering-final-fantasy-summon-primal-odin-deck-box\/","url":"https:\/\/worldsofmagic.net\/product\/magic-the-gathering-final-fantasy-summon-primal-odin-deck-box\/","name":"Magic: The Gathering - FINAL FANTASY: \"Summon: Primal Odin\" Deck Box - Worlds Of Magic","isPartOf":{"@id":"https:\/\/worldsofmagic.net\/#website"},"primaryImageOfPage":{"@id":"https:\/\/worldsofmagic.net\/product\/magic-the-gathering-final-fantasy-summon-primal-odin-deck-box\/#primaryimage"},"image":{"@id":"https:\/\/worldsofmagic.net\/product\/magic-the-gathering-final-fantasy-summon-primal-odin-deck-box\/#primaryimage"},"thumbnailUrl":"https:\/\/worldsofmagic.net\/wp-content\/uploads\/2025\/07\/Magic-The-Gathering-FINAL-FANTASYBSummon-Primal-Odin-Deck-Box.png","datePublished":"2025-07-07T12:10:04+00:00","dateModified":"2025-10-21T17:13:42+00:00","breadcrumb":{"@id":"https:\/\/worldsofmagic.net\/product\/magic-the-gathering-final-fantasy-summon-primal-odin-deck-box\/#breadcrumb"},"inLanguage":"fr-FR","potentialAction":[{"@type":"ReadAction","target":["https:\/\/worldsofmagic.net\/product\/magic-the-gathering-final-fantasy-summon-primal-odin-deck-box\/"]}]},{"@type":"ImageObject","inLanguage":"fr-FR","@id":"https:\/\/worldsofmagic.net\/product\/magic-the-gathering-final-fantasy-summon-primal-odin-deck-box\/#primaryimage","url":"https:\/\/worldsofmagic.net\/wp-content\/uploads\/2025\/07\/Magic-The-Gathering-FINAL-FANTASYBSummon-Primal-Odin-Deck-Box.png","contentUrl":"https:\/\/worldsofmagic.net\/wp-content\/uploads\/2025\/07\/Magic-The-Gathering-FINAL-FANTASYBSummon-Primal-Odin-Deck-Box.png","width":300,"height":300,"caption":"Magic: The Gathering - FINAL FANTASY: \"Summon: Primal Odin\" Deck Box"},{"@type":"BreadcrumbList","@id":"https:\/\/worldsofmagic.net\/product\/magic-the-gathering-final-fantasy-summon-primal-odin-deck-box\/#breadcrumb","itemListElement":[{"@type":"ListItem","position":1,"name":"Accueil","item":"https:\/\/worldsofmagic.net\/"},{"@type":"ListItem","position":2,"name":"Shop","item":"https:\/\/worldsofmagic.net\/shop\/"},{"@type":"ListItem","position":3,"name":"Magic: The Gathering &#8211; FINAL FANTASY: &#8220;Summon: Primal Odin&#8221; Deck Box"}]},{"@type":"WebSite","@id":"https:\/\/worldsofmagic.net\/#website","url":"https:\/\/worldsofmagic.net\/","name":"Worlds Of Magic","description":"","publisher":{"@id":"https:\/\/worldsofmagic.net\/#organization"},"potentialAction":[{"@type":"SearchAction","target":{"@type":"EntryPoint","urlTemplate":"https:\/\/worldsofmagic.net\/?s={search_term_string}"},"query-input":{"@type":"PropertyValueSpecification","valueRequired":true,"valueName":"search_term_string"}}],"inLanguage":"fr-FR"},{"@type":"Organization","@id":"https:\/\/worldsofmagic.net\/#organization","name":"Worlds Of Magic","alternateName":"Worlds Of Magic","url":"https:\/\/worldsofmagic.net\/","logo":{"@type":"ImageObject","inLanguage":"fr-FR","@id":"https:\/\/worldsofmagic.net\/#\/schema\/logo\/image\/","url":"https:\/\/worldsofmagic.net\/wp-content\/uploads\/2024\/07\/image.png","contentUrl":"https:\/\/worldsofmagic.net\/wp-content\/uploads\/2024\/07\/image.png","width":1072,"height":341,"caption":"Worlds Of Magic"},"image":{"@id":"https:\/\/worldsofmagic.net\/#\/schema\/logo\/image\/"}}]}},"jetpack_sharing_enabled":true,"_links":{"self":[{"href":"https:\/\/worldsofmagic.net\/fr\/wp-json\/wp\/v2\/product\/2719"}],"collection":[{"href":"https:\/\/worldsofmagic.net\/fr\/wp-json\/wp\/v2\/product"}],"about":[{"href":"https:\/\/worldsofmagic.net\/fr\/wp-json\/wp\/v2\/types\/product"}],"replies":[{"embeddable":true,"href":"https:\/\/worldsofmagic.net\/fr\/wp-json\/wp\/v2\/comments?post=2719"}],"wp:featuredmedia":[{"embeddable":true,"href":"https:\/\/worldsofmagic.net\/fr\/wp-json\/wp\/v2\/media\/2720"}],"wp:attachment":[{"href":"https:\/\/worldsofmagic.net\/fr\/wp-json\/wp\/v2\/media?parent=2719"}],"wp:term":[{"taxonomy":"product_cat","embeddable":true,"href":"https:\/\/worldsofmagic.net\/fr\/wp-json\/wp\/v2\/product_cat?post=2719"},{"taxonomy":"product_tag","embeddable":true,"href":"https:\/\/worldsofmagic.net\/fr\/wp-json\/wp\/v2\/product_tag?post=2719"}],"curies":[{"name":"wp","href":"https:\/\/api.w.org\/{rel}","templated":true}]}}