{"id":2736,"date":"2025-07-07T13:21:45","date_gmt":"2025-07-07T13:21:45","guid":{"rendered":"https:\/\/worldsofmagic.net\/?post_type=product&#038;p=2736"},"modified":"2025-07-07T13:21:46","modified_gmt":"2025-07-07T13:21:46","slug":"ravnica-remastered-draft-booster-box","status":"publish","type":"product","link":"https:\/\/worldsofmagic.net\/fr\/produit\/ravnica-remastered-draft-booster-box\/","title":{"rendered":"Coffret de boosters de draft Ravnica Remastered"},"content":{"rendered":"<div class=\"shortdesc mb-xs\">\n<ul>\n<li>DEVENEZ MEMBRE DE GUILDE AVEC CARTE \u2013 Il n&#039;y a pas d&#039;endroit comme Ravnica ; promenez-vous dans des rues famili\u00e8res avec une foule anim\u00e9e de favoris r\u00e9imprim\u00e9s du pass\u00e9 de Ravnica et des dix guildes uniques qui font fonctionner la ville<\/li>\n<li>CARTE R\u00c9TRO DANS CHAQUE PAQUET \u2013 Revivez vos souvenirs avec l&#039;inclusion d&#039;une carte r\u00e9tro sp\u00e9ciale dans chaque booster !<\/li>\n<li>RARE OU MYTHIQUE RARE DANS CHAQUE PAQUET \u2013 Chaque paquet contient au moins 1 carte de raret\u00e9 Rare ou sup\u00e9rieure et peut en contenir jusqu&#039;\u00e0 3, dont 1 possible Rare ou Mythique Rare avec un traitement Foil traditionnel brillant<\/li>\n<li>MEILLEURS BOOSTERS POUR LE DRAFTING \u2013 Les boosters de draft sont con\u00e7us pour drafter un deck et jouer entre amis\u00a0; chacun prend trois paquets et les fait circuler pour piocher des cartes. Ajoutez des terrains et vous \u00eates pr\u00eat pour des combats \u00e9piques \u00e0 deux joueurs.<\/li>\n<li>JOUEZ \u00c0 UN JEU QUI FUSIONNE L&#039;ART, LES HISTOIRES ET LA STRAT\u00c9GIE - Magic: The Gathering est un jeu de cartes \u00e0 collectionner qui allie une strat\u00e9gie approfondie \u00e0 l&#039;art et aux m\u00e9canismes qui explorent les th\u00e8mes d&#039;un monde et d&#039;une histoire particuliers - que vous souhaitiez jouer \u00e0 un jeu occasionnel avec des amis, collectionner des cartes cool ou devenir comp\u00e9titif, Magic vous accueille dans The Gathering<\/li>\n<li>CONTENU \u2013 36 boosters de draft Ravnica Remastered, avec 15 cartes MTG dans chaque pack<\/li>\n<\/ul>\n<\/div>","protected":false},"excerpt":{"rendered":"<p>DEVENEZ MEMBRE DE GUILDE AVEC CARTE \u2013 Il n&#039;y a pas d&#039;endroit comme Ravnica ; promenez-vous dans des rues famili\u00e8res avec une foule anim\u00e9e de favoris r\u00e9imprim\u00e9s du pass\u00e9 de Ravnica et des dix guildes uniques qui font fonctionner la ville CARTE R\u00c9TRO DANS CHAQUE PAQUET \u2013 Remontez le temps avec l&#039;inclusion d&#039;une carte R\u00e9tro sp\u00e9ciale [\u2026]<\/p>","protected":false},"featured_media":2737,"comment_status":"open","ping_status":"closed","template":"","meta":[],"product_cat":[27,84,21],"product_tag":[],"class_list":{"0":"post-2736","1":"product","2":"type-product","3":"status-publish","4":"has-post-thumbnail","6":"product_cat-boosterboxes","7":"product_cat-english-boosterboxes","8":"product_cat-magic-the-gathering","9":"pa_language-english","10":"pa_mtg-edition-other","12":"first","13":"instock","14":"purchasable","15":"product-type-simple"},"yoast_head":"<!-- This site is optimized with the Yoast SEO plugin v23.6 - https:\/\/yoast.com\/wordpress\/plugins\/seo\/ -->\n<title>Ravnica Remastered Draft Booster Box - Worlds Of Magic<\/title>\n<meta name=\"robots\" content=\"index, follow, max-snippet:-1, max-image-preview:large, max-video-preview:-1\" \/>\n<link rel=\"canonical\" href=\"https:\/\/worldsofmagic.net\/fr\/produit\/ravnica-remastered-draft-booster-box\/\" \/>\n<meta property=\"og:locale\" content=\"fr_FR\" \/>\n<meta property=\"og:type\" content=\"article\" \/>\n<meta property=\"og:title\" content=\"Ravnica Remastered Draft Booster Box - Worlds Of Magic\" \/>\n<meta property=\"og:description\" content=\"BECOME A CARD-CARRYING GUILD MEMBER &#8211; There\u2019s no place like Ravnica; walk through familiar streets with a bustling crowd of reprinted favorites from Ravnica\u2019s past and the ten unique guilds that keep the city running RETRO CARD IN EVERY PACK &#8211; Take a turn down memory lane with the inclusion of a special Retro card [&hellip;]\" \/>\n<meta property=\"og:url\" content=\"https:\/\/worldsofmagic.net\/fr\/produit\/ravnica-remastered-draft-booster-box\/\" \/>\n<meta property=\"og:site_name\" content=\"Worlds Of Magic\" \/>\n<meta property=\"article:modified_time\" content=\"2025-07-07T13:21:46+00:00\" \/>\n<meta property=\"og:image\" content=\"https:\/\/worldsofmagic.net\/wp-content\/uploads\/2025\/07\/Ravnica-Remastered-Draft-Booster-Box.png\" \/>\n\t<meta property=\"og:image:width\" content=\"300\" \/>\n\t<meta property=\"og:image:height\" content=\"300\" \/>\n\t<meta property=\"og:image:type\" content=\"image\/png\" \/>\n<meta name=\"twitter:card\" content=\"summary_large_image\" \/>\n<meta name=\"twitter:label1\" content=\"Dur\u00e9e de lecture estim\u00e9e\" \/>\n\t<meta name=\"twitter:data1\" content=\"2 minutes\" \/>\n<script type=\"application\/ld+json\" class=\"yoast-schema-graph\">{\"@context\":\"https:\/\/schema.org\",\"@graph\":[{\"@type\":\"WebPage\",\"@id\":\"https:\/\/worldsofmagic.net\/product\/ravnica-remastered-draft-booster-box\/\",\"url\":\"https:\/\/worldsofmagic.net\/product\/ravnica-remastered-draft-booster-box\/\",\"name\":\"Ravnica Remastered Draft Booster Box - Worlds Of Magic\",\"isPartOf\":{\"@id\":\"https:\/\/worldsofmagic.net\/#website\"},\"primaryImageOfPage\":{\"@id\":\"https:\/\/worldsofmagic.net\/product\/ravnica-remastered-draft-booster-box\/#primaryimage\"},\"image\":{\"@id\":\"https:\/\/worldsofmagic.net\/product\/ravnica-remastered-draft-booster-box\/#primaryimage\"},\"thumbnailUrl\":\"https:\/\/worldsofmagic.net\/wp-content\/uploads\/2025\/07\/Ravnica-Remastered-Draft-Booster-Box.png\",\"datePublished\":\"2025-07-07T13:21:45+00:00\",\"dateModified\":\"2025-07-07T13:21:46+00:00\",\"breadcrumb\":{\"@id\":\"https:\/\/worldsofmagic.net\/product\/ravnica-remastered-draft-booster-box\/#breadcrumb\"},\"inLanguage\":\"fr-FR\",\"potentialAction\":[{\"@type\":\"ReadAction\",\"target\":[\"https:\/\/worldsofmagic.net\/product\/ravnica-remastered-draft-booster-box\/\"]}]},{\"@type\":\"ImageObject\",\"inLanguage\":\"fr-FR\",\"@id\":\"https:\/\/worldsofmagic.net\/product\/ravnica-remastered-draft-booster-box\/#primaryimage\",\"url\":\"https:\/\/worldsofmagic.net\/wp-content\/uploads\/2025\/07\/Ravnica-Remastered-Draft-Booster-Box.png\",\"contentUrl\":\"https:\/\/worldsofmagic.net\/wp-content\/uploads\/2025\/07\/Ravnica-Remastered-Draft-Booster-Box.png\",\"width\":300,\"height\":300},{\"@type\":\"BreadcrumbList\",\"@id\":\"https:\/\/worldsofmagic.net\/product\/ravnica-remastered-draft-booster-box\/#breadcrumb\",\"itemListElement\":[{\"@type\":\"ListItem\",\"position\":1,\"name\":\"Accueil\",\"item\":\"https:\/\/worldsofmagic.net\/\"},{\"@type\":\"ListItem\",\"position\":2,\"name\":\"Shop\",\"item\":\"https:\/\/worldsofmagic.net\/shop\/\"},{\"@type\":\"ListItem\",\"position\":3,\"name\":\"Ravnica Remastered Draft Booster Box\"}]},{\"@type\":\"WebSite\",\"@id\":\"https:\/\/worldsofmagic.net\/#website\",\"url\":\"https:\/\/worldsofmagic.net\/\",\"name\":\"Worlds Of Magic\",\"description\":\"\",\"publisher\":{\"@id\":\"https:\/\/worldsofmagic.net\/#organization\"},\"potentialAction\":[{\"@type\":\"SearchAction\",\"target\":{\"@type\":\"EntryPoint\",\"urlTemplate\":\"https:\/\/worldsofmagic.net\/?s={search_term_string}\"},\"query-input\":{\"@type\":\"PropertyValueSpecification\",\"valueRequired\":true,\"valueName\":\"search_term_string\"}}],\"inLanguage\":\"fr-FR\"},{\"@type\":\"Organization\",\"@id\":\"https:\/\/worldsofmagic.net\/#organization\",\"name\":\"Worlds Of Magic\",\"alternateName\":\"Worlds Of Magic\",\"url\":\"https:\/\/worldsofmagic.net\/\",\"logo\":{\"@type\":\"ImageObject\",\"inLanguage\":\"fr-FR\",\"@id\":\"https:\/\/worldsofmagic.net\/#\/schema\/logo\/image\/\",\"url\":\"https:\/\/worldsofmagic.net\/wp-content\/uploads\/2024\/07\/image.png\",\"contentUrl\":\"https:\/\/worldsofmagic.net\/wp-content\/uploads\/2024\/07\/image.png\",\"width\":1072,\"height\":341,\"caption\":\"Worlds Of Magic\"},\"image\":{\"@id\":\"https:\/\/worldsofmagic.net\/#\/schema\/logo\/image\/\"}}]}<\/script>\n<!-- \/ Yoast SEO plugin. -->","yoast_head_json":{"title":"Ravnica Remastered Draft Booster Box - Worlds Of Magic","robots":{"index":"index","follow":"follow","max-snippet":"max-snippet:-1","max-image-preview":"max-image-preview:large","max-video-preview":"max-video-preview:-1"},"canonical":"https:\/\/worldsofmagic.net\/fr\/produit\/ravnica-remastered-draft-booster-box\/","og_locale":"fr_FR","og_type":"article","og_title":"Ravnica Remastered Draft Booster Box - Worlds Of Magic","og_description":"BECOME A CARD-CARRYING GUILD MEMBER &#8211; There\u2019s no place like Ravnica; walk through familiar streets with a bustling crowd of reprinted favorites from Ravnica\u2019s past and the ten unique guilds that keep the city running RETRO CARD IN EVERY PACK &#8211; Take a turn down memory lane with the inclusion of a special Retro card [&hellip;]","og_url":"https:\/\/worldsofmagic.net\/fr\/produit\/ravnica-remastered-draft-booster-box\/","og_site_name":"Worlds Of Magic","article_modified_time":"2025-07-07T13:21:46+00:00","og_image":[{"width":300,"height":300,"url":"https:\/\/worldsofmagic.net\/wp-content\/uploads\/2025\/07\/Ravnica-Remastered-Draft-Booster-Box.png","type":"image\/png"}],"twitter_card":"summary_large_image","twitter_misc":{"Dur\u00e9e de lecture estim\u00e9e":"2 minutes"},"schema":{"@context":"https:\/\/schema.org","@graph":[{"@type":"WebPage","@id":"https:\/\/worldsofmagic.net\/product\/ravnica-remastered-draft-booster-box\/","url":"https:\/\/worldsofmagic.net\/product\/ravnica-remastered-draft-booster-box\/","name":"Ravnica Remastered Draft Booster Box - Worlds Of Magic","isPartOf":{"@id":"https:\/\/worldsofmagic.net\/#website"},"primaryImageOfPage":{"@id":"https:\/\/worldsofmagic.net\/product\/ravnica-remastered-draft-booster-box\/#primaryimage"},"image":{"@id":"https:\/\/worldsofmagic.net\/product\/ravnica-remastered-draft-booster-box\/#primaryimage"},"thumbnailUrl":"https:\/\/worldsofmagic.net\/wp-content\/uploads\/2025\/07\/Ravnica-Remastered-Draft-Booster-Box.png","datePublished":"2025-07-07T13:21:45+00:00","dateModified":"2025-07-07T13:21:46+00:00","breadcrumb":{"@id":"https:\/\/worldsofmagic.net\/product\/ravnica-remastered-draft-booster-box\/#breadcrumb"},"inLanguage":"fr-FR","potentialAction":[{"@type":"ReadAction","target":["https:\/\/worldsofmagic.net\/product\/ravnica-remastered-draft-booster-box\/"]}]},{"@type":"ImageObject","inLanguage":"fr-FR","@id":"https:\/\/worldsofmagic.net\/product\/ravnica-remastered-draft-booster-box\/#primaryimage","url":"https:\/\/worldsofmagic.net\/wp-content\/uploads\/2025\/07\/Ravnica-Remastered-Draft-Booster-Box.png","contentUrl":"https:\/\/worldsofmagic.net\/wp-content\/uploads\/2025\/07\/Ravnica-Remastered-Draft-Booster-Box.png","width":300,"height":300},{"@type":"BreadcrumbList","@id":"https:\/\/worldsofmagic.net\/product\/ravnica-remastered-draft-booster-box\/#breadcrumb","itemListElement":[{"@type":"ListItem","position":1,"name":"Accueil","item":"https:\/\/worldsofmagic.net\/"},{"@type":"ListItem","position":2,"name":"Shop","item":"https:\/\/worldsofmagic.net\/shop\/"},{"@type":"ListItem","position":3,"name":"Ravnica Remastered Draft Booster Box"}]},{"@type":"WebSite","@id":"https:\/\/worldsofmagic.net\/#website","url":"https:\/\/worldsofmagic.net\/","name":"Worlds Of Magic","description":"","publisher":{"@id":"https:\/\/worldsofmagic.net\/#organization"},"potentialAction":[{"@type":"SearchAction","target":{"@type":"EntryPoint","urlTemplate":"https:\/\/worldsofmagic.net\/?s={search_term_string}"},"query-input":{"@type":"PropertyValueSpecification","valueRequired":true,"valueName":"search_term_string"}}],"inLanguage":"fr-FR"},{"@type":"Organization","@id":"https:\/\/worldsofmagic.net\/#organization","name":"Worlds Of Magic","alternateName":"Worlds Of Magic","url":"https:\/\/worldsofmagic.net\/","logo":{"@type":"ImageObject","inLanguage":"fr-FR","@id":"https:\/\/worldsofmagic.net\/#\/schema\/logo\/image\/","url":"https:\/\/worldsofmagic.net\/wp-content\/uploads\/2024\/07\/image.png","contentUrl":"https:\/\/worldsofmagic.net\/wp-content\/uploads\/2024\/07\/image.png","width":1072,"height":341,"caption":"Worlds Of Magic"},"image":{"@id":"https:\/\/worldsofmagic.net\/#\/schema\/logo\/image\/"}}]}},"jetpack_sharing_enabled":true,"_links":{"self":[{"href":"https:\/\/worldsofmagic.net\/fr\/wp-json\/wp\/v2\/product\/2736"}],"collection":[{"href":"https:\/\/worldsofmagic.net\/fr\/wp-json\/wp\/v2\/product"}],"about":[{"href":"https:\/\/worldsofmagic.net\/fr\/wp-json\/wp\/v2\/types\/product"}],"replies":[{"embeddable":true,"href":"https:\/\/worldsofmagic.net\/fr\/wp-json\/wp\/v2\/comments?post=2736"}],"wp:featuredmedia":[{"embeddable":true,"href":"https:\/\/worldsofmagic.net\/fr\/wp-json\/wp\/v2\/media\/2737"}],"wp:attachment":[{"href":"https:\/\/worldsofmagic.net\/fr\/wp-json\/wp\/v2\/media?parent=2736"}],"wp:term":[{"taxonomy":"product_cat","embeddable":true,"href":"https:\/\/worldsofmagic.net\/fr\/wp-json\/wp\/v2\/product_cat?post=2736"},{"taxonomy":"product_tag","embeddable":true,"href":"https:\/\/worldsofmagic.net\/fr\/wp-json\/wp\/v2\/product_tag?post=2736"}],"curies":[{"name":"wp","href":"https:\/\/api.w.org\/{rel}","templated":true}]}}