{"id":2741,"date":"2025-07-07T13:47:10","date_gmt":"2025-07-07T13:47:10","guid":{"rendered":"https:\/\/worldsofmagic.net\/?post_type=product&#038;p=2741"},"modified":"2025-07-09T13:50:27","modified_gmt":"2025-07-09T13:50:27","slug":"streets-of-new-capenna-collector-booster-box","status":"publish","type":"product","link":"https:\/\/worldsofmagic.net\/fr\/produit\/streets-of-new-capenna-collector-booster-box\/","title":{"rendered":"Coffret de boosters collector Streets of New Capenna"},"content":{"rendered":"<p>Les rues de Nouvelle-Capenna sont le th\u00e9\u00e2tre d&#039;une lutte de pouvoir acharn\u00e9e entre les cinq familles de d\u00e9mons tricolores qui r\u00e8gnent sur la ville. Brokers, Obscura, Maestros, Riveteers ou Cabaretti, vous devrez rejoindre l&#039;une d&#039;elles pour esp\u00e9rer survivre et peut-\u00eatre prosp\u00e9rer. Mais attention\u00a0: aussi brillantes soient-elles, les lumi\u00e8res de la ville ne peuvent \u00e9clairer ses recoins les plus sombres. Ici, chaque nouvelle alliance peut se retourner contre vous.<\/p>\n<p>Les boosters collector sont le produit parfait pour les collectionneurs \u00e0 la recherche de cartes rares et de versions alternatives \u00e9tonnantes, dont certaines n&#039;apparaissent dans aucun autre produit de l&#039;ensemble !<\/p>\n<h3>\u00a0contient:<\/h3>\n<ul>\n<li>1 Foil Rare ou Mythic Rare (Gilded Foil, Foil-Etched ou Traditional Foil) dans une version alternative<\/li>\n<li>1 Rare ou Mythique Rare dans une version alternative<\/li>\n<li>1 rare ou rare mythique \u00e0 illustration \u00e9tendue de l&#039;ensemble principal<\/li>\n<li>1 rare ou rare mythique \u00e0 art \u00e9tendu du commandant Streets of New Capenna<\/li>\n<li>1 carte rare traditionnelle ou carte rare mythique<\/li>\n<li>1 feuille traditionnelle ou feuille dor\u00e9e commune ou peu commune dans une version alternative<\/li>\n<li>2 cartes traditionnelles Foil Uncommons dans une version alternative<\/li>\n<li>4 Communes traditionnelles en aluminium<\/li>\n<li>1 terrain de base traditionnel en aluminium dans une version alternative<\/li>\n<li>1 jeton traditionnel double face en feuille<\/li>\n<\/ul>","protected":false},"excerpt":{"rendered":"<p>Les rues de Nouvelle-Capenna sont le th\u00e9\u00e2tre d&#039;une lutte de pouvoir acharn\u00e9e entre les cinq familles de d\u00e9mons tricolores qui r\u00e8gnent sur la ville. Brokers, Obscura, Maestros, Riveteers ou Cabaretti, vous devrez rejoindre l&#039;une d&#039;elles pour esp\u00e9rer survivre et peut-\u00eatre prosp\u00e9rer. Mais attention, m\u00eame ainsi\u00a0: aussi brillants soient-ils, [\u2026]<\/p>","protected":false},"featured_media":2742,"comment_status":"open","ping_status":"closed","template":"","meta":[],"product_cat":[27,84,21],"product_tag":[],"class_list":{"0":"post-2741","1":"product","2":"type-product","3":"status-publish","4":"has-post-thumbnail","6":"product_cat-boosterboxes","7":"product_cat-english-boosterboxes","8":"product_cat-magic-the-gathering","9":"pa_language-english","10":"pa_mtg-edition-other","12":"first","13":"instock","14":"purchasable","15":"product-type-simple"},"yoast_head":"<!-- This site is optimized with the Yoast SEO plugin v23.6 - https:\/\/yoast.com\/wordpress\/plugins\/seo\/ -->\n<title>Streets of New Capenna Collector Booster Box - Worlds Of Magic<\/title>\n<meta name=\"robots\" content=\"index, follow, max-snippet:-1, max-image-preview:large, max-video-preview:-1\" \/>\n<link rel=\"canonical\" href=\"https:\/\/worldsofmagic.net\/fr\/produit\/streets-of-new-capenna-collector-booster-box\/\" \/>\n<meta property=\"og:locale\" content=\"fr_FR\" \/>\n<meta property=\"og:type\" content=\"article\" \/>\n<meta property=\"og:title\" content=\"Streets of New Capenna Collector Booster Box - Worlds Of Magic\" \/>\n<meta property=\"og:description\" content=\"The Streets of New-Capenna are the theater of a relentless power struggle between the 5 families of tricolor demons that rule the city. Brokers, Obscura, Maestros, Riveteers or Cabaretti, you will have to join one of the families to hope to survive and possibly thrive. But even so, be careful: as bright as they are, [&hellip;]\" \/>\n<meta property=\"og:url\" content=\"https:\/\/worldsofmagic.net\/fr\/produit\/streets-of-new-capenna-collector-booster-box\/\" \/>\n<meta property=\"og:site_name\" content=\"Worlds Of Magic\" \/>\n<meta property=\"article:modified_time\" content=\"2025-07-09T13:50:27+00:00\" \/>\n<meta property=\"og:image\" content=\"https:\/\/worldsofmagic.net\/wp-content\/uploads\/2025\/07\/Streets-of-New-Capenna-Collector-Booster-Box.png\" \/>\n\t<meta property=\"og:image:width\" content=\"300\" \/>\n\t<meta property=\"og:image:height\" content=\"300\" \/>\n\t<meta property=\"og:image:type\" content=\"image\/png\" \/>\n<meta name=\"twitter:card\" content=\"summary_large_image\" \/>\n<meta name=\"twitter:label1\" content=\"Dur\u00e9e de lecture estim\u00e9e\" \/>\n\t<meta name=\"twitter:data1\" content=\"2 minutes\" \/>\n<script type=\"application\/ld+json\" class=\"yoast-schema-graph\">{\"@context\":\"https:\/\/schema.org\",\"@graph\":[{\"@type\":\"WebPage\",\"@id\":\"https:\/\/worldsofmagic.net\/product\/streets-of-new-capenna-collector-booster-box\/\",\"url\":\"https:\/\/worldsofmagic.net\/product\/streets-of-new-capenna-collector-booster-box\/\",\"name\":\"Streets of New Capenna Collector Booster Box - Worlds Of Magic\",\"isPartOf\":{\"@id\":\"https:\/\/worldsofmagic.net\/#website\"},\"primaryImageOfPage\":{\"@id\":\"https:\/\/worldsofmagic.net\/product\/streets-of-new-capenna-collector-booster-box\/#primaryimage\"},\"image\":{\"@id\":\"https:\/\/worldsofmagic.net\/product\/streets-of-new-capenna-collector-booster-box\/#primaryimage\"},\"thumbnailUrl\":\"https:\/\/worldsofmagic.net\/wp-content\/uploads\/2025\/07\/Streets-of-New-Capenna-Collector-Booster-Box.png\",\"datePublished\":\"2025-07-07T13:47:10+00:00\",\"dateModified\":\"2025-07-09T13:50:27+00:00\",\"breadcrumb\":{\"@id\":\"https:\/\/worldsofmagic.net\/product\/streets-of-new-capenna-collector-booster-box\/#breadcrumb\"},\"inLanguage\":\"fr-FR\",\"potentialAction\":[{\"@type\":\"ReadAction\",\"target\":[\"https:\/\/worldsofmagic.net\/product\/streets-of-new-capenna-collector-booster-box\/\"]}]},{\"@type\":\"ImageObject\",\"inLanguage\":\"fr-FR\",\"@id\":\"https:\/\/worldsofmagic.net\/product\/streets-of-new-capenna-collector-booster-box\/#primaryimage\",\"url\":\"https:\/\/worldsofmagic.net\/wp-content\/uploads\/2025\/07\/Streets-of-New-Capenna-Collector-Booster-Box.png\",\"contentUrl\":\"https:\/\/worldsofmagic.net\/wp-content\/uploads\/2025\/07\/Streets-of-New-Capenna-Collector-Booster-Box.png\",\"width\":300,\"height\":300},{\"@type\":\"BreadcrumbList\",\"@id\":\"https:\/\/worldsofmagic.net\/product\/streets-of-new-capenna-collector-booster-box\/#breadcrumb\",\"itemListElement\":[{\"@type\":\"ListItem\",\"position\":1,\"name\":\"Accueil\",\"item\":\"https:\/\/worldsofmagic.net\/\"},{\"@type\":\"ListItem\",\"position\":2,\"name\":\"Shop\",\"item\":\"https:\/\/worldsofmagic.net\/shop\/\"},{\"@type\":\"ListItem\",\"position\":3,\"name\":\"Streets of New Capenna Collector Booster Box\"}]},{\"@type\":\"WebSite\",\"@id\":\"https:\/\/worldsofmagic.net\/#website\",\"url\":\"https:\/\/worldsofmagic.net\/\",\"name\":\"Worlds Of Magic\",\"description\":\"\",\"publisher\":{\"@id\":\"https:\/\/worldsofmagic.net\/#organization\"},\"potentialAction\":[{\"@type\":\"SearchAction\",\"target\":{\"@type\":\"EntryPoint\",\"urlTemplate\":\"https:\/\/worldsofmagic.net\/?s={search_term_string}\"},\"query-input\":{\"@type\":\"PropertyValueSpecification\",\"valueRequired\":true,\"valueName\":\"search_term_string\"}}],\"inLanguage\":\"fr-FR\"},{\"@type\":\"Organization\",\"@id\":\"https:\/\/worldsofmagic.net\/#organization\",\"name\":\"Worlds Of Magic\",\"alternateName\":\"Worlds Of Magic\",\"url\":\"https:\/\/worldsofmagic.net\/\",\"logo\":{\"@type\":\"ImageObject\",\"inLanguage\":\"fr-FR\",\"@id\":\"https:\/\/worldsofmagic.net\/#\/schema\/logo\/image\/\",\"url\":\"https:\/\/worldsofmagic.net\/wp-content\/uploads\/2024\/07\/image.png\",\"contentUrl\":\"https:\/\/worldsofmagic.net\/wp-content\/uploads\/2024\/07\/image.png\",\"width\":1072,\"height\":341,\"caption\":\"Worlds Of Magic\"},\"image\":{\"@id\":\"https:\/\/worldsofmagic.net\/#\/schema\/logo\/image\/\"}}]}<\/script>\n<!-- \/ Yoast SEO plugin. -->","yoast_head_json":{"title":"Streets of New Capenna Collector Booster Box - Worlds Of Magic","robots":{"index":"index","follow":"follow","max-snippet":"max-snippet:-1","max-image-preview":"max-image-preview:large","max-video-preview":"max-video-preview:-1"},"canonical":"https:\/\/worldsofmagic.net\/fr\/produit\/streets-of-new-capenna-collector-booster-box\/","og_locale":"fr_FR","og_type":"article","og_title":"Streets of New Capenna Collector Booster Box - Worlds Of Magic","og_description":"The Streets of New-Capenna are the theater of a relentless power struggle between the 5 families of tricolor demons that rule the city. Brokers, Obscura, Maestros, Riveteers or Cabaretti, you will have to join one of the families to hope to survive and possibly thrive. But even so, be careful: as bright as they are, [&hellip;]","og_url":"https:\/\/worldsofmagic.net\/fr\/produit\/streets-of-new-capenna-collector-booster-box\/","og_site_name":"Worlds Of Magic","article_modified_time":"2025-07-09T13:50:27+00:00","og_image":[{"width":300,"height":300,"url":"https:\/\/worldsofmagic.net\/wp-content\/uploads\/2025\/07\/Streets-of-New-Capenna-Collector-Booster-Box.png","type":"image\/png"}],"twitter_card":"summary_large_image","twitter_misc":{"Dur\u00e9e de lecture estim\u00e9e":"2 minutes"},"schema":{"@context":"https:\/\/schema.org","@graph":[{"@type":"WebPage","@id":"https:\/\/worldsofmagic.net\/product\/streets-of-new-capenna-collector-booster-box\/","url":"https:\/\/worldsofmagic.net\/product\/streets-of-new-capenna-collector-booster-box\/","name":"Streets of New Capenna Collector Booster Box - Worlds Of Magic","isPartOf":{"@id":"https:\/\/worldsofmagic.net\/#website"},"primaryImageOfPage":{"@id":"https:\/\/worldsofmagic.net\/product\/streets-of-new-capenna-collector-booster-box\/#primaryimage"},"image":{"@id":"https:\/\/worldsofmagic.net\/product\/streets-of-new-capenna-collector-booster-box\/#primaryimage"},"thumbnailUrl":"https:\/\/worldsofmagic.net\/wp-content\/uploads\/2025\/07\/Streets-of-New-Capenna-Collector-Booster-Box.png","datePublished":"2025-07-07T13:47:10+00:00","dateModified":"2025-07-09T13:50:27+00:00","breadcrumb":{"@id":"https:\/\/worldsofmagic.net\/product\/streets-of-new-capenna-collector-booster-box\/#breadcrumb"},"inLanguage":"fr-FR","potentialAction":[{"@type":"ReadAction","target":["https:\/\/worldsofmagic.net\/product\/streets-of-new-capenna-collector-booster-box\/"]}]},{"@type":"ImageObject","inLanguage":"fr-FR","@id":"https:\/\/worldsofmagic.net\/product\/streets-of-new-capenna-collector-booster-box\/#primaryimage","url":"https:\/\/worldsofmagic.net\/wp-content\/uploads\/2025\/07\/Streets-of-New-Capenna-Collector-Booster-Box.png","contentUrl":"https:\/\/worldsofmagic.net\/wp-content\/uploads\/2025\/07\/Streets-of-New-Capenna-Collector-Booster-Box.png","width":300,"height":300},{"@type":"BreadcrumbList","@id":"https:\/\/worldsofmagic.net\/product\/streets-of-new-capenna-collector-booster-box\/#breadcrumb","itemListElement":[{"@type":"ListItem","position":1,"name":"Accueil","item":"https:\/\/worldsofmagic.net\/"},{"@type":"ListItem","position":2,"name":"Shop","item":"https:\/\/worldsofmagic.net\/shop\/"},{"@type":"ListItem","position":3,"name":"Streets of New Capenna Collector Booster Box"}]},{"@type":"WebSite","@id":"https:\/\/worldsofmagic.net\/#website","url":"https:\/\/worldsofmagic.net\/","name":"Worlds Of Magic","description":"","publisher":{"@id":"https:\/\/worldsofmagic.net\/#organization"},"potentialAction":[{"@type":"SearchAction","target":{"@type":"EntryPoint","urlTemplate":"https:\/\/worldsofmagic.net\/?s={search_term_string}"},"query-input":{"@type":"PropertyValueSpecification","valueRequired":true,"valueName":"search_term_string"}}],"inLanguage":"fr-FR"},{"@type":"Organization","@id":"https:\/\/worldsofmagic.net\/#organization","name":"Worlds Of Magic","alternateName":"Worlds Of Magic","url":"https:\/\/worldsofmagic.net\/","logo":{"@type":"ImageObject","inLanguage":"fr-FR","@id":"https:\/\/worldsofmagic.net\/#\/schema\/logo\/image\/","url":"https:\/\/worldsofmagic.net\/wp-content\/uploads\/2024\/07\/image.png","contentUrl":"https:\/\/worldsofmagic.net\/wp-content\/uploads\/2024\/07\/image.png","width":1072,"height":341,"caption":"Worlds Of Magic"},"image":{"@id":"https:\/\/worldsofmagic.net\/#\/schema\/logo\/image\/"}}]}},"jetpack_sharing_enabled":true,"_links":{"self":[{"href":"https:\/\/worldsofmagic.net\/fr\/wp-json\/wp\/v2\/product\/2741"}],"collection":[{"href":"https:\/\/worldsofmagic.net\/fr\/wp-json\/wp\/v2\/product"}],"about":[{"href":"https:\/\/worldsofmagic.net\/fr\/wp-json\/wp\/v2\/types\/product"}],"replies":[{"embeddable":true,"href":"https:\/\/worldsofmagic.net\/fr\/wp-json\/wp\/v2\/comments?post=2741"}],"wp:featuredmedia":[{"embeddable":true,"href":"https:\/\/worldsofmagic.net\/fr\/wp-json\/wp\/v2\/media\/2742"}],"wp:attachment":[{"href":"https:\/\/worldsofmagic.net\/fr\/wp-json\/wp\/v2\/media?parent=2741"}],"wp:term":[{"taxonomy":"product_cat","embeddable":true,"href":"https:\/\/worldsofmagic.net\/fr\/wp-json\/wp\/v2\/product_cat?post=2741"},{"taxonomy":"product_tag","embeddable":true,"href":"https:\/\/worldsofmagic.net\/fr\/wp-json\/wp\/v2\/product_tag?post=2741"}],"curies":[{"name":"wp","href":"https:\/\/api.w.org\/{rel}","templated":true}]}}