{"id":387,"date":"2024-07-25T09:19:57","date_gmt":"2024-07-25T09:19:57","guid":{"rendered":"https:\/\/worldsofmagic.net\/?post_type=product&#038;p=387"},"modified":"2025-10-04T09:39:03","modified_gmt":"2025-10-04T09:39:03","slug":"duskmourn-house-of-horror-fat-pack-bundle","status":"publish","type":"product","link":"https:\/\/worldsofmagic.net\/fr\/produit\/duskmourn-house-of-horror-fat-pack-bundle\/","title":{"rendered":"Mornebrune : la Maison de l'horreur Fat Pack Bundle\ud83c\uddec\ud83c\udde7"},"content":{"rendered":"<ul>\n<li style=\"list-style-type: none;\">\n<ul>\n<li>CARTES \u00c9PATANTES ET ACCESSOIRES OBS\u00c9DANTS \u2013 Explorez l&#039;ensemble et construisez des decks remplis de frissons et de sensations fortes avec un pack rempli de cartes et d&#039;accessoires de jeu exclusifs<\/li>\n<li>COMBATTEZ POUR SURVIVRE DANS UNE MAISON DE CAUCHEMARS \u2013 Osez entrer dans Duskmourn, une maison enveloppant le plan qui pr\u00e9pare le terrain pour que les plus grandes peurs de votre adversaire prennent vie<\/li>\n<li>CONSTRUISEZ UN DECK QUI EFFRAYE VOS AMIS \u2013 Id\u00e9al pour le jeu limit\u00e9 et amusant \u00e0 ouvrir, chaque pack contient 9 boosters de jeu, avec une possibilit\u00e9 de plusieurs cartes rares et au moins 1 carte brillante dans chaque pack<\/li>\n<li>TERRAINS EN PLEINE ILLUSTRATION ET CARTE ALTERNATIVE SP\u00c9CIALE \u2013 Chaque pack comprend \u00e9galement 1 carte promotionnelle Foil traditionnelle comportant une illustration alternative exclusive au pack, et 10 des 30 cartes Terrain incluses comportent une illustration compl\u00e8te \u00e0 couper le souffle<\/li>\n<li>ACCESSOIRES EXCLUSIFS AU PACK \u2013 Chaque pack est livr\u00e9 avec des accessoires exclusifs, notamment un d\u00e9 sp\u00e9cial pour suivre votre total de points de vie et une bo\u00eete robuste Duskmourn : House of Horror pour tout ranger<\/li>\n<li>CONTENU DU LOT \u2013 9 boosters de jeu MTG Duskmourn: House of Horror, 1 carte alternative Foil traditionnelle, 30 cartes Terrain (15 Foil, 15 non Foil), 1 compteur de vie Spindown, 1 bo\u00eete de rangement de cartes et 2 cartes de r\u00e9f\u00e9rence<\/li>\n<\/ul>\n<\/li>\n<\/ul>","protected":false},"excerpt":{"rendered":"<ul>\n<li>CARTES \u00c9PATANTES ET ACCESSOIRES OBS\u00c9DANTS \u2013 Explorez l&#039;ensemble et construisez des decks remplis de frissons et de sensations fortes avec un pack rempli de cartes et d&#039;accessoires de jeu exclusifs<\/li>\n<li>COMBATTEZ POUR SURVIVRE DANS UNE MAISON DE CAUCHEMARS \u2013 Osez entrer dans Duskmourn, une maison enveloppant le plan qui pr\u00e9pare le terrain pour que les plus grandes peurs de votre adversaire prennent vie<\/li>\n<li>CONSTRUISEZ UN DECK QUI EFFRAYE VOS AMIS \u2013 Id\u00e9al pour le jeu limit\u00e9 et amusant \u00e0 ouvrir, chaque pack contient 9 boosters de jeu, avec une possibilit\u00e9 de plusieurs cartes rares et au moins 1 carte brillante dans chaque pack<\/li>\n<li>TERRAINS EN PLEINE ILLUSTRATION ET CARTE ALTERNATIVE SP\u00c9CIALE \u2013 Chaque pack comprend \u00e9galement 1 carte promotionnelle Foil traditionnelle comportant une illustration alternative exclusive au pack, et 10 des 30 cartes Terrain incluses comportent une illustration compl\u00e8te \u00e0 couper le souffle<\/li>\n<li>ACCESSOIRES EXCLUSIFS AU PACK \u2013 Chaque pack est livr\u00e9 avec des accessoires exclusifs, notamment un d\u00e9 sp\u00e9cial pour suivre votre total de points de vie et une bo\u00eete robuste Duskmourn : House of Horror pour tout ranger<\/li>\n<li>CONTENU DU LOT \u2013 9 boosters de jeu MTG Duskmourn: House of Horror, 1 carte alternative Foil traditionnelle, 30 cartes Terrain (15 Foil, 15 non Foil), 1 compteur de vie Spindown, 1 bo\u00eete de rangement de cartes et 2 cartes de r\u00e9f\u00e9rence<\/li>\n<\/ul>","protected":false},"featured_media":388,"comment_status":"open","ping_status":"closed","template":"","meta":[],"product_cat":[29,91],"product_tag":[32],"class_list":{"0":"post-387","1":"product","2":"type-product","3":"status-publish","4":"has-post-thumbnail","6":"product_cat-bundles","7":"product_cat-english-bundles","8":"product_tag-english","10":"first","11":"outofstock","12":"taxable","13":"shipping-taxable","14":"purchasable","15":"product-type-simple"},"yoast_head":"<!-- This site is optimized with the Yoast SEO plugin v23.6 - https:\/\/yoast.com\/wordpress\/plugins\/seo\/ -->\n<title>\ud83c\uddec\ud83c\udde7Duskmourn: House of Horror Fat Pack Bundle - Worlds Of Magic<\/title>\n<meta name=\"robots\" content=\"index, follow, max-snippet:-1, max-image-preview:large, max-video-preview:-1\" \/>\n<link rel=\"canonical\" href=\"https:\/\/worldsofmagic.net\/fr\/produit\/duskmourn-house-of-horror-fat-pack-bundle\/\" \/>\n<meta property=\"og:locale\" content=\"fr_FR\" \/>\n<meta property=\"og:type\" content=\"article\" \/>\n<meta property=\"og:title\" content=\"\ud83c\uddec\ud83c\udde7Duskmourn: House of Horror Fat Pack Bundle - Worlds Of Magic\" \/>\n<meta property=\"og:description\" content=\"HARROWING CARDS AND HAUNTING ACCESSORIES - Explore the set and build decks packed with chills and thrills with a Bundle full of cards and exclusive play accessories  FIGHT TO SURVIVE IN A HOUSE OF NIGHTMARES - Dare to enter Duskmourn, a plane-enveloping House that sets the scene for your opponent\u2019s greatest fears to come to life  BUILD A DECK THAT FRIGHTENS YOUR FRIENDS - Great for Limited play and fun to open, each Bundle contains 9 Play Boosters, with a possibility of multiple Rares and at least 1 shining foil card in every pack  FULL-ART LANDS &amp; SPECIAL ALTERNATE-ART CARD - Every Bundle also comes with 1 Traditional Foil promo card featuring Bundle-exclusive alternate art, and 10 of the 30 included Land cards feature spine-tingling Full Art  BUNDLE-EXCLUSIVE ACCESSORIES - Each Bundle comes with exclusive accessories, including a special die to track your life total and a sturdy Duskmourn: House of Horror box to store everything in  BUNDLE CONTENTS - 9 Duskmourn: House of Horror MTG Play Boosters, 1 Traditional Foil alt-art card, 30 Land cards (15 foil, 15 nonfoil), 1 Spindown life counter, 1 card storage box, and 2 reference cards\" \/>\n<meta property=\"og:url\" content=\"https:\/\/worldsofmagic.net\/fr\/produit\/duskmourn-house-of-horror-fat-pack-bundle\/\" \/>\n<meta property=\"og:site_name\" content=\"Worlds Of Magic\" \/>\n<meta property=\"article:modified_time\" content=\"2025-10-04T09:39:03+00:00\" \/>\n<meta property=\"og:image\" content=\"https:\/\/worldsofmagic.net\/wp-content\/uploads\/2024\/07\/776445.png\" \/>\n\t<meta property=\"og:image:width\" content=\"300\" \/>\n\t<meta property=\"og:image:height\" content=\"300\" \/>\n\t<meta property=\"og:image:type\" content=\"image\/png\" \/>\n<meta name=\"twitter:card\" content=\"summary_large_image\" \/>\n<meta name=\"twitter:label1\" content=\"Dur\u00e9e de lecture estim\u00e9e\" \/>\n\t<meta name=\"twitter:data1\" content=\"2 minutes\" \/>\n<script type=\"application\/ld+json\" class=\"yoast-schema-graph\">{\"@context\":\"https:\/\/schema.org\",\"@graph\":[{\"@type\":\"WebPage\",\"@id\":\"https:\/\/worldsofmagic.net\/product\/duskmourn-house-of-horror-fat-pack-bundle\/\",\"url\":\"https:\/\/worldsofmagic.net\/product\/duskmourn-house-of-horror-fat-pack-bundle\/\",\"name\":\"\ud83c\uddec\ud83c\udde7Duskmourn: House of Horror Fat Pack Bundle - Worlds Of Magic\",\"isPartOf\":{\"@id\":\"https:\/\/worldsofmagic.net\/#website\"},\"primaryImageOfPage\":{\"@id\":\"https:\/\/worldsofmagic.net\/product\/duskmourn-house-of-horror-fat-pack-bundle\/#primaryimage\"},\"image\":{\"@id\":\"https:\/\/worldsofmagic.net\/product\/duskmourn-house-of-horror-fat-pack-bundle\/#primaryimage\"},\"thumbnailUrl\":\"https:\/\/worldsofmagic.net\/wp-content\/uploads\/2024\/07\/776445.png\",\"datePublished\":\"2024-07-25T09:19:57+00:00\",\"dateModified\":\"2025-10-04T09:39:03+00:00\",\"breadcrumb\":{\"@id\":\"https:\/\/worldsofmagic.net\/product\/duskmourn-house-of-horror-fat-pack-bundle\/#breadcrumb\"},\"inLanguage\":\"fr-FR\",\"potentialAction\":[{\"@type\":\"ReadAction\",\"target\":[\"https:\/\/worldsofmagic.net\/product\/duskmourn-house-of-horror-fat-pack-bundle\/\"]}]},{\"@type\":\"ImageObject\",\"inLanguage\":\"fr-FR\",\"@id\":\"https:\/\/worldsofmagic.net\/product\/duskmourn-house-of-horror-fat-pack-bundle\/#primaryimage\",\"url\":\"https:\/\/worldsofmagic.net\/wp-content\/uploads\/2024\/07\/776445.png\",\"contentUrl\":\"https:\/\/worldsofmagic.net\/wp-content\/uploads\/2024\/07\/776445.png\",\"width\":300,\"height\":300},{\"@type\":\"BreadcrumbList\",\"@id\":\"https:\/\/worldsofmagic.net\/product\/duskmourn-house-of-horror-fat-pack-bundle\/#breadcrumb\",\"itemListElement\":[{\"@type\":\"ListItem\",\"position\":1,\"name\":\"Accueil\",\"item\":\"https:\/\/worldsofmagic.net\/\"},{\"@type\":\"ListItem\",\"position\":2,\"name\":\"Shop\",\"item\":\"https:\/\/worldsofmagic.net\/shop\/\"},{\"@type\":\"ListItem\",\"position\":3,\"name\":\"\ud83c\uddec\ud83c\udde7Duskmourn: House of Horror Fat Pack Bundle\"}]},{\"@type\":\"WebSite\",\"@id\":\"https:\/\/worldsofmagic.net\/#website\",\"url\":\"https:\/\/worldsofmagic.net\/\",\"name\":\"Worlds Of Magic\",\"description\":\"\",\"publisher\":{\"@id\":\"https:\/\/worldsofmagic.net\/#organization\"},\"potentialAction\":[{\"@type\":\"SearchAction\",\"target\":{\"@type\":\"EntryPoint\",\"urlTemplate\":\"https:\/\/worldsofmagic.net\/?s={search_term_string}\"},\"query-input\":{\"@type\":\"PropertyValueSpecification\",\"valueRequired\":true,\"valueName\":\"search_term_string\"}}],\"inLanguage\":\"fr-FR\"},{\"@type\":\"Organization\",\"@id\":\"https:\/\/worldsofmagic.net\/#organization\",\"name\":\"Worlds Of Magic\",\"alternateName\":\"Worlds Of Magic\",\"url\":\"https:\/\/worldsofmagic.net\/\",\"logo\":{\"@type\":\"ImageObject\",\"inLanguage\":\"fr-FR\",\"@id\":\"https:\/\/worldsofmagic.net\/#\/schema\/logo\/image\/\",\"url\":\"https:\/\/worldsofmagic.net\/wp-content\/uploads\/2024\/07\/image.png\",\"contentUrl\":\"https:\/\/worldsofmagic.net\/wp-content\/uploads\/2024\/07\/image.png\",\"width\":1072,\"height\":341,\"caption\":\"Worlds Of Magic\"},\"image\":{\"@id\":\"https:\/\/worldsofmagic.net\/#\/schema\/logo\/image\/\"}}]}<\/script>\n<!-- \/ Yoast SEO plugin. -->","yoast_head_json":{"title":"\ud83c\uddec\ud83c\udde7Duskmourn: House of Horror Fat Pack Bundle - Worlds Of Magic","robots":{"index":"index","follow":"follow","max-snippet":"max-snippet:-1","max-image-preview":"max-image-preview:large","max-video-preview":"max-video-preview:-1"},"canonical":"https:\/\/worldsofmagic.net\/fr\/produit\/duskmourn-house-of-horror-fat-pack-bundle\/","og_locale":"fr_FR","og_type":"article","og_title":"\ud83c\uddec\ud83c\udde7Duskmourn: House of Horror Fat Pack Bundle - Worlds Of Magic","og_description":"HARROWING CARDS AND HAUNTING ACCESSORIES - Explore the set and build decks packed with chills and thrills with a Bundle full of cards and exclusive play accessories  FIGHT TO SURVIVE IN A HOUSE OF NIGHTMARES - Dare to enter Duskmourn, a plane-enveloping House that sets the scene for your opponent\u2019s greatest fears to come to life  BUILD A DECK THAT FRIGHTENS YOUR FRIENDS - Great for Limited play and fun to open, each Bundle contains 9 Play Boosters, with a possibility of multiple Rares and at least 1 shining foil card in every pack  FULL-ART LANDS &amp; SPECIAL ALTERNATE-ART CARD - Every Bundle also comes with 1 Traditional Foil promo card featuring Bundle-exclusive alternate art, and 10 of the 30 included Land cards feature spine-tingling Full Art  BUNDLE-EXCLUSIVE ACCESSORIES - Each Bundle comes with exclusive accessories, including a special die to track your life total and a sturdy Duskmourn: House of Horror box to store everything in  BUNDLE CONTENTS - 9 Duskmourn: House of Horror MTG Play Boosters, 1 Traditional Foil alt-art card, 30 Land cards (15 foil, 15 nonfoil), 1 Spindown life counter, 1 card storage box, and 2 reference cards","og_url":"https:\/\/worldsofmagic.net\/fr\/produit\/duskmourn-house-of-horror-fat-pack-bundle\/","og_site_name":"Worlds Of Magic","article_modified_time":"2025-10-04T09:39:03+00:00","og_image":[{"width":300,"height":300,"url":"https:\/\/worldsofmagic.net\/wp-content\/uploads\/2024\/07\/776445.png","type":"image\/png"}],"twitter_card":"summary_large_image","twitter_misc":{"Dur\u00e9e de lecture estim\u00e9e":"2 minutes"},"schema":{"@context":"https:\/\/schema.org","@graph":[{"@type":"WebPage","@id":"https:\/\/worldsofmagic.net\/product\/duskmourn-house-of-horror-fat-pack-bundle\/","url":"https:\/\/worldsofmagic.net\/product\/duskmourn-house-of-horror-fat-pack-bundle\/","name":"\ud83c\uddec\ud83c\udde7Duskmourn: House of Horror Fat Pack Bundle - Worlds Of Magic","isPartOf":{"@id":"https:\/\/worldsofmagic.net\/#website"},"primaryImageOfPage":{"@id":"https:\/\/worldsofmagic.net\/product\/duskmourn-house-of-horror-fat-pack-bundle\/#primaryimage"},"image":{"@id":"https:\/\/worldsofmagic.net\/product\/duskmourn-house-of-horror-fat-pack-bundle\/#primaryimage"},"thumbnailUrl":"https:\/\/worldsofmagic.net\/wp-content\/uploads\/2024\/07\/776445.png","datePublished":"2024-07-25T09:19:57+00:00","dateModified":"2025-10-04T09:39:03+00:00","breadcrumb":{"@id":"https:\/\/worldsofmagic.net\/product\/duskmourn-house-of-horror-fat-pack-bundle\/#breadcrumb"},"inLanguage":"fr-FR","potentialAction":[{"@type":"ReadAction","target":["https:\/\/worldsofmagic.net\/product\/duskmourn-house-of-horror-fat-pack-bundle\/"]}]},{"@type":"ImageObject","inLanguage":"fr-FR","@id":"https:\/\/worldsofmagic.net\/product\/duskmourn-house-of-horror-fat-pack-bundle\/#primaryimage","url":"https:\/\/worldsofmagic.net\/wp-content\/uploads\/2024\/07\/776445.png","contentUrl":"https:\/\/worldsofmagic.net\/wp-content\/uploads\/2024\/07\/776445.png","width":300,"height":300},{"@type":"BreadcrumbList","@id":"https:\/\/worldsofmagic.net\/product\/duskmourn-house-of-horror-fat-pack-bundle\/#breadcrumb","itemListElement":[{"@type":"ListItem","position":1,"name":"Accueil","item":"https:\/\/worldsofmagic.net\/"},{"@type":"ListItem","position":2,"name":"Shop","item":"https:\/\/worldsofmagic.net\/shop\/"},{"@type":"ListItem","position":3,"name":"\ud83c\uddec\ud83c\udde7Duskmourn: House of Horror Fat Pack Bundle"}]},{"@type":"WebSite","@id":"https:\/\/worldsofmagic.net\/#website","url":"https:\/\/worldsofmagic.net\/","name":"Worlds Of Magic","description":"","publisher":{"@id":"https:\/\/worldsofmagic.net\/#organization"},"potentialAction":[{"@type":"SearchAction","target":{"@type":"EntryPoint","urlTemplate":"https:\/\/worldsofmagic.net\/?s={search_term_string}"},"query-input":{"@type":"PropertyValueSpecification","valueRequired":true,"valueName":"search_term_string"}}],"inLanguage":"fr-FR"},{"@type":"Organization","@id":"https:\/\/worldsofmagic.net\/#organization","name":"Worlds Of Magic","alternateName":"Worlds Of Magic","url":"https:\/\/worldsofmagic.net\/","logo":{"@type":"ImageObject","inLanguage":"fr-FR","@id":"https:\/\/worldsofmagic.net\/#\/schema\/logo\/image\/","url":"https:\/\/worldsofmagic.net\/wp-content\/uploads\/2024\/07\/image.png","contentUrl":"https:\/\/worldsofmagic.net\/wp-content\/uploads\/2024\/07\/image.png","width":1072,"height":341,"caption":"Worlds Of Magic"},"image":{"@id":"https:\/\/worldsofmagic.net\/#\/schema\/logo\/image\/"}}]}},"jetpack_sharing_enabled":true,"_links":{"self":[{"href":"https:\/\/worldsofmagic.net\/fr\/wp-json\/wp\/v2\/product\/387"}],"collection":[{"href":"https:\/\/worldsofmagic.net\/fr\/wp-json\/wp\/v2\/product"}],"about":[{"href":"https:\/\/worldsofmagic.net\/fr\/wp-json\/wp\/v2\/types\/product"}],"replies":[{"embeddable":true,"href":"https:\/\/worldsofmagic.net\/fr\/wp-json\/wp\/v2\/comments?post=387"}],"wp:featuredmedia":[{"embeddable":true,"href":"https:\/\/worldsofmagic.net\/fr\/wp-json\/wp\/v2\/media\/388"}],"wp:attachment":[{"href":"https:\/\/worldsofmagic.net\/fr\/wp-json\/wp\/v2\/media?parent=387"}],"wp:term":[{"taxonomy":"product_cat","embeddable":true,"href":"https:\/\/worldsofmagic.net\/fr\/wp-json\/wp\/v2\/product_cat?post=387"},{"taxonomy":"product_tag","embeddable":true,"href":"https:\/\/worldsofmagic.net\/fr\/wp-json\/wp\/v2\/product_tag?post=387"}],"curies":[{"name":"wp","href":"https:\/\/api.w.org\/{rel}","templated":true}]}}