{"id":880,"date":"2024-10-05T06:40:31","date_gmt":"2024-10-05T06:40:31","guid":{"rendered":"https:\/\/worldsofmagic.net\/?post_type=product&#038;p=880"},"modified":"2025-04-02T23:51:57","modified_gmt":"2025-04-02T23:51:57","slug":"bloomburrow-hazel-of-the-rootbloom-playmat","status":"publish","type":"product","link":"https:\/\/worldsofmagic.net\/fr\/produit\/bloomburrow-hazel-of-the-rootbloom-playmat\/","title":{"rendered":"Bloomburrow : Tapis de jeu \u00ab Hazel of the Rootbloom \u00bb"},"content":{"rendered":"<div class=\"product__item-details__description\" data-v-87a02b6a=\"\">Tapis de jeu avec illustrations populaires de Magic: The Gathering. Fabriqu\u00e9s avec un dessus en tissu doux pour r\u00e9duire les dommages aux cartes pendant le jeu et un dos en caoutchouc antid\u00e9rapant pour emp\u00eacher le tapis de jeu de bouger pendant l&#039;utilisation, les tapis de jeu am\u00e9liorent l&#039;exp\u00e9rience de jeu. Avec des dimensions d&#039;environ 24 po x 13,5 po, un tapis de jeu constitue \u00e9galement un excellent tapis de souris surdimensionn\u00e9 pour la maison ou le bureau.<br \/>\n\u2022 Tapis de jeu sous licence officielle pour Magic: The Gathering Bloomburrow<br \/>\n\u2022 Comporte des illustrations exclusives<br \/>\n\u2022 Mesure environ 24 po x 13,5 po et repose \u00e0 plat<br \/>\n\u2022 Le dessus en tissu doux aide \u00e0 prot\u00e9ger les cartes pendant le jeu<br \/>\n\u2022 Le support en caoutchouc antid\u00e9rapant emp\u00eache le tapis de jeu de bouger pendant l&#039;utilisation<\/div>\n<ul class=\"product__item-details__attributes\" data-v-87a02b6a=\"\">\n<li data-v-87a02b6a=\"\"><\/li>\n<\/ul>","protected":false},"excerpt":{"rendered":"<div class=\"product__item-details__description\" data-v-87a02b6a=\"\">Tapis de jeu avec illustrations populaires de Magic: The Gathering. Fabriqu\u00e9s avec un dessus en tissu doux pour r\u00e9duire les dommages aux cartes pendant le jeu et un dos en caoutchouc antid\u00e9rapant pour emp\u00eacher le tapis de jeu de bouger pendant l&#039;utilisation, les tapis de jeu am\u00e9liorent l&#039;exp\u00e9rience de jeu. Avec des dimensions d&#039;environ 24 po x 13,5 po, un tapis de jeu constitue \u00e9galement un excellent tapis de souris surdimensionn\u00e9 pour la maison ou le bureau.<br \/>\n\u2022 Tapis de jeu sous licence officielle pour Magic: The Gathering Bloomburrow<br \/>\n\u2022 Comporte des illustrations exclusives<br \/>\n\u2022 Mesure environ 24 po x 13,5 po et repose \u00e0 plat<br \/>\n\u2022 Le dessus en tissu doux aide \u00e0 prot\u00e9ger les cartes pendant le jeu<br \/>\n\u2022 Le support en caoutchouc antid\u00e9rapant emp\u00eache le tapis de jeu de bouger pendant l&#039;utilisation<\/div>\n<ul class=\"product__item-details__attributes\" data-v-87a02b6a=\"\">\n<li data-v-87a02b6a=\"\"><\/li>\n<\/ul>","protected":false},"featured_media":881,"comment_status":"open","ping_status":"closed","template":"","meta":[],"product_cat":[42,53],"product_tag":[],"class_list":{"0":"post-880","1":"product","2":"type-product","3":"status-publish","4":"has-post-thumbnail","6":"product_cat-accesories","7":"product_cat-playmats","8":"pa_availibility-available-now","10":"first","11":"outofstock","12":"taxable","13":"shipping-taxable","14":"purchasable","15":"product-type-simple"},"yoast_head":"<!-- This site is optimized with the Yoast SEO plugin v23.6 - https:\/\/yoast.com\/wordpress\/plugins\/seo\/ -->\n<title>Bloomburrow: &quot;Hazel of the Rootbloom&quot; Playmat - Worlds Of Magic<\/title>\n<meta name=\"robots\" content=\"index, follow, max-snippet:-1, max-image-preview:large, max-video-preview:-1\" \/>\n<link rel=\"canonical\" href=\"https:\/\/worldsofmagic.net\/fr\/produit\/bloomburrow-hazel-of-the-rootbloom-playmat\/\" \/>\n<meta property=\"og:locale\" content=\"fr_FR\" \/>\n<meta property=\"og:type\" content=\"article\" \/>\n<meta property=\"og:title\" content=\"Bloomburrow: &quot;Hazel of the Rootbloom&quot; Playmat - Worlds Of Magic\" \/>\n<meta property=\"og:description\" content=\"Playmats featuring popular Magic: The Gathering artwork. Made with a soft fabric top to reduce damage to cards during play and a non-slip rubber backing to keep the playmat from shifting during use, playmats enhance the gameplay experience. With dimensions of approximately 24 in. x 13.5 in., a playmat also makes an excellent oversize mousepad for home or office. \u2022 Officially licensed Playmat for Magic: The Gathering Bloomburrow \u2022\u00a0Features exclusive artwork \u2022\u00a0Measures approximately 24 in. x 13.5 in. and lies flat \u2022 Soft fabric top helps protect cards during gameplay \u2022\u00a0Non-slip rubber backing keeps the playmat from shifting during use\" \/>\n<meta property=\"og:url\" content=\"https:\/\/worldsofmagic.net\/fr\/produit\/bloomburrow-hazel-of-the-rootbloom-playmat\/\" \/>\n<meta property=\"og:site_name\" content=\"Worlds Of Magic\" \/>\n<meta property=\"article:modified_time\" content=\"2025-04-02T23:51:57+00:00\" \/>\n<meta property=\"og:image\" content=\"https:\/\/worldsofmagic.net\/wp-content\/uploads\/2024\/10\/780821.png\" \/>\n\t<meta property=\"og:image:width\" content=\"300\" \/>\n\t<meta property=\"og:image:height\" content=\"300\" \/>\n\t<meta property=\"og:image:type\" content=\"image\/png\" \/>\n<meta name=\"twitter:card\" content=\"summary_large_image\" \/>\n<script type=\"application\/ld+json\" class=\"yoast-schema-graph\">{\"@context\":\"https:\/\/schema.org\",\"@graph\":[{\"@type\":\"WebPage\",\"@id\":\"https:\/\/worldsofmagic.net\/product\/bloomburrow-hazel-of-the-rootbloom-playmat\/\",\"url\":\"https:\/\/worldsofmagic.net\/product\/bloomburrow-hazel-of-the-rootbloom-playmat\/\",\"name\":\"Bloomburrow: \\\"Hazel of the Rootbloom\\\" Playmat - Worlds Of Magic\",\"isPartOf\":{\"@id\":\"https:\/\/worldsofmagic.net\/#website\"},\"primaryImageOfPage\":{\"@id\":\"https:\/\/worldsofmagic.net\/product\/bloomburrow-hazel-of-the-rootbloom-playmat\/#primaryimage\"},\"image\":{\"@id\":\"https:\/\/worldsofmagic.net\/product\/bloomburrow-hazel-of-the-rootbloom-playmat\/#primaryimage\"},\"thumbnailUrl\":\"https:\/\/worldsofmagic.net\/wp-content\/uploads\/2024\/10\/780821.png\",\"datePublished\":\"2024-10-05T06:40:31+00:00\",\"dateModified\":\"2025-04-02T23:51:57+00:00\",\"breadcrumb\":{\"@id\":\"https:\/\/worldsofmagic.net\/product\/bloomburrow-hazel-of-the-rootbloom-playmat\/#breadcrumb\"},\"inLanguage\":\"fr-FR\",\"potentialAction\":[{\"@type\":\"ReadAction\",\"target\":[\"https:\/\/worldsofmagic.net\/product\/bloomburrow-hazel-of-the-rootbloom-playmat\/\"]}]},{\"@type\":\"ImageObject\",\"inLanguage\":\"fr-FR\",\"@id\":\"https:\/\/worldsofmagic.net\/product\/bloomburrow-hazel-of-the-rootbloom-playmat\/#primaryimage\",\"url\":\"https:\/\/worldsofmagic.net\/wp-content\/uploads\/2024\/10\/780821.png\",\"contentUrl\":\"https:\/\/worldsofmagic.net\/wp-content\/uploads\/2024\/10\/780821.png\",\"width\":300,\"height\":300},{\"@type\":\"BreadcrumbList\",\"@id\":\"https:\/\/worldsofmagic.net\/product\/bloomburrow-hazel-of-the-rootbloom-playmat\/#breadcrumb\",\"itemListElement\":[{\"@type\":\"ListItem\",\"position\":1,\"name\":\"Accueil\",\"item\":\"https:\/\/worldsofmagic.net\/\"},{\"@type\":\"ListItem\",\"position\":2,\"name\":\"Shop\",\"item\":\"https:\/\/worldsofmagic.net\/shop\/\"},{\"@type\":\"ListItem\",\"position\":3,\"name\":\"Bloomburrow: &#8220;Hazel of the Rootbloom&#8221; Playmat\"}]},{\"@type\":\"WebSite\",\"@id\":\"https:\/\/worldsofmagic.net\/#website\",\"url\":\"https:\/\/worldsofmagic.net\/\",\"name\":\"Worlds Of Magic\",\"description\":\"\",\"publisher\":{\"@id\":\"https:\/\/worldsofmagic.net\/#organization\"},\"potentialAction\":[{\"@type\":\"SearchAction\",\"target\":{\"@type\":\"EntryPoint\",\"urlTemplate\":\"https:\/\/worldsofmagic.net\/?s={search_term_string}\"},\"query-input\":{\"@type\":\"PropertyValueSpecification\",\"valueRequired\":true,\"valueName\":\"search_term_string\"}}],\"inLanguage\":\"fr-FR\"},{\"@type\":\"Organization\",\"@id\":\"https:\/\/worldsofmagic.net\/#organization\",\"name\":\"Worlds Of Magic\",\"alternateName\":\"Worlds Of Magic\",\"url\":\"https:\/\/worldsofmagic.net\/\",\"logo\":{\"@type\":\"ImageObject\",\"inLanguage\":\"fr-FR\",\"@id\":\"https:\/\/worldsofmagic.net\/#\/schema\/logo\/image\/\",\"url\":\"https:\/\/worldsofmagic.net\/wp-content\/uploads\/2024\/07\/image.png\",\"contentUrl\":\"https:\/\/worldsofmagic.net\/wp-content\/uploads\/2024\/07\/image.png\",\"width\":1072,\"height\":341,\"caption\":\"Worlds Of Magic\"},\"image\":{\"@id\":\"https:\/\/worldsofmagic.net\/#\/schema\/logo\/image\/\"}}]}<\/script>\n<!-- \/ Yoast SEO plugin. -->","yoast_head_json":{"title":"Bloomburrow: \"Hazel of the Rootbloom\" Playmat - Worlds Of Magic","robots":{"index":"index","follow":"follow","max-snippet":"max-snippet:-1","max-image-preview":"max-image-preview:large","max-video-preview":"max-video-preview:-1"},"canonical":"https:\/\/worldsofmagic.net\/fr\/produit\/bloomburrow-hazel-of-the-rootbloom-playmat\/","og_locale":"fr_FR","og_type":"article","og_title":"Bloomburrow: \"Hazel of the Rootbloom\" Playmat - Worlds Of Magic","og_description":"Playmats featuring popular Magic: The Gathering artwork. Made with a soft fabric top to reduce damage to cards during play and a non-slip rubber backing to keep the playmat from shifting during use, playmats enhance the gameplay experience. With dimensions of approximately 24 in. x 13.5 in., a playmat also makes an excellent oversize mousepad for home or office. \u2022 Officially licensed Playmat for Magic: The Gathering Bloomburrow \u2022\u00a0Features exclusive artwork \u2022\u00a0Measures approximately 24 in. x 13.5 in. and lies flat \u2022 Soft fabric top helps protect cards during gameplay \u2022\u00a0Non-slip rubber backing keeps the playmat from shifting during use","og_url":"https:\/\/worldsofmagic.net\/fr\/produit\/bloomburrow-hazel-of-the-rootbloom-playmat\/","og_site_name":"Worlds Of Magic","article_modified_time":"2025-04-02T23:51:57+00:00","og_image":[{"width":300,"height":300,"url":"https:\/\/worldsofmagic.net\/wp-content\/uploads\/2024\/10\/780821.png","type":"image\/png"}],"twitter_card":"summary_large_image","schema":{"@context":"https:\/\/schema.org","@graph":[{"@type":"WebPage","@id":"https:\/\/worldsofmagic.net\/product\/bloomburrow-hazel-of-the-rootbloom-playmat\/","url":"https:\/\/worldsofmagic.net\/product\/bloomburrow-hazel-of-the-rootbloom-playmat\/","name":"Bloomburrow: \"Hazel of the Rootbloom\" Playmat - Worlds Of Magic","isPartOf":{"@id":"https:\/\/worldsofmagic.net\/#website"},"primaryImageOfPage":{"@id":"https:\/\/worldsofmagic.net\/product\/bloomburrow-hazel-of-the-rootbloom-playmat\/#primaryimage"},"image":{"@id":"https:\/\/worldsofmagic.net\/product\/bloomburrow-hazel-of-the-rootbloom-playmat\/#primaryimage"},"thumbnailUrl":"https:\/\/worldsofmagic.net\/wp-content\/uploads\/2024\/10\/780821.png","datePublished":"2024-10-05T06:40:31+00:00","dateModified":"2025-04-02T23:51:57+00:00","breadcrumb":{"@id":"https:\/\/worldsofmagic.net\/product\/bloomburrow-hazel-of-the-rootbloom-playmat\/#breadcrumb"},"inLanguage":"fr-FR","potentialAction":[{"@type":"ReadAction","target":["https:\/\/worldsofmagic.net\/product\/bloomburrow-hazel-of-the-rootbloom-playmat\/"]}]},{"@type":"ImageObject","inLanguage":"fr-FR","@id":"https:\/\/worldsofmagic.net\/product\/bloomburrow-hazel-of-the-rootbloom-playmat\/#primaryimage","url":"https:\/\/worldsofmagic.net\/wp-content\/uploads\/2024\/10\/780821.png","contentUrl":"https:\/\/worldsofmagic.net\/wp-content\/uploads\/2024\/10\/780821.png","width":300,"height":300},{"@type":"BreadcrumbList","@id":"https:\/\/worldsofmagic.net\/product\/bloomburrow-hazel-of-the-rootbloom-playmat\/#breadcrumb","itemListElement":[{"@type":"ListItem","position":1,"name":"Accueil","item":"https:\/\/worldsofmagic.net\/"},{"@type":"ListItem","position":2,"name":"Shop","item":"https:\/\/worldsofmagic.net\/shop\/"},{"@type":"ListItem","position":3,"name":"Bloomburrow: &#8220;Hazel of the Rootbloom&#8221; Playmat"}]},{"@type":"WebSite","@id":"https:\/\/worldsofmagic.net\/#website","url":"https:\/\/worldsofmagic.net\/","name":"Worlds Of Magic","description":"","publisher":{"@id":"https:\/\/worldsofmagic.net\/#organization"},"potentialAction":[{"@type":"SearchAction","target":{"@type":"EntryPoint","urlTemplate":"https:\/\/worldsofmagic.net\/?s={search_term_string}"},"query-input":{"@type":"PropertyValueSpecification","valueRequired":true,"valueName":"search_term_string"}}],"inLanguage":"fr-FR"},{"@type":"Organization","@id":"https:\/\/worldsofmagic.net\/#organization","name":"Worlds Of Magic","alternateName":"Worlds Of Magic","url":"https:\/\/worldsofmagic.net\/","logo":{"@type":"ImageObject","inLanguage":"fr-FR","@id":"https:\/\/worldsofmagic.net\/#\/schema\/logo\/image\/","url":"https:\/\/worldsofmagic.net\/wp-content\/uploads\/2024\/07\/image.png","contentUrl":"https:\/\/worldsofmagic.net\/wp-content\/uploads\/2024\/07\/image.png","width":1072,"height":341,"caption":"Worlds Of Magic"},"image":{"@id":"https:\/\/worldsofmagic.net\/#\/schema\/logo\/image\/"}}]}},"jetpack_sharing_enabled":true,"_links":{"self":[{"href":"https:\/\/worldsofmagic.net\/fr\/wp-json\/wp\/v2\/product\/880"}],"collection":[{"href":"https:\/\/worldsofmagic.net\/fr\/wp-json\/wp\/v2\/product"}],"about":[{"href":"https:\/\/worldsofmagic.net\/fr\/wp-json\/wp\/v2\/types\/product"}],"replies":[{"embeddable":true,"href":"https:\/\/worldsofmagic.net\/fr\/wp-json\/wp\/v2\/comments?post=880"}],"wp:featuredmedia":[{"embeddable":true,"href":"https:\/\/worldsofmagic.net\/fr\/wp-json\/wp\/v2\/media\/881"}],"wp:attachment":[{"href":"https:\/\/worldsofmagic.net\/fr\/wp-json\/wp\/v2\/media?parent=880"}],"wp:term":[{"taxonomy":"product_cat","embeddable":true,"href":"https:\/\/worldsofmagic.net\/fr\/wp-json\/wp\/v2\/product_cat?post=880"},{"taxonomy":"product_tag","embeddable":true,"href":"https:\/\/worldsofmagic.net\/fr\/wp-json\/wp\/v2\/product_tag?post=880"}],"curies":[{"name":"wp","href":"https:\/\/api.w.org\/{rel}","templated":true}]}}