{"id":895,"date":"2024-10-05T07:05:02","date_gmt":"2024-10-05T07:05:02","guid":{"rendered":"https:\/\/worldsofmagic.net\/?post_type=product&#038;p=895"},"modified":"2025-04-27T13:37:45","modified_gmt":"2025-04-27T13:37:45","slug":"bloomburrow-forest-four-seasons-deck-box","status":"publish","type":"product","link":"https:\/\/worldsofmagic.net\/fr\/produit\/bloomburrow-forest-four-seasons-deck-box\/","title":{"rendered":"Bloomburrow : Coffret de cartes \u00ab Forest \u00bb (Quatre saisons)"},"content":{"rendered":"<ul>\n<li>\n<div align=\"left\"><strong><em><u>1<\/u><\/em><\/strong>\u00a0Coffret de deck ULTRA PRO TOPLOADING PRO 100+ flambant neuf, comme sur la photo<\/div>\n<\/li>\n<li>\n<div align=\"left\">\n<ul>\n<li>\n<div align=\"left\">Livr\u00e9 avec 1 s\u00e9parateur de cartes<\/div>\n<\/li>\n<li>\n<div align=\"left\"><span style=\"font-family: Arial; font-size: large;\">Fabriqu\u00e9e par Ultra Pro, cette bo\u00eete de deck peut stocker jusqu&#039;\u00e0 100+ cartes de jeu prot\u00e9g\u00e9es<\/span><\/div>\n<\/li>\n<li>\n<div align=\"left\"><span style=\"font-family: Arial; font-size: large;\">Fermeture unique sans velcro<\/span><\/div>\n<\/li>\n<li>\n<div align=\"left\"><span style=\"font-family: Arial; font-size: large;\">S&#039;int\u00e8gre dans un bo\u00eetier de jeu Ultra Pro<\/span><\/div>\n<\/li>\n<li>\n<div align=\"left\"><span style=\"font-family: Arial; font-size: large;\">Bords d\u00e9coup\u00e9s sp\u00e9ciaux pour un look unique<\/span><\/div>\n<\/li>\n<li>\n<div align=\"left\"><span style=\"font-family: Arial; font-size: large;\">Emball\u00e9 sous film r\u00e9tractable avec bande d&#039;emballage imprim\u00e9e<\/span><\/div>\n<\/li>\n<li>\n<div align=\"left\"><span style=\"font-family: Arial; font-size: large;\">Parfait pour Magic: The Gathering et de nombreux autres jeux de cartes \u00e0 collectionner<\/span><\/div>\n<\/li>\n<li>\n<div align=\"left\"><span style=\"font-family: Arial; font-size: large;\">Fabriqu\u00e9 en plastique durable.<\/span><\/div>\n<\/li>\n<\/ul>\n<\/div>\n<\/li>\n<\/ul>","protected":false},"excerpt":{"rendered":"<ul>\n<li>\n<div align=\"left\"><strong><em><u>1<\/u><\/em><\/strong>\u00a0Coffret de deck ULTRA PRO TOPLOADING PRO 100+ flambant neuf, comme sur la photo<\/div>\n<\/li>\n<li>\n<div align=\"left\">\n<ul>\n<li>\n<div align=\"left\">Livr\u00e9 avec 1 s\u00e9parateur de cartes<\/div>\n<\/li>\n<li>\n<div align=\"left\"><span style=\"font-family: Arial; font-size: large;\">Fabriqu\u00e9e par Ultra Pro, cette bo\u00eete de deck peut stocker jusqu&#039;\u00e0 100+ cartes de jeu prot\u00e9g\u00e9es<\/span><\/div>\n<\/li>\n<li>\n<div align=\"left\"><span style=\"font-family: Arial; font-size: large;\">Fermeture unique sans velcro<\/span><\/div>\n<\/li>\n<li>\n<div align=\"left\"><span style=\"font-family: Arial; font-size: large;\">S&#039;int\u00e8gre dans un bo\u00eetier de jeu Ultra Pro<\/span><\/div>\n<\/li>\n<li>\n<div align=\"left\"><span style=\"font-family: Arial; font-size: large;\">Bords d\u00e9coup\u00e9s sp\u00e9ciaux pour un look unique<\/span><\/div>\n<\/li>\n<li>\n<div align=\"left\"><span style=\"font-family: Arial; font-size: large;\">Emball\u00e9 sous film r\u00e9tractable avec bande d&#039;emballage imprim\u00e9e<\/span><\/div>\n<\/li>\n<li>\n<div align=\"left\"><span style=\"font-family: Arial; font-size: large;\">Parfait pour Magic: The Gathering et de nombreux autres jeux de cartes \u00e0 collectionner<\/span><\/div>\n<\/li>\n<li>\n<div align=\"left\"><span style=\"font-family: Arial; font-size: large;\">Fabriqu\u00e9 en plastique durable.<\/span><\/div>\n<\/li>\n<\/ul>\n<\/div>\n<\/li>\n<\/ul>","protected":false},"featured_media":896,"comment_status":"open","ping_status":"closed","template":"","meta":[],"product_cat":[42,52],"product_tag":[],"class_list":{"0":"post-895","1":"product","2":"type-product","3":"status-publish","4":"has-post-thumbnail","6":"product_cat-accesories","7":"product_cat-deck-cases","8":"pa_availibility-available-now","10":"first","11":"outofstock","12":"taxable","13":"shipping-taxable","14":"purchasable","15":"product-type-simple"},"yoast_head":"<!-- This site is optimized with the Yoast SEO plugin v23.6 - https:\/\/yoast.com\/wordpress\/plugins\/seo\/ -->\n<title>Bloomburrow: &quot;Forest&quot; (Four Seasons) Deck Box - Worlds Of Magic<\/title>\n<meta name=\"robots\" content=\"index, follow, max-snippet:-1, max-image-preview:large, max-video-preview:-1\" \/>\n<link rel=\"canonical\" href=\"https:\/\/worldsofmagic.net\/fr\/produit\/bloomburrow-forest-four-seasons-deck-box\/\" \/>\n<meta property=\"og:locale\" content=\"fr_FR\" \/>\n<meta property=\"og:type\" content=\"article\" \/>\n<meta property=\"og:title\" content=\"Bloomburrow: &quot;Forest&quot; (Four Seasons) Deck Box - Worlds Of Magic\" \/>\n<meta property=\"og:description\" content=\"1\u00a0brand new ULTRA PRO\u00a0TOPLOADING PRO 100+ deck box as pictured       Comes with 1 card divider   Made by Ultra Pro, this deck box can store up to\u00a0100+ sleeved gaming cards   Unique closure without Velcro   Will fit in a Ultra Pro gaming case   Special die-cut edges for a one of a kind look   Shrinkwrapped with printed wrapband   Perfect for Magic: The Gathering and many other Collectible Card Games   Made of durable plastic.\" \/>\n<meta property=\"og:url\" content=\"https:\/\/worldsofmagic.net\/fr\/produit\/bloomburrow-forest-four-seasons-deck-box\/\" \/>\n<meta property=\"og:site_name\" content=\"Worlds Of Magic\" \/>\n<meta property=\"article:modified_time\" content=\"2025-04-27T13:37:45+00:00\" \/>\n<meta property=\"og:image\" content=\"https:\/\/worldsofmagic.net\/wp-content\/uploads\/2024\/10\/780856.png\" \/>\n\t<meta property=\"og:image:width\" content=\"300\" \/>\n\t<meta property=\"og:image:height\" content=\"300\" \/>\n\t<meta property=\"og:image:type\" content=\"image\/png\" \/>\n<meta name=\"twitter:card\" content=\"summary_large_image\" \/>\n<script type=\"application\/ld+json\" class=\"yoast-schema-graph\">{\"@context\":\"https:\/\/schema.org\",\"@graph\":[{\"@type\":\"WebPage\",\"@id\":\"https:\/\/worldsofmagic.net\/product\/bloomburrow-forest-four-seasons-deck-box\/\",\"url\":\"https:\/\/worldsofmagic.net\/product\/bloomburrow-forest-four-seasons-deck-box\/\",\"name\":\"Bloomburrow: \\\"Forest\\\" (Four Seasons) Deck Box - Worlds Of Magic\",\"isPartOf\":{\"@id\":\"https:\/\/worldsofmagic.net\/#website\"},\"primaryImageOfPage\":{\"@id\":\"https:\/\/worldsofmagic.net\/product\/bloomburrow-forest-four-seasons-deck-box\/#primaryimage\"},\"image\":{\"@id\":\"https:\/\/worldsofmagic.net\/product\/bloomburrow-forest-four-seasons-deck-box\/#primaryimage\"},\"thumbnailUrl\":\"https:\/\/worldsofmagic.net\/wp-content\/uploads\/2024\/10\/780856.png\",\"datePublished\":\"2024-10-05T07:05:02+00:00\",\"dateModified\":\"2025-04-27T13:37:45+00:00\",\"breadcrumb\":{\"@id\":\"https:\/\/worldsofmagic.net\/product\/bloomburrow-forest-four-seasons-deck-box\/#breadcrumb\"},\"inLanguage\":\"fr-FR\",\"potentialAction\":[{\"@type\":\"ReadAction\",\"target\":[\"https:\/\/worldsofmagic.net\/product\/bloomburrow-forest-four-seasons-deck-box\/\"]}]},{\"@type\":\"ImageObject\",\"inLanguage\":\"fr-FR\",\"@id\":\"https:\/\/worldsofmagic.net\/product\/bloomburrow-forest-four-seasons-deck-box\/#primaryimage\",\"url\":\"https:\/\/worldsofmagic.net\/wp-content\/uploads\/2024\/10\/780856.png\",\"contentUrl\":\"https:\/\/worldsofmagic.net\/wp-content\/uploads\/2024\/10\/780856.png\",\"width\":300,\"height\":300},{\"@type\":\"BreadcrumbList\",\"@id\":\"https:\/\/worldsofmagic.net\/product\/bloomburrow-forest-four-seasons-deck-box\/#breadcrumb\",\"itemListElement\":[{\"@type\":\"ListItem\",\"position\":1,\"name\":\"Accueil\",\"item\":\"https:\/\/worldsofmagic.net\/\"},{\"@type\":\"ListItem\",\"position\":2,\"name\":\"Shop\",\"item\":\"https:\/\/worldsofmagic.net\/shop\/\"},{\"@type\":\"ListItem\",\"position\":3,\"name\":\"Bloomburrow: &#8220;Forest&#8221; (Four Seasons) Deck Box\"}]},{\"@type\":\"WebSite\",\"@id\":\"https:\/\/worldsofmagic.net\/#website\",\"url\":\"https:\/\/worldsofmagic.net\/\",\"name\":\"Worlds Of Magic\",\"description\":\"\",\"publisher\":{\"@id\":\"https:\/\/worldsofmagic.net\/#organization\"},\"potentialAction\":[{\"@type\":\"SearchAction\",\"target\":{\"@type\":\"EntryPoint\",\"urlTemplate\":\"https:\/\/worldsofmagic.net\/?s={search_term_string}\"},\"query-input\":{\"@type\":\"PropertyValueSpecification\",\"valueRequired\":true,\"valueName\":\"search_term_string\"}}],\"inLanguage\":\"fr-FR\"},{\"@type\":\"Organization\",\"@id\":\"https:\/\/worldsofmagic.net\/#organization\",\"name\":\"Worlds Of Magic\",\"alternateName\":\"Worlds Of Magic\",\"url\":\"https:\/\/worldsofmagic.net\/\",\"logo\":{\"@type\":\"ImageObject\",\"inLanguage\":\"fr-FR\",\"@id\":\"https:\/\/worldsofmagic.net\/#\/schema\/logo\/image\/\",\"url\":\"https:\/\/worldsofmagic.net\/wp-content\/uploads\/2024\/07\/image.png\",\"contentUrl\":\"https:\/\/worldsofmagic.net\/wp-content\/uploads\/2024\/07\/image.png\",\"width\":1072,\"height\":341,\"caption\":\"Worlds Of Magic\"},\"image\":{\"@id\":\"https:\/\/worldsofmagic.net\/#\/schema\/logo\/image\/\"}}]}<\/script>\n<!-- \/ Yoast SEO plugin. -->","yoast_head_json":{"title":"Bloomburrow: \"Forest\" (Four Seasons) Deck Box - Worlds Of Magic","robots":{"index":"index","follow":"follow","max-snippet":"max-snippet:-1","max-image-preview":"max-image-preview:large","max-video-preview":"max-video-preview:-1"},"canonical":"https:\/\/worldsofmagic.net\/fr\/produit\/bloomburrow-forest-four-seasons-deck-box\/","og_locale":"fr_FR","og_type":"article","og_title":"Bloomburrow: \"Forest\" (Four Seasons) Deck Box - Worlds Of Magic","og_description":"1\u00a0brand new ULTRA PRO\u00a0TOPLOADING PRO 100+ deck box as pictured       Comes with 1 card divider   Made by Ultra Pro, this deck box can store up to\u00a0100+ sleeved gaming cards   Unique closure without Velcro   Will fit in a Ultra Pro gaming case   Special die-cut edges for a one of a kind look   Shrinkwrapped with printed wrapband   Perfect for Magic: The Gathering and many other Collectible Card Games   Made of durable plastic.","og_url":"https:\/\/worldsofmagic.net\/fr\/produit\/bloomburrow-forest-four-seasons-deck-box\/","og_site_name":"Worlds Of Magic","article_modified_time":"2025-04-27T13:37:45+00:00","og_image":[{"width":300,"height":300,"url":"https:\/\/worldsofmagic.net\/wp-content\/uploads\/2024\/10\/780856.png","type":"image\/png"}],"twitter_card":"summary_large_image","schema":{"@context":"https:\/\/schema.org","@graph":[{"@type":"WebPage","@id":"https:\/\/worldsofmagic.net\/product\/bloomburrow-forest-four-seasons-deck-box\/","url":"https:\/\/worldsofmagic.net\/product\/bloomburrow-forest-four-seasons-deck-box\/","name":"Bloomburrow: \"Forest\" (Four Seasons) Deck Box - Worlds Of Magic","isPartOf":{"@id":"https:\/\/worldsofmagic.net\/#website"},"primaryImageOfPage":{"@id":"https:\/\/worldsofmagic.net\/product\/bloomburrow-forest-four-seasons-deck-box\/#primaryimage"},"image":{"@id":"https:\/\/worldsofmagic.net\/product\/bloomburrow-forest-four-seasons-deck-box\/#primaryimage"},"thumbnailUrl":"https:\/\/worldsofmagic.net\/wp-content\/uploads\/2024\/10\/780856.png","datePublished":"2024-10-05T07:05:02+00:00","dateModified":"2025-04-27T13:37:45+00:00","breadcrumb":{"@id":"https:\/\/worldsofmagic.net\/product\/bloomburrow-forest-four-seasons-deck-box\/#breadcrumb"},"inLanguage":"fr-FR","potentialAction":[{"@type":"ReadAction","target":["https:\/\/worldsofmagic.net\/product\/bloomburrow-forest-four-seasons-deck-box\/"]}]},{"@type":"ImageObject","inLanguage":"fr-FR","@id":"https:\/\/worldsofmagic.net\/product\/bloomburrow-forest-four-seasons-deck-box\/#primaryimage","url":"https:\/\/worldsofmagic.net\/wp-content\/uploads\/2024\/10\/780856.png","contentUrl":"https:\/\/worldsofmagic.net\/wp-content\/uploads\/2024\/10\/780856.png","width":300,"height":300},{"@type":"BreadcrumbList","@id":"https:\/\/worldsofmagic.net\/product\/bloomburrow-forest-four-seasons-deck-box\/#breadcrumb","itemListElement":[{"@type":"ListItem","position":1,"name":"Accueil","item":"https:\/\/worldsofmagic.net\/"},{"@type":"ListItem","position":2,"name":"Shop","item":"https:\/\/worldsofmagic.net\/shop\/"},{"@type":"ListItem","position":3,"name":"Bloomburrow: &#8220;Forest&#8221; (Four Seasons) Deck Box"}]},{"@type":"WebSite","@id":"https:\/\/worldsofmagic.net\/#website","url":"https:\/\/worldsofmagic.net\/","name":"Worlds Of Magic","description":"","publisher":{"@id":"https:\/\/worldsofmagic.net\/#organization"},"potentialAction":[{"@type":"SearchAction","target":{"@type":"EntryPoint","urlTemplate":"https:\/\/worldsofmagic.net\/?s={search_term_string}"},"query-input":{"@type":"PropertyValueSpecification","valueRequired":true,"valueName":"search_term_string"}}],"inLanguage":"fr-FR"},{"@type":"Organization","@id":"https:\/\/worldsofmagic.net\/#organization","name":"Worlds Of Magic","alternateName":"Worlds Of Magic","url":"https:\/\/worldsofmagic.net\/","logo":{"@type":"ImageObject","inLanguage":"fr-FR","@id":"https:\/\/worldsofmagic.net\/#\/schema\/logo\/image\/","url":"https:\/\/worldsofmagic.net\/wp-content\/uploads\/2024\/07\/image.png","contentUrl":"https:\/\/worldsofmagic.net\/wp-content\/uploads\/2024\/07\/image.png","width":1072,"height":341,"caption":"Worlds Of Magic"},"image":{"@id":"https:\/\/worldsofmagic.net\/#\/schema\/logo\/image\/"}}]}},"jetpack_sharing_enabled":true,"_links":{"self":[{"href":"https:\/\/worldsofmagic.net\/fr\/wp-json\/wp\/v2\/product\/895"}],"collection":[{"href":"https:\/\/worldsofmagic.net\/fr\/wp-json\/wp\/v2\/product"}],"about":[{"href":"https:\/\/worldsofmagic.net\/fr\/wp-json\/wp\/v2\/types\/product"}],"replies":[{"embeddable":true,"href":"https:\/\/worldsofmagic.net\/fr\/wp-json\/wp\/v2\/comments?post=895"}],"wp:featuredmedia":[{"embeddable":true,"href":"https:\/\/worldsofmagic.net\/fr\/wp-json\/wp\/v2\/media\/896"}],"wp:attachment":[{"href":"https:\/\/worldsofmagic.net\/fr\/wp-json\/wp\/v2\/media?parent=895"}],"wp:term":[{"taxonomy":"product_cat","embeddable":true,"href":"https:\/\/worldsofmagic.net\/fr\/wp-json\/wp\/v2\/product_cat?post=895"},{"taxonomy":"product_tag","embeddable":true,"href":"https:\/\/worldsofmagic.net\/fr\/wp-json\/wp\/v2\/product_tag?post=895"}],"curies":[{"name":"wp","href":"https:\/\/api.w.org\/{rel}","templated":true}]}}